{"id":1053,"date":"2024-12-11T08:29:22","date_gmt":"2024-12-11T07:29:22","guid":{"rendered":"https:\/\/www.etafast.org\/verslo-lankytojai\/"},"modified":"2024-12-11T09:09:04","modified_gmt":"2024-12-11T08:09:04","slug":"verslo-lankytojai","status":"publish","type":"page","link":"https:\/\/www.etafast.org\/lt\/verslo-lankytojai\/","title":{"rendered":"Verslo lankytojai"},"content":{"rendered":"\n<h3 class=\"wp-block-heading\">Verslo lankytojai: Susitikim\u0173, rengini\u0173 ir konferencij\u0173 lankymas Kanadoje<\/h3>\n\n<p>Verslo sve\u010diai atlieka svarb\u0173 vaidmen\u012f skatinant tarptautin\u0119 prekyb\u0105 ir bendradarbiavim\u0105. Jei planuojate dalyvauti susitikimuose, renginiuose ar konferencijose Kanadoje kaip verslo lankytojas, \u010dia pateikiamas \u017eingsnis po \u017eingsnio vadovas, kuris pad\u0117s u\u017etikrinti skland\u0173 \u012fva\u017eiavimo \u012f \u0161al\u012f proces\u0105. <\/p>\n\n<hr class=\"wp-block-separator has-alpha-channel-opacity\"\/>\n\n<h3 class=\"wp-block-heading\"><strong>1 \u017eingsnis: ar esate verslo sve\u010dias, ar jums reikia darbo leidimo?<\/strong><\/h3>\n\n<p>Kad gal\u0117tum\u0117te b\u016bti <strong>verslo lankytoju<\/strong> Kanadoje, turite:<\/p>\n\n<ul class=\"wp-block-list\">\n<li><strong>Trukm\u0117<\/strong>: Planuokite pasilikti <strong>trumpiau nei 6 m\u0117nesius<\/strong>.<\/li>\n\n\n\n<li><strong>Tikslas<\/strong>: nepatekti \u012f Kanados darbo rink\u0105.<\/li>\n\n\n\n<li><strong>Verslo \u0161altinis<\/strong>: U\u017etikrinkite, kad pagrindin\u0117 j\u016bs\u0173 verslo vieta, pajamos ir pelnas likt\u0173 <strong>u\u017e Kanados rib\u0173<\/strong>.<\/li>\n\n\n\n<li><strong>Dokumentai<\/strong>: Tur\u0117kite reikiamus dokumentus, pagrind\u017eian\u010dius j\u016bs\u0173 parai\u0161k\u0105.<\/li>\n<\/ul>\n\n<p><strong>Pagrindiniai \u012f\u0117jimo reikalavimai<\/strong>:<\/p>\n\n<ul class=\"wp-block-list\">\n<li>Galiojant\u012f kelion\u0117s dokument\u0105 (pvz., pas\u0105).<\/li>\n\n\n\n<li>pakankamai l\u0117\u0161\u0173 vie\u0161nagei ir kelionei atgal.<\/li>\n\n\n\n<li>\u012erodymas, kad pasibaigus vizitui i\u0161vyksite i\u0161 Kanados.<\/li>\n\n\n\n<li>Kanadie\u010diams nekyla baud\u017eiamosios, saugumo ar sveikatos gr\u0117sm\u0117s.<\/li>\n<\/ul>\n\n<p><strong>Veikla, kuri\u0105 leid\u017eiama vykdyti kaip verslo sve\u010diui<\/strong>:<\/p>\n\n<ul class=\"wp-block-list\">\n<li>Kanados preki\u0173 ar paslaug\u0173 pirkimas u\u017esienio \u012fmonei ar vyriausybei.<\/li>\n\n\n\n<li>Preki\u0173 ar paslaug\u0173 u\u017esakym\u0173 pri\u0117mimas.<\/li>\n\n\n\n<li>Dalyvavimas susitikimuose, konferencijose, suva\u017eiavimuose ar mug\u0117se.<\/li>\n\n\n\n<li>garantinio aptarnavimo paslaug\u0173 teikimas pagal garantijos arba pardavimo sutart\u012f.<\/li>\n\n\n\n<li>mokym\u0173, susijusi\u0173 su j\u016bs\u0173 verslu, gavimas arba vedimas.<\/li>\n<\/ul>\n\n<p><strong>Pastaba<\/strong>: jei ketinate atvykti \u012f Kanad\u0105 ilgesniam nei 6 m\u0117nesi\u0173 laikotarpiui arba dalyvauti Kanados darbo rinkos veikloje, jums gali prireikti <strong>darbo leidimo<\/strong>.<\/p>\n\n<hr class=\"wp-block-separator has-alpha-channel-opacity\"\/>\n\n<h3 class=\"wp-block-heading\"><strong>2 \u017eingsnis: Ar jums reikia vizos, ar eTA?<\/strong><\/h3>\n\n<p>Ar jums reikia <strong>vizos,<\/strong> ar <strong>elektroninio kelion\u0117s leidimo (eTA<\/strong> ), priklauso nuo j\u016bs\u0173 pilietyb\u0117s ir kelion\u0117s aplinkybi\u0173.<\/p>\n\n<ul class=\"wp-block-list\">\n<li>Naudokit\u0117s <a>Kanados vyriausyb\u0117s priemone<\/a>, kad nustatytum\u0117te, ar turite teis\u0119 gauti param\u0105.<\/li>\n<\/ul>\n\n<hr class=\"wp-block-separator has-alpha-channel-opacity\"\/>\n\n<h3 class=\"wp-block-heading\"><strong>3 veiksmas: gaukite \u012fvykio kod\u0105 (jei taikoma)<\/strong><\/h3>\n\n<p>Renginiams, susitikimams ar konferencijoms, u\u017eregistruotiems <strong>Kanados imigracijos, pab\u0117g\u0117li\u0173 ir pilietyb\u0117s tarnyboje (IRCC<\/strong>):<\/p>\n\n<ul class=\"wp-block-list\">\n<li>Renginio organizatorius jums suteiks <strong>renginio kod\u0105<\/strong> ir nurodymus, kaip kreiptis d\u0117l vizos.<\/li>\n\n\n\n<li>Parai\u0161koje \u012fra\u0161ytas renginio kodas padeda identifikuoti jus kaip dalyv\u012f.<\/li>\n<\/ul>\n\n<hr class=\"wp-block-separator has-alpha-channel-opacity\"\/>\n\n<h3 class=\"wp-block-heading\"><strong>4 veiksmas: pateikite pra\u0161ym\u0105 i\u0161duoti viz\u0105 arba eTA (jei reikia)<\/strong><\/h3>\n\n<ul class=\"wp-block-list\">\n<li><strong>Vizos<\/strong>: Pateikite pra\u0161ym\u0105 i\u0161duoti viz\u0105 oficialioje <a>IRCC svetain\u0117je<\/a>.<\/li>\n\n\n\n<li><strong>eTA<\/strong>: pateikite parai\u0161k\u0105 internetu d\u0117l eTA .<\/li>\n<\/ul>\n\n<hr class=\"wp-block-separator has-alpha-channel-opacity\"\/>\n\n<h3 class=\"wp-block-heading\"><strong>5 veiksmas: paruo\u0161kite dokumentus kelionei<\/strong><\/h3>\n\n<p>Atvykdami prie Kanados sienos \u012fsitikinkite, kad turite \u0161iuos dokumentus (nesusid\u0117kite j\u0173 \u012f lagamin\u0105):<\/p>\n\n<ul class=\"wp-block-list\">\n<li>Vis\u0105 vie\u0161nag\u0117s laik\u0105 galiojant\u012f pas\u0105 arba kelion\u0117s dokument\u0105.<\/li>\n\n\n\n<li>galiojanti viza (jei taikoma).<\/li>\n\n\n\n<li>Jei jums reikia eTA, keliaukite su pasu, kuris buvo nurodytas eTA parai\u0161koje.<\/li>\n\n\n\n<li>Teis\u0117ti nuolatiniai Jungtini\u0173 Valstij\u0173 gyventojai turi tur\u0117ti <strong>galiojan\u010di\u0105 \u017eali\u0105j\u0105 kort\u0105<\/strong> (arba lygiavert\u012f status\u0105 patvirtinant\u012f dokument\u0105) ir pas\u0105.<\/li>\n\n\n\n<li>Pagrindin\u0117s \u012fmon\u0117s paramos lai\u0161kai ir Kanados priiman\u010diosios \u012fmon\u0117s kvietimas.<\/li>\n\n\n\n<li>Papildomi dokumentai, pvz., sutartys, garantijos sutartys ar aptarnavimo dokumentai (jei reikia).<\/li>\n\n\n\n<li>J\u016bs\u0173 verslo \u0161eimininko Kanadoje kontaktiniai duomenys.<\/li>\n\n\n\n<li>\u012frodymas, kad turite pakankamai l\u0117\u0161\u0173 vie\u0161nagei ir gr\u012f\u017eimui.<\/li>\n<\/ul>\n\n<hr class=\"wp-block-separator has-alpha-channel-opacity\"\/>\n\n<h3 class=\"wp-block-heading\"><strong>Kartu su jumis keliaujantys nepilname\u010diai<\/strong><\/h3>\n\n<p>Jei keliaujate su jaunesniais nei 18 met\u0173 vaikais, susipa\u017einkite su Kanados nepilname\u010diams taikomomis taisykl\u0117mis.<\/p>\n\n<ul class=\"wp-block-list\">\n<li>Susipa\u017einkite su nepilname\u010diams taikomais atvykimo reikalavimais, kad u\u017etikrintum\u0117te atitikt\u012f Kanados vaik\u0173 apsaugos \u012fstatymams.<\/li>\n<\/ul>\n\n<hr class=\"wp-block-separator has-alpha-channel-opacity\"\/>\n\n<h3 class=\"wp-block-heading\"><strong>Pagrindin\u0117s pastabos verslo lankytojams<\/strong><\/h3>\n\n<ul class=\"wp-block-list\">\n<li><strong>Kanados-Jungtini\u0173 Amerikos Valstij\u0173 ir Meksikos susitarime (CUSMA)<\/strong> numatytos papildomos nuostatos d\u0117l JAV ir Meksikos pilie\u010di\u0173, dalyvaujan\u010di\u0173 tokioje veikloje kaip moksliniai tyrimai, rinkodara ir bendrosios paslaugos.<\/li>\n\n\n\n<li>Visada pasitarkite su susitikimo ar renginio organizatoriumi d\u0117l konkre\u010di\u0173 reikalavim\u0173 ar nurodym\u0173.<\/li>\n\n\n\n<li>Verslo sve\u010diai gali u\u017esiimti tik veikla, nesusijusia su tiesioginiu \u012fdarbinimu Kanadoje.<\/li>\n<\/ul>\n\n<p>Jei atliksite \u0161iuos veiksmus ir pasir\u016bpinsite tinkamais dokumentais, j\u016bs\u0173 verslo vizitas \u012f Kanad\u0105 vyks efektyviai ir s\u0117kmingai.<\/p>\n","protected":false},"excerpt":{"rendered":"<p>Verslo lankytojai: Susitikim\u0173, rengini\u0173 ir konferencij\u0173 lankymas Kanadoje Verslo sve\u010diai atlieka svarb\u0173 vaidmen\u012f skatinant tarptautin\u0119 prekyb\u0105 ir bendradarbiavim\u0105. Jei planuojate [&hellip;]<\/p>\n","protected":false},"author":1,"featured_media":0,"parent":0,"menu_order":0,"comment_status":"closed","ping_status":"closed","template":"","meta":{"_uag_custom_page_level_css":"","site-sidebar-layout":"default","site-content-layout":"","ast-site-content-layout":"","site-content-style":"default","site-sidebar-style":"default","ast-global-header-display":"","ast-banner-title-visibility":"","ast-main-header-display":"","ast-hfb-above-header-display":"","ast-hfb-below-header-display":"","ast-hfb-mobile-header-display":"","site-post-title":"","ast-breadcrumbs-content":"","ast-featured-img":"","footer-sml-layout":"","theme-transparent-header-meta":"","adv-header-id-meta":"","stick-header-meta":"","header-above-stick-meta":"","header-main-stick-meta":"","header-below-stick-meta":"","astra-migrate-meta-layouts":"default","ast-page-background-enabled":"default","ast-page-background-meta":{"desktop":{"background-color":"var(--ast-global-color-4)","background-image":"","background-repeat":"repeat","background-position":"center center","background-size":"auto","background-attachment":"scroll","background-type":"","background-media":"","overlay-type":"","overlay-color":"","overlay-opacity":"","overlay-gradient":""},"tablet":{"background-color":"","background-image":"","background-repeat":"repeat","background-position":"center center","background-size":"auto","background-attachment":"scroll","background-type":"","background-media":"","overlay-type":"","overlay-color":"","overlay-opacity":"","overlay-gradient":""},"mobile":{"background-color":"","background-image":"","background-repeat":"repeat","background-position":"center center","background-size":"auto","background-attachment":"scroll","background-type":"","background-media":"","overlay-type":"","overlay-color":"","overlay-opacity":"","overlay-gradient":""}},"ast-content-background-meta":{"desktop":{"background-color":"var(--ast-global-color-5)","background-image":"","background-repeat":"repeat","background-position":"center center","background-size":"auto","background-attachment":"scroll","background-type":"","background-media":"","overlay-type":"","overlay-color":"","overlay-opacity":"","overlay-gradient":""},"tablet":{"background-color":"var(--ast-global-color-5)","background-image":"","background-repeat":"repeat","background-position":"center center","background-size":"auto","background-attachment":"scroll","background-type":"","background-media":"","overlay-type":"","overlay-color":"","overlay-opacity":"","overlay-gradient":""},"mobile":{"background-color":"var(--ast-global-color-5)","background-image":"","background-repeat":"repeat","background-position":"center center","background-size":"auto","background-attachment":"scroll","background-type":"","background-media":"","overlay-type":"","overlay-color":"","overlay-opacity":"","overlay-gradient":""}},"footnotes":""},"categories":[],"tags":[],"class_list":["post-1053","page","type-page","status-publish","hentry"],"uagb_featured_image_src":{"full":false,"thumbnail":false,"medium":false,"medium_large":false,"large":false,"1536x1536":false,"2048x2048":false},"uagb_author_info":{"display_name":"admin","author_link":"https:\/\/www.etafast.org\/lt\/author\/admin\/"},"uagb_comment_info":0,"uagb_excerpt":"Verslo lankytojai: Susitikim\u0173, rengini\u0173 ir konferencij\u0173 lankymas Kanadoje Verslo sve\u010diai atlieka svarb\u0173 vaidmen\u012f skatinant tarptautin\u0119 prekyb\u0105 ir bendradarbiavim\u0105. Jei planuojate [&hellip;]","_links":{"self":[{"href":"https:\/\/www.etafast.org\/lt\/wp-json\/wp\/v2\/pages\/1053","targetHints":{"allow":["GET"]}}],"collection":[{"href":"https:\/\/www.etafast.org\/lt\/wp-json\/wp\/v2\/pages"}],"about":[{"href":"https:\/\/www.etafast.org\/lt\/wp-json\/wp\/v2\/types\/page"}],"author":[{"embeddable":true,"href":"https:\/\/www.etafast.org\/lt\/wp-json\/wp\/v2\/users\/1"}],"replies":[{"embeddable":true,"href":"https:\/\/www.etafast.org\/lt\/wp-json\/wp\/v2\/comments?post=1053"}],"version-history":[{"count":1,"href":"https:\/\/www.etafast.org\/lt\/wp-json\/wp\/v2\/pages\/1053\/revisions"}],"predecessor-version":[{"id":1054,"href":"https:\/\/www.etafast.org\/lt\/wp-json\/wp\/v2\/pages\/1053\/revisions\/1054"}],"wp:attachment":[{"href":"https:\/\/www.etafast.org\/lt\/wp-json\/wp\/v2\/media?parent=1053"}],"wp:term":[{"taxonomy":"category","embeddable":true,"href":"https:\/\/www.etafast.org\/lt\/wp-json\/wp\/v2\/categories?post=1053"},{"taxonomy":"post_tag","embeddable":true,"href":"https:\/\/www.etafast.org\/lt\/wp-json\/wp\/v2\/tags?post=1053"}],"curies":[{"name":"wp","href":"https:\/\/api.w.org\/{rel}","templated":true}]}}