{"id":947,"date":"2024-12-11T08:30:38","date_gmt":"2024-12-11T07:30:38","guid":{"rendered":"https:\/\/www.etafast.org\/transito-in-canada\/"},"modified":"2024-12-11T09:07:22","modified_gmt":"2024-12-11T08:07:22","slug":"transito-in-canada","status":"publish","type":"page","link":"https:\/\/www.etafast.org\/it\/transito-in-canada\/","title":{"rendered":"Transito in Canada"},"content":{"rendered":"\n<p>Se stai viaggiando in un altro Paese e devi transitare in Canada, i documenti necessari dipendono da diversi fattori, tra cui la modalit\u00e0 di viaggio, la durata del soggiorno, la nazionalit\u00e0 e lo stato di immigrazione. Di seguito troverai una guida completa che ti aiuter\u00e0 a determinare ci\u00f2 di cui hai bisogno per transitare senza problemi in Canada. <\/p>\n\n<hr class=\"wp-block-separator has-alpha-channel-opacity\"\/>\n\n<h3 class=\"wp-block-heading\"><strong>I fattori che determinano le tue esigenze di transito<\/strong><\/h3>\n\n<ol class=\"wp-block-list\">\n<li><strong>Modalit\u00e0 di viaggio<\/strong>:\n<ul class=\"wp-block-list\">\n<li>In aereo (voli internazionali in coincidenza con gli aeroporti canadesi).<\/li>\n\n\n\n<li>In auto, autobus, treno o nave (incluse le navi da crociera).<\/li>\n<\/ul>\n<\/li>\n\n\n\n<li><strong>Durata del transito<\/strong>:\n<ul class=\"wp-block-list\">\n<li>Meno di 48 ore.<\/li>\n\n\n\n<li>Pi\u00f9 di 48 ore.<\/li>\n<\/ul>\n<\/li>\n\n\n\n<li><strong>Nazionalit\u00e0 e stato di immigrazione<\/strong>:\n<ul class=\"wp-block-list\">\n<li>Il paese del tuo passaporto.<\/li>\n\n\n\n<li>Se sei cittadino statunitense, residente permanente o in possesso di un visto valido per gli Stati Uniti.<\/li>\n<\/ul>\n<\/li>\n<\/ol>\n\n<hr class=\"wp-block-separator has-alpha-channel-opacity\"\/>\n\n<h3 class=\"wp-block-heading\"><strong>Opzioni di documenti per il transito in Canada<\/strong><\/h3>\n\n<h4 class=\"wp-block-heading\"><strong>1. Visto per visitatori<\/strong><\/h4>\n\n<p>Hai bisogno di un <strong>visto per visitatori<\/strong> se:<\/p>\n\n<ul class=\"wp-block-list\">\n<li>Vieni da un <strong>paese con obbligo di visto<\/strong> e intendi partire:\n<ul class=\"wp-block-list\">\n<li>Visita il Canada, anche se per meno di 48 ore.<\/li>\n\n\n\n<li>Rimani in Canada per <strong>pi\u00f9 di 48 ore<\/strong> durante il transito.<\/li>\n<\/ul>\n<\/li>\n\n\n\n<li>Viaggi in <strong>autobus, auto, treno, nave o nave da crociera<\/strong> da un paese con obbligo di visto.<\/li>\n<\/ul>\n\n<p><\/p>\n\n<hr class=\"wp-block-separator has-alpha-channel-opacity\"\/>\n\n<h4 class=\"wp-block-heading\"><strong>2. Visto di transito<\/strong><\/h4>\n\n<p>Hai bisogno di un <strong>visto di transito<\/strong> se:<\/p>\n\n<ul class=\"wp-block-list\">\n<li>Vieni da un <strong>paese in<\/strong> cui <strong>\u00e8 richiesto il visto<\/strong> e..:\n<ul class=\"wp-block-list\">\n<li>Il tuo volo internazionale fa scalo in un aeroporto canadese per raggiungere un&#8217;altra destinazione.<\/li>\n\n\n\n<li>Hai una coincidenza tra due voli internazionali in uno o pi\u00f9 aeroporti canadesi.<\/li>\n\n\n\n<li>Il tuo transito dura <strong>48 ore o meno<\/strong>.<\/li>\n\n\n\n<li>Non hai un visto di visita valido.<\/li>\n\n\n\n<li>Non sei idoneo a ricevere un eTA.<\/li>\n<\/ul>\n<\/li>\n<\/ul>\n\n<p><\/p>\n\n<hr class=\"wp-block-separator has-alpha-channel-opacity\"\/>\n\n<h4 class=\"wp-block-heading\"><strong>3. Autorizzazione elettronica di viaggio (eTA)<\/strong><\/h4>\n\n<p>Hai bisogno di un&#8217;<strong>eTA<\/strong> se:<\/p>\n\n<ul class=\"wp-block-list\">\n<li>Provieni da un <strong>paese in cui \u00e8 richiesto l&#8217;eTA<\/strong> e..:\n<ul class=\"wp-block-list\">\n<li>Transitare in Canada in aereo.<\/li>\n\n\n\n<li>Il tuo transito fa parte di un volo internazionale in coincidenza.<\/li>\n<\/ul>\n<\/li>\n<\/ul>\n\n<p><strong>Eccezioni<\/strong>:<\/p>\n\n<ul class=\"wp-block-list\">\n<li>Non hai bisogno di un eTA se transiti in treno, autobus, nave o nave da crociera, ma devi essere in possesso di documenti di viaggio validi.<\/li>\n<\/ul>\n\n<p><\/p>\n\n<hr class=\"wp-block-separator has-alpha-channel-opacity\"\/>\n\n<h4 class=\"wp-block-heading\"><strong>4. Transito senza visto<\/strong><\/h4>\n\n<ul class=\"wp-block-list\">\n<li><strong>Cittadini statunitensi e residenti permanenti legali<\/strong>:<br>I cittadini statunitensi e i titolari di Carta Verde possono transitare in Canada senza visto in aereo, auto, autobus, treno o nave. Assicurati di avere con te: \n<ul class=\"wp-block-list\">\n<li>Un passaporto o un documento di viaggio valido.<\/li>\n\n\n\n<li>Una Green Card statunitense valida (per i residenti permanenti legali).<\/li>\n<\/ul>\n<\/li>\n\n\n\n<li><strong>Titolari di passaporti di Paesi specifici<\/strong>:<br\/>I cittadini di <strong>Cina, Indonesia, Filippine, Thailandia<\/strong> o <strong>Taiwan<\/strong> (senza numero di identificazione personale) possono transitare senza visto se soddisfano determinate condizioni.<\/li>\n<\/ul>\n\n<p><\/p>\n\n<hr class=\"wp-block-separator has-alpha-channel-opacity\"\/>\n\n<h3 class=\"wp-block-heading\"><strong>Documenti da portare con s\u00e9<\/strong><\/h3>\n\n<p>Quando transiti in Canada, tieni sempre a portata di mano i seguenti documenti:<\/p>\n\n<ul class=\"wp-block-list\">\n<li>Un passaporto o un documento di viaggio valido per tutto il viaggio.<\/li>\n\n\n\n<li>Un visto valido, un visto di transito o un eTA (se applicabile).<\/li>\n\n\n\n<li>Per i residenti permanenti negli Stati Uniti: Una Green Card valida o una prova di status equivalente.<\/li>\n\n\n\n<li>Prova del viaggio successivo, come biglietti aerei o itinerari.<\/li>\n<\/ul>\n\n<hr class=\"wp-block-separator has-alpha-channel-opacity\"\/>\n\n<h3 class=\"wp-block-heading\"><strong>Note chiave<\/strong><\/h3>\n\n<ul class=\"wp-block-list\">\n<li><strong>Durata del transito<\/strong>: Se il tuo transito supera le 48 ore, avrai bisogno di un visto per visitatori.<\/li>\n\n\n\n<li><strong>Modalit\u00e0 di ingresso<\/strong>: l&#8217;eTA \u00e8 necessario per i viaggi in aereo ma non per quelli via terra o via mare.<\/li>\n\n\n\n<li><strong>Richiesta anticipata<\/strong>: Richiedi il documento richiesto molto prima della data del tuo viaggio per evitare ritardi.<\/li>\n<\/ul>\n\n<p>Assicurandoti di avere la documentazione corretta, potrai transitare in Canada senza problemi e concentrarti sul raggiungimento della tua destinazione finale.<\/p>\n","protected":false},"excerpt":{"rendered":"<p>Se stai viaggiando in un altro Paese e devi transitare in Canada, i documenti necessari dipendono da diversi fattori, tra [&hellip;]<\/p>\n","protected":false},"author":1,"featured_media":0,"parent":0,"menu_order":0,"comment_status":"closed","ping_status":"closed","template":"","meta":{"_uag_custom_page_level_css":"","site-sidebar-layout":"default","site-content-layout":"","ast-site-content-layout":"","site-content-style":"default","site-sidebar-style":"default","ast-global-header-display":"","ast-banner-title-visibility":"","ast-main-header-display":"","ast-hfb-above-header-display":"","ast-hfb-below-header-display":"","ast-hfb-mobile-header-display":"","site-post-title":"","ast-breadcrumbs-content":"","ast-featured-img":"","footer-sml-layout":"","theme-transparent-header-meta":"","adv-header-id-meta":"","stick-header-meta":"","header-above-stick-meta":"","header-main-stick-meta":"","header-below-stick-meta":"","astra-migrate-meta-layouts":"default","ast-page-background-enabled":"default","ast-page-background-meta":{"desktop":{"background-color":"var(--ast-global-color-4)","background-image":"","background-repeat":"repeat","background-position":"center center","background-size":"auto","background-attachment":"scroll","background-type":"","background-media":"","overlay-type":"","overlay-color":"","overlay-opacity":"","overlay-gradient":""},"tablet":{"background-color":"","background-image":"","background-repeat":"repeat","background-position":"center center","background-size":"auto","background-attachment":"scroll","background-type":"","background-media":"","overlay-type":"","overlay-color":"","overlay-opacity":"","overlay-gradient":""},"mobile":{"background-color":"","background-image":"","background-repeat":"repeat","background-position":"center center","background-size":"auto","background-attachment":"scroll","background-type":"","background-media":"","overlay-type":"","overlay-color":"","overlay-opacity":"","overlay-gradient":""}},"ast-content-background-meta":{"desktop":{"background-color":"var(--ast-global-color-5)","background-image":"","background-repeat":"repeat","background-position":"center center","background-size":"auto","background-attachment":"scroll","background-type":"","background-media":"","overlay-type":"","overlay-color":"","overlay-opacity":"","overlay-gradient":""},"tablet":{"background-color":"var(--ast-global-color-5)","background-image":"","background-repeat":"repeat","background-position":"center center","background-size":"auto","background-attachment":"scroll","background-type":"","background-media":"","overlay-type":"","overlay-color":"","overlay-opacity":"","overlay-gradient":""},"mobile":{"background-color":"var(--ast-global-color-5)","background-image":"","background-repeat":"repeat","background-position":"center center","background-size":"auto","background-attachment":"scroll","background-type":"","background-media":"","overlay-type":"","overlay-color":"","overlay-opacity":"","overlay-gradient":""}},"footnotes":""},"categories":[],"tags":[],"class_list":["post-947","page","type-page","status-publish","hentry"],"uagb_featured_image_src":{"full":false,"thumbnail":false,"medium":false,"medium_large":false,"large":false,"1536x1536":false,"2048x2048":false},"uagb_author_info":{"display_name":"admin","author_link":"https:\/\/www.etafast.org\/it\/author\/admin\/"},"uagb_comment_info":0,"uagb_excerpt":"Se stai viaggiando in un altro Paese e devi transitare in Canada, i documenti necessari dipendono da diversi fattori, tra [&hellip;]","_links":{"self":[{"href":"https:\/\/www.etafast.org\/it\/wp-json\/wp\/v2\/pages\/947","targetHints":{"allow":["GET"]}}],"collection":[{"href":"https:\/\/www.etafast.org\/it\/wp-json\/wp\/v2\/pages"}],"about":[{"href":"https:\/\/www.etafast.org\/it\/wp-json\/wp\/v2\/types\/page"}],"author":[{"embeddable":true,"href":"https:\/\/www.etafast.org\/it\/wp-json\/wp\/v2\/users\/1"}],"replies":[{"embeddable":true,"href":"https:\/\/www.etafast.org\/it\/wp-json\/wp\/v2\/comments?post=947"}],"version-history":[{"count":1,"href":"https:\/\/www.etafast.org\/it\/wp-json\/wp\/v2\/pages\/947\/revisions"}],"predecessor-version":[{"id":948,"href":"https:\/\/www.etafast.org\/it\/wp-json\/wp\/v2\/pages\/947\/revisions\/948"}],"wp:attachment":[{"href":"https:\/\/www.etafast.org\/it\/wp-json\/wp\/v2\/media?parent=947"}],"wp:term":[{"taxonomy":"category","embeddable":true,"href":"https:\/\/www.etafast.org\/it\/wp-json\/wp\/v2\/categories?post=947"},{"taxonomy":"post_tag","embeddable":true,"href":"https:\/\/www.etafast.org\/it\/wp-json\/wp\/v2\/tags?post=947"}],"curies":[{"name":"wp","href":"https:\/\/api.w.org\/{rel}","templated":true}]}}