{"id":491,"date":"2024-12-02T16:08:30","date_gmt":"2024-12-02T15:08:30","guid":{"rendered":"https:\/\/www.etafast.org\/kapcsolat\/"},"modified":"2024-12-11T09:03:33","modified_gmt":"2024-12-11T08:03:33","slug":"kapcsolat","status":"publish","type":"page","link":"https:\/\/www.etafast.org\/hu\/kapcsolat\/","title":{"rendered":"Kapcsolat"},"content":{"rendered":"<style>\n.accordion-content {\n    display: none;\n    padding: 10px;\n    border: 1px solid #ccc;\n    border-top: none;\n}\n\n.accordion-header {\n    cursor: pointer;\n    padding: 10px;\n    border: 1px solid #ccc;\n    margin: 0;\nbackground-color:#fafafa;\nmargin-bottom:10px;\nborder-radius:3px;\npadding-right:50px;\nposition: relative;\nfont-size:110%;\n}\n.accordion-header .qs {\n\n}\n.arrow {\n    position: absolute;\n    right: 10px;\n    top: 10px;\n}\n\n.arrow-up {\n    transform: rotate(180deg);\n}\n<\/style>\n\n\n<script>\njQuery(document).ready(function(){\n    jQuery(\".accordion-header\").click(function() {\n        \/\/ Toggle the arrow direction of the clicked header\n        jQuery(this).children(\".arrow\").toggleClass(\"arrow-up\", !jQuery(this).next().is(\":visible\"));\n        \n        \/\/ Close previously opened content and reset their arrows\n        jQuery(\".accordion-content\").not(jQuery(this).next()).slideUp().prev().children(\".arrow\").removeClass(\"arrow-up\");\n        jQuery(\".accordion-content\").not(jQuery(this).next()).prev().find(\".arrow\").html(\"&#9660;\"); \/\/ Reset other arrows to down\n        \n        jQuery(this).next().slideToggle();\n        if(jQuery(this).next().is(\":visible\")) {\n            jQuery(this).find(\".arrow\").html(\"&#9660;\"); \/\/ Change to up arrow\n        } else {\n            jQuery(this).find(\".arrow\").html(\"&#9650;\"); \/\/ Change back to down arrow\n        }\n    });\n});\n<\/script>\n\n\n<div class=\"accordion\"><h4 class=\"accordion-header\"><span class=\"qs\">Visszat\u00e9r\u00edthet\u0151-e a befizet\u00e9s<\/span><span class=\"arrow\">&#9660;<\/span><\/h4>\n            <div class=\"accordion-content\">\n            <p>Igen. A befizetett \u00f6sszeget vissza kell fizetni, miel\u0151tt a szolg\u00e1ltat\u00e1st ny\u00fajtan\u00e1nk \u00d6nnek. Tov\u00e1bbi inform\u00e1ci\u00f3k\u00e9rt k\u00e9rj\u00fck, olvassa el a szerz\u0151d\u00e9si felt\u00e9teleket.<\/p>\n            <\/div><\/div><script type=\"application\/ld+json\">\n    {\n      \"@context\": \"https:\/\/schema.org\",\n      \"@type\": \"FAQPage\",\n      \"mainEntity\": [{\n        \"@type\": \"Question\",\n        \"name\": \"Visszat\u00e9r\u00edthet\u0151-e a befizet\u00e9s\",\n        \"acceptedAnswer\": {\n          \"@type\": \"Answer\",\n          \"text\": \"Igen. A befizetett \u00f6sszeget vissza kell fizetni, miel\u0151tt a szolg\u00e1ltat\u00e1st ny\u00fajtan\u00e1nk \u00d6nnek. Tov\u00e1bbi inform\u00e1ci\u00f3k\u00e9rt k\u00e9rj\u00fck, olvassa el a szerz\u0151d\u00e9si felt\u00e9teleket.\"\n        }\n      }\n      ]\n    }\n    <\/script>\n\n\n<h2>\u00dcgyf\u00e9lszolg\u00e1lat<\/h2><style>\n.accordion-content2 {\n    display: none;\n    padding: 10px;\n    border: 1px solid #ccc;\n    border-top: none;\n}\n            \n.accordion-header2 {\n    cursor: pointer;\n    padding: 10px;\n    border: 1px solid #ccc;\n    margin: 0;\nbackground-color:#fafafa;\nmargin-bottom:10px;\nborder-radius:3px;\npadding-right:50px;\nposition: relative;\nfont-size:110%;\n}\n.accordion-header2 .qs {\n            \n}\n.arrow2 {\n    position: absolute;\n    right: 10px;\n    top: 10px;\n}\n            \n.arrow-up2 {\n    transform: rotate(180deg);\n}\n<\/style>\n            \n            \n<script>\njQuery(document).ready(function(){\n    jQuery(\".accordion-header2\").click(function() {\n        \/\/ Toggle the arrow direction of the clicked header\n        jQuery(this).children(\".arrow2\").toggleClass(\"arrow-up2\", !jQuery(this).next().is(\":visible\"));\n            \n        \/\/ Close previously opened content and reset their arrows\n        jQuery(\".accordion-content2\").not(jQuery(this).next()).slideUp().prev().children(\".arrow2\").removeClass(\"arrow-up2\");\n        jQuery(\".accordion-content2\").not(jQuery(this).next()).prev().find(\".arrow2\").html(\"&#9660;\"); \/\/ Reset other arrows to down\n            \n        jQuery(this).next().slideToggle();\n        if(jQuery(this).next().is(\":visible\")) {\n            jQuery(this).find(\".arrow2\").html(\"&#9660;\"); \/\/ Change to up arrow\n        } else {\n            jQuery(this).find(\".arrow2\").html(\"&#9650;\"); \/\/ Change back to down arrow\n        }\n    });\n});\n<\/script>\n            \n            \n<div class=\"accordion2\"><h4 class=\"accordion-header2\"><span class=\"qs2\">Nem kaptam visszaigazol\u00e1st a rendel\u00e9semr\u0151l<\/span><span class=\"arrow2\">&#9660;<\/span><\/h4>\n            <div class=\"accordion-content2\">\n            <p>A szolg\u00e1ltat\u00e1s regisztr\u00e1ci\u00f3j\u00e1t k\u00f6r\u00fclbel\u00fcl 12 \u00f3r\u00e1val az \u00e9rv\u00e9nyess\u00e9g kezdete el\u0151tt kezdj\u00fck meg. Aznapi \u00e9rv\u00e9nyess\u00e9g eset\u00e9n a fizet\u00e9s be\u00e9rkez\u00e9s\u00e9t\u0151l sz\u00e1m\u00edtott 5 percen bel\u00fcl.\n Ha azonnal szeretn\u00e9 megkapni az aktiv\u00e1l\u00e1si adatokat, azonnal megkezdheti a regisztr\u00e1ci\u00f3t az els\u0151 e-mailben k\u00fcld\u00f6tt c\u00edmen. \nEl\u0151fordulhat, hogy nem kapsz visszaigazol\u00f3 e-mailt a fizet\u00e9s be\u00e9rkez\u00e9s\u00e9r\u0151l (p\u00e9ld\u00e1ul helytelen e-mail c\u00edm miatt). Ebben az esetben k\u00e9rj\u00fck:<br \/> \n- k\u00e9rj\u00fck, el\u0151sz\u00f6r ellen\u0151rizze a spam mapp\u00e1j\u00e1t<br \/> \n- ha tov\u00e1bbra sem tal\u00e1l t\u0151l\u00fcnk inform\u00e1ci\u00f3t, pr\u00f3b\u00e1lja meg megtal\u00e1lni rendel\u00e9s\u00e9t a fenti \u0171rlap seg\u00edts\u00e9g\u00e9vel.<br \/> \n- a megtal\u00e1lt oldalon kijav\u00edthatja az e-mail c\u00edm\u00e9t \u00e9s nyomon k\u00f6vetheti rendel\u00e9se \u00e1llapot\u00e1t<br \/><br \/> \n \nHa nem tal\u00e1lja a rendel\u00e9skezel\u00e9si c\u00edm\u00e9t, k\u00e9rj\u00fck, b\u00e1rmikor vegye fel vel\u00fcnk a kapcsolatot.<br \/> \n\n<br \/><a href=\"#cform\" onclick=\"document.getElementById('cform').style.display='';\">Kapcsolatfelv\u00e9tel az \u00fcgyf\u00e9lszolg\u00e1lattal<\/a><\/p>\n            <\/div><h4 class=\"accordion-header2\"><span class=\"qs2\">Meg akarom v\u00e1ltoztatni a regisztr\u00e1ci\u00f3s adataimat<\/span><span class=\"arrow2\">&#9660;<\/span><\/h4>\n            <div class=\"accordion-content2\">\n            <p>A szolg\u00e1ltat\u00e1s regisztr\u00e1ci\u00f3j\u00e1t k\u00f6r\u00fclbel\u00fcl 12 \u00f3r\u00e1val az \u00e9rv\u00e9nyess\u00e9g kezdete el\u0151tt kezdj\u00fck meg. Aznapi \u00e9rv\u00e9nyess\u00e9g eset\u00e9n a fizet\u00e9s be\u00e9rkez\u00e9s\u00e9t\u0151l sz\u00e1m\u00edtott 5 percen bel\u00fcl.\nAddig az adatok a rendel\u00e9s r\u00e9szletei oldalon m\u00f3dos\u00edthat\u00f3k. Ezt a c\u00edmet minden t\u0151l\u00fcnk kapott e-mailben megtal\u00e1lja.\n\nHa nem kapott visszaigazol\u00f3 e-mailt a fizet\u00e9s be\u00e9rkez\u00e9s\u00e9r\u0151l (p\u00e9ld\u00e1ul helytelen e-mail c\u00edm miatt). Ebben az esetben k\u00e9rj\u00fck:<br \/> \n- k\u00e9rj\u00fck, el\u0151sz\u00f6r ellen\u0151rizze a spam mapp\u00e1j\u00e1t<br \/> \n- ha tov\u00e1bbra sem tal\u00e1l t\u0151l\u00fcnk inform\u00e1ci\u00f3t, pr\u00f3b\u00e1lja meg megtal\u00e1lni rendel\u00e9s\u00e9t a fenti \u0171rlap seg\u00edts\u00e9g\u00e9vel (Rendel\u00e9s \u00e1llapot\u00e1nak ellen\u0151rz\u00e9se).<br \/> \n- a megtal\u00e1lt oldalon szerkesztheti adatait \u00e9s nyomon k\u00f6vetheti rendel\u00e9se \u00e1llapot\u00e1t<br \/> \n<br \/> Ha a megrendel\u00e9s\u00e9t m\u00e1r feldolgoztuk, akkor az adatok m\u00f3dos\u00edt\u00e1s\u00e1ra nincs lehet\u0151s\u00e9g. Felh\u00edvjuk figyelm\u00e9t, hogy helytelen adatok (k\u00fcl\u00f6n\u00f6sen a j\u00e1rm\u0171 regisztr\u00e1ci\u00f3j\u00e1nak orsz\u00e1ga, rendsz\u00e1ma, \u00e9rv\u00e9nyess\u00e9gi d\u00e1tuma)#\n eset\u00e9n a matrica \u00e9rv\u00e9nytelen, \u00e9s a szolg\u00e1ltat\u00e1st \u00fajra kell v\u00e1s\u00e1rolni.<br \/> \nK\u00f6sz\u00f6nj\u00fck meg\u00e9rt\u00e9s\u00e9t.\n\n<\/p>\n            <\/div><h4 class=\"accordion-header2\"><span class=\"qs2\">A fizet\u00e9s elhagyta a sz\u00e1ml\u00e1mat, de nem kaptam semmilyen e-mailt.<\/span><span class=\"arrow2\">&#9660;<\/span><\/h4>\n            <div class=\"accordion-content2\">\n            <p>Ahogyan az \u00e1ltal\u00e1nos szerz\u0151d\u00e9si felt\u00e9teleinkben is szerepel, a szolg\u00e1ltat\u00e1s feldolgoz\u00e1s\u00e1t akkor kezdj\u00fck el, amint a fizet\u00e9s meg\u00e9rkezik a rendszerbe.T\u00f6bb oka is lehet annak, hogy a fizet\u00e9s nem ker\u00fcl j\u00f3v\u00e1\u00edr\u00e1sra. Att\u00f3l kezdve, hogy az \u00d6n bankint\u00e9zete k\u00e9sve k\u00fcldte el a fizet\u00e9st, eg\u00e9szen a technikai probl\u00e9m\u00e1kig. Egyszer\u0171en fogalmazva, am\u00edg nem l\u00e1tjuk a fizet\u00e9st a rendszer\u00fcnkben, addig nem tekintj\u00fck a megrendel\u00e9st az \u00d6n r\u00e9sz\u00e9r\u0151l teljes\u00edtettnek. Minden lehets\u00e9ges l\u00e9p\u00e9st megtesz\u00fcnk annak \u00e9rdek\u00e9ben, hogy minden be\u00e9rkez\u0151 fizet\u00e9st helyesen p\u00e1ros\u00edtsunk, aminek eredm\u00e9nyek\u00e9ppen a hibaar\u00e1ny a sz\u00e1zal\u00e9ka. Ha a fizet\u00e9st\u0151l sz\u00e1m\u00edtott legfeljebb 1 \u00f3r\u00e1n bel\u00fcl nem kap egy e-mailt, amelyben \u00e9rtes\u00edtj\u00fck, hogy a fizet\u00e9s be\u00e9rkezett (k\u00e9rj\u00fck, ellen\u0151rizze a spam mapp\u00e1j\u00e1t is), k\u00e9rj\u00fck, azonnal l\u00e9pjen kapcsolatba vel\u00fcnk. Csak \u00edgy tudjuk biztos\u00edtani a megrendel\u00e9s z\u00f6kken\u0151mentes lebonyol\u00edt\u00e1s\u00e1t. K\u00e9rj\u00fck, vegye figyelembe, hogy csak akkor kezd\u00fcnk el dolgozni egy megrendel\u00e9sen, amikor a fizet\u00e9s be\u00e9rkezik a rendszerbe, nem pedig akkor, amikor a fizet\u00e9s elk\u00fcld\u00e9sre (vagy egyszer\u0171en blokkol\u00e1sra) ker\u00fcl az \u00fcgyf\u00e9l oldal\u00e1n. A fizet\u00e9s be\u00e9rkez\u00e9se el\u0151tt keletkezett k\u00e1rok\u00e9rt nem v\u00e1llalunk felel\u0151ss\u00e9get. K\u00f6sz\u00f6nj\u00fck meg\u00e9rt\u00e9s\u00e9t.<br \/><br \/><a href=\"#cform\" onclick=\"document.getElementById('cform').style.display='';\">Kapcsolatfelv\u00e9tel az \u00fcgyf\u00e9lszolg\u00e1lattal<\/a><\/p>\n            <\/div><h4 class=\"accordion-header2\"><span class=\"qs2\">Lenne m\u00e9g egy k\u00e9rd\u00e9sem \u00f6nh\u00f6z.<\/span><span class=\"arrow2\">&#9660;<\/span><\/h4>\n            <div class=\"accordion-content2\">\n            <p>Ha a v\u00e1laszok egyike sem felel meg az \u00d6n ig\u00e9nyeinek, b\u00e1rmikor felveheti vel\u00fcnk a kapcsolatot, \u00e9s mi sz\u00edvesen foglalkozunk \u00d6nnel.<br \/><br \/><a href=\"#cform\" onclick=\"document.getElementById('cform').style.display='';\">Kapcsolatfelv\u00e9tel az \u00fcgyf\u00e9lszolg\u00e1lattal<\/a><\/p>\n            <\/div><\/div><div id=\"cform\"><br style=\"clear:both;\" \/><h2>Email t\u00e1mogat\u00e1s<\/h2><script type=\"text\/javascript\">\n        function decodeEmail(encodedLocalPart, encodedDomainPart, indices) {\n            const localPart = atob(encodedLocalPart).split('');\n            const domainPart = atob(encodedDomainPart).split('');\n\n            \/\/ Reconstruct the email address using the provided indices\n            const originalLocalPart = indices.local.map(index => localPart[index]).join('');\n            const originalDomainPart = indices.domain.map(index => domainPart[index]).join('');\n\n            const email = originalLocalPart + \"@\" + originalDomainPart;\n            document.getElementById('email').innerText = email;\n        }\n    <\/script><p>Ha \u00fcgyf\u00e9lszolg\u00e1lati k\u00e9relmet szeretne beny\u00fajtani, k\u00fcldj\u00f6n e-mailt az al\u00e1bbi c\u00edmre:<\/p><div style=\"text-align:center;padding:20px 0 50px 0;font-size:150%;\nfont-weight:bold;\"><a id=\"email-link\" href=\"\"><\/a><\/div><script>document.addEventListener(\"DOMContentLoaded\", function() {    const emailLink = document.getElementById(\"email-link\");    const obfuscatedEmail = \"gro.tsafate@troppus\";    const realEmail = obfuscatedEmail.split(\"\").reverse().join(\"\");    const randomString = Array.from({length: realEmail.length}, () => Math.random().toString(36)[2]).join('');    emailLink.textContent = randomString;    emailLink.href = 'mailto:'+realEmail;\n                    emailLink.textContent = realEmail;});<\/script><h2>WhatsApp t\u00e1mogat\u00e1s<\/h2><p>A megrendel\u00e9ssel kapcsolatos k\u00e9rd\u00e9sek gyors megold\u00e1sa \u00e9rdek\u00e9ben kapcsolatba l\u00e9phet vel\u00fcnk a WhatsApp telefonsz\u00e1mon (az \u00fczenetek ingyenesek, csak az internetkapcsolaton bel\u00fcli adatforgalom\u00e9rt kell fizetnie).<\/p><div style=\"text-align:center;padding:20px 0 50px 0;font-size:150%;\nfont-weight:bold;\"><a href=\"https:\/\/wa.me\/447893938888\">+44 789 393 8888<\/a><\/div><h2>\u00dcgyf\u00e9lszolg\u00e1lat<\/h2><p style=\"text-align:center;color:#6ab400;font-weight:bold;\">Az online t\u00e1mogat\u00e1s 24x7-ben el\u00e9rhet\u0151<\/p><p>K\u00e9r\u00e9s\u00e9nek gyorsabb feldolgoz\u00e1sa \u00e9rdek\u00e9ben k\u00e9rj\u00fck, hogy adja meg a regisztr\u00e1ci\u00f3 sor\u00e1n megadott e-mail c\u00edm\u00e9t, aut\u00f3j\u00e1nak rendsz\u00e1m\u00e1t \u00e9s a megrendel\u00e9s d\u00e1tum\u00e1t. K\u00f6sz\u00f6nj\u00fck meg\u00e9rt\u00e9s\u00e9t.<\/p>\n<a style=\"display:block;width:100%;\ncolor:#fff;background-color:rgb(241, 23, 23);padding:10px 0;\nfont-size:120%;text-align:center;\" onclick=\"zE('messenger', 'open');return false;\" href=\"#\">Kapcsolat T\u00e1mogat\u00e1s<\/a>\n<!-- Start of Zendesk Widget script -->\n<script id=\"ze-snippet\" src=\"https:\/\/static.zdassets.com\/ekr\/snippet.js?key=fc8651a1-b5bf-4914-a59d-057a43523f5b\"> <\/script>\n<!-- End of Zendesk Widget script -->\n\n\n<script><\/script>\n<\/div>\n\n\n\n<p><\/p>\n","protected":false},"excerpt":{"rendered":"","protected":false},"author":1,"featured_media":0,"parent":0,"menu_order":0,"comment_status":"closed","ping_status":"closed","template":"","meta":{"_uag_custom_page_level_css":"","site-sidebar-layout":"default","site-content-layout":"","ast-site-content-layout":"","site-content-style":"default","site-sidebar-style":"default","ast-global-header-display":"","ast-banner-title-visibility":"","ast-main-header-display":"","ast-hfb-above-header-display":"","ast-hfb-below-header-display":"","ast-hfb-mobile-header-display":"","site-post-title":"","ast-breadcrumbs-content":"","ast-featured-img":"","footer-sml-layout":"","theme-transparent-header-meta":"","adv-header-id-meta":"","stick-header-meta":"","header-above-stick-meta":"","header-main-stick-meta":"","header-below-stick-meta":"","astra-migrate-meta-layouts":"default","ast-page-background-enabled":"default","ast-page-background-meta":{"desktop":{"background-color":"var(--ast-global-color-4)","background-image":"","background-repeat":"repeat","background-position":"center center","background-size":"auto","background-attachment":"scroll","background-type":"","background-media":"","overlay-type":"","overlay-color":"","overlay-opacity":"","overlay-gradient":""},"tablet":{"background-color":"","background-image":"","background-repeat":"repeat","background-position":"center center","background-size":"auto","background-attachment":"scroll","background-type":"","background-media":"","overlay-type":"","overlay-color":"","overlay-opacity":"","overlay-gradient":""},"mobile":{"background-color":"","background-image":"","background-repeat":"repeat","background-position":"center center","background-size":"auto","background-attachment":"scroll","background-type":"","background-media":"","overlay-type":"","overlay-color":"","overlay-opacity":"","overlay-gradient":""}},"ast-content-background-meta":{"desktop":{"background-color":"var(--ast-global-color-5)","background-image":"","background-repeat":"repeat","background-position":"center center","background-size":"auto","background-attachment":"scroll","background-type":"","background-media":"","overlay-type":"","overlay-color":"","overlay-opacity":"","overlay-gradient":""},"tablet":{"background-color":"var(--ast-global-color-5)","background-image":"","background-repeat":"repeat","background-position":"center center","background-size":"auto","background-attachment":"scroll","background-type":"","background-media":"","overlay-type":"","overlay-color":"","overlay-opacity":"","overlay-gradient":""},"mobile":{"background-color":"var(--ast-global-color-5)","background-image":"","background-repeat":"repeat","background-position":"center center","background-size":"auto","background-attachment":"scroll","background-type":"","background-media":"","overlay-type":"","overlay-color":"","overlay-opacity":"","overlay-gradient":""}},"footnotes":""},"categories":[],"tags":[],"class_list":["post-491","page","type-page","status-publish","hentry"],"uagb_featured_image_src":{"full":false,"thumbnail":false,"medium":false,"medium_large":false,"large":false,"1536x1536":false,"2048x2048":false},"uagb_author_info":{"display_name":"admin","author_link":"https:\/\/www.etafast.org\/hu\/author\/admin\/"},"uagb_comment_info":0,"uagb_excerpt":null,"_links":{"self":[{"href":"https:\/\/www.etafast.org\/hu\/wp-json\/wp\/v2\/pages\/491","targetHints":{"allow":["GET"]}}],"collection":[{"href":"https:\/\/www.etafast.org\/hu\/wp-json\/wp\/v2\/pages"}],"about":[{"href":"https:\/\/www.etafast.org\/hu\/wp-json\/wp\/v2\/types\/page"}],"author":[{"embeddable":true,"href":"https:\/\/www.etafast.org\/hu\/wp-json\/wp\/v2\/users\/1"}],"replies":[{"embeddable":true,"href":"https:\/\/www.etafast.org\/hu\/wp-json\/wp\/v2\/comments?post=491"}],"version-history":[{"count":1,"href":"https:\/\/www.etafast.org\/hu\/wp-json\/wp\/v2\/pages\/491\/revisions"}],"predecessor-version":[{"id":492,"href":"https:\/\/www.etafast.org\/hu\/wp-json\/wp\/v2\/pages\/491\/revisions\/492"}],"wp:attachment":[{"href":"https:\/\/www.etafast.org\/hu\/wp-json\/wp\/v2\/media?parent=491"}],"wp:term":[{"taxonomy":"category","embeddable":true,"href":"https:\/\/www.etafast.org\/hu\/wp-json\/wp\/v2\/categories?post=491"},{"taxonomy":"post_tag","embeddable":true,"href":"https:\/\/www.etafast.org\/hu\/wp-json\/wp\/v2\/tags?post=491"}],"curies":[{"name":"wp","href":"https:\/\/api.w.org\/{rel}","templated":true}]}}