{"id":297,"date":"2024-12-11T08:24:00","date_gmt":"2024-12-11T07:24:00","guid":{"rendered":"https:\/\/www.etafast.org\/a-folyamatrol\/"},"modified":"2024-12-11T09:02:14","modified_gmt":"2024-12-11T08:02:14","slug":"a-folyamatrol","status":"publish","type":"page","link":"https:\/\/www.etafast.org\/hu\/a-folyamatrol\/","title":{"rendered":"A folyamatr\u00f3l"},"content":{"rendered":"\n<h3 class=\"wp-block-heading\">Az elektronikus utaz\u00e1si enged\u00e9lyez\u00e9si elj\u00e1r\u00e1sr\u00f3l (eTA)<\/h3>\n\n<p>Az elektronikus beutaz\u00e1si enged\u00e9ly (eTA) a v\u00edzummentes k\u00fclf\u00f6ldi \u00e1llampolg\u00e1roknak a Kanad\u00e1ba l\u00e9gi \u00faton utaz\u00f3 vagy Kanad\u00e1n \u00e1tutaz\u00f3 k\u00fclf\u00f6ldi \u00e1llampolg\u00e1rok sz\u00e1m\u00e1ra el\u0151\u00edrt beutaz\u00e1si k\u00f6vetelm\u00e9ny. Ez egy gyors \u00e9s egyszer\u0171 online elj\u00e1r\u00e1s, amelynek c\u00e9lja a hat\u00e1rbiztons\u00e1g fokoz\u00e1sa, mik\u00f6zben z\u00f6kken\u0151mentes utaz\u00e1st biztos\u00edt a jogosultak sz\u00e1m\u00e1ra. <\/p>\n\n<h4 class=\"wp-block-heading\">Mi az az eTA?<\/h4>\n\n<p>Az eTA egy elektronikusan \u00f6sszekapcsolt utaz\u00e1si enged\u00e9ly, amely az \u00d6n \u00fatlevel\u00e9hez kapcsol\u00f3dik. Az enged\u00e9ly legfeljebb \u00f6t \u00e9vig vagy az \u00fatlev\u00e9l lej\u00e1rt\u00e1ig \u00e9rv\u00e9nyes, att\u00f3l f\u00fcgg\u0151en, hogy melyik k\u00f6vetkezik be el\u0151bb. Az eTA lehet\u0151v\u00e9 teszi, hogy \u00d6n turisztikai, \u00fczleti vagy \u00e1tutaz\u00e1si c\u00e9llal r\u00f6vid (\u00e1ltal\u00e1ban legfeljebb hat h\u00f3napos) tart\u00f3zkod\u00e1sra Kanad\u00e1ba l\u00e1togasson.  <\/p>\n\n<h4 class=\"wp-block-heading\">Az eTA-elj\u00e1r\u00e1s legfontosabb tudnival\u00f3i:<\/h4>\n\n<ol class=\"wp-block-list\">\n<li><strong>Egyszer\u0171 online k\u00e9relem<\/strong>:<br\/>Az eTA k\u00e9relmez\u00e9si folyamat teljes eg\u00e9sz\u00e9ben online zajlik. Nincs sz\u00fcks\u00e9g pap\u00edrmunk\u00e1ra vagy szem\u00e9lyes l\u00e1togat\u00e1sra, \u00edgy az utaz\u00f3k sz\u00e1m\u00e1ra k\u00e9nyelmes megold\u00e1s. <\/li>\n\n\n\n<li><strong>Megfizethet\u0151 d\u00edj<\/strong>:<br\/>Az eTA k\u00e9relmez\u00e9se mind\u00f6ssze 7 CAN$-ba ker\u00fcl. Ezt a d\u00edjat a k\u00e9relmez\u00e9si folyamat sor\u00e1n online kell befizetni. <\/li>\n\n\n\n<li><strong>Gyors feldolgoz\u00e1s<\/strong>:<br\/>A legt\u00f6bb eTA-k\u00e9relmet perceken bel\u00fcl j\u00f3v\u00e1hagyj\u00e1k. Egyes k\u00e9relmek azonban hosszabb id\u0151t vehetnek ig\u00e9nybe, ha tov\u00e1bbi dokumentumokra van sz\u00fcks\u00e9g. Ilyen esetekben a k\u00e9relmez\u0151k 72 \u00f3r\u00e1n bel\u00fcl e-mailben kapnak utas\u00edt\u00e1sokat.  <\/li>\n\n\n\n<li><strong>T\u00e1mogathat\u00f3s\u00e1gi k\u00f6vetelm\u00e9nyek<\/strong>:\n<ul class=\"wp-block-list\">\n<li>A Kanad\u00e1ba rep\u00fcl\u0151 vagy Kanad\u00e1n \u00e1tutaz\u00f3 v\u00edzummentes k\u00fclf\u00f6ldi \u00e1llampolg\u00e1roknak eTA-ra van sz\u00fcks\u00e9g\u00fck.<\/li>\n\n\n\n<li>Bizonyos v\u00edzumk\u00f6teles orsz\u00e1gokb\u00f3l \u00e9rkez\u0151 utaz\u00f3k is jogosultak lehetnek eTA-ra, ha megfelelnek bizonyos felt\u00e9teleknek, p\u00e9ld\u00e1ul \u00e9rv\u00e9nyes amerikai nem bev\u00e1ndorl\u00f3 v\u00edzummal rendelkeznek, vagy az elm\u00falt 10 \u00e9vben kanadai l\u00e1togat\u00f3i v\u00edzummal rendelkeztek.<\/li>\n\n\n\n<li>Az aut\u00f3val, busszal, vonattal vagy haj\u00f3val &#8211; bele\u00e9rtve a tengerj\u00e1r\u00f3 haj\u00f3kat is &#8211; \u00e9rkez\u0151 utasoknak eTA helyett l\u00e1togat\u00f3i v\u00edzumra van sz\u00fcks\u00e9g\u00fck.<\/li>\n<\/ul>\n<\/li>\n\n\n\n<li><strong>Utaz\u00e1si korl\u00e1toz\u00e1sok<\/strong>:\n<ul class=\"wp-block-list\">\n<li>Az eTA nem jogos\u00edtja fel \u00d6nt arra, hogy Kanad\u00e1ban dolgozzon vagy tanuljon. Ha munk\u00e1t vagy tanul\u00e1st tervez, akkor a megfelel\u0151 enged\u00e9lyeket kell k\u00e9relmeznie. <\/li>\n\n\n\n<li>Az eTA nem garant\u00e1lja a Kanad\u00e1ba val\u00f3 bel\u00e9p\u00e9st. A hat\u00e1r\u0151r\u00f6k \u00e9rkez\u00e9skor fogj\u00e1k \u00e9rt\u00e9kelni az \u00d6n jogosults\u00e1g\u00e1t. <\/li>\n<\/ul>\n<\/li>\n\n\n\n<li><strong>\u00c9rv\u00e9nyess\u00e9g<\/strong>:<br\/>A j\u00f3v\u00e1hagy\u00e1st k\u00f6vet\u0151en az eTA az \u00d6n \u00fatlevel\u00e9hez kapcsol\u00f3dik, \u00e9s t\u00f6bbsz\u00f6ri beutaz\u00e1sra is \u00e9rv\u00e9nyes, felt\u00e9ve, hogy az \u00fatlevele \u00e9rv\u00e9nyes marad. Mindig ugyanazzal az \u00fatlev\u00e9llel utazzon, amelyet az eTA-k\u00e9relem beny\u00fajt\u00e1s\u00e1hoz haszn\u00e1lt. <\/li>\n<\/ol>\n\n<h4 class=\"wp-block-heading\">V\u00e9dekezzen az \u00e1tver\u00e9sek ellen<\/h4>\n\n<p>\u00d3vakodjon a csal\u00e1rd honlapokt\u00f3l vagy olyan szem\u00e9lyekt\u0151l, akik garant\u00e1lt beutaz\u00e1si, munkav\u00e1llal\u00e1si vagy tanul\u00e1si lehet\u0151s\u00e9geket \u00edg\u00e9rnek Kanad\u00e1ban. Csak a kanadai korm\u00e1ny hivatalos weboldal\u00e1n kereszt\u00fcl jelentkezzen, \u00e9s ker\u00fclje a szem\u00e9lyes adatok meg nem ellen\u0151rz\u00f6tt forr\u00e1sokkal val\u00f3 megoszt\u00e1s\u00e1t. A f\u00e9lrevezet\u00e9s vagy csal\u00e1s s\u00falyos jogi k\u00f6vetkezm\u00e9nyekkel j\u00e1rhat.  <\/p>\n\n<h4 class=\"wp-block-heading\">Miel\u0151tt jelentkezik<\/h4>\n\n<ul class=\"wp-block-list\">\n<li>Gy\u0151z\u0151dj\u00f6n meg r\u00f3la, hogy rendelkezik \u00e9rv\u00e9nyes \u00fatlev\u00e9llel, hitel- vagy bankk\u00e1rty\u00e1val \u00e9s e-mail c\u00edmmel.<\/li>\n\n\n\n<li>Olvassa el a t\u00f6bb nyelven el\u00e9rhet\u0151 alkalmaz\u00e1s s\u00fag\u00f3 dokumentumot az \u00fatmutat\u00e1s\u00e9rt.<\/li>\n\n\n\n<li>A k\u00e9s\u00e9sek elker\u00fcl\u00e9se \u00e9rdek\u00e9ben m\u00e9g a rep\u00fcl\u0151jegy lefoglal\u00e1sa <strong>el\u0151tt<\/strong> ig\u00e9nyeljen eTA-t.<\/li>\n<\/ul>\n\n<p>Az eTA k\u00e9relmez\u00e9se alapvet\u0151 l\u00e9p\u00e9s a Kanad\u00e1ba utazni sz\u00e1nd\u00e9koz\u00f3 jogosultak sz\u00e1m\u00e1ra. A folyamat meg\u00e9rt\u00e9s\u00e9vel \u00e9s a k\u00e9relem gondos el\u0151k\u00e9sz\u00edt\u00e9s\u00e9vel z\u00f6kken\u0151mentes \u00e9s probl\u00e9mamentes utaz\u00e1st biztos\u00edthat. <\/p>\n","protected":false},"excerpt":{"rendered":"<p>Az elektronikus utaz\u00e1si enged\u00e9lyez\u00e9si elj\u00e1r\u00e1sr\u00f3l (eTA) Az elektronikus beutaz\u00e1si enged\u00e9ly (eTA) a v\u00edzummentes k\u00fclf\u00f6ldi \u00e1llampolg\u00e1roknak a Kanad\u00e1ba l\u00e9gi \u00faton utaz\u00f3 [&hellip;]<\/p>\n","protected":false},"author":1,"featured_media":0,"parent":0,"menu_order":0,"comment_status":"closed","ping_status":"closed","template":"","meta":{"_uag_custom_page_level_css":"","site-sidebar-layout":"default","site-content-layout":"","ast-site-content-layout":"","site-content-style":"default","site-sidebar-style":"default","ast-global-header-display":"","ast-banner-title-visibility":"","ast-main-header-display":"","ast-hfb-above-header-display":"","ast-hfb-below-header-display":"","ast-hfb-mobile-header-display":"","site-post-title":"","ast-breadcrumbs-content":"","ast-featured-img":"","footer-sml-layout":"","theme-transparent-header-meta":"","adv-header-id-meta":"","stick-header-meta":"","header-above-stick-meta":"","header-main-stick-meta":"","header-below-stick-meta":"","astra-migrate-meta-layouts":"default","ast-page-background-enabled":"default","ast-page-background-meta":{"desktop":{"background-color":"var(--ast-global-color-4)","background-image":"","background-repeat":"repeat","background-position":"center center","background-size":"auto","background-attachment":"scroll","background-type":"","background-media":"","overlay-type":"","overlay-color":"","overlay-opacity":"","overlay-gradient":""},"tablet":{"background-color":"","background-image":"","background-repeat":"repeat","background-position":"center center","background-size":"auto","background-attachment":"scroll","background-type":"","background-media":"","overlay-type":"","overlay-color":"","overlay-opacity":"","overlay-gradient":""},"mobile":{"background-color":"","background-image":"","background-repeat":"repeat","background-position":"center center","background-size":"auto","background-attachment":"scroll","background-type":"","background-media":"","overlay-type":"","overlay-color":"","overlay-opacity":"","overlay-gradient":""}},"ast-content-background-meta":{"desktop":{"background-color":"var(--ast-global-color-5)","background-image":"","background-repeat":"repeat","background-position":"center center","background-size":"auto","background-attachment":"scroll","background-type":"","background-media":"","overlay-type":"","overlay-color":"","overlay-opacity":"","overlay-gradient":""},"tablet":{"background-color":"var(--ast-global-color-5)","background-image":"","background-repeat":"repeat","background-position":"center center","background-size":"auto","background-attachment":"scroll","background-type":"","background-media":"","overlay-type":"","overlay-color":"","overlay-opacity":"","overlay-gradient":""},"mobile":{"background-color":"var(--ast-global-color-5)","background-image":"","background-repeat":"repeat","background-position":"center center","background-size":"auto","background-attachment":"scroll","background-type":"","background-media":"","overlay-type":"","overlay-color":"","overlay-opacity":"","overlay-gradient":""}},"footnotes":""},"categories":[],"tags":[],"class_list":["post-297","page","type-page","status-publish","hentry"],"uagb_featured_image_src":{"full":false,"thumbnail":false,"medium":false,"medium_large":false,"large":false,"1536x1536":false,"2048x2048":false},"uagb_author_info":{"display_name":"admin","author_link":"https:\/\/www.etafast.org\/hu\/author\/admin\/"},"uagb_comment_info":0,"uagb_excerpt":"Az elektronikus utaz\u00e1si enged\u00e9lyez\u00e9si elj\u00e1r\u00e1sr\u00f3l (eTA) Az elektronikus beutaz\u00e1si enged\u00e9ly (eTA) a v\u00edzummentes k\u00fclf\u00f6ldi \u00e1llampolg\u00e1roknak a Kanad\u00e1ba l\u00e9gi \u00faton utaz\u00f3 [&hellip;]","_links":{"self":[{"href":"https:\/\/www.etafast.org\/hu\/wp-json\/wp\/v2\/pages\/297","targetHints":{"allow":["GET"]}}],"collection":[{"href":"https:\/\/www.etafast.org\/hu\/wp-json\/wp\/v2\/pages"}],"about":[{"href":"https:\/\/www.etafast.org\/hu\/wp-json\/wp\/v2\/types\/page"}],"author":[{"embeddable":true,"href":"https:\/\/www.etafast.org\/hu\/wp-json\/wp\/v2\/users\/1"}],"replies":[{"embeddable":true,"href":"https:\/\/www.etafast.org\/hu\/wp-json\/wp\/v2\/comments?post=297"}],"version-history":[{"count":1,"href":"https:\/\/www.etafast.org\/hu\/wp-json\/wp\/v2\/pages\/297\/revisions"}],"predecessor-version":[{"id":298,"href":"https:\/\/www.etafast.org\/hu\/wp-json\/wp\/v2\/pages\/297\/revisions\/298"}],"wp:attachment":[{"href":"https:\/\/www.etafast.org\/hu\/wp-json\/wp\/v2\/media?parent=297"}],"wp:term":[{"taxonomy":"category","embeddable":true,"href":"https:\/\/www.etafast.org\/hu\/wp-json\/wp\/v2\/categories?post=297"},{"taxonomy":"post_tag","embeddable":true,"href":"https:\/\/www.etafast.org\/hu\/wp-json\/wp\/v2\/tags?post=297"}],"curies":[{"name":"wp","href":"https:\/\/api.w.org\/{rel}","templated":true}]}}