{"id":963,"date":"2024-12-11T08:30:38","date_gmt":"2024-12-11T07:30:38","guid":{"rendered":"https:\/\/www.etafast.org\/tranzit-kroz-kanadu\/"},"modified":"2024-12-11T09:07:35","modified_gmt":"2024-12-11T08:07:35","slug":"tranzit-kroz-kanadu","status":"publish","type":"page","link":"https:\/\/www.etafast.org\/hr\/tranzit-kroz-kanadu\/","title":{"rendered":"Tranzit kroz Kanadu"},"content":{"rendered":"\n<p>Ako putujete u drugu zemlju i trebate pro\u0107i kroz Kanadu, zahtjevi za dokumentima ovisit \u0107e o nekoliko \u010dimbenika, uklju\u010duju\u0107i na\u010din putovanja, trajanje boravka, nacionalnost i imigracijski status. U nastavku je opse\u017ean vodi\u010d koji \u0107e vam pomo\u0107i da odredite \u0161to vam je potrebno za nesmetan tranzit kroz Kanadu. <\/p>\n\n<hr class=\"wp-block-separator has-alpha-channel-opacity\"\/>\n\n<h3 class=\"wp-block-heading\"><strong>\u010cimbenici koji odre\u0111uju va\u0161e zahtjeve za prijevoz<\/strong><\/h3>\n\n<ol class=\"wp-block-list\">\n<li><strong>Na\u010din putovanja<\/strong> :\n<ul class=\"wp-block-list\">\n<li>Zra\u010dnim putem (me\u0111unarodni letovi povezani preko kanadskih zra\u010dnih luka).<\/li>\n\n\n\n<li>Automobilom, autobusom, vlakom ili brodom (uklju\u010duju\u0107i brodove za krstarenje).<\/li>\n<\/ul>\n<\/li>\n\n\n\n<li><strong>Trajanje tranzita<\/strong> :\n<ul class=\"wp-block-list\">\n<li>Manje od 48 sati.<\/li>\n\n\n\n<li>Vi\u0161e od 48 sati.<\/li>\n<\/ul>\n<\/li>\n\n\n\n<li><strong>Nacionalnost i imigracijski status<\/strong> :\n<ul class=\"wp-block-list\">\n<li>Va\u0161a zemlja putovnice.<\/li>\n\n\n\n<li>Bilo da ste dr\u017eavljanin SAD-a, zakoniti stalni stanovnik SAD-a ili imate valjanu ameri\u010dku vizu.<\/li>\n<\/ul>\n<\/li>\n<\/ol>\n\n<hr class=\"wp-block-separator has-alpha-channel-opacity\"\/>\n\n<h3 class=\"wp-block-heading\"><strong>Opcije dokumenata za tranzit kroz Kanadu<\/strong><\/h3>\n\n<h4 class=\"wp-block-heading\"><strong>1. Posjetiteljska viza<\/strong><\/h4>\n\n<p>Trebate <strong>posjetiteljsku vizu<\/strong> ako:<\/p>\n\n<ul class=\"wp-block-list\">\n<li>Dolazite iz <strong>zemlje za koju je potrebna viza<\/strong> i planirate:\n<ul class=\"wp-block-list\">\n<li>Posjetite Kanadu, \u010dak i ako je to na manje od 48 sati.<\/li>\n\n\n\n<li>Ostanite u Kanadi <strong>vi\u0161e od 48 sati<\/strong> tijekom tranzita.<\/li>\n<\/ul>\n<\/li>\n\n\n\n<li>Putujete <strong>autobusom, automobilom, vlakom, brodom ili brodom za krstarenje<\/strong> iz zemlje za koju je potrebna viza.<\/li>\n<\/ul>\n\n<p><\/p>\n\n<hr class=\"wp-block-separator has-alpha-channel-opacity\"\/>\n\n<h4 class=\"wp-block-heading\"><strong>2. Tranzitna viza<\/strong><\/h4>\n\n<p>Trebate <strong>tranzitnu vizu<\/strong> ako:<\/p>\n\n<ul class=\"wp-block-list\">\n<li>Dolazite iz <strong>zemlje za koju je potrebna viza<\/strong> i:\n<ul class=\"wp-block-list\">\n<li>Va\u0161 me\u0111unarodni let staje u kanadskoj zra\u010dnoj luci na putu do drugog odredi\u0161ta.<\/li>\n\n\n\n<li>Presjedate izme\u0111u dva me\u0111unarodna leta u jednoj ili vi\u0161e kanadskih zra\u010dnih luka.<\/li>\n\n\n\n<li>Va\u0161 prijevoz traje <strong>48 sati ili manje<\/strong> .<\/li>\n\n\n\n<li>Nemate valjanu posjetiteljsku vizu.<\/li>\n\n\n\n<li>Ne ispunjavate uvjete za eTA.<\/li>\n<\/ul>\n<\/li>\n<\/ul>\n\n<p><\/p>\n\n<hr class=\"wp-block-separator has-alpha-channel-opacity\"\/>\n\n<h4 class=\"wp-block-heading\"><strong>3. Elektroni\u010dka autorizacija putovanja (eTA)<\/strong><\/h4>\n\n<p>Trebate <strong>eTA<\/strong> ako:<\/p>\n\n<ul class=\"wp-block-list\">\n<li>Vi ste iz <strong>zemlje za koju je potrebna eTA<\/strong> i:\n<ul class=\"wp-block-list\">\n<li>Zra\u010dni tranzit kroz Kanadu.<\/li>\n\n\n\n<li>Va\u0161 tranzit dio je povezanog me\u0111unarodnog leta.<\/li>\n<\/ul>\n<\/li>\n<\/ul>\n\n<p><strong>Iznimke<\/strong> :<\/p>\n\n<ul class=\"wp-block-list\">\n<li>Ne trebate eTA ako putujete vlakom, autobusom, brodom ili brodom za krstarenje, ali morate imati va\u017ee\u0107e putne isprave.<\/li>\n<\/ul>\n\n<p><\/p>\n\n<hr class=\"wp-block-separator has-alpha-channel-opacity\"\/>\n\n<h4 class=\"wp-block-heading\"><strong>4. Tranzit bez vize<\/strong><\/h4>\n\n<ul class=\"wp-block-list\">\n<li><strong>Dr\u017eavljani SAD-a i zakoniti stalni stanovnici<\/strong> :<br> Dr\u017eavljani SAD-a i nositelji zelene karte SAD-a mogu prolaziti kroz Kanadu bez vize zrakoplovom, automobilom, autobusom, vlakom ili brodom. Obavezno nosite: \n<ul class=\"wp-block-list\">\n<li>Va\u017ee\u0107u putovnicu ili putnu ispravu.<\/li>\n\n\n\n<li>Va\u017ee\u0107a zelena karta SAD-a (za zakonite stalne stanovnike).<\/li>\n<\/ul>\n<\/li>\n\n\n\n<li><strong>Nositelji putovnica iz odre\u0111enih zemalja<\/strong> :<br\/> Gra\u0111ani <strong>Kine, Indonezije, Filipina, Tajlanda<\/strong> ili <strong>Tajvana<\/strong> (bez osobnog identifikacijskog broja) mogu prolaziti bez vize ako ispunjavaju odre\u0111ene uvjete.<\/li>\n<\/ul>\n\n<p><\/p>\n\n<hr class=\"wp-block-separator has-alpha-channel-opacity\"\/>\n\n<h3 class=\"wp-block-heading\"><strong>Dokumenti koje morate nositi<\/strong><\/h3>\n\n<p>Kada prolazite kroz Kanadu, uvijek imajte spremne sljede\u0107e dokumente:<\/p>\n\n<ul class=\"wp-block-list\">\n<li>Valjanu putovnicu ili putnu ispravu za cijelo putovanje.<\/li>\n\n\n\n<li>Va\u017ee\u0107a viza, tranzitna viza ili eTA (ako postoji).<\/li>\n\n\n\n<li>Za stalne stanovnike SAD-a: va\u017ee\u0107a zelena karta ili ekvivalentan dokaz statusa.<\/li>\n\n\n\n<li>Dokaz o daljnjem putovanju, kao \u0161to su zrakoplovne karte ili plan puta.<\/li>\n<\/ul>\n\n<hr class=\"wp-block-separator has-alpha-channel-opacity\"\/>\n\n<h3 class=\"wp-block-heading\"><strong>Klju\u010dne napomene<\/strong><\/h3>\n\n<ul class=\"wp-block-list\">\n<li><strong>Trajanje tranzita<\/strong> : Ako va\u0161 tranzit traje du\u017ee od 48 sati, trebat \u0107e vam posjetiteljska viza.<\/li>\n\n\n\n<li><strong>Na\u010din ulaska<\/strong> : eTA je potrebna za putovanje zrakoplovom, ali ne i za putovanje kopnom ili morem.<\/li>\n\n\n\n<li><strong>Prijava unaprijed<\/strong> : podnesite zahtjev za tra\u017eeni dokument dosta prije datuma putovanja kako biste izbjegli ka\u0161njenja.<\/li>\n<\/ul>\n\n<p>Ako osigurate ispravnu dokumentaciju, mo\u017eete nesmetano prolaziti kroz Kanadu i usredoto\u010diti se na dolazak do svog kona\u010dnog odredi\u0161ta.<\/p>\n","protected":false},"excerpt":{"rendered":"<p>Ako putujete u drugu zemlju i trebate pro\u0107i kroz Kanadu, zahtjevi za dokumentima ovisit \u0107e o nekoliko \u010dimbenika, uklju\u010duju\u0107i na\u010din [&hellip;]<\/p>\n","protected":false},"author":1,"featured_media":0,"parent":0,"menu_order":0,"comment_status":"closed","ping_status":"closed","template":"","meta":{"_uag_custom_page_level_css":"","site-sidebar-layout":"default","site-content-layout":"","ast-site-content-layout":"","site-content-style":"default","site-sidebar-style":"default","ast-global-header-display":"","ast-banner-title-visibility":"","ast-main-header-display":"","ast-hfb-above-header-display":"","ast-hfb-below-header-display":"","ast-hfb-mobile-header-display":"","site-post-title":"","ast-breadcrumbs-content":"","ast-featured-img":"","footer-sml-layout":"","theme-transparent-header-meta":"","adv-header-id-meta":"","stick-header-meta":"","header-above-stick-meta":"","header-main-stick-meta":"","header-below-stick-meta":"","astra-migrate-meta-layouts":"default","ast-page-background-enabled":"default","ast-page-background-meta":{"desktop":{"background-color":"var(--ast-global-color-4)","background-image":"","background-repeat":"repeat","background-position":"center center","background-size":"auto","background-attachment":"scroll","background-type":"","background-media":"","overlay-type":"","overlay-color":"","overlay-opacity":"","overlay-gradient":""},"tablet":{"background-color":"","background-image":"","background-repeat":"repeat","background-position":"center center","background-size":"auto","background-attachment":"scroll","background-type":"","background-media":"","overlay-type":"","overlay-color":"","overlay-opacity":"","overlay-gradient":""},"mobile":{"background-color":"","background-image":"","background-repeat":"repeat","background-position":"center center","background-size":"auto","background-attachment":"scroll","background-type":"","background-media":"","overlay-type":"","overlay-color":"","overlay-opacity":"","overlay-gradient":""}},"ast-content-background-meta":{"desktop":{"background-color":"var(--ast-global-color-5)","background-image":"","background-repeat":"repeat","background-position":"center center","background-size":"auto","background-attachment":"scroll","background-type":"","background-media":"","overlay-type":"","overlay-color":"","overlay-opacity":"","overlay-gradient":""},"tablet":{"background-color":"var(--ast-global-color-5)","background-image":"","background-repeat":"repeat","background-position":"center center","background-size":"auto","background-attachment":"scroll","background-type":"","background-media":"","overlay-type":"","overlay-color":"","overlay-opacity":"","overlay-gradient":""},"mobile":{"background-color":"var(--ast-global-color-5)","background-image":"","background-repeat":"repeat","background-position":"center center","background-size":"auto","background-attachment":"scroll","background-type":"","background-media":"","overlay-type":"","overlay-color":"","overlay-opacity":"","overlay-gradient":""}},"footnotes":""},"categories":[],"tags":[],"class_list":["post-963","page","type-page","status-publish","hentry"],"uagb_featured_image_src":{"full":false,"thumbnail":false,"medium":false,"medium_large":false,"large":false,"1536x1536":false,"2048x2048":false},"uagb_author_info":{"display_name":"admin","author_link":"https:\/\/www.etafast.org\/hr\/author\/admin\/"},"uagb_comment_info":0,"uagb_excerpt":"Ako putujete u drugu zemlju i trebate pro\u0107i kroz Kanadu, zahtjevi za dokumentima ovisit \u0107e o nekoliko \u010dimbenika, uklju\u010duju\u0107i na\u010din [&hellip;]","_links":{"self":[{"href":"https:\/\/www.etafast.org\/hr\/wp-json\/wp\/v2\/pages\/963","targetHints":{"allow":["GET"]}}],"collection":[{"href":"https:\/\/www.etafast.org\/hr\/wp-json\/wp\/v2\/pages"}],"about":[{"href":"https:\/\/www.etafast.org\/hr\/wp-json\/wp\/v2\/types\/page"}],"author":[{"embeddable":true,"href":"https:\/\/www.etafast.org\/hr\/wp-json\/wp\/v2\/users\/1"}],"replies":[{"embeddable":true,"href":"https:\/\/www.etafast.org\/hr\/wp-json\/wp\/v2\/comments?post=963"}],"version-history":[{"count":1,"href":"https:\/\/www.etafast.org\/hr\/wp-json\/wp\/v2\/pages\/963\/revisions"}],"predecessor-version":[{"id":964,"href":"https:\/\/www.etafast.org\/hr\/wp-json\/wp\/v2\/pages\/963\/revisions\/964"}],"wp:attachment":[{"href":"https:\/\/www.etafast.org\/hr\/wp-json\/wp\/v2\/media?parent=963"}],"wp:term":[{"taxonomy":"category","embeddable":true,"href":"https:\/\/www.etafast.org\/hr\/wp-json\/wp\/v2\/categories?post=963"},{"taxonomy":"post_tag","embeddable":true,"href":"https:\/\/www.etafast.org\/hr\/wp-json\/wp\/v2\/tags?post=963"}],"curies":[{"name":"wp","href":"https:\/\/api.w.org\/{rel}","templated":true}]}}