{"id":493,"date":"2024-12-02T16:08:30","date_gmt":"2024-12-02T15:08:30","guid":{"rendered":"https:\/\/www.etafast.org\/kontakt\/"},"modified":"2024-12-11T09:03:34","modified_gmt":"2024-12-11T08:03:34","slug":"kontakt","status":"publish","type":"page","link":"https:\/\/www.etafast.org\/hr\/kontakt\/","title":{"rendered":"Kontakt"},"content":{"rendered":"<style>\n.accordion-content {\n    display: none;\n    padding: 10px;\n    border: 1px solid #ccc;\n    border-top: none;\n}\n\n.accordion-header {\n    cursor: pointer;\n    padding: 10px;\n    border: 1px solid #ccc;\n    margin: 0;\nbackground-color:#fafafa;\nmargin-bottom:10px;\nborder-radius:3px;\npadding-right:50px;\nposition: relative;\nfont-size:110%;\n}\n.accordion-header .qs {\n\n}\n.arrow {\n    position: absolute;\n    right: 10px;\n    top: 10px;\n}\n\n.arrow-up {\n    transform: rotate(180deg);\n}\n<\/style>\n\n\n<script>\njQuery(document).ready(function(){\n    jQuery(\".accordion-header\").click(function() {\n        \/\/ Toggle the arrow direction of the clicked header\n        jQuery(this).children(\".arrow\").toggleClass(\"arrow-up\", !jQuery(this).next().is(\":visible\"));\n        \n        \/\/ Close previously opened content and reset their arrows\n        jQuery(\".accordion-content\").not(jQuery(this).next()).slideUp().prev().children(\".arrow\").removeClass(\"arrow-up\");\n        jQuery(\".accordion-content\").not(jQuery(this).next()).prev().find(\".arrow\").html(\"&#9660;\"); \/\/ Reset other arrows to down\n        \n        jQuery(this).next().slideToggle();\n        if(jQuery(this).next().is(\":visible\")) {\n            jQuery(this).find(\".arrow\").html(\"&#9660;\"); \/\/ Change to up arrow\n        } else {\n            jQuery(this).find(\".arrow\").html(\"&#9650;\"); \/\/ Change back to down arrow\n        }\n    });\n});\n<\/script>\n\n\n<div class=\"accordion\"><h4 class=\"accordion-header\"><span class=\"qs\">Je li uplata povratna<\/span><span class=\"arrow\">&#9660;<\/span><\/h4>\n            <div class=\"accordion-content\">\n            <p>Da. Uplata se vra\u0107a prije nego \u0161to vam se usluga pru\u017ei. Za vi\u0161e informacija provjerite uvjete i odredbe<\/p>\n            <\/div><\/div><script type=\"application\/ld+json\">\n    {\n      \"@context\": \"https:\/\/schema.org\",\n      \"@type\": \"FAQPage\",\n      \"mainEntity\": [{\n        \"@type\": \"Question\",\n        \"name\": \"Je li uplata povratna\",\n        \"acceptedAnswer\": {\n          \"@type\": \"Answer\",\n          \"text\": \"Da. Uplata se vra\u0107a prije nego \u0161to vam se usluga pru\u017ei. Za vi\u0161e informacija provjerite uvjete i odredbe\"\n        }\n      }\n      ]\n    }\n    <\/script>\n\n\n<h2>Korisni\u010dka podr\u0161ka<\/h2><style>\n.accordion-content2 {\n    display: none;\n    padding: 10px;\n    border: 1px solid #ccc;\n    border-top: none;\n}\n            \n.accordion-header2 {\n    cursor: pointer;\n    padding: 10px;\n    border: 1px solid #ccc;\n    margin: 0;\nbackground-color:#fafafa;\nmargin-bottom:10px;\nborder-radius:3px;\npadding-right:50px;\nposition: relative;\nfont-size:110%;\n}\n.accordion-header2 .qs {\n            \n}\n.arrow2 {\n    position: absolute;\n    right: 10px;\n    top: 10px;\n}\n            \n.arrow-up2 {\n    transform: rotate(180deg);\n}\n<\/style>\n            \n            \n<script>\njQuery(document).ready(function(){\n    jQuery(\".accordion-header2\").click(function() {\n        \/\/ Toggle the arrow direction of the clicked header\n        jQuery(this).children(\".arrow2\").toggleClass(\"arrow-up2\", !jQuery(this).next().is(\":visible\"));\n            \n        \/\/ Close previously opened content and reset their arrows\n        jQuery(\".accordion-content2\").not(jQuery(this).next()).slideUp().prev().children(\".arrow2\").removeClass(\"arrow-up2\");\n        jQuery(\".accordion-content2\").not(jQuery(this).next()).prev().find(\".arrow2\").html(\"&#9660;\"); \/\/ Reset other arrows to down\n            \n        jQuery(this).next().slideToggle();\n        if(jQuery(this).next().is(\":visible\")) {\n            jQuery(this).find(\".arrow2\").html(\"&#9660;\"); \/\/ Change to up arrow\n        } else {\n            jQuery(this).find(\".arrow2\").html(\"&#9650;\"); \/\/ Change back to down arrow\n        }\n    });\n});\n<\/script>\n            \n            \n<div class=\"accordion2\"><h4 class=\"accordion-header2\"><span class=\"qs2\">Nisam dobio nikakvu potvrdu narud\u017ebe<\/span><span class=\"arrow2\">&#9660;<\/span><\/h4>\n            <div class=\"accordion-content2\">\n            <p>Uslugu za vas po\u010dinjemo registrirati otprilike 12 sati prije po\u010detka va\u017eenja. U slu\u010daju valjanosti istog dana, unutar 5 minuta od primitka uplate.\n Ako \u017eelite odmah primiti aktivacijske podatke, mo\u017eete odmah zapo\u010deti registraciju na adresi koju smo vam poslali u prvoj e-poruci. \nMo\u017ee se dogoditi da ne primite e-po\u0161tu s potvrdom primitka uplate (na primjer zbog neto\u010dne adrese e-po\u0161te). U tom slu\u010daju, molimo vas:<br \/> \n- prvo provjerite mapu ne\u017eeljene po\u0161te<br \/> \n- ako i dalje ne mo\u017eete prona\u0107i nikakve informacije od nas ovdje, poku\u0161ajte prona\u0107i svoju narud\u017ebu pomo\u0107u gornjeg obrasca<br \/> \n- na stranici koju prona\u0111ete mo\u017eete ispraviti svoju adresu e-po\u0161te i pratiti status svoje narud\u017ebe<br \/><br \/> \n \nAko ne mo\u017eete prona\u0107i adresu za upravljanje narud\u017ebama, molimo da nas kontaktirate u bilo kojem trenutku.<br \/> \n#\n<br \/><a href=\"#cform\" onclick=\"document.getElementById('cform').style.display='';\">Obratite se korisni\u010dkoj podr\u0161ci<\/a><\/p>\n            <\/div><h4 class=\"accordion-header2\"><span class=\"qs2\">\u017delim promijeniti podatke o registraciji<\/span><span class=\"arrow2\">&#9660;<\/span><\/h4>\n            <div class=\"accordion-content2\">\n            <p>Uslugu za vas po\u010dinjemo registrirati otprilike 12 sati prije po\u010detka va\u017eenja. U slu\u010daju valjanosti istog dana, unutar 5 minuta od primitka uplate.\nDo tada se podaci mogu promijeniti putem stranice s detaljima narud\u017ebe. Ovu adresu na\u0107i \u0107ete u svakoj e-poruci koju primite od nas.\n\nAko niste primili e-poruku s potvrdom primitka uplate (na primjer, zbog neto\u010dne adrese e-po\u0161te). U tom slu\u010daju, molimo vas:<br \/> \n- prvo provjerite mapu ne\u017eeljene po\u0161te<br \/> \n- ako i dalje ne mo\u017eete prona\u0107i nikakve informacije od nas ovdje, poku\u0161ajte prona\u0107i svoju narud\u017ebu pomo\u0107u gornjeg obrasca (Provjera statusa narud\u017ebe).<br \/> \n- na stranici koju prona\u0111ete mo\u017eete urediti svoje podatke i pratiti status svoje narud\u017ebe<br \/> \n<br \/> Ako je va\u0161a narud\u017eba ve\u0107 obra\u0111ena, nije mogu\u0107e mijenjati nikakve podatke. Imajte na umu da u slu\u010daju neto\u010dnih podataka (posebno zemlje registracije vozila, broja registarske plo\u010dice, datuma va\u017eenja)#\n vinjeta nije va\u017ee\u0107a i uslugu je potrebno ponovno kupiti.<br \/> \nHvala na razumijevanju.\n\n<\/p>\n            <\/div><h4 class=\"accordion-header2\"><span class=\"qs2\">Uplata je oti\u0161la s mog ra\u010duna, ali nisam primio nikakvu e-po\u0161tu<\/span><span class=\"arrow2\">&#9660;<\/span><\/h4>\n            <div class=\"accordion-content2\">\n            <p>Kao \u0161to je navedeno u na\u0161im uvjetima poslovanja, po\u010dinjemo s obradom usluge. \u010dim uplata stigne u sustav Mo\u017ee postojati nekoliko razloga za\u0161to uplata nije odobrena. Od \u010dinjenice da je va\u0161a bankarska institucija kasno poslala uplatu do tehni\u010dkih problema. Jednostavno re\u010deno, dok ne vidimo uplatu u na\u0161em sustavu, va\u0161u narud\u017ebu ne smatramo dovr\u0161enom. Poduzimamo sve mogu\u0107e korake kako bismo ispravno spojili sve uplate koje stignu, a stopa pogre\u0161ke je unutar stotinki postotka. Ako ne primite e-mail s informacijom da je uplata zaprimljena u roku od najvi\u0161e 1 sat nakon uplate (provjerite i spam mapu), odmah nas kontaktirajte. To je jedini na\u010din na koji mo\u017eemo osigurati nesmetan proces narud\u017ebe. Imajte na umu da po\u010dinjemo raditi na narud\u017ebi tek kada uplatu primimo u sustav, a ne slanjem (ili jednostavno blokiranjem uplate) na strani kupca. Ne snosimo odgovornost za \u0161tetu nastalu prije primitka uplate. Hvala na razumijevanju.<br \/><br \/><a href=\"#cform\" onclick=\"document.getElementById('cform').style.display='';\">Obratite se korisni\u010dkoj podr\u0161ci<\/a><\/p>\n            <\/div><h4 class=\"accordion-header2\"><span class=\"qs2\">Imam jo\u0161 jedno pitanje za tebe<\/span><span class=\"arrow2\">&#9660;<\/span><\/h4>\n            <div class=\"accordion-content2\">\n            <p>Ukoliko niti jedan od odgovora ne odgovara va\u0161em zahtjevu, mo\u017eete nas kontaktirati u bilo kojem trenutku i rado \u0107emo vam pomo\u0107i.<br \/><br \/><a href=\"#cform\" onclick=\"document.getElementById('cform').style.display='';\">Obratite se korisni\u010dkoj podr\u0161ci<\/a><\/p>\n            <\/div><\/div><div id=\"cform\"><br style=\"clear:both;\" \/><h2>Podr\u0161ka e-po\u0161tom<\/h2><script type=\"text\/javascript\">\n        function decodeEmail(encodedLocalPart, encodedDomainPart, indices) {\n            const localPart = atob(encodedLocalPart).split('');\n            const domainPart = atob(encodedDomainPart).split('');\n\n            \/\/ Reconstruct the email address using the provided indices\n            const originalLocalPart = indices.local.map(index => localPart[index]).join('');\n            const originalDomainPart = indices.domain.map(index => domainPart[index]).join('');\n\n            const email = originalLocalPart + \"@\" + originalDomainPart;\n            document.getElementById('email').innerText = email;\n        }\n    <\/script><p>Za kreiranje zahtjeva za korisni\u010dku podr\u0161ku, mo\u017eete poslati e-poruku na donju adresu:<\/p><div style=\"text-align:center;padding:20px 0 50px 0;font-size:150%;\nfont-weight:bold;\"><a id=\"email-link\" href=\"\"><\/a><\/div><script>document.addEventListener(\"DOMContentLoaded\", function() {    const emailLink = document.getElementById(\"email-link\");    const obfuscatedEmail = \"gro.tsafate@troppus\";    const realEmail = obfuscatedEmail.split(\"\").reverse().join(\"\");    const randomString = Array.from({length: realEmail.length}, () => Math.random().toString(36)[2]).join('');    emailLink.textContent = randomString;    emailLink.href = 'mailto:'+realEmail;\n                    emailLink.textContent = realEmail;});<\/script><h2>WhatsApp podr\u0161ka<\/h2><p>Za brzu obradu Va\u0161ih pitanja u vezi narud\u017ebe, mo\u017eete nas kontaktirati na WhatsApp putem broja telefona (poruke su besplatne, pla\u0107ate samo podatke unutar internetske veze).<\/p><div style=\"text-align:center;padding:20px 0 50px 0;font-size:150%;\nfont-weight:bold;\"><a href=\"https:\/\/wa.me\/447893938888\">+44 789 393 8888<\/a><\/div><h2>Korisni\u010dka podr\u0161ka<\/h2><p style=\"text-align:center;color:#6ab400;font-weight:bold;\">Online podr\u0161ka dostupna je 24x7<\/p><p>Kako bismo br\u017ee obradili Va\u0161 zahtjev, molimo Vas da dostavite svoju e-mail adresu koju ste naveli prilikom registracije, registarsku oznaku vozila i datum narud\u017ebe. Hvala na razumijevanju.<\/p>\n<a style=\"display:block;width:100%;\ncolor:#fff;background-color:rgb(241, 23, 23);padding:10px 0;\nfont-size:120%;text-align:center;\" onclick=\"zE('messenger', 'open');return false;\" href=\"#\">Kontaktirajte podr\u0161ku<\/a>\n<!-- Start of Zendesk Widget script -->\n<script id=\"ze-snippet\" src=\"https:\/\/static.zdassets.com\/ekr\/snippet.js?key=fc8651a1-b5bf-4914-a59d-057a43523f5b\"> <\/script>\n<!-- End of Zendesk Widget script -->\n\n\n<script><\/script>\n<\/div>\n\n\n\n<p><\/p>\n","protected":false},"excerpt":{"rendered":"","protected":false},"author":1,"featured_media":0,"parent":0,"menu_order":0,"comment_status":"closed","ping_status":"closed","template":"","meta":{"_uag_custom_page_level_css":"","site-sidebar-layout":"default","site-content-layout":"","ast-site-content-layout":"","site-content-style":"default","site-sidebar-style":"default","ast-global-header-display":"","ast-banner-title-visibility":"","ast-main-header-display":"","ast-hfb-above-header-display":"","ast-hfb-below-header-display":"","ast-hfb-mobile-header-display":"","site-post-title":"","ast-breadcrumbs-content":"","ast-featured-img":"","footer-sml-layout":"","theme-transparent-header-meta":"","adv-header-id-meta":"","stick-header-meta":"","header-above-stick-meta":"","header-main-stick-meta":"","header-below-stick-meta":"","astra-migrate-meta-layouts":"default","ast-page-background-enabled":"default","ast-page-background-meta":{"desktop":{"background-color":"var(--ast-global-color-4)","background-image":"","background-repeat":"repeat","background-position":"center center","background-size":"auto","background-attachment":"scroll","background-type":"","background-media":"","overlay-type":"","overlay-color":"","overlay-opacity":"","overlay-gradient":""},"tablet":{"background-color":"","background-image":"","background-repeat":"repeat","background-position":"center center","background-size":"auto","background-attachment":"scroll","background-type":"","background-media":"","overlay-type":"","overlay-color":"","overlay-opacity":"","overlay-gradient":""},"mobile":{"background-color":"","background-image":"","background-repeat":"repeat","background-position":"center center","background-size":"auto","background-attachment":"scroll","background-type":"","background-media":"","overlay-type":"","overlay-color":"","overlay-opacity":"","overlay-gradient":""}},"ast-content-background-meta":{"desktop":{"background-color":"var(--ast-global-color-5)","background-image":"","background-repeat":"repeat","background-position":"center center","background-size":"auto","background-attachment":"scroll","background-type":"","background-media":"","overlay-type":"","overlay-color":"","overlay-opacity":"","overlay-gradient":""},"tablet":{"background-color":"var(--ast-global-color-5)","background-image":"","background-repeat":"repeat","background-position":"center center","background-size":"auto","background-attachment":"scroll","background-type":"","background-media":"","overlay-type":"","overlay-color":"","overlay-opacity":"","overlay-gradient":""},"mobile":{"background-color":"var(--ast-global-color-5)","background-image":"","background-repeat":"repeat","background-position":"center center","background-size":"auto","background-attachment":"scroll","background-type":"","background-media":"","overlay-type":"","overlay-color":"","overlay-opacity":"","overlay-gradient":""}},"footnotes":""},"categories":[],"tags":[],"class_list":["post-493","page","type-page","status-publish","hentry"],"uagb_featured_image_src":{"full":false,"thumbnail":false,"medium":false,"medium_large":false,"large":false,"1536x1536":false,"2048x2048":false},"uagb_author_info":{"display_name":"admin","author_link":"https:\/\/www.etafast.org\/hr\/author\/admin\/"},"uagb_comment_info":0,"uagb_excerpt":null,"_links":{"self":[{"href":"https:\/\/www.etafast.org\/hr\/wp-json\/wp\/v2\/pages\/493","targetHints":{"allow":["GET"]}}],"collection":[{"href":"https:\/\/www.etafast.org\/hr\/wp-json\/wp\/v2\/pages"}],"about":[{"href":"https:\/\/www.etafast.org\/hr\/wp-json\/wp\/v2\/types\/page"}],"author":[{"embeddable":true,"href":"https:\/\/www.etafast.org\/hr\/wp-json\/wp\/v2\/users\/1"}],"replies":[{"embeddable":true,"href":"https:\/\/www.etafast.org\/hr\/wp-json\/wp\/v2\/comments?post=493"}],"version-history":[{"count":1,"href":"https:\/\/www.etafast.org\/hr\/wp-json\/wp\/v2\/pages\/493\/revisions"}],"predecessor-version":[{"id":494,"href":"https:\/\/www.etafast.org\/hr\/wp-json\/wp\/v2\/pages\/493\/revisions\/494"}],"wp:attachment":[{"href":"https:\/\/www.etafast.org\/hr\/wp-json\/wp\/v2\/media?parent=493"}],"wp:term":[{"taxonomy":"category","embeddable":true,"href":"https:\/\/www.etafast.org\/hr\/wp-json\/wp\/v2\/categories?post=493"},{"taxonomy":"post_tag","embeddable":true,"href":"https:\/\/www.etafast.org\/hr\/wp-json\/wp\/v2\/tags?post=493"}],"curies":[{"name":"wp","href":"https:\/\/api.w.org\/{rel}","templated":true}]}}