{"id":299,"date":"2024-12-11T08:24:00","date_gmt":"2024-12-11T07:24:00","guid":{"rendered":"https:\/\/www.etafast.org\/o-procesu\/"},"modified":"2024-12-11T09:02:14","modified_gmt":"2024-12-11T08:02:14","slug":"o-procesu","status":"publish","type":"page","link":"https:\/\/www.etafast.org\/hr\/o-procesu\/","title":{"rendered":"O procesu"},"content":{"rendered":"\n<h3 class=\"wp-block-heading\">O postupku elektroni\u010dke autorizacije putovanja (eTA).<\/h3>\n\n<p>Elektroni\u010dka autorizacija putovanja (eTA) uvjet je za ulazak stranih dr\u017eavljana oslobo\u0111enih vize koji putuju u Kanadu ili prolaze kroz Kanadu zra\u010dnim putem. To je brz i jednostavan mre\u017eni postupak osmi\u0161ljen kako bi pobolj\u0161ao sigurnost granice, a istodobno osigurao nesmetano putovanje osobama koje ispunjavaju uvjete. <\/p>\n\n<h4 class=\"wp-block-heading\">\u0160to je eTA?<\/h4>\n\n<p>eTA je elektroni\u010dki povezana autorizacija putovanja povezana s va\u0161om putovnicom. Vrijedi do pet godina ili do isteka putovnice, \u0161to god nastupi prije. eTA vam omogu\u0107uje da posjetite Kanadu na kratke boravke (obi\u010dno do \u0161est mjeseci) u turisti\u010dke, poslovne ili tranzitne svrhe.  <\/p>\n\n<h4 class=\"wp-block-heading\">Klju\u010dne to\u010dke koje treba znati o eTA procesu:<\/h4>\n\n<ol class=\"wp-block-list\">\n<li><strong>Jednostavna online prijava<\/strong> :<br\/> Proces prijave za eTA provodi se u potpunosti online. Nema potrebe za papirologijom ili osobnim posjetima, \u0161to ga \u010dini prikladnom opcijom za putnike. <\/li>\n\n\n\n<li><strong>Pristupa\u010dna naknada<\/strong> :<br\/> Podno\u0161enje zahtjeva za eTA ko\u0161ta samo 7 kanadskih dolara. Ova se naknada pla\u0107a online tijekom postupka prijave. <\/li>\n\n\n\n<li><strong>Brza obrada<\/strong> :<br\/> Ve\u0107ina eTA prijava odobrena je u roku od nekoliko minuta. Me\u0111utim, neke prijave mogu potrajati dulje ako su potrebni dodatni dokumenti. U takvim \u0107e slu\u010dajevima podnositelji zahtjeva dobiti upute e-po\u0161tom u roku od 72 sata.  <\/li>\n\n\n\n<li><strong>Zahtjevi prihvatljivosti<\/strong> :\n<ul class=\"wp-block-list\">\n<li>Strani dr\u017eavljani oslobo\u0111eni vize koji lete u Kanadu ili prolaze kroz Kanadu trebaju eTA.<\/li>\n\n\n\n<li>Odre\u0111eni putnici iz zemalja za koje je potrebna viza tako\u0111er se mogu kvalificirati za eTA ako ispunjavaju odre\u0111ene kriterije, kao \u0161to je posjedovanje va\u017ee\u0107e ameri\u010dke neuseljeni\u010dke vize ili posjedovanje kanadske posjetiteljske vize u posljednjih 10 godina.<\/li>\n\n\n\n<li>Putnici koji dolaze automobilom, autobusom, vlakom ili brodom, uklju\u010duju\u0107i brodove za krstarenje, trebaju posjetiteljsku vizu umjesto eTA-e.<\/li>\n<\/ul>\n<\/li>\n\n\n\n<li><strong>Ograni\u010denja putovanja<\/strong> :\n<ul class=\"wp-block-list\">\n<li>eTA vam ne dopu\u0161ta da radite ili studirate u Kanadi. Ako planirate raditi ili studirati, morate podnijeti zahtjev za odgovaraju\u0107e dozvole. <\/li>\n\n\n\n<li>eTA ne jam\u010di ulazak u Kanadu. Grani\u010dni slu\u017ebenici procijenit \u0107e va\u0161u podobnost po dolasku. <\/li>\n<\/ul>\n<\/li>\n\n\n\n<li><strong>Valjanost<\/strong> :<br\/> Nakon odobrenja, eTA je povezana s va\u0161om putovnicom i ostaje va\u017ee\u0107a za vi\u0161e ulazaka, pod uvjetom da je va\u0161a putovnica i dalje va\u017ee\u0107a. Uvijek putujte s istom putovnicom koju ste koristili za svoju eTA prijavu. <\/li>\n<\/ol>\n\n<h4 class=\"wp-block-heading\">Za\u0161titite se od prijevara<\/h4>\n\n<p>\u010cuvajte se la\u017enih web-mjesta ili pojedinaca koji obe\u0107avaju zajam\u010den ulazak, posao ili prilike za studiranje u Kanadi. Prijavite se samo putem slu\u017ebene web stranice Vlade Kanade i izbjegavajte dijeljenje osobnih podataka s neprovjerenim izvorima. La\u017eno predstavljanje ili prijevara mogu imati ozbiljne pravne posljedice.  <\/p>\n\n<h4 class=\"wp-block-heading\">Prije nego \u0161to se prijavite<\/h4>\n\n<ul class=\"wp-block-list\">\n<li>Provjerite imate li valjanu putovnicu, kreditnu ili debitnu karticu i adresu e-po\u0161te.<\/li>\n\n\n\n<li>Za smjernice pro\u010ditajte dokument pomo\u0107i za aplikaciju dostupan na vi\u0161e jezika.<\/li>\n\n\n\n<li>Prijavite se za eTA <strong>prije<\/strong> rezerviranja leta kako biste izbjegli ka\u0161njenja.<\/li>\n<\/ul>\n\n<p>Podno\u0161enje zahtjeva za eTA klju\u010dan je korak za kvalificirane putnike koji planiraju posjetiti Kanadu. Razumijevanjem procesa i pa\u017eljivom pripremom svoje prijave mo\u017eete osigurati glatko putovanje bez muke. <\/p>\n","protected":false},"excerpt":{"rendered":"<p>O postupku elektroni\u010dke autorizacije putovanja (eTA). Elektroni\u010dka autorizacija putovanja (eTA) uvjet je za ulazak stranih dr\u017eavljana oslobo\u0111enih vize koji putuju [&hellip;]<\/p>\n","protected":false},"author":1,"featured_media":0,"parent":0,"menu_order":0,"comment_status":"closed","ping_status":"closed","template":"","meta":{"_uag_custom_page_level_css":"","site-sidebar-layout":"default","site-content-layout":"","ast-site-content-layout":"","site-content-style":"default","site-sidebar-style":"default","ast-global-header-display":"","ast-banner-title-visibility":"","ast-main-header-display":"","ast-hfb-above-header-display":"","ast-hfb-below-header-display":"","ast-hfb-mobile-header-display":"","site-post-title":"","ast-breadcrumbs-content":"","ast-featured-img":"","footer-sml-layout":"","theme-transparent-header-meta":"","adv-header-id-meta":"","stick-header-meta":"","header-above-stick-meta":"","header-main-stick-meta":"","header-below-stick-meta":"","astra-migrate-meta-layouts":"default","ast-page-background-enabled":"default","ast-page-background-meta":{"desktop":{"background-color":"var(--ast-global-color-4)","background-image":"","background-repeat":"repeat","background-position":"center center","background-size":"auto","background-attachment":"scroll","background-type":"","background-media":"","overlay-type":"","overlay-color":"","overlay-opacity":"","overlay-gradient":""},"tablet":{"background-color":"","background-image":"","background-repeat":"repeat","background-position":"center center","background-size":"auto","background-attachment":"scroll","background-type":"","background-media":"","overlay-type":"","overlay-color":"","overlay-opacity":"","overlay-gradient":""},"mobile":{"background-color":"","background-image":"","background-repeat":"repeat","background-position":"center center","background-size":"auto","background-attachment":"scroll","background-type":"","background-media":"","overlay-type":"","overlay-color":"","overlay-opacity":"","overlay-gradient":""}},"ast-content-background-meta":{"desktop":{"background-color":"var(--ast-global-color-5)","background-image":"","background-repeat":"repeat","background-position":"center center","background-size":"auto","background-attachment":"scroll","background-type":"","background-media":"","overlay-type":"","overlay-color":"","overlay-opacity":"","overlay-gradient":""},"tablet":{"background-color":"var(--ast-global-color-5)","background-image":"","background-repeat":"repeat","background-position":"center center","background-size":"auto","background-attachment":"scroll","background-type":"","background-media":"","overlay-type":"","overlay-color":"","overlay-opacity":"","overlay-gradient":""},"mobile":{"background-color":"var(--ast-global-color-5)","background-image":"","background-repeat":"repeat","background-position":"center center","background-size":"auto","background-attachment":"scroll","background-type":"","background-media":"","overlay-type":"","overlay-color":"","overlay-opacity":"","overlay-gradient":""}},"footnotes":""},"categories":[],"tags":[],"class_list":["post-299","page","type-page","status-publish","hentry"],"uagb_featured_image_src":{"full":false,"thumbnail":false,"medium":false,"medium_large":false,"large":false,"1536x1536":false,"2048x2048":false},"uagb_author_info":{"display_name":"admin","author_link":"https:\/\/www.etafast.org\/hr\/author\/admin\/"},"uagb_comment_info":0,"uagb_excerpt":"O postupku elektroni\u010dke autorizacije putovanja (eTA). Elektroni\u010dka autorizacija putovanja (eTA) uvjet je za ulazak stranih dr\u017eavljana oslobo\u0111enih vize koji putuju [&hellip;]","_links":{"self":[{"href":"https:\/\/www.etafast.org\/hr\/wp-json\/wp\/v2\/pages\/299","targetHints":{"allow":["GET"]}}],"collection":[{"href":"https:\/\/www.etafast.org\/hr\/wp-json\/wp\/v2\/pages"}],"about":[{"href":"https:\/\/www.etafast.org\/hr\/wp-json\/wp\/v2\/types\/page"}],"author":[{"embeddable":true,"href":"https:\/\/www.etafast.org\/hr\/wp-json\/wp\/v2\/users\/1"}],"replies":[{"embeddable":true,"href":"https:\/\/www.etafast.org\/hr\/wp-json\/wp\/v2\/comments?post=299"}],"version-history":[{"count":1,"href":"https:\/\/www.etafast.org\/hr\/wp-json\/wp\/v2\/pages\/299\/revisions"}],"predecessor-version":[{"id":300,"href":"https:\/\/www.etafast.org\/hr\/wp-json\/wp\/v2\/pages\/299\/revisions\/300"}],"wp:attachment":[{"href":"https:\/\/www.etafast.org\/hr\/wp-json\/wp\/v2\/media?parent=299"}],"wp:term":[{"taxonomy":"category","embeddable":true,"href":"https:\/\/www.etafast.org\/hr\/wp-json\/wp\/v2\/categories?post=299"},{"taxonomy":"post_tag","embeddable":true,"href":"https:\/\/www.etafast.org\/hr\/wp-json\/wp\/v2\/tags?post=299"}],"curies":[{"name":"wp","href":"https:\/\/api.w.org\/{rel}","templated":true}]}}