{"id":1551,"date":"2024-12-11T08:24:51","date_gmt":"2024-12-11T07:24:51","guid":{"rendered":"https:\/\/www.etafast.org\/tko-se-moze-prijaviti\/"},"modified":"2024-12-11T09:16:32","modified_gmt":"2024-12-11T08:16:32","slug":"tko-se-moze-prijaviti","status":"publish","type":"page","link":"https:\/\/www.etafast.org\/hr\/tko-se-moze-prijaviti\/","title":{"rendered":"Tko se mo\u017ee prijaviti"},"content":{"rendered":"\n<h3 class=\"wp-block-heading\">Tko se mo\u017ee prijaviti za elektroni\u010dku autorizaciju putovanja (eTA)<\/h3>\n\n<p>Elektroni\u010dka autorizacija putovanja (eTA) uvjet je putovanja za odre\u0111ene pojedince koji putuju u Kanadu ili prolaze kroz Kanadu zra\u010dnim putem. Evo detaljne analize tko ispunjava uvjete za prijavu: <\/p>\n\n<h4 class=\"wp-block-heading\"><strong>Kriteriji prihvatljivosti za eTA<\/strong><\/h4>\n\n<p>Mo\u017eete se prijaviti za eTA ako ispunjavate <strong>sva tri sljede\u0107a zahtjeva<\/strong> :<\/p>\n\n<ol class=\"wp-block-list\">\n<li><strong>Pro\u0161la povijest putovanja<\/strong> :<ul><li>Imali ste kanadsku posjetiteljsku vizu (vizu za privremeni boravak) u zadnjih 10 godina, ILI<\/li><li>Trenuta\u010dno imate va\u017ee\u0107u neuseljeni\u010dku vizu Sjedinjenih Dr\u017eava (SAD).<\/li><\/ul><em>(Va\u0161a ameri\u010dka neuseljeni\u010dka viza mora biti va\u017ee\u0107a na dan kada podnesete zahtjev za eTA, ali ne mora ostati va\u017ee\u0107a za va\u0161e putovanje u Kanadu.)<\/em><\/li>\n\n\n\n<li><strong>Svrha putovanja<\/strong> :\n<ul class=\"wp-block-list\">\n<li>Dolazite u Kanadu na <strong>privremeni boravak<\/strong> , obi\u010dno do \u0161est mjeseci.<\/li>\n<\/ul>\n<\/li>\n\n\n\n<li><strong>Na\u010din putovanja<\/strong> :\n<ul class=\"wp-block-list\">\n<li>Letite u kanadsku zra\u010dnu luku ili prolazite kroz nju s va\u017ee\u0107om putovnicom jedne od <strong>zemalja za koje je potrebna viza<\/strong> .<\/li>\n<\/ul>\n<\/li>\n<\/ol>\n\n<h4 class=\"wp-block-heading\"><strong>Prihvatljive zemlje za koje je potrebna viza<\/strong><\/h4>\n\n<p>Dr\u017eavljani sljede\u0107ih zemalja mogu se prijaviti za eTA ako ispunjavaju gore navedene kriterije:<\/p>\n\n<ul class=\"wp-block-list\">\n<li>Antigva i Barbuda<\/li>\n\n\n\n<li>Argentina<\/li>\n\n\n\n<li>Brazil<\/li>\n\n\n\n<li>Kostarika<\/li>\n\n\n\n<li>Meksiko<\/li>\n\n\n\n<li>Maroko<\/li>\n\n\n\n<li>Panama<\/li>\n\n\n\n<li>Filipini<\/li>\n\n\n\n<li>Sveti Kristofor i Nevis<\/li>\n\n\n\n<li>Sveta Lucija<\/li>\n\n\n\n<li>Sveti Vincent i Grenadini<\/li>\n\n\n\n<li>Sej\u0161eli<\/li>\n\n\n\n<li>Tajland<\/li>\n\n\n\n<li>Trinidad i Tobago<\/li>\n\n\n\n<li>Urugvaj<\/li>\n<\/ul>\n\n<p>Ako ne ispunjavate sve ove uvjete, morat \u0107ete podnijeti zahtjev za posjetiteljsku vizu (vizu za privremeni boravak).<\/p>\n\n<hr class=\"wp-block-separator has-alpha-channel-opacity\"\/>\n\n<h3 class=\"wp-block-heading\"><strong>Kome NE treba eTA?<\/strong><\/h3>\n\n<ul class=\"wp-block-list\">\n<li><strong>Dr\u017eavljani SAD-a<\/strong> :<br\/> Dr\u017eavljani SAD-a izuzeti su od zahtjeva eTA. Trebaju samo predo\u010diti va\u017ee\u0107u ameri\u010dku putovnicu. <\/li>\n\n\n\n<li><strong>Kanadski dr\u017eavljani (uklju\u010duju\u0107i osobe s dvojnim dr\u017eavljanstvom)<\/strong> :<br\/> Kanadski gra\u0111ani ne mogu podnijeti zahtjev za eTA. Moraju putovati s va\u017ee\u0107om kanadskom putovnicom. Dvojno dr\u017eavljanstvo tako\u0111er mora koristiti svoju kanadsku putovnicu kada leti u Kanadu.  <\/li>\n\n\n\n<li><strong>Stalni stanovnici Kanade<\/strong> :<br> Stalni stanovnici Kanade ne mogu se prijaviti za eTA. Umjesto toga, moraju putovati sa: \n<ul class=\"wp-block-list\">\n<li>Va\u017ee\u0107u iskaznicu stalnog boravka, ILI<\/li>\n\n\n\n<li>Putna isprava za stalni boravak.<\/li>\n<\/ul>\n<\/li>\n\n\n\n<li><strong>Zakoniti stalni stanovnici Sjedinjenih Dr\u017eava<\/strong> :<br> Od 26. travnja 2022. zakoniti stalni stanovnici SAD-a izuzeti su od zahtjeva eTA. Moraju nositi: \n<ul class=\"wp-block-list\">\n<li>Va\u017ee\u0107u putovnicu zemlje \u010diji su dr\u017eavljani, i<\/li>\n\n\n\n<li>Va\u017ee\u0107a zelena karta SAD-a ili ekvivalentan dokaz statusa.<\/li>\n<\/ul>\n<\/li>\n<\/ul>\n\n<hr class=\"wp-block-separator has-alpha-channel-opacity\"\/>\n\n<h3 class=\"wp-block-heading\"><strong>Scenariji putovanja i zahtjevi za dokumentima<\/strong><\/h3>\n\n<figure class=\"wp-block-table\"><table class=\"has-fixed-layout\"><thead><tr><th><strong>Kako putujete u Kanadu<\/strong><\/th><th><strong>Potrebni dokument(i)<\/strong><\/th><\/tr><\/thead><tbody><tr><td>Letite do kanadske zra\u010dne luke ili prolazite kroz njih i ispunjavate uvjete za eTA<\/td><td>eTA ili posjetiteljsku vizu<\/td><\/tr><tr><td>Letite do kanadske zra\u010dne luke ili prolazite kroz nju i NE ispunjavate uvjete za eTA<\/td><td>Posjetiteljska viza<\/td><\/tr><tr><td>Dolazak automobilom, autobusom, vlakom ili brodom (uklju\u010duju\u0107i brodove za krstarenje)<\/td><td>Posjetiteljska viza<\/td><\/tr><tr><td>Putovanje u Kanadu s va\u017ee\u0107om kanadskom vizom<\/td><td>Nije potrebna eTA \u2013 koristite vizu<\/td><\/tr><tr><td>Povratak u Kanadu nakon obnove radne ili studijske dozvole<\/td><td>eTA uz obnovu dozvole<\/td><\/tr><tr><td>Putovanje u Kanadu na posao ili studij na vi\u0161e od 6 mjeseci<\/td><td>Radna ili studijska dozvola (uklju\u010duje vizu)<\/td><\/tr><\/tbody><\/table><\/figure>\n\n<hr class=\"wp-block-separator has-alpha-channel-opacity\"\/>\n\n<h3 class=\"wp-block-heading\"><strong>Va\u017ena razmatranja<\/strong><\/h3>\n\n<ul class=\"wp-block-list\">\n<li><strong>Osnovni zahtjevi<\/strong> : Za ulazak u Kanadu morate zadovoljiti op\u0107e kriterije za ulazak, uklju\u010duju\u0107i va\u017ee\u0107e putne isprave, dobro zdravlje, financijsku potporu i jake veze s mati\u010dnom zemljom.<\/li>\n\n\n\n<li><strong>Neprihvatljivost<\/strong> : Pojedinci uklju\u010deni u kriminalne aktivnosti, sigurnosne prijetnje ili odre\u0111ena zdravstvena i financijska pitanja mogu se smatrati neprihvatljivima u Kanadu, \u010dak i s va\u017ee\u0107om eTA.<\/li>\n<\/ul>\n\n<p>eTA je osmi\u0161ljen kako bi pojedincima koji ispunjavaju uvjete pojednostavio putovanje zrakoplovom u Kanadu. Pa\u017eljivo pregledajte zahtjeve i prijavite se dosta prije planiranog putovanja. <\/p>\n","protected":false},"excerpt":{"rendered":"<p>Tko se mo\u017ee prijaviti za elektroni\u010dku autorizaciju putovanja (eTA) Elektroni\u010dka autorizacija putovanja (eTA) uvjet je putovanja za odre\u0111ene pojedince koji [&hellip;]<\/p>\n","protected":false},"author":1,"featured_media":0,"parent":0,"menu_order":0,"comment_status":"closed","ping_status":"closed","template":"","meta":{"_uag_custom_page_level_css":"","site-sidebar-layout":"default","site-content-layout":"","ast-site-content-layout":"","site-content-style":"default","site-sidebar-style":"default","ast-global-header-display":"","ast-banner-title-visibility":"","ast-main-header-display":"","ast-hfb-above-header-display":"","ast-hfb-below-header-display":"","ast-hfb-mobile-header-display":"","site-post-title":"","ast-breadcrumbs-content":"","ast-featured-img":"","footer-sml-layout":"","theme-transparent-header-meta":"","adv-header-id-meta":"","stick-header-meta":"","header-above-stick-meta":"","header-main-stick-meta":"","header-below-stick-meta":"","astra-migrate-meta-layouts":"default","ast-page-background-enabled":"default","ast-page-background-meta":{"desktop":{"background-color":"var(--ast-global-color-4)","background-image":"","background-repeat":"repeat","background-position":"center center","background-size":"auto","background-attachment":"scroll","background-type":"","background-media":"","overlay-type":"","overlay-color":"","overlay-opacity":"","overlay-gradient":""},"tablet":{"background-color":"","background-image":"","background-repeat":"repeat","background-position":"center center","background-size":"auto","background-attachment":"scroll","background-type":"","background-media":"","overlay-type":"","overlay-color":"","overlay-opacity":"","overlay-gradient":""},"mobile":{"background-color":"","background-image":"","background-repeat":"repeat","background-position":"center center","background-size":"auto","background-attachment":"scroll","background-type":"","background-media":"","overlay-type":"","overlay-color":"","overlay-opacity":"","overlay-gradient":""}},"ast-content-background-meta":{"desktop":{"background-color":"var(--ast-global-color-5)","background-image":"","background-repeat":"repeat","background-position":"center center","background-size":"auto","background-attachment":"scroll","background-type":"","background-media":"","overlay-type":"","overlay-color":"","overlay-opacity":"","overlay-gradient":""},"tablet":{"background-color":"var(--ast-global-color-5)","background-image":"","background-repeat":"repeat","background-position":"center center","background-size":"auto","background-attachment":"scroll","background-type":"","background-media":"","overlay-type":"","overlay-color":"","overlay-opacity":"","overlay-gradient":""},"mobile":{"background-color":"var(--ast-global-color-5)","background-image":"","background-repeat":"repeat","background-position":"center center","background-size":"auto","background-attachment":"scroll","background-type":"","background-media":"","overlay-type":"","overlay-color":"","overlay-opacity":"","overlay-gradient":""}},"footnotes":""},"categories":[],"tags":[],"class_list":["post-1551","page","type-page","status-publish","hentry"],"uagb_featured_image_src":{"full":false,"thumbnail":false,"medium":false,"medium_large":false,"large":false,"1536x1536":false,"2048x2048":false},"uagb_author_info":{"display_name":"admin","author_link":"https:\/\/www.etafast.org\/hr\/author\/admin\/"},"uagb_comment_info":0,"uagb_excerpt":"Tko se mo\u017ee prijaviti za elektroni\u010dku autorizaciju putovanja (eTA) Elektroni\u010dka autorizacija putovanja (eTA) uvjet je putovanja za odre\u0111ene pojedince koji [&hellip;]","_links":{"self":[{"href":"https:\/\/www.etafast.org\/hr\/wp-json\/wp\/v2\/pages\/1551","targetHints":{"allow":["GET"]}}],"collection":[{"href":"https:\/\/www.etafast.org\/hr\/wp-json\/wp\/v2\/pages"}],"about":[{"href":"https:\/\/www.etafast.org\/hr\/wp-json\/wp\/v2\/types\/page"}],"author":[{"embeddable":true,"href":"https:\/\/www.etafast.org\/hr\/wp-json\/wp\/v2\/users\/1"}],"replies":[{"embeddable":true,"href":"https:\/\/www.etafast.org\/hr\/wp-json\/wp\/v2\/comments?post=1551"}],"version-history":[{"count":1,"href":"https:\/\/www.etafast.org\/hr\/wp-json\/wp\/v2\/pages\/1551\/revisions"}],"predecessor-version":[{"id":1552,"href":"https:\/\/www.etafast.org\/hr\/wp-json\/wp\/v2\/pages\/1551\/revisions\/1552"}],"wp:attachment":[{"href":"https:\/\/www.etafast.org\/hr\/wp-json\/wp\/v2\/media?parent=1551"}],"wp:term":[{"taxonomy":"category","embeddable":true,"href":"https:\/\/www.etafast.org\/hr\/wp-json\/wp\/v2\/categories?post=1551"},{"taxonomy":"post_tag","embeddable":true,"href":"https:\/\/www.etafast.org\/hr\/wp-json\/wp\/v2\/tags?post=1551"}],"curies":[{"name":"wp","href":"https:\/\/api.w.org\/{rel}","templated":true}]}}