{"id":1449,"date":"2024-12-11T08:25:47","date_gmt":"2024-12-11T07:25:47","guid":{"rendered":"https:\/\/www.etafast.org\/trebate-visa\/"},"modified":"2024-12-11T09:14:44","modified_gmt":"2024-12-11T08:14:44","slug":"trebate-visa","status":"publish","type":"page","link":"https:\/\/www.etafast.org\/hr\/trebate-visa\/","title":{"rendered":"Trebate VISA?"},"content":{"rendered":"\n<h3 class=\"wp-block-heading\">Kako saznati trebate li vizu za putovanje u Kanadu<\/h3>\n\n<p>Kanada zahtijeva od putnika da imaju ili <strong>posjetiteljsku vizu<\/strong> ili <strong>elektroni\u010dku autorizaciju putovanja (eTA)<\/strong> za ulazak ili tranzit kroz zemlju, ovisno o njihovoj nacionalnosti i na\u010dinu putovanja. Evo kako mo\u017eete odrediti \u0161to vam je potrebno: <\/p>\n\n<hr class=\"wp-block-separator has-alpha-channel-opacity\"\/>\n\n<h3 class=\"wp-block-heading\"><strong>Korak 1: Provjerite svoju nacionalnost<\/strong><\/h3>\n\n<p>Vrsta putne isprave koja vam je potrebna ovisi prvenstveno o va\u0161em dr\u017eavljanstvu. Putnici spadaju u jednu od tri kategorije: <\/p>\n\n<ol class=\"wp-block-list\">\n<li><strong>Putnici oslobo\u0111eni vize (potrebna je eTA)<\/strong><br\/> Ako ste dr\u017eavljanin zemlje koja je izuzeta od vize, potrebna vam je eTA ako putujete u Kanadu ili prolazite kroz Kanadu zra\u010dnim putem. Primjeri zemalja izuzetih od viza uklju\u010duju: <ul><li>Australija<\/li><li>Njema\u010dka<\/li><li>Japan<\/li><li>Velika Britanija<\/li><li>Francuska<br\/> <em>(Ovo nije potpuni popis.)<\/em><\/li><\/ul><strong>Va\u017eno<\/strong> : Ako u Kanadu ulazite automobilom, autobusom, vlakom ili brodom, uklju\u010duju\u0107i krstarenje, NE trebate eTA ili posjetiteljsku vizu.<\/li>\n\n\n\n<li><strong>Putnici kojima je potrebna viza (potrebna je posjetiteljska viza)<\/strong><br> Dr\u017eavljani zemalja koje nisu na popisu izuzetih od viza trebaju posjetiteljsku vizu (poznatu i kao viza za privremeni boravak) za putovanje u Kanadu, bez obzira na na\u010din putovanja.<br> Primjeri zemalja kojima je potrebna viza uklju\u010duju:\n<ul class=\"wp-block-list\">\n<li>Indija<\/li>\n\n\n\n<li>Kina<\/li>\n\n\n\n<li>Pakistan<br\/> <em>(Ovo nije potpuni popis.)<\/em><\/li>\n<\/ul>\n<\/li>\n\n\n\n<li><strong>Putnici koji ispunjavaju uvjete i kojima je potrebna viza (mogu se kvalificirati za eTA)<\/strong><br> Ako ste iz zemlje za koju je potrebna viza, ali ispunjavate posebne uvjete, mo\u017eete podnijeti zahtjev za eTA umjesto vize. Ovi uvjeti uklju\u010duju: <ul><li>Posjedovanje va\u017ee\u0107e ameri\u010dke neuseljeni\u010dke vize, ILI<\/li><li>Posjedovanje kanadske posjetiteljske vize u posljednjih 10 godina.<\/li><\/ul>Zemlje koje ispunjavaju uvjete za ovu opciju uklju\u010duju:\n<ul class=\"wp-block-list\">\n<li>Brazil<\/li>\n\n\n\n<li>Meksiko<\/li>\n\n\n\n<li>Filipini<br\/> <em>(Ovo nije potpuni popis.)<\/em><\/li>\n<\/ul>\n<\/li>\n<\/ol>\n\n<hr class=\"wp-block-separator has-alpha-channel-opacity\"\/>\n\n<h3 class=\"wp-block-heading\"><strong>Korak 2: Razmotrite na\u010din putovanja<\/strong><\/h3>\n\n<p>Putna isprava koja vam je potrebna tako\u0111er ovisi o tome kako ulazite u Kanadu:<\/p>\n\n<figure class=\"wp-block-table\"><table class=\"has-fixed-layout\"><thead><tr><th><strong>Na\u010din putovanja<\/strong><\/th><th><strong>Zahtjev<\/strong><\/th><\/tr><\/thead><tbody><tr><td>Let do kanadske zra\u010dne luke ili tranzit kroz nju<\/td><td>eTA (za putnike oslobo\u0111ene vize) ili posjetiteljsku vizu<\/td><\/tr><tr><td>Ulazak automobilom, autobusom, vlakom ili brodom (uklju\u010duju\u0107i krstarenje)<\/td><td>Viza za posjetitelje (za putnike kojima je potrebna viza)<\/td><\/tr><tr><td>Putovanje s va\u017ee\u0107om kanadskom vizom<\/td><td>Nije potrebna eTA; koristiti svoju vizu<\/td><\/tr><\/tbody><\/table><\/figure>\n\n<hr class=\"wp-block-separator has-alpha-channel-opacity\"\/>\n\n<h3 class=\"wp-block-heading\"><strong>Korak 3: Iznimke od pravila<\/strong><\/h3>\n\n<ol class=\"wp-block-list\">\n<li><strong>Gra\u0111ani SAD-a<\/strong><br\/> Dr\u017eavljani SAD-a NE trebaju eTA ili posjetiteljsku vizu. Potrebna im je samo va\u017ee\u0107a ameri\u010dka putovnica. <\/li>\n\n\n\n<li><strong>Kanadski dr\u017eavljani (uklju\u010duju\u0107i osobe s dvojnim dr\u017eavljanstvom)<\/strong><br\/> Kanadski gra\u0111ani ne mogu podnijeti zahtjev za eTA ili vizu. Moraju putovati s va\u017ee\u0107om kanadskom putovnicom. <\/li>\n\n\n\n<li><strong>Kanadski stalni stanovnici<\/strong><br> Stalni stanovnici Kanade ne mogu se prijaviti za eTA. Oni moraju putovati sa: \n<ul class=\"wp-block-list\">\n<li>Va\u017ee\u0107u iskaznicu stalnog boravka, ILI<\/li>\n\n\n\n<li>Putna isprava za stalni boravak.<\/li>\n<\/ul>\n<\/li>\n\n\n\n<li><strong>Stalni stanovnici SAD-a<\/strong><br> Od 26. travnja 2022. zakoniti stalni stanovnici SAD-a ne trebaju eTA. Moraju nositi: \n<ul class=\"wp-block-list\">\n<li>Va\u017ee\u0107u putovnicu njihove nacionalnosti, I<\/li>\n\n\n\n<li>Va\u017ee\u0107a zelena karta ili ekvivalentan dokaz o statusu.<\/li>\n<\/ul>\n<\/li>\n<\/ol>\n\n<hr class=\"wp-block-separator has-alpha-channel-opacity\"\/>\n\n<h3 class=\"wp-block-heading\"><strong>Korak 4: Koristite alat Vlade Kanade<\/strong><\/h3>\n\n<p>Kako biste potvrdili trebate li vizu ili eTA, mo\u017eete upotrijebiti slu\u017ebeni <a>alat za putne isprave<\/a> Vlade Kanade. Jednostavno unesite svoju nacionalnost, na\u010din putovanja i svrhu posjeta kako biste dobili personalizirane rezultate. <\/p>\n\n<hr class=\"wp-block-separator has-alpha-channel-opacity\"\/>\n\n<h3 class=\"wp-block-heading\"><strong>Zavr\u0161ne bilje\u0161ke<\/strong><\/h3>\n\n<ul class=\"wp-block-list\">\n<li>Provjerite jeste li podnijeli zahtjev za ispravan dokument puno prije datuma putovanja.<\/li>\n\n\n\n<li>Posjedovanje vize ili eTA ne jam\u010di ulazak u Kanadu. Morate uvjeriti slu\u017ebenika grani\u010dne slu\u017ebe da ispunjavate sve uvjete za ulazak. <\/li>\n<\/ul>\n\n<p><\/p>\n","protected":false},"excerpt":{"rendered":"<p>Kako saznati trebate li vizu za putovanje u Kanadu Kanada zahtijeva od putnika da imaju ili posjetiteljsku vizu ili elektroni\u010dku [&hellip;]<\/p>\n","protected":false},"author":1,"featured_media":0,"parent":0,"menu_order":0,"comment_status":"closed","ping_status":"closed","template":"","meta":{"_uag_custom_page_level_css":"","site-sidebar-layout":"default","site-content-layout":"","ast-site-content-layout":"","site-content-style":"default","site-sidebar-style":"default","ast-global-header-display":"","ast-banner-title-visibility":"","ast-main-header-display":"","ast-hfb-above-header-display":"","ast-hfb-below-header-display":"","ast-hfb-mobile-header-display":"","site-post-title":"","ast-breadcrumbs-content":"","ast-featured-img":"","footer-sml-layout":"","theme-transparent-header-meta":"","adv-header-id-meta":"","stick-header-meta":"","header-above-stick-meta":"","header-main-stick-meta":"","header-below-stick-meta":"","astra-migrate-meta-layouts":"default","ast-page-background-enabled":"default","ast-page-background-meta":{"desktop":{"background-color":"var(--ast-global-color-4)","background-image":"","background-repeat":"repeat","background-position":"center center","background-size":"auto","background-attachment":"scroll","background-type":"","background-media":"","overlay-type":"","overlay-color":"","overlay-opacity":"","overlay-gradient":""},"tablet":{"background-color":"","background-image":"","background-repeat":"repeat","background-position":"center center","background-size":"auto","background-attachment":"scroll","background-type":"","background-media":"","overlay-type":"","overlay-color":"","overlay-opacity":"","overlay-gradient":""},"mobile":{"background-color":"","background-image":"","background-repeat":"repeat","background-position":"center center","background-size":"auto","background-attachment":"scroll","background-type":"","background-media":"","overlay-type":"","overlay-color":"","overlay-opacity":"","overlay-gradient":""}},"ast-content-background-meta":{"desktop":{"background-color":"var(--ast-global-color-5)","background-image":"","background-repeat":"repeat","background-position":"center center","background-size":"auto","background-attachment":"scroll","background-type":"","background-media":"","overlay-type":"","overlay-color":"","overlay-opacity":"","overlay-gradient":""},"tablet":{"background-color":"var(--ast-global-color-5)","background-image":"","background-repeat":"repeat","background-position":"center center","background-size":"auto","background-attachment":"scroll","background-type":"","background-media":"","overlay-type":"","overlay-color":"","overlay-opacity":"","overlay-gradient":""},"mobile":{"background-color":"var(--ast-global-color-5)","background-image":"","background-repeat":"repeat","background-position":"center center","background-size":"auto","background-attachment":"scroll","background-type":"","background-media":"","overlay-type":"","overlay-color":"","overlay-opacity":"","overlay-gradient":""}},"footnotes":""},"categories":[],"tags":[],"class_list":["post-1449","page","type-page","status-publish","hentry"],"uagb_featured_image_src":{"full":false,"thumbnail":false,"medium":false,"medium_large":false,"large":false,"1536x1536":false,"2048x2048":false},"uagb_author_info":{"display_name":"admin","author_link":"https:\/\/www.etafast.org\/hr\/author\/admin\/"},"uagb_comment_info":0,"uagb_excerpt":"Kako saznati trebate li vizu za putovanje u Kanadu Kanada zahtijeva od putnika da imaju ili posjetiteljsku vizu ili elektroni\u010dku [&hellip;]","_links":{"self":[{"href":"https:\/\/www.etafast.org\/hr\/wp-json\/wp\/v2\/pages\/1449","targetHints":{"allow":["GET"]}}],"collection":[{"href":"https:\/\/www.etafast.org\/hr\/wp-json\/wp\/v2\/pages"}],"about":[{"href":"https:\/\/www.etafast.org\/hr\/wp-json\/wp\/v2\/types\/page"}],"author":[{"embeddable":true,"href":"https:\/\/www.etafast.org\/hr\/wp-json\/wp\/v2\/users\/1"}],"replies":[{"embeddable":true,"href":"https:\/\/www.etafast.org\/hr\/wp-json\/wp\/v2\/comments?post=1449"}],"version-history":[{"count":1,"href":"https:\/\/www.etafast.org\/hr\/wp-json\/wp\/v2\/pages\/1449\/revisions"}],"predecessor-version":[{"id":1450,"href":"https:\/\/www.etafast.org\/hr\/wp-json\/wp\/v2\/pages\/1449\/revisions\/1450"}],"wp:attachment":[{"href":"https:\/\/www.etafast.org\/hr\/wp-json\/wp\/v2\/media?parent=1449"}],"wp:term":[{"taxonomy":"category","embeddable":true,"href":"https:\/\/www.etafast.org\/hr\/wp-json\/wp\/v2\/categories?post=1449"},{"taxonomy":"post_tag","embeddable":true,"href":"https:\/\/www.etafast.org\/hr\/wp-json\/wp\/v2\/tags?post=1449"}],"curies":[{"name":"wp","href":"https:\/\/api.w.org\/{rel}","templated":true}]}}