{"id":1357,"date":"2024-12-11T08:26:43","date_gmt":"2024-12-11T07:26:43","guid":{"rendered":"https:\/\/www.etafast.org\/produzite-svoj-boravak-u-kanadi\/"},"modified":"2024-12-11T09:13:37","modified_gmt":"2024-12-11T08:13:37","slug":"produzite-svoj-boravak-u-kanadi","status":"publish","type":"page","link":"https:\/\/www.etafast.org\/hr\/produzite-svoj-boravak-u-kanadi\/","title":{"rendered":"Produ\u017eite svoj boravak u Kanadi"},"content":{"rendered":"\n<h3 class=\"wp-block-heading\">Produ\u017eite svoj boravak u Kanadi: evidencija posjetitelja<\/h3>\n\n<p>Ako \u017eelite ostati u Kanadi dulje od va\u0161eg po\u010detnog odobrenog razdoblja kao posjetitelj, morat \u0107ete podnijeti zahtjev za <strong>evidenciju posjetitelja<\/strong> . Evidencija posjetitelja bitan je dokument koji vam omogu\u0107uje produljenje boravka bez kr\u0161enja imigracijskih pravila. <\/p>\n\n<hr class=\"wp-block-separator has-alpha-channel-opacity\"\/>\n\n<h3 class=\"wp-block-heading\"><strong>\u0160to je evidencija posjetitelja?<\/strong><\/h3>\n\n<p>Evidencija posjetitelja <strong>nije viza<\/strong> . Umjesto toga, to je slu\u017ebeni dokument koji: <\/p>\n\n<ul class=\"wp-block-list\">\n<li>Omogu\u0107uje vam da du\u017ee ostanete u Kanadi kao <strong>posjetitelj<\/strong> , radnik ovla\u0161ten za rad bez dozvole ili student ovla\u0161ten za studiranje bez dozvole.<\/li>\n\n\n\n<li>Odre\u0111uje novi datum isteka do kojeg morate napustiti Kanadu.<\/li>\n<\/ul>\n\n<hr class=\"wp-block-separator has-alpha-channel-opacity\"\/>\n\n<h3 class=\"wp-block-heading\"><strong>Kada se prijaviti za evidenciju posjetitelja<\/strong><\/h3>\n\n<p>Morate se prijaviti za evidenciju posjetitelja <strong>prije isteka va\u0161eg trenutnog statusa<\/strong> .<\/p>\n\n<ul class=\"wp-block-list\">\n<li>Provjerite pe\u010dat u putovnici ili pismenu potvrdu o dopu\u0161tenom trajanju boravka izdanu prilikom ulaska u Kanadu.<\/li>\n\n\n\n<li>Ako nije naveden odre\u0111eni datum, va\u0161 status obi\u010dno istje\u010de <strong>6 mjeseci od datuma dolaska<\/strong> .<\/li>\n<\/ul>\n\n<hr class=\"wp-block-separator has-alpha-channel-opacity\"\/>\n\n<h3 class=\"wp-block-heading\"><strong>Tko se mo\u017ee prijaviti za evidenciju posjetitelja?<\/strong><\/h3>\n\n<p>Mo\u017eete se prijaviti za evidenciju posjetitelja ako:<\/p>\n\n<ul class=\"wp-block-list\">\n<li>U Kanadu ste u\u0161li s posjetiteljskom vizom, eTA-om ili drugom va\u017ee\u0107om putnom ispravom i sada \u017eelite produ\u017eiti svoj odobreni boravak.<\/li>\n\n\n\n<li>Trenutno ste u Kanadi kao posjetitelj, radnik ili student bez dozvole i \u017eelite produ\u017eiti svoj status.<\/li>\n<\/ul>\n\n<hr class=\"wp-block-separator has-alpha-channel-opacity\"\/>\n\n<h3 class=\"wp-block-heading\"><strong>Kako se prijaviti za evidenciju posjetitelja<\/strong><\/h3>\n\n<p>Postupak prijave za evidenciju posjetitelja uklju\u010duje sljede\u0107e korake:<\/p>\n\n<ol class=\"wp-block-list\">\n<li><strong>Pripremite svoje dokumente<\/strong> :\n<ul class=\"wp-block-list\">\n<li>Va\u017ee\u0107u putovnicu ili putnu ispravu (provjerite da je va\u017ee\u0107a tijekom cijelog trajanja va\u0161eg produ\u017eenog boravka).<\/li>\n\n\n\n<li>Dokaz o dovoljno sredstava za uzdr\u017eavanje tijekom produ\u017eenog boravka.<\/li>\n\n\n\n<li>Jasno obja\u0161njenje za\u0161to \u017eelite produ\u017eiti svoj boravak u Kanadi.<\/li>\n<\/ul>\n<\/li>\n\n\n\n<li><strong>Po\u0161aljite svoju prijavu online<\/strong> :\n<ul class=\"wp-block-list\">\n<li>Ispunite obrazac za prijavu putem <a>IRCC portala<\/a> .<\/li>\n\n\n\n<li>Platite prijavnu pristojbu, po\u010dev\u0161i od <strong>100 USD<\/strong> .<\/li>\n<\/ul>\n<\/li>\n\n\n\n<li><strong>Prijavite se rano<\/strong> :\n<ul class=\"wp-block-list\">\n<li>Vrijeme obrade je pribli\u017eno <strong>126 dana<\/strong> , stoga je bitno da se prijavite puno prije isteka trenutnog statusa.<\/li>\n\n\n\n<li>Ako va\u0161 status istekne dok je va\u0161a prijava u obradi, imat \u0107ete <strong>implicirani status<\/strong> i mo\u0107i \u0107ete legalno ostati u Kanadi dok se ne donese odluka.<\/li>\n<\/ul>\n<\/li>\n<\/ol>\n\n<hr class=\"wp-block-separator has-alpha-channel-opacity\"\/>\n\n<h3 class=\"wp-block-heading\"><strong>Nakon \u0161to se prijavite<\/strong><\/h3>\n\n<ul class=\"wp-block-list\">\n<li><strong>Odobrenje<\/strong> : Ako je va\u0161a prijava odobrena, primit \u0107ete evidenciju posjetitelja u kojoj je naveden va\u0161 novi datum isteka.<\/li>\n\n\n\n<li><strong>Odbijanje<\/strong> : Ako je va\u0161a prijava odbijena, morate odmah napustiti Kanadu.<\/li>\n\n\n\n<li><strong>Implicirani status<\/strong> : Dok \u010dekate odluku, mo\u017eete legalno ostati u Kanadi ako ste podnijeli zahtjev prije nego \u0161to je va\u0161 status istekao.<\/li>\n<\/ul>\n\n<hr class=\"wp-block-separator has-alpha-channel-opacity\"\/>\n\n<h3 class=\"wp-block-heading\"><strong>Putovanje izvan Kanade<\/strong><\/h3>\n\n<p>Evidencija posjetitelja <strong>ne jam\u010di ponovni ulazak u Kanadu<\/strong> . Ako napustite Kanadu tijekom produ\u017eenog boravka i planirate se vratiti, trebat \u0107e vam: <\/p>\n\n<ul class=\"wp-block-list\">\n<li>Va\u017ee\u0107u <strong>posjetiteljsku vizu<\/strong> ili <strong>eTA<\/strong> za ponovni ulazak u Kanadu i<\/li>\n\n\n\n<li>Va\u0161a evidencija posjetitelja koja dokazuje va\u0161e ovla\u0161teno produ\u017eenje boravka.<\/li>\n<\/ul>\n\n<hr class=\"wp-block-separator has-alpha-channel-opacity\"\/>\n\n<h3 class=\"wp-block-heading\"><strong>Klju\u010dne naknade i vrijeme obrade<\/strong><\/h3>\n\n<ul class=\"wp-block-list\">\n<li><strong>Naknade<\/strong> : Po\u010dev\u0161i od <strong>100 USD<\/strong> za prijavu evidencije posjetitelja.<\/li>\n\n\n\n<li><strong>Vrijeme obrade<\/strong> : pribli\u017eno <strong>126 dana<\/strong> (podlo\u017eno varijacijama).<\/li>\n<\/ul>\n\n<hr class=\"wp-block-separator has-alpha-channel-opacity\"\/>\n\n<h3 class=\"wp-block-heading\"><strong>Va\u017ene napomene<\/strong><\/h3>\n\n<ul class=\"wp-block-list\">\n<li>Pobrinite se da va\u0161a putovnica ostane va\u017ee\u0107a za cijelo vrijeme va\u0161eg boravka.<\/li>\n\n\n\n<li>Evidencija posjetitelja ne dopu\u0161ta vam da radite ili studirate u Kanadi. Za te aktivnosti trebat \u0107e vam radna ili studijska dozvola. <\/li>\n\n\n\n<li>Prekora\u010denje dopu\u0161tenog boravka bez podno\u0161enja zahtjeva za produ\u017eenje mo\u017ee rezultirati zakonskim kaznama i utjecati na budu\u0107a putovanja u Kanadu.<\/li>\n<\/ul>\n\n<p>Planiranje produljenja boravka u Kanadi zahtijeva pripremu i pravovremeno podno\u0161enje zahtjeva. Pridr\u017eavaju\u0107i se procesa, mo\u017eete u\u017eivati \u200b\u200bu du\u017eem boravku uz po\u0161tivanje kanadskih imigracijskih zakona. <\/p>\n","protected":false},"excerpt":{"rendered":"<p>Produ\u017eite svoj boravak u Kanadi: evidencija posjetitelja Ako \u017eelite ostati u Kanadi dulje od va\u0161eg po\u010detnog odobrenog razdoblja kao posjetitelj, [&hellip;]<\/p>\n","protected":false},"author":1,"featured_media":0,"parent":0,"menu_order":0,"comment_status":"closed","ping_status":"closed","template":"","meta":{"_uag_custom_page_level_css":"","site-sidebar-layout":"default","site-content-layout":"","ast-site-content-layout":"","site-content-style":"default","site-sidebar-style":"default","ast-global-header-display":"","ast-banner-title-visibility":"","ast-main-header-display":"","ast-hfb-above-header-display":"","ast-hfb-below-header-display":"","ast-hfb-mobile-header-display":"","site-post-title":"","ast-breadcrumbs-content":"","ast-featured-img":"","footer-sml-layout":"","theme-transparent-header-meta":"","adv-header-id-meta":"","stick-header-meta":"","header-above-stick-meta":"","header-main-stick-meta":"","header-below-stick-meta":"","astra-migrate-meta-layouts":"default","ast-page-background-enabled":"default","ast-page-background-meta":{"desktop":{"background-color":"var(--ast-global-color-4)","background-image":"","background-repeat":"repeat","background-position":"center center","background-size":"auto","background-attachment":"scroll","background-type":"","background-media":"","overlay-type":"","overlay-color":"","overlay-opacity":"","overlay-gradient":""},"tablet":{"background-color":"","background-image":"","background-repeat":"repeat","background-position":"center center","background-size":"auto","background-attachment":"scroll","background-type":"","background-media":"","overlay-type":"","overlay-color":"","overlay-opacity":"","overlay-gradient":""},"mobile":{"background-color":"","background-image":"","background-repeat":"repeat","background-position":"center center","background-size":"auto","background-attachment":"scroll","background-type":"","background-media":"","overlay-type":"","overlay-color":"","overlay-opacity":"","overlay-gradient":""}},"ast-content-background-meta":{"desktop":{"background-color":"var(--ast-global-color-5)","background-image":"","background-repeat":"repeat","background-position":"center center","background-size":"auto","background-attachment":"scroll","background-type":"","background-media":"","overlay-type":"","overlay-color":"","overlay-opacity":"","overlay-gradient":""},"tablet":{"background-color":"var(--ast-global-color-5)","background-image":"","background-repeat":"repeat","background-position":"center center","background-size":"auto","background-attachment":"scroll","background-type":"","background-media":"","overlay-type":"","overlay-color":"","overlay-opacity":"","overlay-gradient":""},"mobile":{"background-color":"var(--ast-global-color-5)","background-image":"","background-repeat":"repeat","background-position":"center center","background-size":"auto","background-attachment":"scroll","background-type":"","background-media":"","overlay-type":"","overlay-color":"","overlay-opacity":"","overlay-gradient":""}},"footnotes":""},"categories":[],"tags":[],"class_list":["post-1357","page","type-page","status-publish","hentry"],"uagb_featured_image_src":{"full":false,"thumbnail":false,"medium":false,"medium_large":false,"large":false,"1536x1536":false,"2048x2048":false},"uagb_author_info":{"display_name":"admin","author_link":"https:\/\/www.etafast.org\/hr\/author\/admin\/"},"uagb_comment_info":0,"uagb_excerpt":"Produ\u017eite svoj boravak u Kanadi: evidencija posjetitelja Ako \u017eelite ostati u Kanadi dulje od va\u0161eg po\u010detnog odobrenog razdoblja kao posjetitelj, [&hellip;]","_links":{"self":[{"href":"https:\/\/www.etafast.org\/hr\/wp-json\/wp\/v2\/pages\/1357","targetHints":{"allow":["GET"]}}],"collection":[{"href":"https:\/\/www.etafast.org\/hr\/wp-json\/wp\/v2\/pages"}],"about":[{"href":"https:\/\/www.etafast.org\/hr\/wp-json\/wp\/v2\/types\/page"}],"author":[{"embeddable":true,"href":"https:\/\/www.etafast.org\/hr\/wp-json\/wp\/v2\/users\/1"}],"replies":[{"embeddable":true,"href":"https:\/\/www.etafast.org\/hr\/wp-json\/wp\/v2\/comments?post=1357"}],"version-history":[{"count":1,"href":"https:\/\/www.etafast.org\/hr\/wp-json\/wp\/v2\/pages\/1357\/revisions"}],"predecessor-version":[{"id":1358,"href":"https:\/\/www.etafast.org\/hr\/wp-json\/wp\/v2\/pages\/1357\/revisions\/1358"}],"wp:attachment":[{"href":"https:\/\/www.etafast.org\/hr\/wp-json\/wp\/v2\/media?parent=1357"}],"wp:term":[{"taxonomy":"category","embeddable":true,"href":"https:\/\/www.etafast.org\/hr\/wp-json\/wp\/v2\/categories?post=1357"},{"taxonomy":"post_tag","embeddable":true,"href":"https:\/\/www.etafast.org\/hr\/wp-json\/wp\/v2\/tags?post=1357"}],"curies":[{"name":"wp","href":"https:\/\/api.w.org\/{rel}","templated":true}]}}