{"id":1265,"date":"2024-12-11T08:28:06","date_gmt":"2024-12-11T07:28:06","guid":{"rendered":"https:\/\/www.etafast.org\/super-viza-za-roditelje-i-bake-i-djedove\/"},"modified":"2024-12-11T09:11:49","modified_gmt":"2024-12-11T08:11:49","slug":"super-viza-za-roditelje-i-bake-i-djedove","status":"publish","type":"page","link":"https:\/\/www.etafast.org\/hr\/super-viza-za-roditelje-i-bake-i-djedove\/","title":{"rendered":"Super viza za roditelje i bake i djedove"},"content":{"rendered":"\n<h3 class=\"wp-block-heading\">Super viza za roditelje i bake i djedove<\/h3>\n\n<p><strong>Super Visa<\/strong> je posebna viza namijenjena roditeljima, bakama i djedovima kanadskih dr\u017eavljana i osoba sa stalnim boravkom. Omogu\u0107uje produ\u017eene posjete Kanadi, pru\u017eaju\u0107i jedinstvenu priliku za provo\u0111enje vremena s obitelji dok u\u017eivate u prednostima vi\u0161estrukih ulazaka tijekom dugog trajanja. <\/p>\n\n<hr class=\"wp-block-separator has-alpha-channel-opacity\"\/>\n\n<h3 class=\"wp-block-heading\"><strong>\u0160to je Super Visa?<\/strong><\/h3>\n\n<p><strong>Super viza<\/strong> je:<\/p>\n\n<ul class=\"wp-block-list\">\n<li><strong>Dugoro\u010dna viza<\/strong> koja roditeljima i bakama i djedovima koji ispunjavaju uvjete omogu\u0107uje posjet Kanadi <strong>do 5 godina po posjetu<\/strong> bez potrebe za obnavljanjem statusa.<\/li>\n\n\n\n<li><strong>Viza za vi\u0161e ulazaka<\/strong> , koja vrijedi <strong>do 10 godina<\/strong> , omogu\u0107ava \u010deste posjete Kanadi tijekom razdoblja valjanosti vize.<\/li>\n<\/ul>\n\n<p>Ova je viza idealna za pojedince koji planiraju posjetiti svoju djecu ili unuke radi du\u017eeg boravka.<\/p>\n\n<hr class=\"wp-block-separator has-alpha-channel-opacity\"\/>\n\n<h3 class=\"wp-block-heading\"><strong>Preduvjeti za dobivanje Super Vise<\/strong><\/h3>\n\n<p>Kako bi se kvalificirali za Super Visu, kandidati moraju ispuniti odre\u0111ene kriterije:<\/p>\n\n<ol class=\"wp-block-list\">\n<li><strong>Odnos<\/strong> :\n<ul class=\"wp-block-list\">\n<li>Budite <strong>roditelj ili baka ili djed<\/strong> kanadskog dr\u017eavljanina ili osobe sa stalnim boravkom.<\/li>\n<\/ul>\n<\/li>\n\n\n\n<li><strong>Pozivno pismo<\/strong> :\n<ul class=\"wp-block-list\">\n<li>Dostavite pozivno pismo va\u0161eg djeteta ili unuka iz Kanade.<\/li>\n\n\n\n<li>Pismo mora sadr\u017eavati:\n<ul class=\"wp-block-list\">\n<li>Obe\u0107anje financijske potpore za vrijeme trajanja va\u0161eg posjeta.<\/li>\n\n\n\n<li>Pojedinosti va\u0161e veze.<\/li>\n\n\n\n<li>Popis \u010dlanova ku\u0107anstva doma\u0107ina u Kanadi.<\/li>\n<\/ul>\n<\/li>\n<\/ul>\n<\/li>\n\n\n\n<li><strong>Zahtjevi za prihod<\/strong> :\n<ul class=\"wp-block-list\">\n<li>Dijete ili unuk moraju zadovoljiti <strong>minimalni dohodovni prag<\/strong> na temelju broja \u010dlanova obitelji.<\/li>\n<\/ul>\n<\/li>\n\n\n\n<li><strong>Zdravstveno osiguranje<\/strong> :\n<ul class=\"wp-block-list\">\n<li>Kupite privatno <strong>zdravstveno osiguranje<\/strong> od kanadskog osiguravaju\u0107eg dru\u0161tva koje:\n<ul class=\"wp-block-list\">\n<li>Pokriva vas za najmanje <strong>100.000 CAD<\/strong> .<\/li>\n\n\n\n<li>Vrijedi <strong>najmanje godinu dana<\/strong> od dana upisa.<\/li>\n\n\n\n<li>Uklju\u010duje dokaz o punoj uplati (ne ponude).<\/li>\n<\/ul>\n<\/li>\n<\/ul>\n<\/li>\n\n\n\n<li><strong>Medicinski pregled<\/strong> :\n<ul class=\"wp-block-list\">\n<li>Obavite imigracijski medicinski pregled kako biste dokazali dopu\u0161tenost.<\/li>\n<\/ul>\n<\/li>\n\n\n\n<li><strong>Dodatni zahtjevi<\/strong> :\n<ul class=\"wp-block-list\">\n<li>Doka\u017eite jake veze sa svojom domovinom, poput obitelji, financija ili zaposlenja, kako biste bili sigurni da \u0107ete napustiti Kanadu nakon posjeta.<\/li>\n\n\n\n<li>Poka\u017eite da imate dovoljno sredstava za va\u0161 posjet.<\/li>\n<\/ul>\n<\/li>\n<\/ol>\n\n<hr class=\"wp-block-separator has-alpha-channel-opacity\"\/>\n\n<h3 class=\"wp-block-heading\"><strong>Koliko dugo mo\u017eete ostati u Kanadi?<\/strong><\/h3>\n\n<p>Trajanje va\u0161eg boravka ovisi o tome kada ste podnijeli zahtjev za Super Visu:<\/p>\n\n<ul class=\"wp-block-list\">\n<li><strong>Prijave do 22. lipnja 2023. ili nakon toga<\/strong> :\n<ul class=\"wp-block-list\">\n<li>Nositelji Super Visa mogu ostati <strong>do 5 godina po posjeti<\/strong> .<\/li>\n<\/ul>\n<\/li>\n\n\n\n<li><strong>Prijave do 22. lipnja 2023<\/strong> .:\n<ul class=\"wp-block-list\">\n<li>Mo\u017eete ostati <strong>do 2 godine po posjeti<\/strong> .<\/li>\n<\/ul>\n<\/li>\n<\/ul>\n\n<p>Bez obzira na datum va\u0161e prijave:<\/p>\n\n<ul class=\"wp-block-list\">\n<li>Provjerite <strong>je li va\u0161a putovnica va\u017ee\u0107a<\/strong> za vrijeme va\u0161eg boravka.<\/li>\n\n\n\n<li>Zadr\u017eite ili obnovite svoje <strong>zdravstveno osiguranje<\/strong> dok ste u Kanadi ili nakon ponovnog ulaska.<\/li>\n<\/ul>\n\n<hr class=\"wp-block-separator has-alpha-channel-opacity\"\/>\n\n<h3 class=\"wp-block-heading\"><strong>Prednosti Super vize<\/strong><\/h3>\n\n<ol class=\"wp-block-list\">\n<li><strong>Produ\u017eeni posjeti<\/strong> :\n<ul class=\"wp-block-list\">\n<li>U\u017eivajte u dugoro\u010dnim boravcima bez \u010destog podno\u0161enja zahtjeva za produ\u017eenje.<\/li>\n<\/ul>\n<\/li>\n\n\n\n<li><strong>Vi\u0161estruki unosi<\/strong> :\n<ul class=\"wp-block-list\">\n<li>Putujte u Kanadu vi\u0161e puta u razdoblju od 10 godina.<\/li>\n<\/ul>\n<\/li>\n\n\n\n<li><strong>bezbri\u017enost<\/strong> :\n<ul class=\"wp-block-list\">\n<li>Uvjet za zdravstveno osiguranje osigurava zdravstveno osiguranje tijekom va\u0161eg boravka.<\/li>\n<\/ul>\n<\/li>\n\n\n\n<li><strong>Ponovno okupljanje obitelji<\/strong> :\n<ul class=\"wp-block-list\">\n<li>Njegujte bliskije veze sa svojom djecom i unucima.<\/li>\n<\/ul>\n<\/li>\n<\/ol>\n","protected":false},"excerpt":{"rendered":"<p>Super viza za roditelje i bake i djedove Super Visa je posebna viza namijenjena roditeljima, bakama i djedovima kanadskih dr\u017eavljana [&hellip;]<\/p>\n","protected":false},"author":1,"featured_media":0,"parent":0,"menu_order":0,"comment_status":"closed","ping_status":"closed","template":"","meta":{"_uag_custom_page_level_css":"","site-sidebar-layout":"default","site-content-layout":"","ast-site-content-layout":"","site-content-style":"default","site-sidebar-style":"default","ast-global-header-display":"","ast-banner-title-visibility":"","ast-main-header-display":"","ast-hfb-above-header-display":"","ast-hfb-below-header-display":"","ast-hfb-mobile-header-display":"","site-post-title":"","ast-breadcrumbs-content":"","ast-featured-img":"","footer-sml-layout":"","theme-transparent-header-meta":"","adv-header-id-meta":"","stick-header-meta":"","header-above-stick-meta":"","header-main-stick-meta":"","header-below-stick-meta":"","astra-migrate-meta-layouts":"default","ast-page-background-enabled":"default","ast-page-background-meta":{"desktop":{"background-color":"var(--ast-global-color-4)","background-image":"","background-repeat":"repeat","background-position":"center center","background-size":"auto","background-attachment":"scroll","background-type":"","background-media":"","overlay-type":"","overlay-color":"","overlay-opacity":"","overlay-gradient":""},"tablet":{"background-color":"","background-image":"","background-repeat":"repeat","background-position":"center center","background-size":"auto","background-attachment":"scroll","background-type":"","background-media":"","overlay-type":"","overlay-color":"","overlay-opacity":"","overlay-gradient":""},"mobile":{"background-color":"","background-image":"","background-repeat":"repeat","background-position":"center center","background-size":"auto","background-attachment":"scroll","background-type":"","background-media":"","overlay-type":"","overlay-color":"","overlay-opacity":"","overlay-gradient":""}},"ast-content-background-meta":{"desktop":{"background-color":"var(--ast-global-color-5)","background-image":"","background-repeat":"repeat","background-position":"center center","background-size":"auto","background-attachment":"scroll","background-type":"","background-media":"","overlay-type":"","overlay-color":"","overlay-opacity":"","overlay-gradient":""},"tablet":{"background-color":"var(--ast-global-color-5)","background-image":"","background-repeat":"repeat","background-position":"center center","background-size":"auto","background-attachment":"scroll","background-type":"","background-media":"","overlay-type":"","overlay-color":"","overlay-opacity":"","overlay-gradient":""},"mobile":{"background-color":"var(--ast-global-color-5)","background-image":"","background-repeat":"repeat","background-position":"center center","background-size":"auto","background-attachment":"scroll","background-type":"","background-media":"","overlay-type":"","overlay-color":"","overlay-opacity":"","overlay-gradient":""}},"footnotes":""},"categories":[],"tags":[],"class_list":["post-1265","page","type-page","status-publish","hentry"],"uagb_featured_image_src":{"full":false,"thumbnail":false,"medium":false,"medium_large":false,"large":false,"1536x1536":false,"2048x2048":false},"uagb_author_info":{"display_name":"admin","author_link":"https:\/\/www.etafast.org\/hr\/author\/admin\/"},"uagb_comment_info":0,"uagb_excerpt":"Super viza za roditelje i bake i djedove Super Visa je posebna viza namijenjena roditeljima, bakama i djedovima kanadskih dr\u017eavljana [&hellip;]","_links":{"self":[{"href":"https:\/\/www.etafast.org\/hr\/wp-json\/wp\/v2\/pages\/1265","targetHints":{"allow":["GET"]}}],"collection":[{"href":"https:\/\/www.etafast.org\/hr\/wp-json\/wp\/v2\/pages"}],"about":[{"href":"https:\/\/www.etafast.org\/hr\/wp-json\/wp\/v2\/types\/page"}],"author":[{"embeddable":true,"href":"https:\/\/www.etafast.org\/hr\/wp-json\/wp\/v2\/users\/1"}],"replies":[{"embeddable":true,"href":"https:\/\/www.etafast.org\/hr\/wp-json\/wp\/v2\/comments?post=1265"}],"version-history":[{"count":1,"href":"https:\/\/www.etafast.org\/hr\/wp-json\/wp\/v2\/pages\/1265\/revisions"}],"predecessor-version":[{"id":1266,"href":"https:\/\/www.etafast.org\/hr\/wp-json\/wp\/v2\/pages\/1265\/revisions\/1266"}],"wp:attachment":[{"href":"https:\/\/www.etafast.org\/hr\/wp-json\/wp\/v2\/media?parent=1265"}],"wp:term":[{"taxonomy":"category","embeddable":true,"href":"https:\/\/www.etafast.org\/hr\/wp-json\/wp\/v2\/categories?post=1265"},{"taxonomy":"post_tag","embeddable":true,"href":"https:\/\/www.etafast.org\/hr\/wp-json\/wp\/v2\/tags?post=1265"}],"curies":[{"name":"wp","href":"https:\/\/api.w.org\/{rel}","templated":true}]}}