{"id":1045,"date":"2024-12-11T08:29:22","date_gmt":"2024-12-11T07:29:22","guid":{"rendered":"https:\/\/www.etafast.org\/poslovni-posjetitelji\/"},"modified":"2024-12-11T09:08:54","modified_gmt":"2024-12-11T08:08:54","slug":"poslovni-posjetitelji","status":"publish","type":"page","link":"https:\/\/www.etafast.org\/hr\/poslovni-posjetitelji\/","title":{"rendered":"Poslovni posjetitelji"},"content":{"rendered":"\n<h3 class=\"wp-block-heading\">Poslovni posjetitelji: Prisustvovanje sastancima, doga\u0111ajima i konferencijama u Kanadi<\/h3>\n\n<p>Poslovni posjetitelji igraju klju\u010dnu ulogu u poticanju me\u0111unarodne trgovine i suradnje. Ako planirate prisustvovati sastancima, doga\u0111ajima ili konferencijama u Kanadi kao poslovni posjetitelj, evo vodi\u010da korak po korak kako biste osigurali nesmetan postupak ulaska. <\/p>\n\n<hr class=\"wp-block-separator has-alpha-channel-opacity\"\/>\n\n<h3 class=\"wp-block-heading\"><strong>Korak 1: Jeste li poslovni posjetitelj ili vam je potrebna radna dozvola?<\/strong><\/h3>\n\n<p>Da biste se kvalificirali kao <strong>poslovni posjetitelj<\/strong> u Kanadi, morate:<\/p>\n\n<ul class=\"wp-block-list\">\n<li><strong>Trajanje<\/strong> : Planirate boravak <strong>kra\u0107i od 6 mjeseci<\/strong> .<\/li>\n\n\n\n<li><strong>Svrha<\/strong> : Ne ulaziti na kanadsko tr\u017ei\u0161te rada.<\/li>\n\n\n\n<li><strong>Izvor poslovanja<\/strong> : Osigurajte da va\u0161e glavno mjesto poslovanja, prihod i profit ostanu <strong>izvan Kanade<\/strong> .<\/li>\n\n\n\n<li><strong>Dokumenti<\/strong> : Imajte potrebnu dokumentaciju koja podr\u017eava va\u0161u prijavu.<\/li>\n<\/ul>\n\n<p><strong>Osnovni zahtjevi za upis<\/strong> :<\/p>\n\n<ul class=\"wp-block-list\">\n<li>Va\u017ee\u0107a putna isprava (kao \u0161to je putovnica).<\/li>\n\n\n\n<li>Dovoljno sredstava za va\u0161 boravak i povratno putovanje.<\/li>\n\n\n\n<li>Dokaz da \u0107ete napustiti Kanadu na kraju svog posjeta.<\/li>\n\n\n\n<li>Nema kriminalnih, sigurnosnih ili zdravstvenih rizika za Kana\u0111ane.<\/li>\n<\/ul>\n\n<p><strong>Aktivnosti dopu\u0161tene kao poslovni posjetitelj<\/strong> :<\/p>\n\n<ul class=\"wp-block-list\">\n<li>Kupnja kanadske robe ili usluga za strane tvrtke ili vlade.<\/li>\n\n\n\n<li>Primanje narud\u017ebi za robu ili usluge.<\/li>\n\n\n\n<li>Prisustvovanje sastancima, konferencijama, konvencijama ili sajmovima.<\/li>\n\n\n\n<li>Pru\u017eanje usluga nakon prodaje prema jamstvu ili kupoprodajnom ugovoru.<\/li>\n\n\n\n<li>Primanje ili provo\u0111enje obuke vezane uz va\u0161e poslovanje.<\/li>\n<\/ul>\n\n<p><strong>Napomena<\/strong> : Ako va\u0161 posjet uklju\u010duje boravak du\u017ei od 6 mjeseci ili sudjelovanje u aktivnostima kanadskog tr\u017ei\u0161ta rada, mo\u017eda \u0107e vam trebati <strong>radna dozvola<\/strong> .<\/p>\n\n<hr class=\"wp-block-separator has-alpha-channel-opacity\"\/>\n\n<h3 class=\"wp-block-heading\"><strong>Korak 2: Trebate li vizu ili eTA?<\/strong><\/h3>\n\n<p>Trebate li <strong>vizu<\/strong> ili <strong>elektroni\u010dku autorizaciju putovanja (eTA)<\/strong> ovisi o va\u0161em dr\u017eavljanstvu i okolnostima putovanja.<\/p>\n\n<ul class=\"wp-block-list\">\n<li>Upotrijebite <a>alat Vlade Kanade<\/a> kako biste utvrdili ispunjavate li uvjete.<\/li>\n<\/ul>\n\n<hr class=\"wp-block-separator has-alpha-channel-opacity\"\/>\n\n<h3 class=\"wp-block-heading\"><strong>Korak 3: nabavite \u0161ifru doga\u0111aja (ako je primjenjivo)<\/strong><\/h3>\n\n<p>Za doga\u0111aje, sastanke ili konferencije registrirane pri <strong>Uredu za imigraciju, izbjeglice i dr\u017eavljanstvo Kanade (IRCC)<\/strong> :<\/p>\n\n<ul class=\"wp-block-list\">\n<li>Va\u0161 organizator doga\u0111aja \u0107e vam dati <strong>\u0161ifru doga\u0111aja<\/strong> i upute za va\u0161 zahtjev za vizu.<\/li>\n\n\n\n<li>Unos koda doga\u0111aja u va\u0161u prijavu poma\u017ee u identifikaciji vas kao sudionika.<\/li>\n<\/ul>\n\n<hr class=\"wp-block-separator has-alpha-channel-opacity\"\/>\n\n<h3 class=\"wp-block-heading\"><strong>Korak 4: Prijavite se za vizu ili eTA (ako je potrebno)<\/strong><\/h3>\n\n<ul class=\"wp-block-list\">\n<li><strong>Viza<\/strong> : Podnesite zahtjev za vizu putem slu\u017ebene <a>web stranice IRCC-a<\/a> .<\/li>\n\n\n\n<li><strong>eTA<\/strong> : Prijavite se online za eTA.<\/li>\n<\/ul>\n\n<hr class=\"wp-block-separator has-alpha-channel-opacity\"\/>\n\n<h3 class=\"wp-block-heading\"><strong>Korak 5: Pripremite dokumente za svoje putovanje<\/strong><\/h3>\n\n<p>Prilikom dolaska na kanadsku granicu, provjerite imate li sljede\u0107e dokumente (nemojte ih pakirati u svoj kofer):<\/p>\n\n<ul class=\"wp-block-list\">\n<li>Va\u017ee\u0107u putovnicu ili putnu ispravu za cijelo vrijeme va\u0161eg boravka.<\/li>\n\n\n\n<li>Va\u017ee\u0107a viza (ako postoji).<\/li>\n\n\n\n<li>Ako vam je potrebna eTA, putujte s putovnicom koju ste koristili u svojoj eTA aplikaciji.<\/li>\n\n\n\n<li>Zakoniti stalni stanovnici Sjedinjenih Dr\u017eava moraju ponijeti <strong>va\u017ee\u0107u zelenu kartu<\/strong> (ili ekvivalentni dokaz statusa) i putovnicu.<\/li>\n\n\n\n<li>Pisma podr\u0161ke od va\u0161e mati\u010dne tvrtke i pozivno pismo od kanadske tvrtke doma\u0107ina.<\/li>\n\n\n\n<li>Dodatni dokumenti kao \u0161to su ugovori, ugovori o jamstvu ili servisni dokumenti (ako je relevantno).<\/li>\n\n\n\n<li>Kontakt podaci za va\u0161eg poslovnog doma\u0107ina u Kanadi.<\/li>\n\n\n\n<li>Dokaz o dovoljno sredstava za va\u0161 boravak i povratak.<\/li>\n<\/ul>\n\n<hr class=\"wp-block-separator has-alpha-channel-opacity\"\/>\n\n<h3 class=\"wp-block-heading\"><strong>Maloljetnici koji putuju s vama<\/strong><\/h3>\n\n<p>Ako putujete s djecom mla\u0111om od 18 godina, upoznajte se s kanadskim propisima za maloljetnike.<\/p>\n\n<ul class=\"wp-block-list\">\n<li>Provjerite uvjete za ulazak maloljetnika kako biste osigurali uskla\u0111enost s kanadskim zakonima koji \u0161tite djecu.<\/li>\n<\/ul>\n\n<hr class=\"wp-block-separator has-alpha-channel-opacity\"\/>\n\n<h3 class=\"wp-block-heading\"><strong>Klju\u010dne napomene za poslovne posjetitelje<\/strong><\/h3>\n\n<ul class=\"wp-block-list\">\n<li><strong>Sporazum izme\u0111u Kanade, Sjedinjenih Dr\u017eava i Meksika (CUSMA)<\/strong> pru\u017ea dodatne odredbe za dr\u017eavljane SAD-a i Meksika koji sudjeluju u aktivnostima poput istra\u017eivanja, marketinga i op\u0107ih usluga.<\/li>\n\n\n\n<li>Za posebne zahtjeve ili smjernice uvijek se obratite organizatoru sastanka ili doga\u0111aja.<\/li>\n\n\n\n<li>Poslovni posjetitelji ograni\u010deni su na aktivnosti koje ne uklju\u010duju izravno zapo\u0161ljavanje u Kanadi.<\/li>\n<\/ul>\n\n<p>Slijede\u0107i ove korake i osiguravaju\u0107i da imate prave dokumente, va\u0161 poslovni posjet Kanadi mo\u017ee se odvijati u\u010dinkovito i uspje\u0161no.<\/p>\n","protected":false},"excerpt":{"rendered":"<p>Poslovni posjetitelji: Prisustvovanje sastancima, doga\u0111ajima i konferencijama u Kanadi Poslovni posjetitelji igraju klju\u010dnu ulogu u poticanju me\u0111unarodne trgovine i suradnje. [&hellip;]<\/p>\n","protected":false},"author":1,"featured_media":0,"parent":0,"menu_order":0,"comment_status":"closed","ping_status":"closed","template":"","meta":{"_uag_custom_page_level_css":"","site-sidebar-layout":"default","site-content-layout":"","ast-site-content-layout":"","site-content-style":"default","site-sidebar-style":"default","ast-global-header-display":"","ast-banner-title-visibility":"","ast-main-header-display":"","ast-hfb-above-header-display":"","ast-hfb-below-header-display":"","ast-hfb-mobile-header-display":"","site-post-title":"","ast-breadcrumbs-content":"","ast-featured-img":"","footer-sml-layout":"","theme-transparent-header-meta":"","adv-header-id-meta":"","stick-header-meta":"","header-above-stick-meta":"","header-main-stick-meta":"","header-below-stick-meta":"","astra-migrate-meta-layouts":"default","ast-page-background-enabled":"default","ast-page-background-meta":{"desktop":{"background-color":"var(--ast-global-color-4)","background-image":"","background-repeat":"repeat","background-position":"center center","background-size":"auto","background-attachment":"scroll","background-type":"","background-media":"","overlay-type":"","overlay-color":"","overlay-opacity":"","overlay-gradient":""},"tablet":{"background-color":"","background-image":"","background-repeat":"repeat","background-position":"center center","background-size":"auto","background-attachment":"scroll","background-type":"","background-media":"","overlay-type":"","overlay-color":"","overlay-opacity":"","overlay-gradient":""},"mobile":{"background-color":"","background-image":"","background-repeat":"repeat","background-position":"center center","background-size":"auto","background-attachment":"scroll","background-type":"","background-media":"","overlay-type":"","overlay-color":"","overlay-opacity":"","overlay-gradient":""}},"ast-content-background-meta":{"desktop":{"background-color":"var(--ast-global-color-5)","background-image":"","background-repeat":"repeat","background-position":"center center","background-size":"auto","background-attachment":"scroll","background-type":"","background-media":"","overlay-type":"","overlay-color":"","overlay-opacity":"","overlay-gradient":""},"tablet":{"background-color":"var(--ast-global-color-5)","background-image":"","background-repeat":"repeat","background-position":"center center","background-size":"auto","background-attachment":"scroll","background-type":"","background-media":"","overlay-type":"","overlay-color":"","overlay-opacity":"","overlay-gradient":""},"mobile":{"background-color":"var(--ast-global-color-5)","background-image":"","background-repeat":"repeat","background-position":"center center","background-size":"auto","background-attachment":"scroll","background-type":"","background-media":"","overlay-type":"","overlay-color":"","overlay-opacity":"","overlay-gradient":""}},"footnotes":""},"categories":[],"tags":[],"class_list":["post-1045","page","type-page","status-publish","hentry"],"uagb_featured_image_src":{"full":false,"thumbnail":false,"medium":false,"medium_large":false,"large":false,"1536x1536":false,"2048x2048":false},"uagb_author_info":{"display_name":"admin","author_link":"https:\/\/www.etafast.org\/hr\/author\/admin\/"},"uagb_comment_info":0,"uagb_excerpt":"Poslovni posjetitelji: Prisustvovanje sastancima, doga\u0111ajima i konferencijama u Kanadi Poslovni posjetitelji igraju klju\u010dnu ulogu u poticanju me\u0111unarodne trgovine i suradnje. [&hellip;]","_links":{"self":[{"href":"https:\/\/www.etafast.org\/hr\/wp-json\/wp\/v2\/pages\/1045","targetHints":{"allow":["GET"]}}],"collection":[{"href":"https:\/\/www.etafast.org\/hr\/wp-json\/wp\/v2\/pages"}],"about":[{"href":"https:\/\/www.etafast.org\/hr\/wp-json\/wp\/v2\/types\/page"}],"author":[{"embeddable":true,"href":"https:\/\/www.etafast.org\/hr\/wp-json\/wp\/v2\/users\/1"}],"replies":[{"embeddable":true,"href":"https:\/\/www.etafast.org\/hr\/wp-json\/wp\/v2\/comments?post=1045"}],"version-history":[{"count":1,"href":"https:\/\/www.etafast.org\/hr\/wp-json\/wp\/v2\/pages\/1045\/revisions"}],"predecessor-version":[{"id":1046,"href":"https:\/\/www.etafast.org\/hr\/wp-json\/wp\/v2\/pages\/1045\/revisions\/1046"}],"wp:attachment":[{"href":"https:\/\/www.etafast.org\/hr\/wp-json\/wp\/v2\/media?parent=1045"}],"wp:term":[{"taxonomy":"category","embeddable":true,"href":"https:\/\/www.etafast.org\/hr\/wp-json\/wp\/v2\/categories?post=1045"},{"taxonomy":"post_tag","embeddable":true,"href":"https:\/\/www.etafast.org\/hr\/wp-json\/wp\/v2\/tags?post=1045"}],"curies":[{"name":"wp","href":"https:\/\/api.w.org\/{rel}","templated":true}]}}