{"id":969,"date":"2024-12-11T08:30:38","date_gmt":"2024-12-11T07:30:38","guid":{"rendered":"https:\/\/www.etafast.org\/idirthuras-tri-cheanada\/"},"modified":"2024-12-11T09:07:36","modified_gmt":"2024-12-11T08:07:36","slug":"idirthuras-tri-cheanada","status":"publish","type":"page","link":"https:\/\/www.etafast.org\/ga\/idirthuras-tri-cheanada\/","title":{"rendered":"Idirthuras Tr\u00ed Cheanada"},"content":{"rendered":"\n<p>M\u00e1 t\u00e1 t\u00fa ag taisteal go t\u00edr eile agus go bhfuil g\u00e1 agat le hidirthuras tr\u00ed Cheanada, beidh na ceanglais doicim\u00e9ad ag brath ar roinnt facht\u00f3ir\u00ed, lena n-\u00e1ir\u00edtear do mhodh taistil, fad fanachta, n\u00e1isi\u00fantacht, agus st\u00e1das inimirce. Anseo th\u00edos t\u00e1 treoir chuimsitheach chun cabhr\u00fa leat a chinneadh cad at\u00e1 uait le haghaidh idirthurais rian\u00fail tr\u00ed Cheanada. <\/p>\n\n<hr class=\"wp-block-separator has-alpha-channel-opacity\"\/>\n\n<h3 class=\"wp-block-heading\"><strong>Tosca a Chinneann Do Riachtanais Idirthurais<\/strong><\/h3>\n\n<ol class=\"wp-block-list\">\n<li><strong>Modh Taistil<\/strong> :\n<ul class=\"wp-block-list\">\n<li>Ar aer (eitilt\u00ed idirn\u00e1isi\u00fanta ag nascadh tr\u00ed aerfoirt Cheanada).<\/li>\n\n\n\n<li>I gcarr, bus, traein, n\u00f3 b\u00e1d (lena n-\u00e1ir\u00edtear longa c\u00fars\u00e1la).<\/li>\n<\/ul>\n<\/li>\n\n\n\n<li><strong>Fad an Iompair<\/strong> :\n<ul class=\"wp-block-list\">\n<li>N\u00edos l\u00fa n\u00e1 48 uair an chloig.<\/li>\n\n\n\n<li>N\u00edos m\u00f3 n\u00e1 48 uair an chloig.<\/li>\n<\/ul>\n<\/li>\n\n\n\n<li><strong>N\u00e1isi\u00fantacht agus St\u00e1das Inimirce<\/strong> :\n<ul class=\"wp-block-list\">\n<li>T\u00edr do phas.<\/li>\n\n\n\n<li>Is cuma m\u00e1s saor\u00e1nach de chuid na St\u00e1t Aontaithe th\u00fa, buanch\u00f3naitheoir dleathach de chuid SAM, n\u00f3 m\u00e1 t\u00e1 v\u00edosa bail\u00ed de chuid na St\u00e1t Aontaithe agat.<\/li>\n<\/ul>\n<\/li>\n<\/ol>\n\n<hr class=\"wp-block-separator has-alpha-channel-opacity\"\/>\n\n<h3 class=\"wp-block-heading\"><strong>Roghanna Doicim\u00e9ad le haghaidh Idirthurais Tr\u00ed Cheanada<\/strong><\/h3>\n\n<h4 class=\"wp-block-heading\"><strong>1. V\u00edosa Cuairteora<\/strong><\/h4>\n\n<p>Teasta\u00edonn <strong>v\u00edosa cuairteora<\/strong> uait:<\/p>\n\n<ul class=\"wp-block-list\">\n<li>Is as <strong>t\u00edr a bhfuil v\u00edosa ag teast\u00e1il<\/strong> th\u00fa agus t\u00e1 s\u00e9 beartaithe agat:\n<ul class=\"wp-block-list\">\n<li>Tabhair cuairt ar Cheanada, fi\u00fa m\u00e1 t\u00e1 s\u00e9 ar feadh n\u00edos l\u00fa n\u00e1 48 uair an chloig.<\/li>\n\n\n\n<li>Fan i gCeanada ar feadh <strong>n\u00edos m\u00f3 n\u00e1 48 uair an chloig<\/strong> agus t\u00fa ar an idirthuras.<\/li>\n<\/ul>\n<\/li>\n\n\n\n<li>T\u00e1 t\u00fa ag taisteal ar <strong>bhus, i gcarr, ar thraein, ar bh\u00e1d n\u00f3 ar long ch\u00fars\u00e1la<\/strong> \u00f3 th\u00edr a bhfuil v\u00edosa ag teast\u00e1il uaithi.<\/li>\n<\/ul>\n\n<p><\/p>\n\n<hr class=\"wp-block-separator has-alpha-channel-opacity\"\/>\n\n<h4 class=\"wp-block-heading\"><strong>2. V\u00edosa Idirthurais<\/strong><\/h4>\n\n<p>Teasta\u00edonn <strong>v\u00edosa idirthurais<\/strong> uait m\u00e1:<\/p>\n\n<ul class=\"wp-block-list\">\n<li>Is as <strong>t\u00edr a bhfuil v\u00edosa ag teast\u00e1il<\/strong> th\u00fa agus:\n<ul class=\"wp-block-list\">\n<li>Stopann d\u2019eitilt idirn\u00e1isi\u00fanta ag aerfort Cheanada ar an mbealach chuig ceann scr\u00edbe eile.<\/li>\n\n\n\n<li>T\u00e1 t\u00fa ag nascadh idir dh\u00e1 eitilt idirn\u00e1isi\u00fanta ag aerfort amh\u00e1in n\u00f3 n\u00edos m\u00f3 i gCeanada.<\/li>\n\n\n\n<li>Maireann d&#8217;iompar <strong>48 uair an chloig n\u00f3 n\u00edos l\u00fa<\/strong> .<\/li>\n\n\n\n<li>N\u00edl v\u00edosa cuairteora bail\u00ed agat.<\/li>\n\n\n\n<li>N\u00edl t\u00fa inch\u00e1ilithe le haghaidh eTA.<\/li>\n<\/ul>\n<\/li>\n<\/ul>\n\n<p><\/p>\n\n<hr class=\"wp-block-separator has-alpha-channel-opacity\"\/>\n\n<h4 class=\"wp-block-heading\"><strong>3. \u00dadar\u00fa Leictreonach Taistil (eTA)<\/strong><\/h4>\n\n<p>Teasta\u00edonn <strong>eTA uait<\/strong> m\u00e1:<\/p>\n\n<ul class=\"wp-block-list\">\n<li>Is as <strong>t\u00edr a bhfuil g\u00e1 leis an eTA<\/strong> th\u00fa agus:\n<ul class=\"wp-block-list\">\n<li>Aistri\u00fa aer tr\u00ed Cheanada.<\/li>\n\n\n\n<li>Is cuid d\u2019eitilt cheangail idirn\u00e1isi\u00fanta \u00e9 d\u2019iompar.<\/li>\n<\/ul>\n<\/li>\n<\/ul>\n\n<p><strong>Eisceachta\u00ed<\/strong> :<\/p>\n\n<ul class=\"wp-block-list\">\n<li>N\u00ed g\u00e1 duit eTA m\u00e1 t\u00e1 t\u00fa ag taisteal ar thraein, ar bhus, ar bh\u00e1d n\u00f3 ar long ch\u00fars\u00e1la, ach n\u00ed m\u00f3r doicim\u00e9id taistil bhail\u00ed a bheith agat.<\/li>\n<\/ul>\n\n<p><\/p>\n\n<hr class=\"wp-block-separator has-alpha-channel-opacity\"\/>\n\n<h4 class=\"wp-block-heading\"><strong>4. Idirthuras Gan V\u00edosa<\/strong><\/h4>\n\n<ul class=\"wp-block-list\">\n<li><strong>Saor\u00e1naigh SAM agus Buanch\u00f3naitheoir\u00ed Dleathach<\/strong> :<br> Is f\u00e9idir le saor\u00e1naigh SAM agus sealbh\u00f3ir\u00ed C\u00e1rta Glas na SA dul ar aghaidh tr\u00ed Cheanada gan v\u00edosa d&#8217;aer, carr, bus, traein n\u00f3 b\u00e1d. Cinntigh go bhfuil: \n<ul class=\"wp-block-list\">\n<li>Pas n\u00f3 doicim\u00e9ad taistil bail\u00ed.<\/li>\n\n\n\n<li>C\u00e1rta Glas bail\u00ed SAM (do bhuanch\u00f3naitheoir\u00ed dleathacha).<\/li>\n<\/ul>\n<\/li>\n\n\n\n<li><strong>Sealbh\u00f3ir\u00ed Pas \u00f3 Th\u00edortha Sonracha<\/strong> :<br\/> F\u00e9adfaidh saor\u00e1naigh \u00f3n <strong>tS\u00edn, \u00f3n Indin\u00e9is, \u00f3 na hOile\u00e1in Fhilip\u00edneacha, \u00f3n T\u00e9alainn,<\/strong> n\u00f3 <strong>\u00f3n T\u00e9av\u00e1in<\/strong> (gan uimhir aitheantais phearsanta) idirthuras gan v\u00edosa m\u00e1 chomhl\u00edonann siad coinn\u00edollacha \u00e1irithe.<\/li>\n<\/ul>\n\n<p><\/p>\n\n<hr class=\"wp-block-separator has-alpha-channel-opacity\"\/>\n\n<h3 class=\"wp-block-heading\"><strong>Doicim\u00e9id nach m\u00f3r duit a iompar<\/strong><\/h3>\n\n<p>Agus t\u00fa ag taisteal tr\u00ed Cheanada, b\u00edodh na doicim\u00e9id seo a leanas r\u00e9idh i gc\u00f3na\u00ed:<\/p>\n\n<ul class=\"wp-block-list\">\n<li>Pas n\u00f3 doicim\u00e9ad taistil bail\u00ed do do thuras ioml\u00e1n.<\/li>\n\n\n\n<li>V\u00edosa bail\u00ed, v\u00edosa idirthurais, n\u00f3 eTA (m\u00e1 bhaineann).<\/li>\n\n\n\n<li>Do bhuanch\u00f3naitheoir\u00ed SAM: C\u00e1rta Glas bail\u00ed n\u00f3 cruth\u00fanas coibh\u00e9iseach ar st\u00e1das.<\/li>\n\n\n\n<li>Cruth\u00fanas ar thaisteal ar aghaidh, amhail tic\u00e9id aerl\u00edne n\u00f3 cl\u00e1r taistil.<\/li>\n<\/ul>\n\n<hr class=\"wp-block-separator has-alpha-channel-opacity\"\/>\n\n<h3 class=\"wp-block-heading\"><strong>N\u00f3ta\u00ed Eochracha<\/strong><\/h3>\n\n<ul class=\"wp-block-list\">\n<li><strong>Fad an Idirthurais<\/strong> : M\u00e1 sh\u00e1ra\u00edonn do idirthuras 48 uair an chloig, beidh v\u00edosa cuairteora uait.<\/li>\n\n\n\n<li><strong>Modh Iontr\u00e1la<\/strong> : Teasta\u00edonn eTA le haghaidh taistil aeir ach n\u00ed le haghaidh taistil ar t\u00edr n\u00f3 ar muir.<\/li>\n\n\n\n<li><strong>R\u00e9amhiarratas<\/strong> : Cuir isteach ar an doicim\u00e9ad riachtanach i bhfad roimh do dh\u00e1ta taistil chun moill a sheachaint.<\/li>\n<\/ul>\n\n<p>Tr\u00edna chinnti\u00fa go bhfuil an doicim\u00e9ad\u00fa ceart agat, is f\u00e9idir leat taisteal tr\u00ed Cheanada go r\u00e9idh agus d\u00edri\u00fa ar do cheann scr\u00edbe a bhaint amach.<\/p>\n","protected":false},"excerpt":{"rendered":"<p>M\u00e1 t\u00e1 t\u00fa ag taisteal go t\u00edr eile agus go bhfuil g\u00e1 agat le hidirthuras tr\u00ed Cheanada, beidh na ceanglais [&hellip;]<\/p>\n","protected":false},"author":1,"featured_media":0,"parent":0,"menu_order":0,"comment_status":"closed","ping_status":"closed","template":"","meta":{"_uag_custom_page_level_css":"","site-sidebar-layout":"default","site-content-layout":"","ast-site-content-layout":"","site-content-style":"default","site-sidebar-style":"default","ast-global-header-display":"","ast-banner-title-visibility":"","ast-main-header-display":"","ast-hfb-above-header-display":"","ast-hfb-below-header-display":"","ast-hfb-mobile-header-display":"","site-post-title":"","ast-breadcrumbs-content":"","ast-featured-img":"","footer-sml-layout":"","theme-transparent-header-meta":"","adv-header-id-meta":"","stick-header-meta":"","header-above-stick-meta":"","header-main-stick-meta":"","header-below-stick-meta":"","astra-migrate-meta-layouts":"default","ast-page-background-enabled":"default","ast-page-background-meta":{"desktop":{"background-color":"var(--ast-global-color-4)","background-image":"","background-repeat":"repeat","background-position":"center center","background-size":"auto","background-attachment":"scroll","background-type":"","background-media":"","overlay-type":"","overlay-color":"","overlay-opacity":"","overlay-gradient":""},"tablet":{"background-color":"","background-image":"","background-repeat":"repeat","background-position":"center center","background-size":"auto","background-attachment":"scroll","background-type":"","background-media":"","overlay-type":"","overlay-color":"","overlay-opacity":"","overlay-gradient":""},"mobile":{"background-color":"","background-image":"","background-repeat":"repeat","background-position":"center center","background-size":"auto","background-attachment":"scroll","background-type":"","background-media":"","overlay-type":"","overlay-color":"","overlay-opacity":"","overlay-gradient":""}},"ast-content-background-meta":{"desktop":{"background-color":"var(--ast-global-color-5)","background-image":"","background-repeat":"repeat","background-position":"center center","background-size":"auto","background-attachment":"scroll","background-type":"","background-media":"","overlay-type":"","overlay-color":"","overlay-opacity":"","overlay-gradient":""},"tablet":{"background-color":"var(--ast-global-color-5)","background-image":"","background-repeat":"repeat","background-position":"center center","background-size":"auto","background-attachment":"scroll","background-type":"","background-media":"","overlay-type":"","overlay-color":"","overlay-opacity":"","overlay-gradient":""},"mobile":{"background-color":"var(--ast-global-color-5)","background-image":"","background-repeat":"repeat","background-position":"center center","background-size":"auto","background-attachment":"scroll","background-type":"","background-media":"","overlay-type":"","overlay-color":"","overlay-opacity":"","overlay-gradient":""}},"footnotes":""},"categories":[],"tags":[],"class_list":["post-969","page","type-page","status-publish","hentry"],"uagb_featured_image_src":{"full":false,"thumbnail":false,"medium":false,"medium_large":false,"large":false,"1536x1536":false,"2048x2048":false},"uagb_author_info":{"display_name":"admin","author_link":"https:\/\/www.etafast.org\/ga\/author\/admin\/"},"uagb_comment_info":0,"uagb_excerpt":"M\u00e1 t\u00e1 t\u00fa ag taisteal go t\u00edr eile agus go bhfuil g\u00e1 agat le hidirthuras tr\u00ed Cheanada, beidh na ceanglais [&hellip;]","_links":{"self":[{"href":"https:\/\/www.etafast.org\/ga\/wp-json\/wp\/v2\/pages\/969","targetHints":{"allow":["GET"]}}],"collection":[{"href":"https:\/\/www.etafast.org\/ga\/wp-json\/wp\/v2\/pages"}],"about":[{"href":"https:\/\/www.etafast.org\/ga\/wp-json\/wp\/v2\/types\/page"}],"author":[{"embeddable":true,"href":"https:\/\/www.etafast.org\/ga\/wp-json\/wp\/v2\/users\/1"}],"replies":[{"embeddable":true,"href":"https:\/\/www.etafast.org\/ga\/wp-json\/wp\/v2\/comments?post=969"}],"version-history":[{"count":1,"href":"https:\/\/www.etafast.org\/ga\/wp-json\/wp\/v2\/pages\/969\/revisions"}],"predecessor-version":[{"id":970,"href":"https:\/\/www.etafast.org\/ga\/wp-json\/wp\/v2\/pages\/969\/revisions\/970"}],"wp:attachment":[{"href":"https:\/\/www.etafast.org\/ga\/wp-json\/wp\/v2\/media?parent=969"}],"wp:term":[{"taxonomy":"category","embeddable":true,"href":"https:\/\/www.etafast.org\/ga\/wp-json\/wp\/v2\/categories?post=969"},{"taxonomy":"post_tag","embeddable":true,"href":"https:\/\/www.etafast.org\/ga\/wp-json\/wp\/v2\/tags?post=969"}],"curies":[{"name":"wp","href":"https:\/\/api.w.org\/{rel}","templated":true}]}}