{"id":479,"date":"2024-12-02T16:08:30","date_gmt":"2024-12-02T15:08:30","guid":{"rendered":"https:\/\/www.etafast.org\/teagmhail\/"},"modified":"2024-12-11T09:03:28","modified_gmt":"2024-12-11T08:03:28","slug":"teagmhail","status":"publish","type":"page","link":"https:\/\/www.etafast.org\/ga\/teagmhail\/","title":{"rendered":"Teagmh\u00e1il"},"content":{"rendered":"<style>\n.accordion-content {\n    display: none;\n    padding: 10px;\n    border: 1px solid #ccc;\n    border-top: none;\n}\n\n.accordion-header {\n    cursor: pointer;\n    padding: 10px;\n    border: 1px solid #ccc;\n    margin: 0;\nbackground-color:#fafafa;\nmargin-bottom:10px;\nborder-radius:3px;\npadding-right:50px;\nposition: relative;\nfont-size:110%;\n}\n.accordion-header .qs {\n\n}\n.arrow {\n    position: absolute;\n    right: 10px;\n    top: 10px;\n}\n\n.arrow-up {\n    transform: rotate(180deg);\n}\n<\/style>\n\n\n<script>\njQuery(document).ready(function(){\n    jQuery(\".accordion-header\").click(function() {\n        \/\/ Toggle the arrow direction of the clicked header\n        jQuery(this).children(\".arrow\").toggleClass(\"arrow-up\", !jQuery(this).next().is(\":visible\"));\n        \n        \/\/ Close previously opened content and reset their arrows\n        jQuery(\".accordion-content\").not(jQuery(this).next()).slideUp().prev().children(\".arrow\").removeClass(\"arrow-up\");\n        jQuery(\".accordion-content\").not(jQuery(this).next()).prev().find(\".arrow\").html(\"&#9660;\"); \/\/ Reset other arrows to down\n        \n        jQuery(this).next().slideToggle();\n        if(jQuery(this).next().is(\":visible\")) {\n            jQuery(this).find(\".arrow\").html(\"&#9660;\"); \/\/ Change to up arrow\n        } else {\n            jQuery(this).find(\".arrow\").html(\"&#9650;\"); \/\/ Change back to down arrow\n        }\n    });\n});\n<\/script>\n\n\n<div class=\"accordion\"><h4 class=\"accordion-header\"><span class=\"qs\">An bhfuil an \u00edoca\u00edocht inais\u00edoctha<\/span><span class=\"arrow\">&#9660;<\/span><\/h4>\n            <div class=\"accordion-content\">\n            <p>T\u00e1. T\u00e1 an \u00edoca\u00edocht inais\u00edoctha sula gcuirtear do sheirbh\u00eds ar f\u00e1il duit. Seice\u00e1il na t\u00e9arma\u00ed agus na coinn\u00edollacha le haghaidh tuilleadh eolais<\/p>\n            <\/div><\/div><script type=\"application\/ld+json\">\n    {\n      \"@context\": \"https:\/\/schema.org\",\n      \"@type\": \"FAQPage\",\n      \"mainEntity\": [{\n        \"@type\": \"Question\",\n        \"name\": \"An bhfuil an \u00edoca\u00edocht inais\u00edoctha\",\n        \"acceptedAnswer\": {\n          \"@type\": \"Answer\",\n          \"text\": \"T\u00e1. T\u00e1 an \u00edoca\u00edocht inais\u00edoctha sula gcuirtear do sheirbh\u00eds ar f\u00e1il duit. Seice\u00e1il na t\u00e9arma\u00ed agus na coinn\u00edollacha le haghaidh tuilleadh eolais\"\n        }\n      }\n      ]\n    }\n    <\/script>\n\n\n<h2>Taca\u00edocht do chustaim\u00e9ir\u00ed<\/h2><style>\n.accordion-content2 {\n    display: none;\n    padding: 10px;\n    border: 1px solid #ccc;\n    border-top: none;\n}\n            \n.accordion-header2 {\n    cursor: pointer;\n    padding: 10px;\n    border: 1px solid #ccc;\n    margin: 0;\nbackground-color:#fafafa;\nmargin-bottom:10px;\nborder-radius:3px;\npadding-right:50px;\nposition: relative;\nfont-size:110%;\n}\n.accordion-header2 .qs {\n            \n}\n.arrow2 {\n    position: absolute;\n    right: 10px;\n    top: 10px;\n}\n            \n.arrow-up2 {\n    transform: rotate(180deg);\n}\n<\/style>\n            \n            \n<script>\njQuery(document).ready(function(){\n    jQuery(\".accordion-header2\").click(function() {\n        \/\/ Toggle the arrow direction of the clicked header\n        jQuery(this).children(\".arrow2\").toggleClass(\"arrow-up2\", !jQuery(this).next().is(\":visible\"));\n            \n        \/\/ Close previously opened content and reset their arrows\n        jQuery(\".accordion-content2\").not(jQuery(this).next()).slideUp().prev().children(\".arrow2\").removeClass(\"arrow-up2\");\n        jQuery(\".accordion-content2\").not(jQuery(this).next()).prev().find(\".arrow2\").html(\"&#9660;\"); \/\/ Reset other arrows to down\n            \n        jQuery(this).next().slideToggle();\n        if(jQuery(this).next().is(\":visible\")) {\n            jQuery(this).find(\".arrow2\").html(\"&#9660;\"); \/\/ Change to up arrow\n        } else {\n            jQuery(this).find(\".arrow2\").html(\"&#9650;\"); \/\/ Change back to down arrow\n        }\n    });\n});\n<\/script>\n            \n            \n<div class=\"accordion2\"><h4 class=\"accordion-header2\"><span class=\"qs2\">N\u00edl aon dearbh\u00fa ordaithe faighte agam.<\/span><span class=\"arrow2\">&#9660;<\/span><\/h4>\n            <div class=\"accordion-content2\">\n            <p>Tosa\u00edmid ag cl\u00e1r\u00fa na seirbh\u00edse duit thart ar 12 uair an chloig roimh th\u00fas na bail\u00edochta. I gc\u00e1s bail\u00edochta an lae ch\u00e9anna, laistigh de 5 n\u00f3im\u00e9ad tar \u00e9is \u00edoca\u00edocht a fh\u00e1il.\n M\u00e1s mian leat na sonra\u00ed gn\u00edomhachtaithe a fh\u00e1il l\u00e1ithreach, is f\u00e9idir leat an cl\u00e1r\u00fa a thos\u00fa l\u00e1ithreach ag an seoladh a sheolaimid chugat sa ch\u00e9ad r\u00edomhphost. \nD\u2019fh\u00e9adfadh s\u00e9 tarl\u00fa nach bhfaighidh t\u00fa r\u00edomhphost ag deimhni\u00fa go bhfuarthas \u00edoca\u00edocht (mar shampla, mar gheall ar sheoladh r\u00edomhphoist m\u00edcheart). Sa ch\u00e1s sin, le do thoil:<br \/> \n- seice\u00e1il d&#39;fhillte\u00e1n turscair ar dt\u00fas le do thoil<br \/> \n- mura bhfuil t\u00fa in ann aon fhaisn\u00e9is a fh\u00e1il uainn anseo f\u00f3s, d\u00e9an iarracht d\u2019ord\u00fa a aimsi\u00fa tr\u00ed \u00fas\u00e1id a bhaint as an bhfoirm thuas<br \/> \n- ar an leathanach a aims\u00edonn t\u00fa, is f\u00e9idir leat do sheoladh r\u00edomhphoist a cheart\u00fa agus st\u00e1das d\u2019ord\u00fa a rian\u00fa ansin<br \/><br \/> \n \nMura bhfuil t\u00fa in ann do sheoladh bainist\u00edochta orduithe a fh\u00e1il, d\u00e9an teagmh\u00e1il linn am ar bith.<br \/> \n\n<br \/><a href=\"#cform\" onclick=\"document.getElementById('cform').style.display='';\">D\u00e9an teagmh\u00e1il le taca\u00edocht do chustaim\u00e9ir\u00ed<\/a><\/p>\n            <\/div><h4 class=\"accordion-header2\"><span class=\"qs2\">Ba mhaith liom mo shonra\u00ed cl\u00e1r\u00fach\u00e1in a athr\u00fa<\/span><span class=\"arrow2\">&#9660;<\/span><\/h4>\n            <div class=\"accordion-content2\">\n            <p>Tosa\u00edmid ag cl\u00e1r\u00fa na seirbh\u00edse duit thart ar 12 uair an chloig roimh th\u00fas na bail\u00edochta. I gc\u00e1s bail\u00edochta an lae ch\u00e9anna, laistigh de 5 n\u00f3im\u00e9ad \u00f3 fh\u00e1il na h\u00edoca\u00edochta.\nGo dt\u00ed sin, is f\u00e9idir na sonra\u00ed a athr\u00fa tr\u00edd an leathanach sonra\u00ed ordaithe. Gheobhaidh t\u00fa an seoladh seo i ngach r\u00edomhphost a gheobhaidh t\u00fa uainn.\n\nMura bhfuair t\u00fa r\u00edomhphost ag deimhni\u00fa go bhfuarthas an \u00edoca\u00edocht (mar shampla, mar gheall ar sheoladh r\u00edomhphoist m\u00edcheart). Sa ch\u00e1s sin, le do thoil:<br \/> \n- seice\u00e1il d&#39;fhillte\u00e1n turscair ar dt\u00fas le do thoil<br \/> \n- mura bhfuil t\u00fa in ann aon fhaisn\u00e9is a fh\u00e1il uainn anseo f\u00f3s, d\u00e9an iarracht d\u2019ord\u00fa a aimsi\u00fa tr\u00ed \u00fas\u00e1id a bhaint as an bhfoirm thuas (Seice\u00e1il St\u00e1das Ordaithe).<br \/> \n- ar an leathanach a aims\u00edonn t\u00fa, is f\u00e9idir leat do shonra\u00ed a chur in eagar agus st\u00e1das d\u2019ordaithe a rian\u00fa ansin<br \/> \n<br \/> Mura bhfuil d\u2019ord\u00fa pr\u00f3ise\u00e1ilte cheana f\u00e9in, n\u00ed f\u00e9idir aon sonra\u00ed a athr\u00fa. Tabhair faoi deara le do thoil, i gc\u00e1s sonra\u00ed m\u00edchearta (go h\u00e1irithe t\u00edr chl\u00e1r\u00fach\u00e1in na feithicle, uimhir phl\u00e1ta cead\u00fanais, d\u00e1ta bail\u00edochta)#\n go bhfuil an vignette neamhbhail\u00ed agus go gcaithfear an tseirbh\u00eds a cheannach ar\u00eds.<br \/> \nGo raibh maith agat as do thuiscint.\n\n<\/p>\n            <\/div><h4 class=\"accordion-header2\"><span class=\"qs2\">T\u00f3gadh an \u00edoca\u00edocht \u00f3 mo chuntas, ach n\u00ed bhfuair m\u00e9 aon r\u00edomhphost.<\/span><span class=\"arrow2\">&#9660;<\/span><\/h4>\n            <div class=\"accordion-content2\">\n            <p>Mar a d\u00faradh in\u00e1r dt\u00e9arma\u00ed agus coinn\u00edollacha, t\u00e1imid ag tos\u00fa ar an tseirbh\u00eds a phr\u00f3ise\u00e1il. a luaithe a thagann an \u00edoca\u00edocht isteach sa ch\u00f3ras. D\u2019fh\u00e9adfadh go mbeadh roinnt c\u00faiseanna ann nach gcuirtear an \u00edoca\u00edocht chun sochair. \u00d3 tharla gur chuir d\u2019institi\u00faid bhainc\u00e9ireachta an \u00edoca\u00edocht chuig fadhbanna teicni\u00fala n\u00edos d\u00e9ana\u00ed. N\u00edl ort ach a chur, go dt\u00ed go bhfeicimid an \u00edoca\u00edocht in\u00e1r gc\u00f3ras, n\u00ed mheasaimid an t-ord\u00fa a bheith cr\u00edochnaithe ar do chuid. D\u00e9anaimid gach c\u00e9im is f\u00e9idir chun gach \u00edoca\u00edocht a thagann isteach a mheaitse\u00e1il i gceart, agus t\u00e1 an r\u00e1ta earr\u00e1ide ag leibh\u00e9al na gc\u00e9adta faoin gc\u00e9ad. Mura bhfaigheann t\u00fa r\u00edomhphost ag r\u00e1 go bhfuil d\u2019\u00edoca\u00edocht faighte laistigh de 1 uair \u00f3n \u00edoca\u00edocht (seice\u00e1il d\u2019fhillte\u00e1n turscair freisin), d\u00e9an teagmh\u00e1il linn l\u00e1ithreach le do thoil. Is \u00e9 seo an t-aon bhealach is f\u00e9idir linn pr\u00f3iseas ord\u00fa r\u00e9idh a chinnti\u00fa. Tabhair faoi deara le do thoil nach dtosa\u00edmid ag obair ar an ord\u00fa ach a luaithe a fhaightear an \u00edoca\u00edocht isteach sa ch\u00f3ras, n\u00ed nuair a sheoltar \u00e9 (n\u00f3 go simpl\u00ed go gcuireann an custaim\u00e9ir bac air). N\u00edlimid freagrach as dam\u00e1ist\u00ed a thabha\u00edtear sula bhfaightear \u00edoca\u00edocht. Go raibh maith agat as do thuiscint.<br \/><br \/><a href=\"#cform\" onclick=\"document.getElementById('cform').style.display='';\">D\u00e9an teagmh\u00e1il le taca\u00edocht do chustaim\u00e9ir\u00ed<\/a><\/p>\n            <\/div><h4 class=\"accordion-header2\"><span class=\"qs2\">T\u00e1 ceist eile agam duit.<\/span><span class=\"arrow2\">&#9660;<\/span><\/h4>\n            <div class=\"accordion-content2\">\n            <p>Mura gcomhl\u00edonann aon cheann de na freagra\u00ed do riachtanais, is f\u00e9idir leat teagmh\u00e1il a dh\u00e9anamh linn ag am ar bith agus beimid s\u00e1sta cabhr\u00fa leat.<br \/><br \/><a href=\"#cform\" onclick=\"document.getElementById('cform').style.display='';\">D\u00e9an teagmh\u00e1il le taca\u00edocht do chustaim\u00e9ir\u00ed<\/a><\/p>\n            <\/div><\/div><div id=\"cform\"><br style=\"clear:both;\" \/><h2>Taca\u00edocht r\u00edomhphoist<\/h2><script type=\"text\/javascript\">\n        function decodeEmail(encodedLocalPart, encodedDomainPart, indices) {\n            const localPart = atob(encodedLocalPart).split('');\n            const domainPart = atob(encodedDomainPart).split('');\n\n            \/\/ Reconstruct the email address using the provided indices\n            const originalLocalPart = indices.local.map(index => localPart[index]).join('');\n            const originalDomainPart = indices.domain.map(index => domainPart[index]).join('');\n\n            const email = originalLocalPart + \"@\" + originalDomainPart;\n            document.getElementById('email').innerText = email;\n        }\n    <\/script><p>Chun iarratas taca\u00edochta custaim\u00e9ara a chruth\u00fa, is f\u00e9idir leat r\u00edomhphost a sheoladh chuig an seoladh th\u00edos:<\/p><div style=\"text-align:center;padding:20px 0 50px 0;font-size:150%;\nfont-weight:bold;\"><a id=\"email-link\" href=\"\"><\/a><\/div><script>document.addEventListener(\"DOMContentLoaded\", function() {    const emailLink = document.getElementById(\"email-link\");    const obfuscatedEmail = \"gro.tsafate@troppus\";    const realEmail = obfuscatedEmail.split(\"\").reverse().join(\"\");    const randomString = Array.from({length: realEmail.length}, () => Math.random().toString(36)[2]).join('');    emailLink.textContent = randomString;    emailLink.href = 'mailto:'+realEmail;\n                    emailLink.textContent = realEmail;});<\/script><h2>Taca\u00edocht WhatsApp<\/h2><p>Le haghaidh freagra tapa ar do cheisteanna a bhaineann le hord\u00fa, is f\u00e9idir leat teagmh\u00e1il a dh\u00e9anamh linn ar uimhir theileaf\u00f3in WhatsApp (t\u00e1 teachtaireachta\u00ed saor in aisce, n\u00ed \u00edocann t\u00fa ach as sonra\u00ed laistigh den nasc idirl\u00edn).<\/p><div style=\"text-align:center;padding:20px 0 50px 0;font-size:150%;\nfont-weight:bold;\"><a href=\"https:\/\/wa.me\/447893938888\">+44 789 393 8888<\/a><\/div><h2>Taca\u00edocht do chustaim\u00e9ir\u00ed<\/h2><p style=\"text-align:center;color:#6ab400;font-weight:bold;\">T\u00e1 taca\u00edocht ar l\u00edne ar f\u00e1il 24x7<\/p><p>Chun d\u2019iarratas a phr\u00f3ise\u00e1il ar bhealach n\u00edos gasta, iarraimid ort do sheoladh r\u00edomhphoist a cuireadh ar f\u00e1il le linn cl\u00e1r\u00fach\u00e1in, d\u2019uimhir chl\u00e1raithe feithicle, agus d\u00e1ta d\u2019ordaithe a shol\u00e1thar. Go raibh maith agat as do thuiscint.<\/p>\n<a style=\"display:block;width:100%;\ncolor:#fff;background-color:rgb(241, 23, 23);padding:10px 0;\nfont-size:120%;text-align:center;\" onclick=\"zE('messenger', 'open');return false;\" href=\"#\">Taca\u00edocht teagmh\u00e1la<\/a>\n<!-- Start of Zendesk Widget script -->\n<script id=\"ze-snippet\" src=\"https:\/\/static.zdassets.com\/ekr\/snippet.js?key=fc8651a1-b5bf-4914-a59d-057a43523f5b\"> <\/script>\n<!-- End of Zendesk Widget script -->\n\n\n<script><\/script>\n<\/div>\n\n\n\n<p><\/p>\n","protected":false},"excerpt":{"rendered":"","protected":false},"author":1,"featured_media":0,"parent":0,"menu_order":0,"comment_status":"closed","ping_status":"closed","template":"","meta":{"_uag_custom_page_level_css":"","site-sidebar-layout":"default","site-content-layout":"","ast-site-content-layout":"","site-content-style":"default","site-sidebar-style":"default","ast-global-header-display":"","ast-banner-title-visibility":"","ast-main-header-display":"","ast-hfb-above-header-display":"","ast-hfb-below-header-display":"","ast-hfb-mobile-header-display":"","site-post-title":"","ast-breadcrumbs-content":"","ast-featured-img":"","footer-sml-layout":"","theme-transparent-header-meta":"","adv-header-id-meta":"","stick-header-meta":"","header-above-stick-meta":"","header-main-stick-meta":"","header-below-stick-meta":"","astra-migrate-meta-layouts":"default","ast-page-background-enabled":"default","ast-page-background-meta":{"desktop":{"background-color":"var(--ast-global-color-4)","background-image":"","background-repeat":"repeat","background-position":"center center","background-size":"auto","background-attachment":"scroll","background-type":"","background-media":"","overlay-type":"","overlay-color":"","overlay-opacity":"","overlay-gradient":""},"tablet":{"background-color":"","background-image":"","background-repeat":"repeat","background-position":"center center","background-size":"auto","background-attachment":"scroll","background-type":"","background-media":"","overlay-type":"","overlay-color":"","overlay-opacity":"","overlay-gradient":""},"mobile":{"background-color":"","background-image":"","background-repeat":"repeat","background-position":"center center","background-size":"auto","background-attachment":"scroll","background-type":"","background-media":"","overlay-type":"","overlay-color":"","overlay-opacity":"","overlay-gradient":""}},"ast-content-background-meta":{"desktop":{"background-color":"var(--ast-global-color-5)","background-image":"","background-repeat":"repeat","background-position":"center center","background-size":"auto","background-attachment":"scroll","background-type":"","background-media":"","overlay-type":"","overlay-color":"","overlay-opacity":"","overlay-gradient":""},"tablet":{"background-color":"var(--ast-global-color-5)","background-image":"","background-repeat":"repeat","background-position":"center center","background-size":"auto","background-attachment":"scroll","background-type":"","background-media":"","overlay-type":"","overlay-color":"","overlay-opacity":"","overlay-gradient":""},"mobile":{"background-color":"var(--ast-global-color-5)","background-image":"","background-repeat":"repeat","background-position":"center center","background-size":"auto","background-attachment":"scroll","background-type":"","background-media":"","overlay-type":"","overlay-color":"","overlay-opacity":"","overlay-gradient":""}},"footnotes":""},"categories":[],"tags":[],"class_list":["post-479","page","type-page","status-publish","hentry"],"uagb_featured_image_src":{"full":false,"thumbnail":false,"medium":false,"medium_large":false,"large":false,"1536x1536":false,"2048x2048":false},"uagb_author_info":{"display_name":"admin","author_link":"https:\/\/www.etafast.org\/ga\/author\/admin\/"},"uagb_comment_info":0,"uagb_excerpt":null,"_links":{"self":[{"href":"https:\/\/www.etafast.org\/ga\/wp-json\/wp\/v2\/pages\/479","targetHints":{"allow":["GET"]}}],"collection":[{"href":"https:\/\/www.etafast.org\/ga\/wp-json\/wp\/v2\/pages"}],"about":[{"href":"https:\/\/www.etafast.org\/ga\/wp-json\/wp\/v2\/types\/page"}],"author":[{"embeddable":true,"href":"https:\/\/www.etafast.org\/ga\/wp-json\/wp\/v2\/users\/1"}],"replies":[{"embeddable":true,"href":"https:\/\/www.etafast.org\/ga\/wp-json\/wp\/v2\/comments?post=479"}],"version-history":[{"count":1,"href":"https:\/\/www.etafast.org\/ga\/wp-json\/wp\/v2\/pages\/479\/revisions"}],"predecessor-version":[{"id":480,"href":"https:\/\/www.etafast.org\/ga\/wp-json\/wp\/v2\/pages\/479\/revisions\/480"}],"wp:attachment":[{"href":"https:\/\/www.etafast.org\/ga\/wp-json\/wp\/v2\/media?parent=479"}],"wp:term":[{"taxonomy":"category","embeddable":true,"href":"https:\/\/www.etafast.org\/ga\/wp-json\/wp\/v2\/categories?post=479"},{"taxonomy":"post_tag","embeddable":true,"href":"https:\/\/www.etafast.org\/ga\/wp-json\/wp\/v2\/tags?post=479"}],"curies":[{"name":"wp","href":"https:\/\/api.w.org\/{rel}","templated":true}]}}