{"id":305,"date":"2024-12-11T08:24:00","date_gmt":"2024-12-11T07:24:00","guid":{"rendered":"https:\/\/www.etafast.org\/maidir-leis-an-bproiseas\/"},"modified":"2024-12-11T09:02:21","modified_gmt":"2024-12-11T08:02:21","slug":"maidir-leis-an-bproiseas","status":"publish","type":"page","link":"https:\/\/www.etafast.org\/ga\/maidir-leis-an-bproiseas\/","title":{"rendered":"Maidir leis an bpr\u00f3iseas"},"content":{"rendered":"\n<h3 class=\"wp-block-heading\">Maidir leis an bPr\u00f3iseas um \u00dadar\u00fa Leictreonach Taistil (eTA).<\/h3>\n\n<p>Is ceanglas iontr\u00e1la \u00e9 an t\u00dadar\u00fa Leictreonach Taistil (eTA) do n\u00e1isi\u00fanaigh choigr\u00edche at\u00e1 d\u00edolmhaithe \u00f3 v\u00edosa agus a thaisteala\u00edonn n\u00f3 a th\u00e9ann tr\u00ed Cheanada d\u2019aer. Is pr\u00f3iseas ar l\u00edne tapa agus simpl\u00ed \u00e9 at\u00e1 deartha chun sl\u00e1nd\u00e1il teorann a fheabhs\u00fa agus taisteal r\u00e9idh a chinnti\u00fa do dhaoine inch\u00e1ilithe. <\/p>\n\n<h4 class=\"wp-block-heading\">Cad is eTA ann?<\/h4>\n\n<p>Is \u00fadar\u00fa taistil at\u00e1 nasctha go leictreonach \u00e9 eTA a bhaineann le do phas. T\u00e1 s\u00e9 bail\u00ed ar feadh suas le c\u00faig bliana n\u00f3 go dt\u00ed go dt\u00e9ann do phas in \u00e9ag, cib\u00e9 acu is t\u00faisce. Ligeann an eTA duit cuairt a thabhairt ar Cheanada ar feadh tr\u00e9imhs\u00ed gearra (suas le s\u00e9 mh\u00ed go hiond\u00fail) chun cr\u00edocha turas\u00f3ireachta, gn\u00f3 n\u00f3 iompair.  <\/p>\n\n<h4 class=\"wp-block-heading\">Pr\u00edomhphoint\u00ed le Eolas Faoin bPr\u00f3iseas eTA:<\/h4>\n\n<ol class=\"wp-block-list\">\n<li><strong>Iarratas Simpl\u00ed Ar L\u00edne<\/strong> :<br\/> D\u00e9antar an pr\u00f3iseas iarratais eTA go hioml\u00e1n ar l\u00edne. N\u00edl g\u00e1 le p\u00e1ip\u00e9arachas n\u00f3 cuairteanna pearsanta, rud a fh\u00e1gann gur rogha \u00e1isi\u00fail \u00e9 don lucht si\u00fail. <\/li>\n\n\n\n<li><strong>T\u00e1ille Inacmhainne<\/strong> :<br\/> N\u00ed chosna\u00edonn cur isteach ar eTA ach CAN$7. \u00cdoctar an t\u00e1ille seo ar l\u00edne le linn an phr\u00f3isis iarratais. <\/li>\n\n\n\n<li><strong>Pr\u00f3ise\u00e1il Thapa<\/strong> :<br\/> Faomhtar formh\u00f3r na n-iarratas eTA laistigh de n\u00f3im\u00e9ad. Mar sin f\u00e9in, d\u2019fh\u00e9adfadh go dt\u00f3gfadh roinnt iarratas n\u00edos faide m\u00e1 bh\u00edonn g\u00e1 le doicim\u00e9id bhreise. I gc\u00e1sanna den s\u00f3rt sin, gheobhaidh iarratas\u00f3ir\u00ed treoracha r\u00edomhphoist laistigh de 72 uair an chloig.  <\/li>\n\n\n\n<li><strong>Riachtanais Ch\u00e1ilitheachta<\/strong> :\n<ul class=\"wp-block-list\">\n<li>T\u00e1 eTA de dh\u00edth ar n\u00e1isi\u00fanaigh choigr\u00edche at\u00e1 d\u00edolmhaithe \u00f3 v\u00edosa agus at\u00e1 ag eitilt go Ceanada n\u00f3 a th\u00e9ann tr\u00edthi.<\/li>\n\n\n\n<li>F\u00e9adfaidh taistealaithe \u00e1irithe \u00f3 th\u00edortha a bhfuil v\u00edosa ag teast\u00e1il uathu c\u00e1ili\u00fa le haghaidh eTA freisin m\u00e1 chomhl\u00edonann siad crit\u00e9ir shonracha, mar shampla v\u00edosa neamh-inimirceach SAM bail\u00ed a bheith acu n\u00f3 v\u00edosa cuairteora \u00f3 Cheanada a bheith acu le 10 mbliana anuas.<\/li>\n\n\n\n<li>B\u00edonn v\u00edosa cuairteora de dh\u00edth ar thaistealaithe a thagann isteach i gcarr, i mbus, i dtraein n\u00f3 i mb\u00e1d, lena n-\u00e1ir\u00edtear longa c\u00fars\u00e1la, seachas eTA.<\/li>\n<\/ul>\n<\/li>\n\n\n\n<li><strong>Teorainneacha Taistil<\/strong> :\n<ul class=\"wp-block-list\">\n<li>N\u00ed cheada\u00edonn eTA duit oibri\u00fa n\u00f3 staid\u00e9ar a dh\u00e9anamh i gCeanada. M\u00e1 t\u00e1 s\u00e9 beartaithe agat obair n\u00f3 staid\u00e9ar a dh\u00e9anamh, n\u00ed m\u00f3r duit cur isteach ar na ceadanna cu\u00ed. <\/li>\n\n\n\n<li>N\u00ed r\u00e1tha\u00edonn eTA iontr\u00e1il go Ceanada. D\u00e9anfaidh oifigigh teorann meas\u00fan\u00fa ar d&#8217;inch\u00e1ilitheacht nuair a shroichfidh siad. <\/li>\n<\/ul>\n<\/li>\n\n\n\n<li><strong>Bail\u00edocht<\/strong> :<br\/> Nuair a bheidh s\u00e9 ceadaithe, t\u00e1 eTA nasctha le do phas agus fanann s\u00e9 bail\u00ed le haghaidh iontr\u00e1lacha iolracha, ar an gcoinn\u00edoll go bhfanann do phas bail\u00ed. Taisteal i gc\u00f3na\u00ed leis an bpas c\u00e9anna a d\u2019\u00fas\u00e1id t\u00fa do d\u2019iarratas eTA. <\/li>\n<\/ol>\n\n<h4 class=\"wp-block-heading\">Cosain T\u00fa F\u00e9in \u00f3 Chams<\/h4>\n\n<p>B\u00ed ar an airdeall ar l\u00e1ithre\u00e1in ghr\u00e9as\u00e1in chalaoiseacha n\u00f3 daoine aonair a bhfuil geall\u00faint\u00ed iontr\u00e1il r\u00e1thaithe, oibre n\u00f3 deiseanna staid\u00e9ir i gCeanada ag s\u00fail leo. D\u00e9an iarratas ach tr\u00ed shu\u00edomh Gr\u00e9as\u00e1in oifigi\u00fail Rialtas Cheanada agus seachain faisn\u00e9is phearsanta a roinnt le foins\u00ed neamhfh\u00edoraithe. Is f\u00e9idir iarmhairt\u00ed tromch\u00faiseacha dl\u00edthi\u00fala a bheith ag m\u00edfhaisn\u00e9is n\u00f3 calaois.  <\/p>\n\n<h4 class=\"wp-block-heading\">Sula nd\u00e9anfaidh t\u00fa Iarratas<\/h4>\n\n<ul class=\"wp-block-list\">\n<li>Cinntigh go bhfuil pas bail\u00ed agat, c\u00e1rta creidmheasa n\u00f3 c\u00e1rta dochair, agus seoladh r\u00edomhphoist.<\/li>\n\n\n\n<li>L\u00e9igh an doicim\u00e9ad cabhrach feidhmchl\u00e1ir at\u00e1 ar f\u00e1il i dteangacha \u00e9ags\u00fala mar threoir.<\/li>\n\n\n\n<li>D\u00e9an iarratas ar eTA <strong>roimh<\/strong> d\u2019eitilt a chur in \u00e1irithe chun moill a sheachaint.<\/li>\n<\/ul>\n\n<p>C\u00e9im riachtanach do thaistealaithe inch\u00e1ilithe at\u00e1 ag plean\u00e1il cuairt a thabhairt ar Cheanada is ea cur isteach ar eTA. Tr\u00edd an bpr\u00f3iseas a thuiscint agus d\u2019iarratas a ullmh\u00fa go c\u00faramach, is f\u00e9idir leat a chinnti\u00fa go mb\u00edonn turas r\u00e9idh gan dua agat. <\/p>\n","protected":false},"excerpt":{"rendered":"<p>Maidir leis an bPr\u00f3iseas um \u00dadar\u00fa Leictreonach Taistil (eTA). Is ceanglas iontr\u00e1la \u00e9 an t\u00dadar\u00fa Leictreonach Taistil (eTA) do n\u00e1isi\u00fanaigh [&hellip;]<\/p>\n","protected":false},"author":1,"featured_media":0,"parent":0,"menu_order":0,"comment_status":"closed","ping_status":"closed","template":"","meta":{"_uag_custom_page_level_css":"","site-sidebar-layout":"default","site-content-layout":"","ast-site-content-layout":"","site-content-style":"default","site-sidebar-style":"default","ast-global-header-display":"","ast-banner-title-visibility":"","ast-main-header-display":"","ast-hfb-above-header-display":"","ast-hfb-below-header-display":"","ast-hfb-mobile-header-display":"","site-post-title":"","ast-breadcrumbs-content":"","ast-featured-img":"","footer-sml-layout":"","theme-transparent-header-meta":"","adv-header-id-meta":"","stick-header-meta":"","header-above-stick-meta":"","header-main-stick-meta":"","header-below-stick-meta":"","astra-migrate-meta-layouts":"default","ast-page-background-enabled":"default","ast-page-background-meta":{"desktop":{"background-color":"var(--ast-global-color-4)","background-image":"","background-repeat":"repeat","background-position":"center center","background-size":"auto","background-attachment":"scroll","background-type":"","background-media":"","overlay-type":"","overlay-color":"","overlay-opacity":"","overlay-gradient":""},"tablet":{"background-color":"","background-image":"","background-repeat":"repeat","background-position":"center center","background-size":"auto","background-attachment":"scroll","background-type":"","background-media":"","overlay-type":"","overlay-color":"","overlay-opacity":"","overlay-gradient":""},"mobile":{"background-color":"","background-image":"","background-repeat":"repeat","background-position":"center center","background-size":"auto","background-attachment":"scroll","background-type":"","background-media":"","overlay-type":"","overlay-color":"","overlay-opacity":"","overlay-gradient":""}},"ast-content-background-meta":{"desktop":{"background-color":"var(--ast-global-color-5)","background-image":"","background-repeat":"repeat","background-position":"center center","background-size":"auto","background-attachment":"scroll","background-type":"","background-media":"","overlay-type":"","overlay-color":"","overlay-opacity":"","overlay-gradient":""},"tablet":{"background-color":"var(--ast-global-color-5)","background-image":"","background-repeat":"repeat","background-position":"center center","background-size":"auto","background-attachment":"scroll","background-type":"","background-media":"","overlay-type":"","overlay-color":"","overlay-opacity":"","overlay-gradient":""},"mobile":{"background-color":"var(--ast-global-color-5)","background-image":"","background-repeat":"repeat","background-position":"center center","background-size":"auto","background-attachment":"scroll","background-type":"","background-media":"","overlay-type":"","overlay-color":"","overlay-opacity":"","overlay-gradient":""}},"footnotes":""},"categories":[],"tags":[],"class_list":["post-305","page","type-page","status-publish","hentry"],"uagb_featured_image_src":{"full":false,"thumbnail":false,"medium":false,"medium_large":false,"large":false,"1536x1536":false,"2048x2048":false},"uagb_author_info":{"display_name":"admin","author_link":"https:\/\/www.etafast.org\/ga\/author\/admin\/"},"uagb_comment_info":0,"uagb_excerpt":"Maidir leis an bPr\u00f3iseas um \u00dadar\u00fa Leictreonach Taistil (eTA). Is ceanglas iontr\u00e1la \u00e9 an t\u00dadar\u00fa Leictreonach Taistil (eTA) do n\u00e1isi\u00fanaigh [&hellip;]","_links":{"self":[{"href":"https:\/\/www.etafast.org\/ga\/wp-json\/wp\/v2\/pages\/305","targetHints":{"allow":["GET"]}}],"collection":[{"href":"https:\/\/www.etafast.org\/ga\/wp-json\/wp\/v2\/pages"}],"about":[{"href":"https:\/\/www.etafast.org\/ga\/wp-json\/wp\/v2\/types\/page"}],"author":[{"embeddable":true,"href":"https:\/\/www.etafast.org\/ga\/wp-json\/wp\/v2\/users\/1"}],"replies":[{"embeddable":true,"href":"https:\/\/www.etafast.org\/ga\/wp-json\/wp\/v2\/comments?post=305"}],"version-history":[{"count":1,"href":"https:\/\/www.etafast.org\/ga\/wp-json\/wp\/v2\/pages\/305\/revisions"}],"predecessor-version":[{"id":306,"href":"https:\/\/www.etafast.org\/ga\/wp-json\/wp\/v2\/pages\/305\/revisions\/306"}],"wp:attachment":[{"href":"https:\/\/www.etafast.org\/ga\/wp-json\/wp\/v2\/media?parent=305"}],"wp:term":[{"taxonomy":"category","embeddable":true,"href":"https:\/\/www.etafast.org\/ga\/wp-json\/wp\/v2\/categories?post=305"},{"taxonomy":"post_tag","embeddable":true,"href":"https:\/\/www.etafast.org\/ga\/wp-json\/wp\/v2\/tags?post=305"}],"curies":[{"name":"wp","href":"https:\/\/api.w.org\/{rel}","templated":true}]}}