{"id":1557,"date":"2024-12-11T08:24:51","date_gmt":"2024-12-11T07:24:51","guid":{"rendered":"https:\/\/www.etafast.org\/ce-ata-in-ann-iarratas-a-dheanamh\/"},"modified":"2024-12-11T09:16:32","modified_gmt":"2024-12-11T08:16:32","slug":"ce-ata-in-ann-iarratas-a-dheanamh","status":"publish","type":"page","link":"https:\/\/www.etafast.org\/ga\/ce-ata-in-ann-iarratas-a-dheanamh\/","title":{"rendered":"C\u00e9 at\u00e1 in ann iarratas a dh\u00e9anamh"},"content":{"rendered":"\n<h3 class=\"wp-block-heading\">C\u00e9 at\u00e1 in ann Iarratas a Dh\u00e9anamh ar \u00dadar\u00fa Leictreonach Taistil (eTA)<\/h3>\n\n<p>Is ceanglas taistil \u00e9 an t\u00dadar\u00fa Taistil Leictreonach (eTA) do dhaoine aonair \u00e1irithe a bh\u00edonn ag taisteal go Ceanada d&#8217;aer n\u00f3 a th\u00e9ann tr\u00edthi. Seo miondeal\u00fa mionsonraithe ar c\u00e9 at\u00e1 i dteideal iarratas a dh\u00e9anamh: <\/p>\n\n<h4 class=\"wp-block-heading\"><strong>Crit\u00e9ir Ch\u00e1ilitheachta le haghaidh eTA<\/strong><\/h4>\n\n<p>F\u00e9adfaidh t\u00fa cur isteach ar eTA m\u00e1 chomhl\u00edonann t\u00fa <strong>gach ceann de na tr\u00ed riachtanas seo a leanas<\/strong> :<\/p>\n\n<ol class=\"wp-block-list\">\n<li><strong>Stair Taistil san am a chuaigh thart<\/strong> :<ul><li>Bh\u00ed v\u00edosa cuairteora Cheanada (v\u00edosa c\u00f3naitheach sealadach) agat le 10 mbliana anuas, N\u00d3<\/li><li>T\u00e1 v\u00edosa bail\u00ed neamh-inimirceach de chuid na St\u00e1t Aontaithe (SAM) agat faoi l\u00e1thair.<\/li><\/ul><em>(Caithfidh do v\u00edosa neamh-inimirceach SAM a bheith bail\u00ed ar an l\u00e1 a dh\u00e9anann t\u00fa iarratas ar eTA, ach n\u00ed g\u00e1 go bhfanfaidh s\u00e9 bail\u00ed le haghaidh do thaisteal go Ceanada.)<\/em><\/li>\n\n\n\n<li><strong>Aidhm an Taistil<\/strong> :\n<ul class=\"wp-block-list\">\n<li>T\u00e1 t\u00fa ag teacht go Ceanada le haghaidh <strong>fanacht sealadach<\/strong> , suas le s\u00e9 mh\u00ed de ghn\u00e1th.<\/li>\n<\/ul>\n<\/li>\n\n\n\n<li><strong>M\u00f3d Taistil<\/strong> :\n<ul class=\"wp-block-list\">\n<li>T\u00e1 t\u00fa ag eitilt go dt\u00ed aerfort i gCeanada n\u00f3 ag d\u00e9anamh iompair tr\u00edd aerfort Cheanada a bhfuil pas bail\u00ed aige \u00f3 cheann de na <strong>t\u00edortha inch\u00e1ilithe a bhfuil v\u00edosa ag teast\u00e1il uathu<\/strong> .<\/li>\n<\/ul>\n<\/li>\n<\/ol>\n\n<h4 class=\"wp-block-heading\"><strong>T\u00edortha at\u00e1 Inch\u00e1ilithe le V\u00edosa<\/strong><\/h4>\n\n<p>F\u00e9adfaidh saor\u00e1naigh de na t\u00edortha seo a leanas cur isteach ar eTA m\u00e1 chomhl\u00edonann siad na crit\u00e9ir thuas:<\/p>\n\n<ul class=\"wp-block-list\">\n<li>Antigua agus Barb\u00fada<\/li>\n\n\n\n<li>an Airgint\u00edn<\/li>\n\n\n\n<li>an Bhrasa\u00edl<\/li>\n\n\n\n<li>C\u00f3sta R\u00edce<\/li>\n\n\n\n<li>Meicsiceo<\/li>\n\n\n\n<li>Marac\u00f3<\/li>\n\n\n\n<li>Panama<\/li>\n\n\n\n<li>hOile\u00e1in Fhilip\u00edneacha<\/li>\n\n\n\n<li>San Cr\u00edost\u00f3ir-Nimheas<\/li>\n\n\n\n<li>St Lucia<\/li>\n\n\n\n<li>Naomh Uinseann agus na Grean\u00e1id\u00edn\u00ed<\/li>\n\n\n\n<li>Na S\u00e9is\u00e9il<\/li>\n\n\n\n<li>T\u00e9alainn<\/li>\n\n\n\n<li>Oile\u00e1n na Tr\u00edon\u00f3ide agus Tob\u00e1ga<\/li>\n\n\n\n<li>Uragua<\/li>\n<\/ul>\n\n<p>Mura gcomhl\u00edonann t\u00fa na ceanglais seo go l\u00e9ir, beidh ort iarratas a dh\u00e9anamh ar v\u00edosa cuairteora (v\u00edosa c\u00f3naitheach sealadach) ina ionad sin.<\/p>\n\n<hr class=\"wp-block-separator has-alpha-channel-opacity\"\/>\n\n<h3 class=\"wp-block-heading\"><strong>C\u00e9 A Bhfuil eTA de dh\u00edth air?<\/strong><\/h3>\n\n<ul class=\"wp-block-list\">\n<li><strong>Saor\u00e1naigh SAM<\/strong> :<br\/> T\u00e1 saor\u00e1naigh SAM d\u00edolmhaithe \u00f3n gceanglas eTA. N\u00ed g\u00e1 d\u00f3ibh ach pas bail\u00ed SAM a th\u00edolacadh. <\/li>\n\n\n\n<li><strong>Saor\u00e1naigh Cheanada (D\u00e9-shaor\u00e1naigh san \u00e1ireamh)<\/strong> :<br\/> N\u00ed f\u00e9idir le saor\u00e1naigh Cheanada iarratas a dh\u00e9anamh ar eTA. Caithfidh siad taisteal le pas bail\u00ed Ceanadach. Caithfidh d\u00e9shaor\u00e1naigh a bpas Ceanadach a \u00fas\u00e1id freisin agus iad ag eitilt go Ceanada.  <\/li>\n\n\n\n<li><strong>C\u00f3naitheoir\u00ed Buan Cheanada<\/strong> :<br> N\u00ed f\u00e9idir le buanch\u00f3naitheoir\u00ed Cheanada iarratas a dh\u00e9anamh ar eTA. Ina \u00e1it sin, caithfidh siad taisteal le: \n<ul class=\"wp-block-list\">\n<li>C\u00e1rta buanch\u00f3naitheoir bail\u00ed, N\u00d3<\/li>\n\n\n\n<li>Doicim\u00e9ad taistil do ch\u00f3naitheoir buan.<\/li>\n<\/ul>\n<\/li>\n\n\n\n<li><strong>Buanch\u00f3naitheoir\u00ed dleathacha na St\u00e1t Aontaithe<\/strong> :<br> \u00d3n 26 Aibre\u00e1n, 2022, t\u00e1 buanch\u00f3naitheoir\u00ed dleathacha SAM d\u00edolmhaithe \u00f3n gceanglas eTA. Caithfidh siad: \n<ul class=\"wp-block-list\">\n<li>Pas bail\u00ed \u00f3na dt\u00edr n\u00e1isi\u00fantachta, agus<\/li>\n\n\n\n<li>C\u00e1rta Glas bail\u00ed SAM n\u00f3 cruth\u00fanas coibh\u00e9iseach ar st\u00e1das.<\/li>\n<\/ul>\n<\/li>\n<\/ul>\n\n<hr class=\"wp-block-separator has-alpha-channel-opacity\"\/>\n\n<h3 class=\"wp-block-heading\"><strong>C\u00e1sanna Taistil agus Riachtanais Doicim\u00e9ad<\/strong><\/h3>\n\n<figure class=\"wp-block-table\"><table class=\"has-fixed-layout\"><thead><tr><th><strong>Conas at\u00e1 T\u00fa ag Taisteal go Ceanada<\/strong><\/th><th><strong>Doicim\u00e9ad(\u00ed) Riachtanach<\/strong><\/th><\/tr><\/thead><tbody><tr><td>Eitilt go dt\u00ed aerfort Cheanada n\u00f3 a th\u00e9ann tr\u00ed aerfort Cheanada, agus inch\u00e1ilithe le haghaidh eTA<\/td><td>eTA n\u00f3 v\u00edosa cuairteora<\/td><\/tr><tr><td>Eitilt go dt\u00ed aerfort Cheanada n\u00f3 \u00e9 a dh\u00e9anamh tr\u00ed aerfort Cheanada, agus NACH bhfuil s\u00e9 inch\u00e1ilithe do eTA<\/td><td>V\u00edosa cuairteora<\/td><\/tr><tr><td>Teacht i gcarr, bus, traein n\u00f3 b\u00e1d (lena n-\u00e1ir\u00edtear longa c\u00fars\u00e1la)<\/td><td>V\u00edosa cuairteora<\/td><\/tr><tr><td>Taisteal go Ceanada le v\u00edosa bail\u00ed Cheanada<\/td><td>N\u00edl g\u00e1 le eTA \u2013 bain \u00fas\u00e1id as an v\u00edosa<\/td><\/tr><tr><td>Ag eitilt ar ais go Ceanada tar \u00e9is duit do chead oibre n\u00f3 staid\u00e9ir a athnuachan<\/td><td>Sol\u00e1thra\u00edodh athnuachan cead\u00fanais do eTA<\/td><\/tr><tr><td>Ag taisteal go Ceanada chun obair n\u00f3 staid\u00e9ar a dh\u00e9anamh ar feadh n\u00edos m\u00f3 n\u00e1 6 mh\u00ed<\/td><td>Cead oibre n\u00f3 staid\u00e9ir ( v\u00edosa san \u00e1ireamh)<\/td><\/tr><\/tbody><\/table><\/figure>\n\n<hr class=\"wp-block-separator has-alpha-channel-opacity\"\/>\n\n<h3 class=\"wp-block-heading\"><strong>Nithe \u200b\u200bT\u00e1bhachtach<\/strong><\/h3>\n\n<ul class=\"wp-block-list\">\n<li><strong>Bunriachtanais<\/strong> : Chun dul isteach i gCeanada, n\u00ed m\u00f3r duit crit\u00e9ir iontr\u00e1la ghinear\u00e1lta a chomhl\u00edonadh, lena n-\u00e1ir\u00edtear doicim\u00e9id taistil bhail\u00ed, dea-shl\u00e1inte, taca\u00edocht airgeadais, agus naisc l\u00e1idre le do th\u00edr dh\u00fachais.<\/li>\n\n\n\n<li><strong>Neamh-inghlacthacht<\/strong> : D\u2019fh\u00e9adfa\u00ed a mheas go bhfuil daoine aonair a bhfuil baint acu le gn\u00edomha\u00edocht choiri\u00fail, bagairt\u00ed sl\u00e1nd\u00e1la, n\u00f3 saincheisteanna \u00e1irithe sl\u00e1inte agus airgeadais neamh-inghlactha do Cheanada, fi\u00fa le eTA bail\u00ed.<\/li>\n<\/ul>\n\n<p>T\u00e1 an eTA deartha chun aerthaisteal go Ceanada a shimpli\u00fa do dhaoine aonair inch\u00e1ilithe. B\u00ed cinnte athbhreithni\u00fa a dh\u00e9anamh ar na riachtanais go c\u00faramach agus iarratas a dh\u00e9anamh i bhfad roimh do thuras beartaithe. <\/p>\n","protected":false},"excerpt":{"rendered":"<p>C\u00e9 at\u00e1 in ann Iarratas a Dh\u00e9anamh ar \u00dadar\u00fa Leictreonach Taistil (eTA) Is ceanglas taistil \u00e9 an t\u00dadar\u00fa Taistil Leictreonach [&hellip;]<\/p>\n","protected":false},"author":1,"featured_media":0,"parent":0,"menu_order":0,"comment_status":"closed","ping_status":"closed","template":"","meta":{"_uag_custom_page_level_css":"","site-sidebar-layout":"default","site-content-layout":"","ast-site-content-layout":"","site-content-style":"default","site-sidebar-style":"default","ast-global-header-display":"","ast-banner-title-visibility":"","ast-main-header-display":"","ast-hfb-above-header-display":"","ast-hfb-below-header-display":"","ast-hfb-mobile-header-display":"","site-post-title":"","ast-breadcrumbs-content":"","ast-featured-img":"","footer-sml-layout":"","theme-transparent-header-meta":"","adv-header-id-meta":"","stick-header-meta":"","header-above-stick-meta":"","header-main-stick-meta":"","header-below-stick-meta":"","astra-migrate-meta-layouts":"default","ast-page-background-enabled":"default","ast-page-background-meta":{"desktop":{"background-color":"var(--ast-global-color-4)","background-image":"","background-repeat":"repeat","background-position":"center center","background-size":"auto","background-attachment":"scroll","background-type":"","background-media":"","overlay-type":"","overlay-color":"","overlay-opacity":"","overlay-gradient":""},"tablet":{"background-color":"","background-image":"","background-repeat":"repeat","background-position":"center center","background-size":"auto","background-attachment":"scroll","background-type":"","background-media":"","overlay-type":"","overlay-color":"","overlay-opacity":"","overlay-gradient":""},"mobile":{"background-color":"","background-image":"","background-repeat":"repeat","background-position":"center center","background-size":"auto","background-attachment":"scroll","background-type":"","background-media":"","overlay-type":"","overlay-color":"","overlay-opacity":"","overlay-gradient":""}},"ast-content-background-meta":{"desktop":{"background-color":"var(--ast-global-color-5)","background-image":"","background-repeat":"repeat","background-position":"center center","background-size":"auto","background-attachment":"scroll","background-type":"","background-media":"","overlay-type":"","overlay-color":"","overlay-opacity":"","overlay-gradient":""},"tablet":{"background-color":"var(--ast-global-color-5)","background-image":"","background-repeat":"repeat","background-position":"center center","background-size":"auto","background-attachment":"scroll","background-type":"","background-media":"","overlay-type":"","overlay-color":"","overlay-opacity":"","overlay-gradient":""},"mobile":{"background-color":"var(--ast-global-color-5)","background-image":"","background-repeat":"repeat","background-position":"center center","background-size":"auto","background-attachment":"scroll","background-type":"","background-media":"","overlay-type":"","overlay-color":"","overlay-opacity":"","overlay-gradient":""}},"footnotes":""},"categories":[],"tags":[],"class_list":["post-1557","page","type-page","status-publish","hentry"],"uagb_featured_image_src":{"full":false,"thumbnail":false,"medium":false,"medium_large":false,"large":false,"1536x1536":false,"2048x2048":false},"uagb_author_info":{"display_name":"admin","author_link":"https:\/\/www.etafast.org\/ga\/author\/admin\/"},"uagb_comment_info":0,"uagb_excerpt":"C\u00e9 at\u00e1 in ann Iarratas a Dh\u00e9anamh ar \u00dadar\u00fa Leictreonach Taistil (eTA) Is ceanglas taistil \u00e9 an t\u00dadar\u00fa Taistil Leictreonach [&hellip;]","_links":{"self":[{"href":"https:\/\/www.etafast.org\/ga\/wp-json\/wp\/v2\/pages\/1557","targetHints":{"allow":["GET"]}}],"collection":[{"href":"https:\/\/www.etafast.org\/ga\/wp-json\/wp\/v2\/pages"}],"about":[{"href":"https:\/\/www.etafast.org\/ga\/wp-json\/wp\/v2\/types\/page"}],"author":[{"embeddable":true,"href":"https:\/\/www.etafast.org\/ga\/wp-json\/wp\/v2\/users\/1"}],"replies":[{"embeddable":true,"href":"https:\/\/www.etafast.org\/ga\/wp-json\/wp\/v2\/comments?post=1557"}],"version-history":[{"count":1,"href":"https:\/\/www.etafast.org\/ga\/wp-json\/wp\/v2\/pages\/1557\/revisions"}],"predecessor-version":[{"id":1558,"href":"https:\/\/www.etafast.org\/ga\/wp-json\/wp\/v2\/pages\/1557\/revisions\/1558"}],"wp:attachment":[{"href":"https:\/\/www.etafast.org\/ga\/wp-json\/wp\/v2\/media?parent=1557"}],"wp:term":[{"taxonomy":"category","embeddable":true,"href":"https:\/\/www.etafast.org\/ga\/wp-json\/wp\/v2\/categories?post=1557"},{"taxonomy":"post_tag","embeddable":true,"href":"https:\/\/www.etafast.org\/ga\/wp-json\/wp\/v2\/tags?post=1557"}],"curies":[{"name":"wp","href":"https:\/\/api.w.org\/{rel}","templated":true}]}}