{"id":1373,"date":"2024-12-11T08:26:43","date_gmt":"2024-12-11T07:26:43","guid":{"rendered":"https:\/\/www.etafast.org\/leathnaigh-do-fanacht-i-gceanada\/"},"modified":"2024-12-11T09:13:50","modified_gmt":"2024-12-11T08:13:50","slug":"leathnaigh-do-fanacht-i-gceanada","status":"publish","type":"page","link":"https:\/\/www.etafast.org\/ga\/leathnaigh-do-fanacht-i-gceanada\/","title":{"rendered":"Leathnaigh do Fanacht i gCeanada"},"content":{"rendered":"\n<h3 class=\"wp-block-heading\">Extend Your Stay in Canada: Taifead Cuairteoir\u00ed<\/h3>\n\n<p>M\u00e1s mian leat fanacht i gCeanada n\u00edos faide n\u00e1 do thr\u00e9imhse \u00fadaraithe tosaigh mar chuairteoir, beidh ort iarratas a dh\u00e9anamh ar <strong>thaifead cuairteora<\/strong> . Is doicim\u00e9ad riachtanach \u00e9 taifead cuairteora a chuireann ar do chumas do chuid fanachta a fhad\u00fa gan rialacha inimirce a sh\u00e1r\u00fa. <\/p>\n\n<hr class=\"wp-block-separator has-alpha-channel-opacity\"\/>\n\n<h3 class=\"wp-block-heading\"><strong>Cad is Taifead Cuairteora ann?<\/strong><\/h3>\n\n<p><strong>N\u00ed v\u00edosa<\/strong> \u00e9 taifead cuairteora. Ina \u00e1it sin, is doicim\u00e9ad oifigi\u00fail \u00e9: <\/p>\n\n<ul class=\"wp-block-list\">\n<li>Tugann s\u00e9 \u00fadar\u00fa duit fanacht i gCeanada n\u00edos faide mar <strong>chuairteoir<\/strong> , mar oibr\u00ed at\u00e1 \u00fadaraithe oibri\u00fa gan chead\u00fanas, n\u00f3 mar mhac l\u00e9inn at\u00e1 \u00fadaraithe chun staid\u00e9ar a dh\u00e9anamh gan chead\u00fanas.<\/li>\n\n\n\n<li>Sonra\u00edonn s\u00e9 d\u00e1ta \u00e9aga nua, faoina gcaithfidh t\u00fa Ceanada a fh\u00e1g\u00e1il.<\/li>\n<\/ul>\n\n<hr class=\"wp-block-separator has-alpha-channel-opacity\"\/>\n\n<h3 class=\"wp-block-heading\"><strong>Cathain ba cheart Iarratas a Dh\u00e9anamh ar Thaifead Cuairteora<\/strong><\/h3>\n\n<p>N\u00ed m\u00f3r duit iarratas a dh\u00e9anamh ar thaifead cuairteora <strong>sula dt\u00e9ann do st\u00e1das reatha in \u00e9ag<\/strong> .<\/p>\n\n<ul class=\"wp-block-list\">\n<li>Seice\u00e1il stampa do phas n\u00f3 an deimhni\u00fa scr\u00edofa maidir le do fhad fanachta ceadaithe a eis\u00edodh nuair a th\u00e1inig t\u00fa isteach i gCeanada.<\/li>\n\n\n\n<li>Murar sol\u00e1thra\u00edodh d\u00e1ta ar leith, go hiond\u00fail t\u00e9ann do st\u00e1das in \u00e9ag <strong>6 mh\u00ed tar \u00e9is do dh\u00e1ta teachta<\/strong> .<\/li>\n<\/ul>\n\n<hr class=\"wp-block-separator has-alpha-channel-opacity\"\/>\n\n<h3 class=\"wp-block-heading\"><strong>C\u00e9 at\u00e1 in ann Iarratas a Dh\u00e9anamh ar Thaifead Cuairteora?<\/strong><\/h3>\n\n<p>Is f\u00e9idir leat iarratas a dh\u00e9anamh ar thaifead cuairteora m\u00e1 t\u00e1:<\/p>\n\n<ul class=\"wp-block-list\">\n<li>Th\u00e1inig t\u00fa isteach i gCeanada le v\u00edosa cuairteora, eTA, n\u00f3 doicim\u00e9ad taistil bail\u00ed eile, agus anois t\u00e1 t\u00fa ag iarraidh do thr\u00e9imhse \u00fadaraithe a sh\u00edneadh.<\/li>\n\n\n\n<li>Faoi l\u00e1thair i gCeanada mar chuairteoir, oibr\u00ed, n\u00f3 mac l\u00e9inn gan chead\u00fanas, agus ba mhaith leat a leathn\u00fa do st\u00e1das.<\/li>\n<\/ul>\n\n<hr class=\"wp-block-separator has-alpha-channel-opacity\"\/>\n\n<h3 class=\"wp-block-heading\"><strong>Conas Iarratas a Dh\u00e9anamh ar Thaifead Cuairteora<\/strong><\/h3>\n\n<p>\u00c1ir\u00edtear na c\u00e9imeanna seo a leanas sa phr\u00f3iseas chun iarratas a dh\u00e9anamh ar thaifead cuairteora:<\/p>\n\n<ol class=\"wp-block-list\">\n<li><strong>Ullmhaigh Do Dhoicim\u00e9id<\/strong> :\n<ul class=\"wp-block-list\">\n<li>Pas n\u00f3 doicim\u00e9ad taistil bail\u00ed (cinntigh go bhfuil s\u00e9 bail\u00ed ar feadh fad do fanachta s\u00ednte).<\/li>\n\n\n\n<li>Cruth\u00fanas ar chist\u00ed leordh\u00f3thanacha chun tac\u00fa leat f\u00e9in le linn an fhanachta s\u00ednte.<\/li>\n\n\n\n<li>M\u00edni\u00fa soil\u00e9ir ar an bhf\u00e1th ar mhaith leat do chuairte i gCeanada a fhad\u00fa.<\/li>\n<\/ul>\n<\/li>\n\n\n\n<li><strong>Cuir isteach d&#8217;iarratas ar l\u00edne<\/strong> :\n<ul class=\"wp-block-list\">\n<li>Comhl\u00e1naigh an fhoirm iarratais tr\u00ed <a>thairseach an IRCC<\/a> .<\/li>\n\n\n\n<li>\u00cdoc an t\u00e1ille iarratais, ag tos\u00fa ar <strong>$100<\/strong> .<\/li>\n<\/ul>\n<\/li>\n\n\n\n<li><strong>D\u00e9an Iarratas Luath<\/strong> :\n<ul class=\"wp-block-list\">\n<li>T\u00e1 an t-am pr\u00f3ise\u00e1la thart ar <strong>126 l\u00e1<\/strong> , mar sin t\u00e1 s\u00e9 riachtanach iarratas a dh\u00e9anamh i bhfad sula dt\u00e9ann do st\u00e1das reatha in \u00e9ag.<\/li>\n\n\n\n<li>M\u00e1 th\u00e9ann do st\u00e1das in \u00e9ag agus d\u2019iarratas \u00e1 dh\u00e9anamh, beidh <strong>st\u00e1das intuigthe<\/strong> agat agus f\u00e9adfaidh t\u00fa fanacht go dl\u00edthi\u00fail i gCeanada go dt\u00ed go nd\u00e9anfar cinneadh.<\/li>\n<\/ul>\n<\/li>\n<\/ol>\n\n<hr class=\"wp-block-separator has-alpha-channel-opacity\"\/>\n\n<h3 class=\"wp-block-heading\"><strong>Tar \u00e9is duit Iarratas a Dh\u00e9anamh<\/strong><\/h3>\n\n<ul class=\"wp-block-list\">\n<li><strong>Faomhadh<\/strong> : M\u00e1 fhaomhtar d\u2019iarratas, gheobhaidh t\u00fa taifead cuairteora ag sonr\u00fa do dh\u00e1ta \u00e9aga nua.<\/li>\n\n\n\n<li><strong>Di\u00falt\u00fa<\/strong> : M\u00e1 dhi\u00falta\u00edtear d\u2019iarratas, n\u00ed m\u00f3r duit Ceanada a fh\u00e1g\u00e1il l\u00e1ithreach.<\/li>\n\n\n\n<li><strong>St\u00e1das intuigthe<\/strong> : Agus t\u00fa ag fanacht le cinneadh, f\u00e9adfaidh t\u00fa fanacht go dl\u00edthi\u00fail i gCeanada m\u00e1 rinne t\u00fa iarratas sula dt\u00e9ann do st\u00e1das in \u00e9ag.<\/li>\n<\/ul>\n\n<hr class=\"wp-block-separator has-alpha-channel-opacity\"\/>\n\n<h3 class=\"wp-block-heading\"><strong>Ag Taisteal Lasmuigh de Cheanada<\/strong><\/h3>\n\n<p><strong>N\u00ed r\u00e1tha\u00edonn taifead cuairteora athiontr\u00e1il go Ceanada<\/strong> . M\u00e1 fh\u00e1gann t\u00fa Ceanada le linn do chuairte s\u00ednte agus m\u00e1 bhearta\u00edonn t\u00fa filleadh, beidh: <\/p>\n\n<ul class=\"wp-block-list\">\n<li><strong>V\u00edosa bail\u00ed cuairteora<\/strong> n\u00f3 <strong>eTA<\/strong> chun dul isteach ar\u00eds i gCeanada, agus<\/li>\n\n\n\n<li>Do thaifead cuairteora chun do sh\u00edneadh fanachta \u00fadaraithe a chruth\u00fa.<\/li>\n<\/ul>\n\n<hr class=\"wp-block-separator has-alpha-channel-opacity\"\/>\n\n<h3 class=\"wp-block-heading\"><strong>Pr\u00edomhth\u00e1ill\u00ed agus Amanna Pr\u00f3ise\u00e1la<\/strong><\/h3>\n\n<ul class=\"wp-block-list\">\n<li><strong>T\u00e1ill\u00ed<\/strong> : Ag tos\u00fa \u00f3 <strong>$100<\/strong> le haghaidh feidhmchl\u00e1r taifead cuairteora.<\/li>\n\n\n\n<li><strong>Am Pr\u00f3ise\u00e1la<\/strong> : Thart ar <strong>126 l\u00e1<\/strong> (faoi r\u00e9ir athraithe).<\/li>\n<\/ul>\n\n<hr class=\"wp-block-separator has-alpha-channel-opacity\"\/>\n\n<h3 class=\"wp-block-heading\"><strong>N\u00f3ta\u00ed T\u00e1bhachtacha<\/strong><\/h3>\n\n<ul class=\"wp-block-list\">\n<li>Cinntigh go bhfanann do phas bail\u00ed ar feadh fad do chuairte.<\/li>\n\n\n\n<li>N\u00ed cheada\u00edonn taifead cuairteora duit oibri\u00fa n\u00f3 staid\u00e9ar a dh\u00e9anamh i gCeanada. Beidh cead oibre n\u00f3 cead staid\u00e9ir uait le haghaidh na ngn\u00edomha\u00edochta\u00ed sin. <\/li>\n\n\n\n<li>M\u00e1 th\u00e9ann t\u00fa thar do thr\u00e9imhse \u00fadaraithe gan iarratas a dh\u00e9anamh ar sh\u00edneadh, d\u2019fh\u00e9adfa\u00ed pion\u00f3is dl\u00ed a ghearradh agus d\u2019fh\u00e9adfadh s\u00e9 cur isteach ar thaisteal go Ceanada amach anseo.<\/li>\n<\/ul>\n\n<p>T\u00e1 g\u00e1 le hullmh\u00fa agus le hiarratas a chur isteach go tr\u00e1th\u00fail chun do fanacht i gCeanada a fhad\u00fa. Tr\u00ed chlo\u00ed leis an bpr\u00f3iseas, is f\u00e9idir leat fanacht n\u00edos faide agus t\u00fa ag clo\u00ed le dl\u00edthe inimirce Cheanada. <\/p>\n","protected":false},"excerpt":{"rendered":"<p>Extend Your Stay in Canada: Taifead Cuairteoir\u00ed M\u00e1s mian leat fanacht i gCeanada n\u00edos faide n\u00e1 do thr\u00e9imhse \u00fadaraithe tosaigh [&hellip;]<\/p>\n","protected":false},"author":1,"featured_media":0,"parent":0,"menu_order":0,"comment_status":"closed","ping_status":"closed","template":"","meta":{"_uag_custom_page_level_css":"","site-sidebar-layout":"default","site-content-layout":"","ast-site-content-layout":"","site-content-style":"default","site-sidebar-style":"default","ast-global-header-display":"","ast-banner-title-visibility":"","ast-main-header-display":"","ast-hfb-above-header-display":"","ast-hfb-below-header-display":"","ast-hfb-mobile-header-display":"","site-post-title":"","ast-breadcrumbs-content":"","ast-featured-img":"","footer-sml-layout":"","theme-transparent-header-meta":"","adv-header-id-meta":"","stick-header-meta":"","header-above-stick-meta":"","header-main-stick-meta":"","header-below-stick-meta":"","astra-migrate-meta-layouts":"default","ast-page-background-enabled":"default","ast-page-background-meta":{"desktop":{"background-color":"var(--ast-global-color-4)","background-image":"","background-repeat":"repeat","background-position":"center center","background-size":"auto","background-attachment":"scroll","background-type":"","background-media":"","overlay-type":"","overlay-color":"","overlay-opacity":"","overlay-gradient":""},"tablet":{"background-color":"","background-image":"","background-repeat":"repeat","background-position":"center center","background-size":"auto","background-attachment":"scroll","background-type":"","background-media":"","overlay-type":"","overlay-color":"","overlay-opacity":"","overlay-gradient":""},"mobile":{"background-color":"","background-image":"","background-repeat":"repeat","background-position":"center center","background-size":"auto","background-attachment":"scroll","background-type":"","background-media":"","overlay-type":"","overlay-color":"","overlay-opacity":"","overlay-gradient":""}},"ast-content-background-meta":{"desktop":{"background-color":"var(--ast-global-color-5)","background-image":"","background-repeat":"repeat","background-position":"center center","background-size":"auto","background-attachment":"scroll","background-type":"","background-media":"","overlay-type":"","overlay-color":"","overlay-opacity":"","overlay-gradient":""},"tablet":{"background-color":"var(--ast-global-color-5)","background-image":"","background-repeat":"repeat","background-position":"center center","background-size":"auto","background-attachment":"scroll","background-type":"","background-media":"","overlay-type":"","overlay-color":"","overlay-opacity":"","overlay-gradient":""},"mobile":{"background-color":"var(--ast-global-color-5)","background-image":"","background-repeat":"repeat","background-position":"center center","background-size":"auto","background-attachment":"scroll","background-type":"","background-media":"","overlay-type":"","overlay-color":"","overlay-opacity":"","overlay-gradient":""}},"footnotes":""},"categories":[],"tags":[],"class_list":["post-1373","page","type-page","status-publish","hentry"],"uagb_featured_image_src":{"full":false,"thumbnail":false,"medium":false,"medium_large":false,"large":false,"1536x1536":false,"2048x2048":false},"uagb_author_info":{"display_name":"admin","author_link":"https:\/\/www.etafast.org\/ga\/author\/admin\/"},"uagb_comment_info":0,"uagb_excerpt":"Extend Your Stay in Canada: Taifead Cuairteoir\u00ed M\u00e1s mian leat fanacht i gCeanada n\u00edos faide n\u00e1 do thr\u00e9imhse \u00fadaraithe tosaigh [&hellip;]","_links":{"self":[{"href":"https:\/\/www.etafast.org\/ga\/wp-json\/wp\/v2\/pages\/1373","targetHints":{"allow":["GET"]}}],"collection":[{"href":"https:\/\/www.etafast.org\/ga\/wp-json\/wp\/v2\/pages"}],"about":[{"href":"https:\/\/www.etafast.org\/ga\/wp-json\/wp\/v2\/types\/page"}],"author":[{"embeddable":true,"href":"https:\/\/www.etafast.org\/ga\/wp-json\/wp\/v2\/users\/1"}],"replies":[{"embeddable":true,"href":"https:\/\/www.etafast.org\/ga\/wp-json\/wp\/v2\/comments?post=1373"}],"version-history":[{"count":1,"href":"https:\/\/www.etafast.org\/ga\/wp-json\/wp\/v2\/pages\/1373\/revisions"}],"predecessor-version":[{"id":1374,"href":"https:\/\/www.etafast.org\/ga\/wp-json\/wp\/v2\/pages\/1373\/revisions\/1374"}],"wp:attachment":[{"href":"https:\/\/www.etafast.org\/ga\/wp-json\/wp\/v2\/media?parent=1373"}],"wp:term":[{"taxonomy":"category","embeddable":true,"href":"https:\/\/www.etafast.org\/ga\/wp-json\/wp\/v2\/categories?post=1373"},{"taxonomy":"post_tag","embeddable":true,"href":"https:\/\/www.etafast.org\/ga\/wp-json\/wp\/v2\/tags?post=1373"}],"curies":[{"name":"wp","href":"https:\/\/api.w.org\/{rel}","templated":true}]}}