{"id":971,"date":"2024-12-11T08:30:38","date_gmt":"2024-12-11T07:30:38","guid":{"rendered":"https:\/\/www.etafast.org\/transit-a-travers-le-canada\/"},"modified":"2024-12-11T09:07:36","modified_gmt":"2024-12-11T08:07:36","slug":"transit-a-travers-le-canada","status":"publish","type":"page","link":"https:\/\/www.etafast.org\/fr\/transit-a-travers-le-canada\/","title":{"rendered":"Transit \u00e0 travers le Canada"},"content":{"rendered":"\n<p>Si vous vous rendez dans un autre pays et devez transiter par le Canada, les documents requis d\u00e9pendent de plusieurs facteurs, notamment de votre mode de transport, de la dur\u00e9e de votre s\u00e9jour, de votre nationalit\u00e9 et de votre statut d&rsquo;immigrant. Vous trouverez ci-dessous un guide complet qui vous aidera \u00e0 d\u00e9terminer ce dont vous avez besoin pour transiter en douceur par le Canada. <\/p>\n\n<hr class=\"wp-block-separator has-alpha-channel-opacity\"\/>\n\n<h3 class=\"wp-block-heading\"><strong>Les facteurs qui d\u00e9terminent vos besoins en mati\u00e8re de transport en commun<\/strong><\/h3>\n\n<ol class=\"wp-block-list\">\n<li><strong>Mode de transport<\/strong>:\n<ul class=\"wp-block-list\">\n<li>Par avion (vols internationaux avec correspondance dans les a\u00e9roports canadiens).<\/li>\n\n\n\n<li>En voiture, en bus, en train ou en bateau (y compris les bateaux de croisi\u00e8re).<\/li>\n<\/ul>\n<\/li>\n\n\n\n<li><strong>Dur\u00e9e du transit<\/strong>:\n<ul class=\"wp-block-list\">\n<li>Moins de 48 heures.<\/li>\n\n\n\n<li>Plus de 48 heures.<\/li>\n<\/ul>\n<\/li>\n\n\n\n<li><strong>Nationalit\u00e9 et statut d&rsquo;immigration<\/strong>:\n<ul class=\"wp-block-list\">\n<li>Le pays de votre passeport.<\/li>\n\n\n\n<li>Que vous soyez citoyen am\u00e9ricain, r\u00e9sident permanent l\u00e9gal ou d\u00e9tenteur d&rsquo;un visa am\u00e9ricain valide.<\/li>\n<\/ul>\n<\/li>\n<\/ol>\n\n<hr class=\"wp-block-separator has-alpha-channel-opacity\"\/>\n\n<h3 class=\"wp-block-heading\"><strong>Options de documents pour le transit \u00e0 travers le Canada<\/strong><\/h3>\n\n<h4 class=\"wp-block-heading\"><strong>1. Visa de visiteur<\/strong><\/h4>\n\n<p>Vous avez besoin d&rsquo;un <strong>visa de visiteur<\/strong> si<\/p>\n\n<ul class=\"wp-block-list\">\n<li>Vous \u00eates originaire d&rsquo;un <strong>pays soumis \u00e0 l&rsquo;obligation de visa<\/strong> et vous pr\u00e9voyez de vous rendre dans ce pays :\n<ul class=\"wp-block-list\">\n<li>Visitez le Canada, m\u00eame si c&rsquo;est pour moins de 48 heures.<\/li>\n\n\n\n<li>S\u00e9journer au Canada pendant <strong>plus de 48 heures<\/strong> lors d&rsquo;un transit.<\/li>\n<\/ul>\n<\/li>\n\n\n\n<li>Vous voyagez en <strong>bus, en voiture, en train, en bateau ou en bateau de croisi\u00e8re<\/strong> depuis un pays soumis \u00e0 l&rsquo;obligation de visa.<\/li>\n<\/ul>\n\n<p><\/p>\n\n<hr class=\"wp-block-separator has-alpha-channel-opacity\"\/>\n\n<h4 class=\"wp-block-heading\"><strong>2. Visa de transit<\/strong><\/h4>\n\n<p>Vous avez besoin d&rsquo;un <strong>visa de transit<\/strong> si<\/p>\n\n<ul class=\"wp-block-list\">\n<li>Vous \u00eates originaire d&rsquo;un <strong>pays soumis \u00e0 l&rsquo;obligation de visa<\/strong> et :\n<ul class=\"wp-block-list\">\n<li>Votre vol international s&rsquo;arr\u00eate dans un a\u00e9roport canadien en route vers une autre destination.<\/li>\n\n\n\n<li>Vous \u00eates en correspondance entre deux vols internationaux dans un ou plusieurs a\u00e9roports canadiens.<\/li>\n\n\n\n<li>Votre transit dure <strong>48 heures ou moins.<\/strong><\/li>\n\n\n\n<li>Vous n&rsquo;avez pas de visa de visiteur valide.<\/li>\n\n\n\n<li>Vous n&rsquo;avez pas droit \u00e0 une eTA.<\/li>\n<\/ul>\n<\/li>\n<\/ul>\n\n<p><\/p>\n\n<hr class=\"wp-block-separator has-alpha-channel-opacity\"\/>\n\n<h4 class=\"wp-block-heading\"><strong>3. Autorisation de voyage \u00e9lectronique (eTA)<\/strong><\/h4>\n\n<p>Vous avez besoin d&rsquo;une <strong>eTA<\/strong> si<\/p>\n\n<ul class=\"wp-block-list\">\n<li>Vous \u00eates originaire d&rsquo;un <strong>pays soumis \u00e0 l&rsquo;obligation d&rsquo;eTA<\/strong> et :\n<ul class=\"wp-block-list\">\n<li>Transiter par le Canada par voie a\u00e9rienne.<\/li>\n\n\n\n<li>Votre transit fait partie d&rsquo;un vol international avec correspondance.<\/li>\n<\/ul>\n<\/li>\n<\/ul>\n\n<p><strong>Exceptions<\/strong>:<\/p>\n\n<ul class=\"wp-block-list\">\n<li>Vous n&rsquo;avez pas besoin d&rsquo;une eTA si vous voyagez en train, en bus, en bateau ou en bateau de croisi\u00e8re, mais vous devez avoir des documents de voyage valides.<\/li>\n<\/ul>\n\n<p><\/p>\n\n<hr class=\"wp-block-separator has-alpha-channel-opacity\"\/>\n\n<h4 class=\"wp-block-heading\"><strong>4. Transit sans visa<\/strong><\/h4>\n\n<ul class=\"wp-block-list\">\n<li><strong>Citoyens am\u00e9ricains et r\u00e9sidents permanents l\u00e9gaux<\/strong>:<br>Les citoyens am\u00e9ricains et les d\u00e9tenteurs de la carte verte am\u00e9ricaine peuvent transiter par le Canada sans visa en avion, en voiture, en bus, en train ou en bateau. Assurez-vous d&rsquo;avoir sur vous \n<ul class=\"wp-block-list\">\n<li>Un passeport ou un document de voyage en cours de validit\u00e9.<\/li>\n\n\n\n<li>Une carte verte am\u00e9ricaine en cours de validit\u00e9 (pour les r\u00e9sidents permanents l\u00e9gaux).<\/li>\n<\/ul>\n<\/li>\n\n\n\n<li><strong>Titulaires de passeports de pays sp\u00e9cifiques<\/strong>:<br\/>Les citoyens de <strong>Chine, d&rsquo;Indon\u00e9sie, des Philippines, de Tha\u00eflande<\/strong> ou de <strong>Ta\u00efwan<\/strong> (sans num\u00e9ro d&rsquo;identification personnel) peuvent transiter sans visa s&rsquo;ils remplissent certaines conditions.<\/li>\n<\/ul>\n\n<p><\/p>\n\n<hr class=\"wp-block-separator has-alpha-channel-opacity\"\/>\n\n<h3 class=\"wp-block-heading\"><strong>Documents \u00e0 emporter<\/strong><\/h3>\n\n<p>Lorsque vous transitez par le Canada, pr\u00e9parez toujours les documents suivants :<\/p>\n\n<ul class=\"wp-block-list\">\n<li>Un passeport ou un document de voyage en cours de validit\u00e9 pour l&rsquo;ensemble de votre voyage.<\/li>\n\n\n\n<li>Un visa, un visa de transit ou un eTA en cours de validit\u00e9 (le cas \u00e9ch\u00e9ant).<\/li>\n\n\n\n<li>Pour les r\u00e9sidents permanents des \u00c9tats-Unis : Une carte verte valide ou une preuve \u00e9quivalente de votre statut.<\/li>\n\n\n\n<li>Une preuve de la poursuite du voyage, telle que des billets d&rsquo;avion ou un itin\u00e9raire.<\/li>\n<\/ul>\n\n<hr class=\"wp-block-separator has-alpha-channel-opacity\"\/>\n\n<h3 class=\"wp-block-heading\"><strong>Notes cl\u00e9s<\/strong><\/h3>\n\n<ul class=\"wp-block-list\">\n<li><strong>Dur\u00e9e du transit<\/strong>: Si votre transit dure plus de 48 heures, vous aurez besoin d&rsquo;un visa de visiteur.<\/li>\n\n\n\n<li><strong>Mode d&rsquo;entr\u00e9e<\/strong>: l&rsquo;eTA est n\u00e9cessaire pour les voyages a\u00e9riens, mais pas pour les voyages terrestres ou maritimes.<\/li>\n\n\n\n<li><strong>Demande anticip\u00e9e<\/strong>: Demandez les documents requis bien avant la date de votre voyage pour \u00e9viter les retards.<\/li>\n<\/ul>\n\n<p>En vous assurant d&rsquo;avoir les bons documents, vous pourrez traverser le Canada sans encombre et vous concentrer sur votre destination finale.<\/p>\n","protected":false},"excerpt":{"rendered":"<p>Si vous vous rendez dans un autre pays et devez transiter par le Canada, les documents requis d\u00e9pendent de plusieurs [&hellip;]<\/p>\n","protected":false},"author":1,"featured_media":0,"parent":0,"menu_order":0,"comment_status":"closed","ping_status":"closed","template":"","meta":{"_uag_custom_page_level_css":"","site-sidebar-layout":"default","site-content-layout":"","ast-site-content-layout":"","site-content-style":"default","site-sidebar-style":"default","ast-global-header-display":"","ast-banner-title-visibility":"","ast-main-header-display":"","ast-hfb-above-header-display":"","ast-hfb-below-header-display":"","ast-hfb-mobile-header-display":"","site-post-title":"","ast-breadcrumbs-content":"","ast-featured-img":"","footer-sml-layout":"","theme-transparent-header-meta":"","adv-header-id-meta":"","stick-header-meta":"","header-above-stick-meta":"","header-main-stick-meta":"","header-below-stick-meta":"","astra-migrate-meta-layouts":"default","ast-page-background-enabled":"default","ast-page-background-meta":{"desktop":{"background-color":"var(--ast-global-color-4)","background-image":"","background-repeat":"repeat","background-position":"center center","background-size":"auto","background-attachment":"scroll","background-type":"","background-media":"","overlay-type":"","overlay-color":"","overlay-opacity":"","overlay-gradient":""},"tablet":{"background-color":"","background-image":"","background-repeat":"repeat","background-position":"center center","background-size":"auto","background-attachment":"scroll","background-type":"","background-media":"","overlay-type":"","overlay-color":"","overlay-opacity":"","overlay-gradient":""},"mobile":{"background-color":"","background-image":"","background-repeat":"repeat","background-position":"center center","background-size":"auto","background-attachment":"scroll","background-type":"","background-media":"","overlay-type":"","overlay-color":"","overlay-opacity":"","overlay-gradient":""}},"ast-content-background-meta":{"desktop":{"background-color":"var(--ast-global-color-5)","background-image":"","background-repeat":"repeat","background-position":"center center","background-size":"auto","background-attachment":"scroll","background-type":"","background-media":"","overlay-type":"","overlay-color":"","overlay-opacity":"","overlay-gradient":""},"tablet":{"background-color":"var(--ast-global-color-5)","background-image":"","background-repeat":"repeat","background-position":"center center","background-size":"auto","background-attachment":"scroll","background-type":"","background-media":"","overlay-type":"","overlay-color":"","overlay-opacity":"","overlay-gradient":""},"mobile":{"background-color":"var(--ast-global-color-5)","background-image":"","background-repeat":"repeat","background-position":"center center","background-size":"auto","background-attachment":"scroll","background-type":"","background-media":"","overlay-type":"","overlay-color":"","overlay-opacity":"","overlay-gradient":""}},"footnotes":""},"categories":[],"tags":[],"class_list":["post-971","page","type-page","status-publish","hentry"],"uagb_featured_image_src":{"full":false,"thumbnail":false,"medium":false,"medium_large":false,"large":false,"1536x1536":false,"2048x2048":false},"uagb_author_info":{"display_name":"admin","author_link":"https:\/\/www.etafast.org\/fr\/author\/admin\/"},"uagb_comment_info":0,"uagb_excerpt":"Si vous vous rendez dans un autre pays et devez transiter par le Canada, les documents requis d\u00e9pendent de plusieurs [&hellip;]","_links":{"self":[{"href":"https:\/\/www.etafast.org\/fr\/wp-json\/wp\/v2\/pages\/971","targetHints":{"allow":["GET"]}}],"collection":[{"href":"https:\/\/www.etafast.org\/fr\/wp-json\/wp\/v2\/pages"}],"about":[{"href":"https:\/\/www.etafast.org\/fr\/wp-json\/wp\/v2\/types\/page"}],"author":[{"embeddable":true,"href":"https:\/\/www.etafast.org\/fr\/wp-json\/wp\/v2\/users\/1"}],"replies":[{"embeddable":true,"href":"https:\/\/www.etafast.org\/fr\/wp-json\/wp\/v2\/comments?post=971"}],"version-history":[{"count":1,"href":"https:\/\/www.etafast.org\/fr\/wp-json\/wp\/v2\/pages\/971\/revisions"}],"predecessor-version":[{"id":972,"href":"https:\/\/www.etafast.org\/fr\/wp-json\/wp\/v2\/pages\/971\/revisions\/972"}],"wp:attachment":[{"href":"https:\/\/www.etafast.org\/fr\/wp-json\/wp\/v2\/media?parent=971"}],"wp:term":[{"taxonomy":"category","embeddable":true,"href":"https:\/\/www.etafast.org\/fr\/wp-json\/wp\/v2\/categories?post=971"},{"taxonomy":"post_tag","embeddable":true,"href":"https:\/\/www.etafast.org\/fr\/wp-json\/wp\/v2\/tags?post=971"}],"curies":[{"name":"wp","href":"https:\/\/api.w.org\/{rel}","templated":true}]}}