{"id":307,"date":"2024-12-11T08:24:00","date_gmt":"2024-12-11T07:24:00","guid":{"rendered":"https:\/\/www.etafast.org\/a-propos-du-processus\/"},"modified":"2024-12-11T09:02:21","modified_gmt":"2024-12-11T08:02:21","slug":"a-propos-du-processus","status":"publish","type":"page","link":"https:\/\/www.etafast.org\/fr\/a-propos-du-processus\/","title":{"rendered":"\u00c0 propos du processus"},"content":{"rendered":"\n<h3 class=\"wp-block-heading\">\u00c0 propos de la proc\u00e9dure d&rsquo;autorisation de voyage \u00e9lectronique (eTA)<\/h3>\n\n<p>L&rsquo;autorisation de voyage \u00e9lectronique (AVE) est une condition d&rsquo;entr\u00e9e pour les ressortissants \u00e9trangers exempt\u00e9s de visa qui voyagent ou transitent par le Canada par voie a\u00e9rienne. Il s&rsquo;agit d&rsquo;une proc\u00e9dure en ligne rapide et simple, con\u00e7ue pour renforcer la s\u00e9curit\u00e9 aux fronti\u00e8res tout en garantissant un voyage sans encombre aux personnes \u00e9ligibles.<\/p>\n\n<h4 class=\"wp-block-heading\">Qu&rsquo;est-ce qu&rsquo;un eTA ?<\/h4>\n\n<p>Une eTA est une autorisation de voyage li\u00e9e \u00e9lectroniquement \u00e0 votre passeport. Il est valable jusqu&rsquo;\u00e0 cinq ans ou jusqu&rsquo;\u00e0 l&rsquo;expiration de votre passeport, selon la premi\u00e8re \u00e9ventualit\u00e9. L&rsquo;eTA vous permet de vous rendre au Canada pour de courts s\u00e9jours (g\u00e9n\u00e9ralement jusqu&rsquo;\u00e0 six mois) \u00e0 des fins de tourisme, d&rsquo;affaires ou de transit.<\/p>\n\n<h4 class=\"wp-block-heading\">Points cl\u00e9s \u00e0 conna\u00eetre sur la proc\u00e9dure eTA :<\/h4>\n\n<ol class=\"wp-block-list\">\n<li><strong>Demande simple en ligne<\/strong>:<br\/>La proc\u00e9dure de demande d&rsquo;eTA se d\u00e9roule enti\u00e8rement en ligne. Il n&rsquo;est pas n\u00e9cessaire de remplir des papiers ou de se rendre sur place, ce qui en fait une option pratique pour les voyageurs.<\/li>\n\n\n\n<li><strong>Frais abordables<\/strong>:<br\/>La demande d&rsquo;eTA ne co\u00fbte que 7 dollars canadiens. Cette taxe est pay\u00e9e en ligne lors de la proc\u00e9dure de candidature.<\/li>\n\n\n\n<li><strong>Traitement rapide<\/strong>:<br\/>La plupart des demandes d&rsquo;eTA sont approuv\u00e9es en quelques minutes. Toutefois, certaines demandes peuvent prendre plus de temps si des documents suppl\u00e9mentaires sont requis. Dans ce cas, les candidats recevront des instructions par courrier \u00e9lectronique dans les 72 heures.<\/li>\n\n\n\n<li><strong>Conditions d&rsquo;\u00e9ligibilit\u00e9<\/strong>:\n<ul class=\"wp-block-list\">\n<li>Les ressortissants \u00e9trangers exempt\u00e9s de visa qui prennent un vol \u00e0 destination du Canada ou qui transitent par le Canada ont besoin d&rsquo;une eTA.<\/li>\n\n\n\n<li>Certains voyageurs originaires de pays soumis \u00e0 l&rsquo;obligation de visa peuvent \u00e9galement b\u00e9n\u00e9ficier d&rsquo;une eTA s&rsquo;ils r\u00e9pondent \u00e0 des crit\u00e8res sp\u00e9cifiques, tels que la d\u00e9tention d&rsquo;un visa de non-immigrant am\u00e9ricain valide ou d&rsquo;un visa de visiteur canadien au cours des dix derni\u00e8res ann\u00e9es.<\/li>\n\n\n\n<li>Les voyageurs arrivant en voiture, en bus, en train ou en bateau, y compris les bateaux de croisi\u00e8re, ont besoin d&rsquo;un visa de visiteur au lieu d&rsquo;une eTA.<\/li>\n<\/ul>\n<\/li>\n\n\n\n<li><strong>Limitation des d\u00e9placements<\/strong>:\n<ul class=\"wp-block-list\">\n<li>L&rsquo;eTA ne vous permet pas de travailler ou d&rsquo;\u00e9tudier au Canada. Si vous pr\u00e9voyez de travailler ou d&rsquo;\u00e9tudier, vous devez demander les permis appropri\u00e9s.<\/li>\n\n\n\n<li>Une eTA ne garantit pas l&rsquo;entr\u00e9e au Canada. Les fonctionnaires des fronti\u00e8res \u00e9valueront votre \u00e9ligibilit\u00e9 \u00e0 votre arriv\u00e9e.<\/li>\n<\/ul>\n<\/li>\n\n\n\n<li><strong>Validit\u00e9<\/strong>:<br\/>Une fois approuv\u00e9e, une eTA est li\u00e9e \u00e0 votre passeport et reste valable pour de multiples entr\u00e9es, \u00e0 condition que votre passeport reste valide. Voyagez toujours avec le m\u00eame passeport que celui que vous avez utilis\u00e9 pour votre demande d&rsquo;eTA.<\/li>\n<\/ol>\n\n<h4 class=\"wp-block-heading\">Prot\u00e9gez-vous des escroqueries<\/h4>\n\n<p>M\u00e9fiez-vous des sites Web ou des personnes frauduleuses qui vous promettent des possibilit\u00e9s d&rsquo;entr\u00e9e, de travail ou d&rsquo;\u00e9tudes garanties au Canada. Postulez uniquement sur le site officiel du gouvernement du Canada et \u00e9vitez de communiquer des informations personnelles \u00e0 des sources non v\u00e9rifi\u00e9es. Une fausse d\u00e9claration ou une fraude peut avoir de graves cons\u00e9quences juridiques.<\/p>\n\n<h4 class=\"wp-block-heading\">Avant de poser votre candidature<\/h4>\n\n<ul class=\"wp-block-list\">\n<li>Assurez-vous de disposer d&rsquo;un passeport valide, d&rsquo;une carte de cr\u00e9dit ou de d\u00e9bit et d&rsquo;une adresse \u00e9lectronique.<\/li>\n\n\n\n<li>Lisez le document d&rsquo;aide de l&rsquo;application disponible en plusieurs langues pour obtenir des conseils.<\/li>\n\n\n\n<li>Demandez une eTA <strong>avant de<\/strong> r\u00e9server votre vol pour \u00e9viter les retards.<\/li>\n<\/ul>\n\n<p>La demande d&rsquo;eTA est une \u00e9tape essentielle pour les voyageurs \u00e9ligibles qui pr\u00e9voient de se rendre au Canada. En comprenant la proc\u00e9dure et en pr\u00e9parant soigneusement votre demande, vous pouvez vous assurer que votre voyage se d\u00e9roulera sans probl\u00e8me.<\/p>\n","protected":false},"excerpt":{"rendered":"<p>\u00c0 propos de la proc\u00e9dure d&rsquo;autorisation de voyage \u00e9lectronique (eTA) L&rsquo;autorisation de voyage \u00e9lectronique (AVE) est une condition d&rsquo;entr\u00e9e pour [&hellip;]<\/p>\n","protected":false},"author":1,"featured_media":0,"parent":0,"menu_order":0,"comment_status":"closed","ping_status":"closed","template":"","meta":{"_uag_custom_page_level_css":"","site-sidebar-layout":"default","site-content-layout":"","ast-site-content-layout":"","site-content-style":"default","site-sidebar-style":"default","ast-global-header-display":"","ast-banner-title-visibility":"","ast-main-header-display":"","ast-hfb-above-header-display":"","ast-hfb-below-header-display":"","ast-hfb-mobile-header-display":"","site-post-title":"","ast-breadcrumbs-content":"","ast-featured-img":"","footer-sml-layout":"","theme-transparent-header-meta":"","adv-header-id-meta":"","stick-header-meta":"","header-above-stick-meta":"","header-main-stick-meta":"","header-below-stick-meta":"","astra-migrate-meta-layouts":"default","ast-page-background-enabled":"default","ast-page-background-meta":{"desktop":{"background-color":"var(--ast-global-color-4)","background-image":"","background-repeat":"repeat","background-position":"center center","background-size":"auto","background-attachment":"scroll","background-type":"","background-media":"","overlay-type":"","overlay-color":"","overlay-opacity":"","overlay-gradient":""},"tablet":{"background-color":"","background-image":"","background-repeat":"repeat","background-position":"center center","background-size":"auto","background-attachment":"scroll","background-type":"","background-media":"","overlay-type":"","overlay-color":"","overlay-opacity":"","overlay-gradient":""},"mobile":{"background-color":"","background-image":"","background-repeat":"repeat","background-position":"center center","background-size":"auto","background-attachment":"scroll","background-type":"","background-media":"","overlay-type":"","overlay-color":"","overlay-opacity":"","overlay-gradient":""}},"ast-content-background-meta":{"desktop":{"background-color":"var(--ast-global-color-5)","background-image":"","background-repeat":"repeat","background-position":"center center","background-size":"auto","background-attachment":"scroll","background-type":"","background-media":"","overlay-type":"","overlay-color":"","overlay-opacity":"","overlay-gradient":""},"tablet":{"background-color":"var(--ast-global-color-5)","background-image":"","background-repeat":"repeat","background-position":"center center","background-size":"auto","background-attachment":"scroll","background-type":"","background-media":"","overlay-type":"","overlay-color":"","overlay-opacity":"","overlay-gradient":""},"mobile":{"background-color":"var(--ast-global-color-5)","background-image":"","background-repeat":"repeat","background-position":"center center","background-size":"auto","background-attachment":"scroll","background-type":"","background-media":"","overlay-type":"","overlay-color":"","overlay-opacity":"","overlay-gradient":""}},"footnotes":""},"categories":[],"tags":[],"class_list":["post-307","page","type-page","status-publish","hentry"],"uagb_featured_image_src":{"full":false,"thumbnail":false,"medium":false,"medium_large":false,"large":false,"1536x1536":false,"2048x2048":false},"uagb_author_info":{"display_name":"admin","author_link":"https:\/\/www.etafast.org\/fr\/author\/admin\/"},"uagb_comment_info":0,"uagb_excerpt":"\u00c0 propos de la proc\u00e9dure d&rsquo;autorisation de voyage \u00e9lectronique (eTA) L&rsquo;autorisation de voyage \u00e9lectronique (AVE) est une condition d&rsquo;entr\u00e9e pour [&hellip;]","_links":{"self":[{"href":"https:\/\/www.etafast.org\/fr\/wp-json\/wp\/v2\/pages\/307","targetHints":{"allow":["GET"]}}],"collection":[{"href":"https:\/\/www.etafast.org\/fr\/wp-json\/wp\/v2\/pages"}],"about":[{"href":"https:\/\/www.etafast.org\/fr\/wp-json\/wp\/v2\/types\/page"}],"author":[{"embeddable":true,"href":"https:\/\/www.etafast.org\/fr\/wp-json\/wp\/v2\/users\/1"}],"replies":[{"embeddable":true,"href":"https:\/\/www.etafast.org\/fr\/wp-json\/wp\/v2\/comments?post=307"}],"version-history":[{"count":1,"href":"https:\/\/www.etafast.org\/fr\/wp-json\/wp\/v2\/pages\/307\/revisions"}],"predecessor-version":[{"id":308,"href":"https:\/\/www.etafast.org\/fr\/wp-json\/wp\/v2\/pages\/307\/revisions\/308"}],"wp:attachment":[{"href":"https:\/\/www.etafast.org\/fr\/wp-json\/wp\/v2\/media?parent=307"}],"wp:term":[{"taxonomy":"category","embeddable":true,"href":"https:\/\/www.etafast.org\/fr\/wp-json\/wp\/v2\/categories?post=307"},{"taxonomy":"post_tag","embeddable":true,"href":"https:\/\/www.etafast.org\/fr\/wp-json\/wp\/v2\/tags?post=307"}],"curies":[{"name":"wp","href":"https:\/\/api.w.org\/{rel}","templated":true}]}}