{"id":1559,"date":"2024-12-11T08:24:51","date_gmt":"2024-12-11T07:24:51","guid":{"rendered":"https:\/\/www.etafast.org\/qui-peut-postuler\/"},"modified":"2024-12-11T09:16:32","modified_gmt":"2024-12-11T08:16:32","slug":"qui-peut-postuler","status":"publish","type":"page","link":"https:\/\/www.etafast.org\/fr\/qui-peut-postuler\/","title":{"rendered":"Qui peut postuler ?"},"content":{"rendered":"\n<h3 class=\"wp-block-heading\">Qui peut demander une autorisation de voyage \u00e9lectronique (eTA) ?<\/h3>\n\n<p>L&rsquo;autorisation de voyage \u00e9lectronique (AVE) est une exigence de voyage pour certaines personnes qui voyagent ou transitent par le Canada par voie a\u00e9rienne. Vous trouverez ci-dessous une description d\u00e9taill\u00e9e des personnes qui peuvent faire une demande d&rsquo;AVE : <\/p>\n\n<h4 class=\"wp-block-heading\"><strong>Crit\u00e8res d&rsquo;\u00e9ligibilit\u00e9 pour une eTA<\/strong><\/h4>\n\n<p>Vous pouvez demander une eTA si vous remplissez les <strong>trois conditions suivantes :<\/strong><\/p>\n\n<ol class=\"wp-block-list\">\n<li><strong>Historique des voyages<\/strong>:<ul><li>Vous avez \u00e9t\u00e9 titulaire d&rsquo;un visa de visiteur canadien (visa de r\u00e9sident temporaire) au cours des 10 derni\u00e8res ann\u00e9es, OU<\/li><li>Vous \u00eates actuellement titulaire d&rsquo;un visa de non-immigrant en cours de validit\u00e9 aux \u00c9tats-Unis (U.S.).<\/li><\/ul><em>(Votre visa de non-immigrant am\u00e9ricain doit \u00eatre valide le jour o\u00f9 vous demandez une AVE, mais il n&rsquo;est pas n\u00e9cessaire qu&rsquo;il le reste pendant votre voyage au Canada).<\/em><\/li>\n\n\n\n<li><strong>Objectif du voyage<\/strong>:\n<ul class=\"wp-block-list\">\n<li>Vous venez au Canada pour un <strong>s\u00e9jour temporaire<\/strong>, g\u00e9n\u00e9ralement d&rsquo;une dur\u00e9e maximale de six mois.<\/li>\n<\/ul>\n<\/li>\n\n\n\n<li><strong>Mode de d\u00e9placement<\/strong>:\n<ul class=\"wp-block-list\">\n<li>Vous vous rendez dans un a\u00e9roport canadien ou vous y transitez, muni d&rsquo;un passeport en cours de validit\u00e9 d&rsquo;un des <strong>pays \u00e9ligibles soumis \u00e0 l&rsquo;obligation de visa<\/strong>.<\/li>\n<\/ul>\n<\/li>\n<\/ol>\n\n<h4 class=\"wp-block-heading\"><strong>Pays \u00e9ligibles pour l&rsquo;obtention d&rsquo;un visa<\/strong><\/h4>\n\n<p>Les citoyens des pays suivants peuvent demander une eTA s&rsquo;ils r\u00e9pondent aux crit\u00e8res ci-dessus :<\/p>\n\n<ul class=\"wp-block-list\">\n<li>Antigua et Barbuda<\/li>\n\n\n\n<li>Argentine<\/li>\n\n\n\n<li>Br\u00e9sil<\/li>\n\n\n\n<li>Costa Rica<\/li>\n\n\n\n<li>Mexique<\/li>\n\n\n\n<li>Maroc<\/li>\n\n\n\n<li>Panama<\/li>\n\n\n\n<li>Philippines<\/li>\n\n\n\n<li>Saint-Kitts-et-Nevis<\/li>\n\n\n\n<li>Sainte-Lucie<\/li>\n\n\n\n<li>Saint-Vincent-et-les-Grenadines<\/li>\n\n\n\n<li>Seychelles<\/li>\n\n\n\n<li>Tha\u00eflande<\/li>\n\n\n\n<li>Trinit\u00e9-et-Tobago<\/li>\n\n\n\n<li>Uruguay<\/li>\n<\/ul>\n\n<p>Si vous ne remplissez pas toutes ces conditions, vous devrez demander un visa de visiteur (visa de r\u00e9sident temporaire).<\/p>\n\n<hr class=\"wp-block-separator has-alpha-channel-opacity\"\/>\n\n<h3 class=\"wp-block-heading\"><strong>Qui n&rsquo;a pas besoin d&rsquo;une eTA ?<\/strong><\/h3>\n\n<ul class=\"wp-block-list\">\n<li><strong>Citoyens am\u00e9ricains<\/strong>:<br\/>Les citoyens am\u00e9ricains sont dispens\u00e9s de l&rsquo;obligation d&rsquo;obtenir une eTA. Il leur suffit de pr\u00e9senter un passeport am\u00e9ricain en cours de validit\u00e9. <\/li>\n\n\n\n<li><strong>Citoyens canadiens (y compris les doubles citoyens)<\/strong>:<br\/>Les citoyens canadiens ne peuvent pas demander d&rsquo;eTA. Ils doivent voyager avec un passeport canadien valide. Les personnes ayant la double nationalit\u00e9 doivent \u00e9galement utiliser leur passeport canadien lorsqu&rsquo;elles se rendent au Canada.  <\/li>\n\n\n\n<li><strong>R\u00e9sidents permanents du<\/strong> Canada :<br>Les r\u00e9sidents permanents du Canada ne peuvent pas demander d&rsquo;eTA. Ils doivent donc voyager avec : \n<ul class=\"wp-block-list\">\n<li>Une carte de r\u00e9sident permanent en cours de validit\u00e9, OU<\/li>\n\n\n\n<li>Un document de voyage de r\u00e9sident permanent.<\/li>\n<\/ul>\n<\/li>\n\n\n\n<li><strong>R\u00e9sidents permanents l\u00e9gaux des \u00c9tats-Unis<\/strong>:<br>\u00c0 partir du 26 avril 2022, les r\u00e9sidents permanents l\u00e9gaux des \u00c9tats-Unis sont dispens\u00e9s de l&rsquo;obligation d&rsquo;obtenir une eTA. Ils doivent \u00eatre munis : \n<ul class=\"wp-block-list\">\n<li>Un passeport en cours de validit\u00e9 du pays dont ils ont la nationalit\u00e9, et<\/li>\n\n\n\n<li>Une carte verte am\u00e9ricaine en cours de validit\u00e9 ou une preuve \u00e9quivalente de votre statut.<\/li>\n<\/ul>\n<\/li>\n<\/ul>\n\n<hr class=\"wp-block-separator has-alpha-channel-opacity\"\/>\n\n<h3 class=\"wp-block-heading\"><strong>Sc\u00e9narios de voyage et exigences en mati\u00e8re de documents<\/strong><\/h3>\n\n<figure class=\"wp-block-table\"><table class=\"has-fixed-layout\"><thead><tr><th><strong>Comment vous voyagez au Canada<\/strong><\/th><th><strong>Document(s) requis<\/strong><\/th><\/tr><\/thead><tbody><tr><td>Vous vous rendez dans un a\u00e9roport canadien ou vous y transitez, et vous avez droit \u00e0 une eTA.<\/td><td>eTA ou visa de visiteur<\/td><\/tr><tr><td>Vous vous rendez dans un a\u00e9roport canadien ou vous y transitez, et vous n&rsquo;avez PAS droit \u00e0 une eTA.<\/td><td>Visa de visiteur<\/td><\/tr><tr><td>Arriv\u00e9e en voiture, en bus, en train ou en bateau (y compris les bateaux de croisi\u00e8re)<\/td><td>Visa de visiteur<\/td><\/tr><tr><td>Voyager au Canada avec un visa canadien valide<\/td><td>Pas d&rsquo;eTA n\u00e9cessaire &#8211; utilisez le visa<\/td><\/tr><tr><td>Retourner au Canada apr\u00e8s avoir renouvel\u00e9 votre permis de travail ou d&rsquo;\u00e9tudes<\/td><td>L&rsquo;eTA est fournie avec le renouvellement du permis<\/td><\/tr><tr><td>Vous vous rendez au Canada pour travailler ou \u00e9tudier pendant plus de 6 mois.<\/td><td>Permis de travail ou d&rsquo;\u00e9tudes (y compris un visa)<\/td><\/tr><\/tbody><\/table><\/figure>\n\n<hr class=\"wp-block-separator has-alpha-channel-opacity\"\/>\n\n<h3 class=\"wp-block-heading\"><strong>Consid\u00e9rations importantes<\/strong><\/h3>\n\n<ul class=\"wp-block-list\">\n<li><strong>Exigences de base<\/strong>: Pour entrer au Canada, vous devez satisfaire aux crit\u00e8res d&rsquo;entr\u00e9e g\u00e9n\u00e9raux, notamment disposer de documents de voyage valides, \u00eatre en bonne sant\u00e9, b\u00e9n\u00e9ficier d&rsquo;un soutien financier et avoir des liens \u00e9troits avec votre pays d&rsquo;origine.<\/li>\n\n\n\n<li><strong>Interdiction de territoire<\/strong>: Les personnes impliqu\u00e9es dans des activit\u00e9s criminelles, des menaces pour la s\u00e9curit\u00e9 ou certains probl\u00e8mes de sant\u00e9 ou financiers peuvent \u00eatre consid\u00e9r\u00e9es comme interdites de territoire au Canada, m\u00eame avec une eTA valide.<\/li>\n<\/ul>\n\n<p>L&rsquo;eTA est con\u00e7ue pour simplifier les voyages a\u00e9riens vers le Canada pour les personnes \u00e9ligibles. Veillez \u00e0 examiner attentivement les conditions requises et \u00e0 d\u00e9poser votre demande bien avant la date pr\u00e9vue de votre voyage. <\/p>\n","protected":false},"excerpt":{"rendered":"<p>Qui peut demander une autorisation de voyage \u00e9lectronique (eTA) ? L&rsquo;autorisation de voyage \u00e9lectronique (AVE) est une exigence de voyage [&hellip;]<\/p>\n","protected":false},"author":1,"featured_media":0,"parent":0,"menu_order":0,"comment_status":"closed","ping_status":"closed","template":"","meta":{"_uag_custom_page_level_css":"","site-sidebar-layout":"default","site-content-layout":"","ast-site-content-layout":"","site-content-style":"default","site-sidebar-style":"default","ast-global-header-display":"","ast-banner-title-visibility":"","ast-main-header-display":"","ast-hfb-above-header-display":"","ast-hfb-below-header-display":"","ast-hfb-mobile-header-display":"","site-post-title":"","ast-breadcrumbs-content":"","ast-featured-img":"","footer-sml-layout":"","theme-transparent-header-meta":"","adv-header-id-meta":"","stick-header-meta":"","header-above-stick-meta":"","header-main-stick-meta":"","header-below-stick-meta":"","astra-migrate-meta-layouts":"default","ast-page-background-enabled":"default","ast-page-background-meta":{"desktop":{"background-color":"var(--ast-global-color-4)","background-image":"","background-repeat":"repeat","background-position":"center center","background-size":"auto","background-attachment":"scroll","background-type":"","background-media":"","overlay-type":"","overlay-color":"","overlay-opacity":"","overlay-gradient":""},"tablet":{"background-color":"","background-image":"","background-repeat":"repeat","background-position":"center center","background-size":"auto","background-attachment":"scroll","background-type":"","background-media":"","overlay-type":"","overlay-color":"","overlay-opacity":"","overlay-gradient":""},"mobile":{"background-color":"","background-image":"","background-repeat":"repeat","background-position":"center center","background-size":"auto","background-attachment":"scroll","background-type":"","background-media":"","overlay-type":"","overlay-color":"","overlay-opacity":"","overlay-gradient":""}},"ast-content-background-meta":{"desktop":{"background-color":"var(--ast-global-color-5)","background-image":"","background-repeat":"repeat","background-position":"center center","background-size":"auto","background-attachment":"scroll","background-type":"","background-media":"","overlay-type":"","overlay-color":"","overlay-opacity":"","overlay-gradient":""},"tablet":{"background-color":"var(--ast-global-color-5)","background-image":"","background-repeat":"repeat","background-position":"center center","background-size":"auto","background-attachment":"scroll","background-type":"","background-media":"","overlay-type":"","overlay-color":"","overlay-opacity":"","overlay-gradient":""},"mobile":{"background-color":"var(--ast-global-color-5)","background-image":"","background-repeat":"repeat","background-position":"center center","background-size":"auto","background-attachment":"scroll","background-type":"","background-media":"","overlay-type":"","overlay-color":"","overlay-opacity":"","overlay-gradient":""}},"footnotes":""},"categories":[],"tags":[],"class_list":["post-1559","page","type-page","status-publish","hentry"],"uagb_featured_image_src":{"full":false,"thumbnail":false,"medium":false,"medium_large":false,"large":false,"1536x1536":false,"2048x2048":false},"uagb_author_info":{"display_name":"admin","author_link":"https:\/\/www.etafast.org\/fr\/author\/admin\/"},"uagb_comment_info":0,"uagb_excerpt":"Qui peut demander une autorisation de voyage \u00e9lectronique (eTA) ? L&rsquo;autorisation de voyage \u00e9lectronique (AVE) est une exigence de voyage [&hellip;]","_links":{"self":[{"href":"https:\/\/www.etafast.org\/fr\/wp-json\/wp\/v2\/pages\/1559","targetHints":{"allow":["GET"]}}],"collection":[{"href":"https:\/\/www.etafast.org\/fr\/wp-json\/wp\/v2\/pages"}],"about":[{"href":"https:\/\/www.etafast.org\/fr\/wp-json\/wp\/v2\/types\/page"}],"author":[{"embeddable":true,"href":"https:\/\/www.etafast.org\/fr\/wp-json\/wp\/v2\/users\/1"}],"replies":[{"embeddable":true,"href":"https:\/\/www.etafast.org\/fr\/wp-json\/wp\/v2\/comments?post=1559"}],"version-history":[{"count":1,"href":"https:\/\/www.etafast.org\/fr\/wp-json\/wp\/v2\/pages\/1559\/revisions"}],"predecessor-version":[{"id":1560,"href":"https:\/\/www.etafast.org\/fr\/wp-json\/wp\/v2\/pages\/1559\/revisions\/1560"}],"wp:attachment":[{"href":"https:\/\/www.etafast.org\/fr\/wp-json\/wp\/v2\/media?parent=1559"}],"wp:term":[{"taxonomy":"category","embeddable":true,"href":"https:\/\/www.etafast.org\/fr\/wp-json\/wp\/v2\/categories?post=1559"},{"taxonomy":"post_tag","embeddable":true,"href":"https:\/\/www.etafast.org\/fr\/wp-json\/wp\/v2\/tags?post=1559"}],"curies":[{"name":"wp","href":"https:\/\/api.w.org\/{rel}","templated":true}]}}