{"id":1457,"date":"2024-12-11T08:25:47","date_gmt":"2024-12-11T07:25:47","guid":{"rendered":"https:\/\/www.etafast.org\/avez-vous-besoin-dun-visa\/"},"modified":"2024-12-11T09:14:50","modified_gmt":"2024-12-11T08:14:50","slug":"avez-vous-besoin-dun-visa","status":"publish","type":"page","link":"https:\/\/www.etafast.org\/fr\/avez-vous-besoin-dun-visa\/","title":{"rendered":"Avez-vous besoin d&rsquo;un VISA ?"},"content":{"rendered":"\n<h3 class=\"wp-block-heading\">Comment savoir si vous avez besoin d&rsquo;un visa pour voyager au Canada ?<\/h3>\n\n<p>Le Canada exige des voyageurs qu&rsquo;ils soient munis d&rsquo;un <strong>visa de visiteur<\/strong> ou d&rsquo;une <strong>autorisation de voyage \u00e9lectronique (AVE)<\/strong> pour entrer ou transiter dans le pays, en fonction de leur nationalit\u00e9 et de leur mode de d\u00e9placement. Voici comment d\u00e9terminer ce dont vous avez besoin : <\/p>\n\n<hr class=\"wp-block-separator has-alpha-channel-opacity\"\/>\n\n<h3 class=\"wp-block-heading\"><strong>\u00c9tape 1 : V\u00e9rifiez votre nationalit\u00e9<\/strong><\/h3>\n\n<p>Le type de document de voyage dont vous avez besoin d\u00e9pend principalement de votre nationalit\u00e9. Les voyageurs appartiennent \u00e0 l&rsquo;une des trois cat\u00e9gories suivantes : <\/p>\n\n<ol class=\"wp-block-list\">\n<li><strong>Voyageurs exempt\u00e9s de visa (besoin d&rsquo;une eTA)<\/strong><br\/>Si vous \u00eates citoyen d&rsquo;un pays exempt\u00e9 de visa, vous avez besoin d&rsquo;une eTA si vous voyagez vers le Canada ou transitez par le Canada par voie a\u00e9rienne. Voici quelques exemples de pays exempt\u00e9s de visa <ul><li>Australie<\/li><li>Allemagne<\/li><li>Japon<\/li><li>Royaume-Uni<\/li><li>France<br\/><em>(Cette liste n&rsquo;est pas exhaustive).<\/em><\/li><\/ul><strong>Important<\/strong>: si vous entrez au Canada en voiture, en bus, en train ou en bateau, y compris en croisi\u00e8re, vous n&rsquo;avez PAS besoin d&rsquo;une eTA ou d&rsquo;un visa de visiteur.<\/li>\n\n\n\n<li><strong>Voyageurs soumis \u00e0 l&rsquo;obligation de visa (besoin d&rsquo;un visa de visiteur)<\/strong><br>Les citoyens des pays qui ne figurent pas sur la liste des pays exempt\u00e9s de visa doivent obtenir un visa de visiteur (\u00e9galement appel\u00e9 visa de r\u00e9sident temporaire) pour se rendre au Canada, quel que soit le mode de transport.<br>Voici quelques exemples de pays soumis \u00e0 l&rsquo;obligation de visa :\n<ul class=\"wp-block-list\">\n<li>Inde<\/li>\n\n\n\n<li>Chine<\/li>\n\n\n\n<li>Pakistan<br\/><em>(Cette liste n&rsquo;est pas exhaustive).<\/em><\/li>\n<\/ul>\n<\/li>\n\n\n\n<li><strong>Voyageurs \u00e9ligibles \u00e0 l&rsquo;obligation de visa (pouvant b\u00e9n\u00e9ficier d&rsquo;une eTA)<\/strong><br>Si vous \u00eates originaire d&rsquo;un pays soumis \u00e0 l&rsquo;obligation de visa mais que vous remplissez des conditions sp\u00e9cifiques, vous pouvez demander une eTA au lieu d&rsquo;un visa. Ces conditions sont les suivantes <ul><li>Vous \u00eates titulaire d&rsquo;un visa de non-immigrant am\u00e9ricain en cours de validit\u00e9, OU<\/li><li>Avoir \u00e9t\u00e9 titulaire d&rsquo;un visa de visiteur canadien au cours des 10 derni\u00e8res ann\u00e9es.<\/li><\/ul>Les pays \u00e9ligibles \u00e0 cette option sont les suivants\n<ul class=\"wp-block-list\">\n<li>Br\u00e9sil<\/li>\n\n\n\n<li>Mexique<\/li>\n\n\n\n<li>Philippines<br\/><em>(cette liste n&rsquo;est pas exhaustive).<\/em><\/li>\n<\/ul>\n<\/li>\n<\/ol>\n\n<hr class=\"wp-block-separator has-alpha-channel-opacity\"\/>\n\n<h3 class=\"wp-block-heading\"><strong>\u00c9tape 2 : R\u00e9fl\u00e9chissez \u00e0 votre mode de d\u00e9placement<\/strong><\/h3>\n\n<p>Le document de voyage dont vous avez besoin d\u00e9pend \u00e9galement de la mani\u00e8re dont vous entrez au Canada :<\/p>\n\n<figure class=\"wp-block-table\"><table class=\"has-fixed-layout\"><thead><tr><th><strong>Mode de transport<\/strong><\/th><th><strong>Exigence<\/strong><\/th><\/tr><\/thead><tbody><tr><td>Voler ou transiter par un a\u00e9roport canadien<\/td><td>eTA (pour les voyageurs exempt\u00e9s de visa) ou visa de visiteur<\/td><\/tr><tr><td>Entrer en voiture, en bus, en train ou en bateau (y compris une croisi\u00e8re)<\/td><td>Visa de visiteur (pour les voyageurs soumis \u00e0 l&rsquo;obligation de visa)<\/td><\/tr><tr><td>Vous voyagez avec un visa canadien valide<\/td><td>Pas d&rsquo;eTA n\u00e9cessaire ; utilisez votre visa<\/td><\/tr><\/tbody><\/table><\/figure>\n\n<hr class=\"wp-block-separator has-alpha-channel-opacity\"\/>\n\n<h3 class=\"wp-block-heading\"><strong>\u00c9tape 3 : Exceptions \u00e0 la r\u00e8gle<\/strong><\/h3>\n\n<ol class=\"wp-block-list\">\n<li><strong>Citoyens am\u00e9ricains<\/strong><br\/>Les citoyens am\u00e9ricains n&rsquo;ont PAS besoin d&rsquo;une eTA ou d&rsquo;un visa de visiteur. Ils ont seulement besoin d&rsquo;un passeport am\u00e9ricain valide. <\/li>\n\n\n\n<li><strong>Citoyens canadiens (y compris les personnes ayant la double nationalit\u00e9)<\/strong><br\/>Les citoyens canadiens ne peuvent pas demander d&rsquo;eTA ou de visa. Ils doivent voyager avec un passeport canadien valide. <\/li>\n\n\n\n<li><strong>R\u00e9sidents permanents canadiens<\/strong><br>Les r\u00e9sidents permanents du Canada ne peuvent pas demander d&rsquo;eTA. Ils doivent voyager avec : \n<ul class=\"wp-block-list\">\n<li>Une carte de r\u00e9sident permanent en cours de validit\u00e9, OU<\/li>\n\n\n\n<li>Un document de voyage de r\u00e9sident permanent.<\/li>\n<\/ul>\n<\/li>\n\n\n\n<li><strong>R\u00e9sidents permanents des \u00c9tats-Unis<\/strong><br>\u00c0 partir du 26 avril 2022, les r\u00e9sidents permanents l\u00e9gaux des \u00c9tats-Unis n&rsquo;auront pas besoin d&rsquo;une eTA. Ils doivent \u00eatre munis : \n<ul class=\"wp-block-list\">\n<li>Un passeport valide de leur nationalit\u00e9, ET<\/li>\n\n\n\n<li>Une carte verte en cours de validit\u00e9 ou une preuve \u00e9quivalente de votre statut.<\/li>\n<\/ul>\n<\/li>\n<\/ol>\n\n<hr class=\"wp-block-separator has-alpha-channel-opacity\"\/>\n\n<h3 class=\"wp-block-heading\"><strong>\u00c9tape 4 : Utiliser l&rsquo;outil du gouvernement du Canada<\/strong><\/h3>\n\n<p>Pour savoir si vous avez besoin d&rsquo;un visa ou d&rsquo;une eTA, vous pouvez utiliser l&rsquo;<a>outil<\/a> officiel du gouvernement du Canada <a>pour les documents de voyage<\/a>. Il vous suffit d&rsquo;indiquer votre nationalit\u00e9, votre mode de transport et le but de votre visite pour obtenir des r\u00e9sultats personnalis\u00e9s. <\/p>\n\n<hr class=\"wp-block-separator has-alpha-channel-opacity\"\/>\n\n<h3 class=\"wp-block-heading\"><strong>Notes finales<\/strong><\/h3>\n\n<ul class=\"wp-block-list\">\n<li>Veillez \u00e0 demander le bon document bien avant la date de votre voyage.<\/li>\n\n\n\n<li>La possession d&rsquo;un visa ou d&rsquo;une eTA ne garantit pas l&rsquo;entr\u00e9e au Canada. Vous devez convaincre l&rsquo;agent des services frontaliers que vous remplissez toutes les conditions d&rsquo;entr\u00e9e. <\/li>\n<\/ul>\n\n<p><\/p>\n","protected":false},"excerpt":{"rendered":"<p>Comment savoir si vous avez besoin d&rsquo;un visa pour voyager au Canada ? Le Canada exige des voyageurs qu&rsquo;ils soient [&hellip;]<\/p>\n","protected":false},"author":1,"featured_media":0,"parent":0,"menu_order":0,"comment_status":"closed","ping_status":"closed","template":"","meta":{"_uag_custom_page_level_css":"","site-sidebar-layout":"default","site-content-layout":"","ast-site-content-layout":"","site-content-style":"default","site-sidebar-style":"default","ast-global-header-display":"","ast-banner-title-visibility":"","ast-main-header-display":"","ast-hfb-above-header-display":"","ast-hfb-below-header-display":"","ast-hfb-mobile-header-display":"","site-post-title":"","ast-breadcrumbs-content":"","ast-featured-img":"","footer-sml-layout":"","theme-transparent-header-meta":"","adv-header-id-meta":"","stick-header-meta":"","header-above-stick-meta":"","header-main-stick-meta":"","header-below-stick-meta":"","astra-migrate-meta-layouts":"default","ast-page-background-enabled":"default","ast-page-background-meta":{"desktop":{"background-color":"var(--ast-global-color-4)","background-image":"","background-repeat":"repeat","background-position":"center center","background-size":"auto","background-attachment":"scroll","background-type":"","background-media":"","overlay-type":"","overlay-color":"","overlay-opacity":"","overlay-gradient":""},"tablet":{"background-color":"","background-image":"","background-repeat":"repeat","background-position":"center center","background-size":"auto","background-attachment":"scroll","background-type":"","background-media":"","overlay-type":"","overlay-color":"","overlay-opacity":"","overlay-gradient":""},"mobile":{"background-color":"","background-image":"","background-repeat":"repeat","background-position":"center center","background-size":"auto","background-attachment":"scroll","background-type":"","background-media":"","overlay-type":"","overlay-color":"","overlay-opacity":"","overlay-gradient":""}},"ast-content-background-meta":{"desktop":{"background-color":"var(--ast-global-color-5)","background-image":"","background-repeat":"repeat","background-position":"center center","background-size":"auto","background-attachment":"scroll","background-type":"","background-media":"","overlay-type":"","overlay-color":"","overlay-opacity":"","overlay-gradient":""},"tablet":{"background-color":"var(--ast-global-color-5)","background-image":"","background-repeat":"repeat","background-position":"center center","background-size":"auto","background-attachment":"scroll","background-type":"","background-media":"","overlay-type":"","overlay-color":"","overlay-opacity":"","overlay-gradient":""},"mobile":{"background-color":"var(--ast-global-color-5)","background-image":"","background-repeat":"repeat","background-position":"center center","background-size":"auto","background-attachment":"scroll","background-type":"","background-media":"","overlay-type":"","overlay-color":"","overlay-opacity":"","overlay-gradient":""}},"footnotes":""},"categories":[],"tags":[],"class_list":["post-1457","page","type-page","status-publish","hentry"],"uagb_featured_image_src":{"full":false,"thumbnail":false,"medium":false,"medium_large":false,"large":false,"1536x1536":false,"2048x2048":false},"uagb_author_info":{"display_name":"admin","author_link":"https:\/\/www.etafast.org\/fr\/author\/admin\/"},"uagb_comment_info":0,"uagb_excerpt":"Comment savoir si vous avez besoin d&rsquo;un visa pour voyager au Canada ? Le Canada exige des voyageurs qu&rsquo;ils soient [&hellip;]","_links":{"self":[{"href":"https:\/\/www.etafast.org\/fr\/wp-json\/wp\/v2\/pages\/1457","targetHints":{"allow":["GET"]}}],"collection":[{"href":"https:\/\/www.etafast.org\/fr\/wp-json\/wp\/v2\/pages"}],"about":[{"href":"https:\/\/www.etafast.org\/fr\/wp-json\/wp\/v2\/types\/page"}],"author":[{"embeddable":true,"href":"https:\/\/www.etafast.org\/fr\/wp-json\/wp\/v2\/users\/1"}],"replies":[{"embeddable":true,"href":"https:\/\/www.etafast.org\/fr\/wp-json\/wp\/v2\/comments?post=1457"}],"version-history":[{"count":1,"href":"https:\/\/www.etafast.org\/fr\/wp-json\/wp\/v2\/pages\/1457\/revisions"}],"predecessor-version":[{"id":1458,"href":"https:\/\/www.etafast.org\/fr\/wp-json\/wp\/v2\/pages\/1457\/revisions\/1458"}],"wp:attachment":[{"href":"https:\/\/www.etafast.org\/fr\/wp-json\/wp\/v2\/media?parent=1457"}],"wp:term":[{"taxonomy":"category","embeddable":true,"href":"https:\/\/www.etafast.org\/fr\/wp-json\/wp\/v2\/categories?post=1457"},{"taxonomy":"post_tag","embeddable":true,"href":"https:\/\/www.etafast.org\/fr\/wp-json\/wp\/v2\/tags?post=1457"}],"curies":[{"name":"wp","href":"https:\/\/api.w.org\/{rel}","templated":true}]}}