{"id":1375,"date":"2024-12-11T08:26:43","date_gmt":"2024-12-11T07:26:43","guid":{"rendered":"https:\/\/www.etafast.org\/prolongez-votre-sejour-au-canada\/"},"modified":"2024-12-11T09:13:50","modified_gmt":"2024-12-11T08:13:50","slug":"prolongez-votre-sejour-au-canada","status":"publish","type":"page","link":"https:\/\/www.etafast.org\/fr\/prolongez-votre-sejour-au-canada\/","title":{"rendered":"Prolongez votre s\u00e9jour au Canada"},"content":{"rendered":"\n<h3 class=\"wp-block-heading\">Prolongez votre s\u00e9jour au Canada : Fiche du visiteur<\/h3>\n\n<p>Si vous souhaitez rester au Canada plus longtemps que la p\u00e9riode initialement autoris\u00e9e en tant que visiteur, vous devez demander une <strong>fiche de visiteur<\/strong>. La fiche de visiteur est un document essentiel qui vous permet de prolonger votre s\u00e9jour sans enfreindre les r\u00e8gles d&rsquo;immigration. <\/p>\n\n<hr class=\"wp-block-separator has-alpha-channel-opacity\"\/>\n\n<h3 class=\"wp-block-heading\"><strong>Qu&rsquo;est-ce qu&rsquo;une fiche de visiteur ?<\/strong><\/h3>\n\n<p>Une fiche de visiteur <strong>n&rsquo;<\/strong>est <strong>pas un visa<\/strong>. Il s&rsquo;agit plut\u00f4t d&rsquo;un document officiel qui : <\/p>\n\n<ul class=\"wp-block-list\">\n<li>Vous autorise \u00e0 rester plus longtemps au Canada en tant que <strong>visiteur<\/strong>, travailleur autoris\u00e9 \u00e0 travailler sans permis ou \u00e9tudiant autoris\u00e9 \u00e0 \u00e9tudier sans permis.<\/li>\n\n\n\n<li>Indique une nouvelle date d&rsquo;expiration, \u00e0 laquelle vous devez quitter le Canada.<\/li>\n<\/ul>\n\n<hr class=\"wp-block-separator has-alpha-channel-opacity\"\/>\n\n<h3 class=\"wp-block-heading\"><strong>Quand demander une fiche de visiteur ?<\/strong><\/h3>\n\n<p>Vous devez demander une fiche de visiteur <strong>avant l&rsquo;expiration de votre statut actuel<\/strong>.<\/p>\n\n<ul class=\"wp-block-list\">\n<li>V\u00e9rifiez le cachet de votre passeport ou la confirmation \u00e9crite de la dur\u00e9e de votre s\u00e9jour autoris\u00e9e d\u00e9livr\u00e9e lors de votre entr\u00e9e au Canada.<\/li>\n\n\n\n<li>Si aucune date pr\u00e9cise n&rsquo;a \u00e9t\u00e9 indiqu\u00e9e, votre statut expire g\u00e9n\u00e9ralement <strong>6 mois apr\u00e8s votre date d&rsquo;arriv\u00e9e.<\/strong><\/li>\n<\/ul>\n\n<hr class=\"wp-block-separator has-alpha-channel-opacity\"\/>\n\n<h3 class=\"wp-block-heading\"><strong>Qui peut demander une fiche de visiteur ?<\/strong><\/h3>\n\n<p>Vous pouvez demander une fiche de visiteur si vous :<\/p>\n\n<ul class=\"wp-block-list\">\n<li>Vous \u00eates entr\u00e9 au Canada avec un visa de visiteur, une eTA ou un autre document de voyage valide et vous souhaitez prolonger votre s\u00e9jour autoris\u00e9.<\/li>\n\n\n\n<li>Vous \u00eates actuellement au Canada en tant que visiteur, travailleur ou \u00e9tudiant sans permis et vous souhaitez prolonger votre statut.<\/li>\n<\/ul>\n\n<hr class=\"wp-block-separator has-alpha-channel-opacity\"\/>\n\n<h3 class=\"wp-block-heading\"><strong>Comment demander une fiche de visiteur<\/strong><\/h3>\n\n<p>La proc\u00e9dure de demande d&rsquo;une fiche de visiteur comprend les \u00e9tapes suivantes :<\/p>\n\n<ol class=\"wp-block-list\">\n<li><strong>Pr\u00e9parez vos documents<\/strong>:\n<ul class=\"wp-block-list\">\n<li>Un passeport ou un document de voyage en cours de validit\u00e9 (assurez-vous qu&rsquo;il est valable pour toute la dur\u00e9e de votre s\u00e9jour prolong\u00e9).<\/li>\n\n\n\n<li>Preuve que vous disposez de fonds suffisants pour subvenir \u00e0 vos besoins pendant la dur\u00e9e du s\u00e9jour prolong\u00e9.<\/li>\n\n\n\n<li>Une explication claire de la raison pour laquelle vous souhaitez prolonger votre s\u00e9jour au Canada.<\/li>\n<\/ul>\n<\/li>\n\n\n\n<li><strong>Soumettez votre demande en ligne<\/strong>:\n<ul class=\"wp-block-list\">\n<li>Remplissez le formulaire de demande sur le <a>portail d&rsquo;IRCC<\/a>.<\/li>\n\n\n\n<li>Payez les frais de dossier, qui s&rsquo;\u00e9l\u00e8vent \u00e0 <strong> 100 $<\/strong>.<\/li>\n<\/ul>\n<\/li>\n\n\n\n<li><strong>Postulez t\u00f4t<\/strong>:\n<ul class=\"wp-block-list\">\n<li>Le d\u00e9lai de traitement est d&rsquo;environ <strong>126 jours<\/strong>, il est donc essentiel de pr\u00e9senter votre demande bien avant l&rsquo;expiration de votre statut actuel.<\/li>\n\n\n\n<li>Si votre statut expire pendant que votre demande est en cours de traitement, vous aurez un <strong>statut implicite<\/strong> et pourrez l\u00e9galement rester au Canada jusqu&rsquo;\u00e0 ce qu&rsquo;une d\u00e9cision soit prise.<\/li>\n<\/ul>\n<\/li>\n<\/ol>\n\n<hr class=\"wp-block-separator has-alpha-channel-opacity\"\/>\n\n<h3 class=\"wp-block-heading\"><strong>Apr\u00e8s votre candidature<\/strong><\/h3>\n\n<ul class=\"wp-block-list\">\n<li><strong>Approbation<\/strong>: Si votre demande est approuv\u00e9e, vous recevrez une fiche de visiteur pr\u00e9cisant votre nouvelle date d&rsquo;expiration.<\/li>\n\n\n\n<li><strong>Refus<\/strong>: Si votre demande est rejet\u00e9e, vous devez quitter le Canada imm\u00e9diatement.<\/li>\n\n\n\n<li><strong>Statut implicite<\/strong>: Dans l&rsquo;attente d&rsquo;une d\u00e9cision, vous pouvez rester l\u00e9galement au Canada si vous avez d\u00e9pos\u00e9 votre demande avant l&rsquo;expiration de votre statut.<\/li>\n<\/ul>\n\n<hr class=\"wp-block-separator has-alpha-channel-opacity\"\/>\n\n<h3 class=\"wp-block-heading\"><strong>Voyage \u00e0 l&rsquo;\u00e9tranger<\/strong><\/h3>\n\n<p>Une fiche de visiteur <strong>ne garantit pas la r\u00e9admission au Canada<\/strong>. Si vous quittez le Canada pendant votre s\u00e9jour prolong\u00e9 et que vous pr\u00e9voyez d&rsquo;y revenir, vous aurez besoin : <\/p>\n\n<ul class=\"wp-block-list\">\n<li>un <strong>visa de visiteur<\/strong> ou une <strong>AVE<\/strong> en cours de validit\u00e9 pour rentrer au Canada, et<\/li>\n\n\n\n<li>Votre fiche de visiteur pour prouver la prolongation de votre s\u00e9jour autoris\u00e9.<\/li>\n<\/ul>\n\n<hr class=\"wp-block-separator has-alpha-channel-opacity\"\/>\n\n<h3 class=\"wp-block-heading\"><strong>Principaux frais et d\u00e9lais de traitement<\/strong><\/h3>\n\n<ul class=\"wp-block-list\">\n<li><strong>Frais<\/strong>: \u00c0 partir de <strong> 100 $<\/strong> pour une demande de fiche de visiteur.<\/li>\n\n\n\n<li><strong>D\u00e9lai de traitement<\/strong>: environ <strong>126 jours<\/strong> (sous r\u00e9serve de variations).<\/li>\n<\/ul>\n\n<hr class=\"wp-block-separator has-alpha-channel-opacity\"\/>\n\n<h3 class=\"wp-block-heading\"><strong>Remarques importantes<\/strong><\/h3>\n\n<ul class=\"wp-block-list\">\n<li>Veillez \u00e0 ce que votre passeport reste valide pendant toute la dur\u00e9e de votre s\u00e9jour.<\/li>\n\n\n\n<li>Une fiche de visiteur ne vous permet pas de travailler ou d&rsquo;\u00e9tudier au Canada. Vous aurez besoin d&rsquo;un permis de travail ou d&rsquo;\u00e9tudes pour ces activit\u00e9s. <\/li>\n\n\n\n<li>Si vous d\u00e9passez votre dur\u00e9e de s\u00e9jour autoris\u00e9e sans demander de prolongation, vous vous exposez \u00e0 des sanctions juridiques et vous risquez de ne plus pouvoir vous rendre au Canada \u00e0 l&rsquo;avenir.<\/li>\n<\/ul>\n\n<p>Planifier la prolongation de votre s\u00e9jour au Canada n\u00e9cessite une pr\u00e9paration et une soumission de la demande en temps voulu. En respectant la proc\u00e9dure, vous pourrez profiter d&rsquo;un s\u00e9jour plus long tout en vous conformant aux lois canadiennes sur l&rsquo;immigration. <\/p>\n","protected":false},"excerpt":{"rendered":"<p>Prolongez votre s\u00e9jour au Canada : Fiche du visiteur Si vous souhaitez rester au Canada plus longtemps que la p\u00e9riode [&hellip;]<\/p>\n","protected":false},"author":1,"featured_media":0,"parent":0,"menu_order":0,"comment_status":"closed","ping_status":"closed","template":"","meta":{"_uag_custom_page_level_css":"","site-sidebar-layout":"default","site-content-layout":"","ast-site-content-layout":"","site-content-style":"default","site-sidebar-style":"default","ast-global-header-display":"","ast-banner-title-visibility":"","ast-main-header-display":"","ast-hfb-above-header-display":"","ast-hfb-below-header-display":"","ast-hfb-mobile-header-display":"","site-post-title":"","ast-breadcrumbs-content":"","ast-featured-img":"","footer-sml-layout":"","theme-transparent-header-meta":"","adv-header-id-meta":"","stick-header-meta":"","header-above-stick-meta":"","header-main-stick-meta":"","header-below-stick-meta":"","astra-migrate-meta-layouts":"default","ast-page-background-enabled":"default","ast-page-background-meta":{"desktop":{"background-color":"var(--ast-global-color-4)","background-image":"","background-repeat":"repeat","background-position":"center center","background-size":"auto","background-attachment":"scroll","background-type":"","background-media":"","overlay-type":"","overlay-color":"","overlay-opacity":"","overlay-gradient":""},"tablet":{"background-color":"","background-image":"","background-repeat":"repeat","background-position":"center center","background-size":"auto","background-attachment":"scroll","background-type":"","background-media":"","overlay-type":"","overlay-color":"","overlay-opacity":"","overlay-gradient":""},"mobile":{"background-color":"","background-image":"","background-repeat":"repeat","background-position":"center center","background-size":"auto","background-attachment":"scroll","background-type":"","background-media":"","overlay-type":"","overlay-color":"","overlay-opacity":"","overlay-gradient":""}},"ast-content-background-meta":{"desktop":{"background-color":"var(--ast-global-color-5)","background-image":"","background-repeat":"repeat","background-position":"center center","background-size":"auto","background-attachment":"scroll","background-type":"","background-media":"","overlay-type":"","overlay-color":"","overlay-opacity":"","overlay-gradient":""},"tablet":{"background-color":"var(--ast-global-color-5)","background-image":"","background-repeat":"repeat","background-position":"center center","background-size":"auto","background-attachment":"scroll","background-type":"","background-media":"","overlay-type":"","overlay-color":"","overlay-opacity":"","overlay-gradient":""},"mobile":{"background-color":"var(--ast-global-color-5)","background-image":"","background-repeat":"repeat","background-position":"center center","background-size":"auto","background-attachment":"scroll","background-type":"","background-media":"","overlay-type":"","overlay-color":"","overlay-opacity":"","overlay-gradient":""}},"footnotes":""},"categories":[],"tags":[],"class_list":["post-1375","page","type-page","status-publish","hentry"],"uagb_featured_image_src":{"full":false,"thumbnail":false,"medium":false,"medium_large":false,"large":false,"1536x1536":false,"2048x2048":false},"uagb_author_info":{"display_name":"admin","author_link":"https:\/\/www.etafast.org\/fr\/author\/admin\/"},"uagb_comment_info":0,"uagb_excerpt":"Prolongez votre s\u00e9jour au Canada : Fiche du visiteur Si vous souhaitez rester au Canada plus longtemps que la p\u00e9riode [&hellip;]","_links":{"self":[{"href":"https:\/\/www.etafast.org\/fr\/wp-json\/wp\/v2\/pages\/1375","targetHints":{"allow":["GET"]}}],"collection":[{"href":"https:\/\/www.etafast.org\/fr\/wp-json\/wp\/v2\/pages"}],"about":[{"href":"https:\/\/www.etafast.org\/fr\/wp-json\/wp\/v2\/types\/page"}],"author":[{"embeddable":true,"href":"https:\/\/www.etafast.org\/fr\/wp-json\/wp\/v2\/users\/1"}],"replies":[{"embeddable":true,"href":"https:\/\/www.etafast.org\/fr\/wp-json\/wp\/v2\/comments?post=1375"}],"version-history":[{"count":1,"href":"https:\/\/www.etafast.org\/fr\/wp-json\/wp\/v2\/pages\/1375\/revisions"}],"predecessor-version":[{"id":1376,"href":"https:\/\/www.etafast.org\/fr\/wp-json\/wp\/v2\/pages\/1375\/revisions\/1376"}],"wp:attachment":[{"href":"https:\/\/www.etafast.org\/fr\/wp-json\/wp\/v2\/media?parent=1375"}],"wp:term":[{"taxonomy":"category","embeddable":true,"href":"https:\/\/www.etafast.org\/fr\/wp-json\/wp\/v2\/categories?post=1375"},{"taxonomy":"post_tag","embeddable":true,"href":"https:\/\/www.etafast.org\/fr\/wp-json\/wp\/v2\/tags?post=1375"}],"curies":[{"name":"wp","href":"https:\/\/api.w.org\/{rel}","templated":true}]}}