{"id":1273,"date":"2024-12-11T08:28:06","date_gmt":"2024-12-11T07:28:06","guid":{"rendered":"https:\/\/www.etafast.org\/super-visa-pour-les-parents-et-les-grands-parents\/"},"modified":"2024-12-11T09:11:55","modified_gmt":"2024-12-11T08:11:55","slug":"super-visa-pour-les-parents-et-les-grands-parents","status":"publish","type":"page","link":"https:\/\/www.etafast.org\/fr\/super-visa-pour-les-parents-et-les-grands-parents\/","title":{"rendered":"Super Visa pour les parents et les grands-parents"},"content":{"rendered":"\n<h3 class=\"wp-block-heading\">Super Visa pour les parents et les grands-parents<\/h3>\n\n<p>Le <strong>Super Visa<\/strong> est un visa sp\u00e9cial con\u00e7u pour les parents et les grands-parents de citoyens canadiens et de r\u00e9sidents permanents. Il permet des visites prolong\u00e9es au Canada, offrant une occasion unique de passer du temps avec la famille tout en b\u00e9n\u00e9ficiant des avantages des entr\u00e9es multiples sur une longue p\u00e9riode. <\/p>\n\n<hr class=\"wp-block-separator has-alpha-channel-opacity\"\/>\n\n<h3 class=\"wp-block-heading\"><strong>Qu&rsquo;est-ce qu&rsquo;un Super Visa ?<\/strong><\/h3>\n\n<p>Un <strong>Super Visa<\/strong> est :<\/p>\n\n<ul class=\"wp-block-list\">\n<li>Il s&rsquo;agit d&rsquo;un <strong>visa de longue dur\u00e9e<\/strong> qui permet aux parents et grands-parents \u00e9ligibles de se rendre au Canada pour une dur\u00e9e <strong>maximale de cinq ans<\/strong> sans avoir \u00e0 renouveler leur statut.<\/li>\n\n\n\n<li>Un <strong>visa \u00e0 entr\u00e9es multiples<\/strong>, valable <strong>jusqu&rsquo;\u00e0 10 ans<\/strong>, permettant des visites fr\u00e9quentes au Canada pendant la p\u00e9riode de validit\u00e9 du visa.<\/li>\n<\/ul>\n\n<p>Ce visa est id\u00e9al pour les personnes qui pr\u00e9voient de rendre visite \u00e0 leurs enfants ou petits-enfants pour des s\u00e9jours prolong\u00e9s.<\/p>\n\n<hr class=\"wp-block-separator has-alpha-channel-opacity\"\/>\n\n<h3 class=\"wp-block-heading\"><strong>Conditions d&rsquo;\u00e9ligibilit\u00e9 au Super Visa<\/strong><\/h3>\n\n<p>Pour obtenir un super visa, les demandeurs doivent r\u00e9pondre \u00e0 des crit\u00e8res sp\u00e9cifiques :<\/p>\n\n<ol class=\"wp-block-list\">\n<li><strong>Relation<\/strong>:\n<ul class=\"wp-block-list\">\n<li>\u00catre le <strong>parent ou le grand-parent<\/strong> d&rsquo;un citoyen canadien ou d&rsquo;un r\u00e9sident permanent.<\/li>\n<\/ul>\n<\/li>\n\n\n\n<li><strong>Lettre d&rsquo;invitation<\/strong>:\n<ul class=\"wp-block-list\">\n<li>Fournir une lettre d&rsquo;invitation de votre enfant ou petit-enfant au Canada.<\/li>\n\n\n\n<li>La lettre doit comprendre\n<ul class=\"wp-block-list\">\n<li>Une promesse de soutien financier pour la dur\u00e9e de votre visite.<\/li>\n\n\n\n<li>D\u00e9tails de votre relation.<\/li>\n\n\n\n<li>Liste des membres du m\u00e9nage de l&rsquo;h\u00f4te au Canada.<\/li>\n<\/ul>\n<\/li>\n<\/ul>\n<\/li>\n\n\n\n<li><strong>Conditions de revenus<\/strong>:\n<ul class=\"wp-block-list\">\n<li>L&rsquo;enfant ou le petit-enfant doit atteindre un <strong>seuil de revenu minimum<\/strong> en fonction du nombre de membres de la famille.<\/li>\n<\/ul>\n<\/li>\n\n\n\n<li><strong>Assurance maladie<\/strong>:\n<ul class=\"wp-block-list\">\n<li>Souscrivez une <strong>assurance m\u00e9dicale<\/strong> priv\u00e9e aupr\u00e8s d&rsquo;une compagnie d&rsquo;assurance canadienne qui :\n<ul class=\"wp-block-list\">\n<li>Vous couvre pour au moins <strong> 100 000 dollars canadiens.<\/strong><\/li>\n\n\n\n<li>est valable pendant <strong>au moins un an<\/strong> \u00e0 compter de la date d&rsquo;entr\u00e9e.<\/li>\n\n\n\n<li>Inclut la preuve du paiement int\u00e9gral (pas de devis).<\/li>\n<\/ul>\n<\/li>\n<\/ul>\n<\/li>\n\n\n\n<li><strong>Examen m\u00e9dical<\/strong>:\n<ul class=\"wp-block-list\">\n<li>Passer un examen m\u00e9dical d&rsquo;immigration pour prouver votre admissibilit\u00e9.<\/li>\n<\/ul>\n<\/li>\n\n\n\n<li><strong>Exigences suppl\u00e9mentaires<\/strong>:\n<ul class=\"wp-block-list\">\n<li>Prouver l&rsquo;existence de liens solides avec votre pays d&rsquo;origine, tels que la famille, les finances ou l&#8217;emploi, afin de s&rsquo;assurer que vous quitterez le Canada apr\u00e8s votre visite.<\/li>\n\n\n\n<li>D\u00e9montrez que vous disposez de fonds suffisants pour votre visite.<\/li>\n<\/ul>\n<\/li>\n<\/ol>\n\n<hr class=\"wp-block-separator has-alpha-channel-opacity\"\/>\n\n<h3 class=\"wp-block-heading\"><strong>Combien de temps pouvez-vous rester au Canada ?<\/strong><\/h3>\n\n<p>La dur\u00e9e de votre s\u00e9jour d\u00e9pend de la date \u00e0 laquelle vous avez demand\u00e9 le super visa :<\/p>\n\n<ul class=\"wp-block-list\">\n<li><strong>Demandes pr\u00e9sent\u00e9es \u00e0 partir du 22 juin 2023<\/strong>:\n<ul class=\"wp-block-list\">\n<li>Les titulaires d&rsquo;un super visa peuvent rester jusqu&rsquo;<strong>\u00e0 5 ans par visite.<\/strong><\/li>\n<\/ul>\n<\/li>\n\n\n\n<li><strong>Les candidatures doivent \u00eatre d\u00e9pos\u00e9es avant le 22 juin 2023<\/strong>:\n<ul class=\"wp-block-list\">\n<li>Vous pouvez rester jusqu&rsquo;<strong>\u00e0 deux ans par visite.<\/strong><\/li>\n<\/ul>\n<\/li>\n<\/ul>\n\n<p>Quelle que soit la date de votre demande :<\/p>\n\n<ul class=\"wp-block-list\">\n<li>Assurez-vous que votre <strong>passeport est valide<\/strong> pour la dur\u00e9e de votre s\u00e9jour.<\/li>\n\n\n\n<li>Maintenez ou renouvelez votre <strong>assurance maladie<\/strong> pendant votre s\u00e9jour au Canada ou \u00e0 votre retour.<\/li>\n<\/ul>\n\n<hr class=\"wp-block-separator has-alpha-channel-opacity\"\/>\n\n<h3 class=\"wp-block-heading\"><strong>Avantages d&rsquo;un super visa<\/strong><\/h3>\n\n<ol class=\"wp-block-list\">\n<li><strong>Visites prolong\u00e9es<\/strong>:\n<ul class=\"wp-block-list\">\n<li>Profitez de s\u00e9jours de longue dur\u00e9e sans avoir \u00e0 demander fr\u00e9quemment des prolongations.<\/li>\n<\/ul>\n<\/li>\n\n\n\n<li><strong>Entr\u00e9es multiples<\/strong>:\n<ul class=\"wp-block-list\">\n<li>Voyager au Canada plusieurs fois sur une p\u00e9riode de 10 ans.<\/li>\n<\/ul>\n<\/li>\n\n\n\n<li><strong>Tranquillit\u00e9 d&rsquo;esprit<\/strong>:\n<ul class=\"wp-block-list\">\n<li>L&rsquo;obligation d&rsquo;assurance maladie garantit une couverture m\u00e9dicale pendant votre s\u00e9jour.<\/li>\n<\/ul>\n<\/li>\n\n\n\n<li><strong>Regroupement familial<\/strong>:\n<ul class=\"wp-block-list\">\n<li>Resserrez les liens avec vos enfants et petits-enfants.<\/li>\n<\/ul>\n<\/li>\n<\/ol>\n","protected":false},"excerpt":{"rendered":"<p>Super Visa pour les parents et les grands-parents Le Super Visa est un visa sp\u00e9cial con\u00e7u pour les parents et [&hellip;]<\/p>\n","protected":false},"author":1,"featured_media":0,"parent":0,"menu_order":0,"comment_status":"closed","ping_status":"closed","template":"","meta":{"_uag_custom_page_level_css":"","site-sidebar-layout":"default","site-content-layout":"","ast-site-content-layout":"","site-content-style":"default","site-sidebar-style":"default","ast-global-header-display":"","ast-banner-title-visibility":"","ast-main-header-display":"","ast-hfb-above-header-display":"","ast-hfb-below-header-display":"","ast-hfb-mobile-header-display":"","site-post-title":"","ast-breadcrumbs-content":"","ast-featured-img":"","footer-sml-layout":"","theme-transparent-header-meta":"","adv-header-id-meta":"","stick-header-meta":"","header-above-stick-meta":"","header-main-stick-meta":"","header-below-stick-meta":"","astra-migrate-meta-layouts":"default","ast-page-background-enabled":"default","ast-page-background-meta":{"desktop":{"background-color":"var(--ast-global-color-4)","background-image":"","background-repeat":"repeat","background-position":"center center","background-size":"auto","background-attachment":"scroll","background-type":"","background-media":"","overlay-type":"","overlay-color":"","overlay-opacity":"","overlay-gradient":""},"tablet":{"background-color":"","background-image":"","background-repeat":"repeat","background-position":"center center","background-size":"auto","background-attachment":"scroll","background-type":"","background-media":"","overlay-type":"","overlay-color":"","overlay-opacity":"","overlay-gradient":""},"mobile":{"background-color":"","background-image":"","background-repeat":"repeat","background-position":"center center","background-size":"auto","background-attachment":"scroll","background-type":"","background-media":"","overlay-type":"","overlay-color":"","overlay-opacity":"","overlay-gradient":""}},"ast-content-background-meta":{"desktop":{"background-color":"var(--ast-global-color-5)","background-image":"","background-repeat":"repeat","background-position":"center center","background-size":"auto","background-attachment":"scroll","background-type":"","background-media":"","overlay-type":"","overlay-color":"","overlay-opacity":"","overlay-gradient":""},"tablet":{"background-color":"var(--ast-global-color-5)","background-image":"","background-repeat":"repeat","background-position":"center center","background-size":"auto","background-attachment":"scroll","background-type":"","background-media":"","overlay-type":"","overlay-color":"","overlay-opacity":"","overlay-gradient":""},"mobile":{"background-color":"var(--ast-global-color-5)","background-image":"","background-repeat":"repeat","background-position":"center center","background-size":"auto","background-attachment":"scroll","background-type":"","background-media":"","overlay-type":"","overlay-color":"","overlay-opacity":"","overlay-gradient":""}},"footnotes":""},"categories":[],"tags":[],"class_list":["post-1273","page","type-page","status-publish","hentry"],"uagb_featured_image_src":{"full":false,"thumbnail":false,"medium":false,"medium_large":false,"large":false,"1536x1536":false,"2048x2048":false},"uagb_author_info":{"display_name":"admin","author_link":"https:\/\/www.etafast.org\/fr\/author\/admin\/"},"uagb_comment_info":0,"uagb_excerpt":"Super Visa pour les parents et les grands-parents Le Super Visa est un visa sp\u00e9cial con\u00e7u pour les parents et [&hellip;]","_links":{"self":[{"href":"https:\/\/www.etafast.org\/fr\/wp-json\/wp\/v2\/pages\/1273","targetHints":{"allow":["GET"]}}],"collection":[{"href":"https:\/\/www.etafast.org\/fr\/wp-json\/wp\/v2\/pages"}],"about":[{"href":"https:\/\/www.etafast.org\/fr\/wp-json\/wp\/v2\/types\/page"}],"author":[{"embeddable":true,"href":"https:\/\/www.etafast.org\/fr\/wp-json\/wp\/v2\/users\/1"}],"replies":[{"embeddable":true,"href":"https:\/\/www.etafast.org\/fr\/wp-json\/wp\/v2\/comments?post=1273"}],"version-history":[{"count":1,"href":"https:\/\/www.etafast.org\/fr\/wp-json\/wp\/v2\/pages\/1273\/revisions"}],"predecessor-version":[{"id":1274,"href":"https:\/\/www.etafast.org\/fr\/wp-json\/wp\/v2\/pages\/1273\/revisions\/1274"}],"wp:attachment":[{"href":"https:\/\/www.etafast.org\/fr\/wp-json\/wp\/v2\/media?parent=1273"}],"wp:term":[{"taxonomy":"category","embeddable":true,"href":"https:\/\/www.etafast.org\/fr\/wp-json\/wp\/v2\/categories?post=1273"},{"taxonomy":"post_tag","embeddable":true,"href":"https:\/\/www.etafast.org\/fr\/wp-json\/wp\/v2\/tags?post=1273"}],"curies":[{"name":"wp","href":"https:\/\/api.w.org\/{rel}","templated":true}]}}