{"id":1191,"date":"2024-12-11T08:29:22","date_gmt":"2024-12-11T07:29:22","guid":{"rendered":"https:\/\/www.etafast.org\/visiteurs-daffaires\/"},"modified":"2024-12-11T09:10:56","modified_gmt":"2024-12-11T08:10:56","slug":"visiteurs-daffaires","status":"publish","type":"page","link":"https:\/\/www.etafast.org\/fr\/visiteurs-daffaires\/","title":{"rendered":"Visiteurs d&rsquo;affaires"},"content":{"rendered":"\n<h3 class=\"wp-block-heading\">Visiteurs d&rsquo;affaires : Participer \u00e0 des r\u00e9unions, des \u00e9v\u00e9nements et des conf\u00e9rences au Canada<\/h3>\n\n<p>Les visiteurs d&rsquo;affaires jouent un r\u00f4le essentiel dans la promotion du commerce et de la collaboration \u00e0 l&rsquo;\u00e9chelle internationale. Si vous pr\u00e9voyez d&rsquo;assister \u00e0 des r\u00e9unions, des \u00e9v\u00e9nements ou des conf\u00e9rences au Canada en tant que visiteur d&rsquo;affaires, voici un guide \u00e9tape par \u00e9tape pour vous assurer que le processus d&rsquo;entr\u00e9e se d\u00e9roule sans heurts. <\/p>\n\n<hr class=\"wp-block-separator has-alpha-channel-opacity\"\/>\n\n<h3 class=\"wp-block-heading\"><strong>\u00c9tape 1 : \u00cates-vous un visiteur d&rsquo;affaires ou avez-vous besoin d&rsquo;un permis de travail ?<\/strong><\/h3>\n\n<p>Pour \u00eatre admis en tant que <strong>visiteur d&rsquo;affaires<\/strong> au Canada, vous devez<\/p>\n\n<ul class=\"wp-block-list\">\n<li><strong>Dur\u00e9e du s\u00e9jour<\/strong>: Pr\u00e9voyez de rester <strong>moins de 6 mois<\/strong>.<\/li>\n\n\n\n<li><strong>Objectif<\/strong>: ne pas entrer sur le march\u00e9 du travail canadien.<\/li>\n\n\n\n<li><strong>Source d&rsquo;activit\u00e9<\/strong>: Veillez \u00e0 ce que votre principal lieu d&rsquo;activit\u00e9, vos revenus et vos b\u00e9n\u00e9fices restent <strong>\u00e0 l&rsquo;\u00e9tranger<\/strong>.<\/li>\n\n\n\n<li><strong>Documents<\/strong>: Munissez-vous des documents n\u00e9cessaires \u00e0 l&rsquo;appui de votre demande.<\/li>\n<\/ul>\n\n<p><strong>Conditions d&rsquo;admission de base<\/strong>:<\/p>\n\n<ul class=\"wp-block-list\">\n<li>Un document de voyage valide (tel qu&rsquo;un passeport).<\/li>\n\n\n\n<li>Des fonds suffisants pour votre s\u00e9jour et votre voyage de retour.<\/li>\n\n\n\n<li>Preuve que vous quitterez le Canada \u00e0 la fin de votre visite.<\/li>\n\n\n\n<li>Les Canadiens ne courent aucun risque en mati\u00e8re de criminalit\u00e9, de s\u00e9curit\u00e9 ou de sant\u00e9.<\/li>\n<\/ul>\n\n<p><strong>Activit\u00e9s autoris\u00e9es en tant que visiteur d&rsquo;affaires :<\/strong><\/p>\n\n<ul class=\"wp-block-list\">\n<li>Achat de biens ou de services canadiens pour le compte d&rsquo;une entreprise ou d&rsquo;un gouvernement \u00e9tranger.<\/li>\n\n\n\n<li>Prendre des commandes de biens ou de services.<\/li>\n\n\n\n<li>Participation \u00e0 des r\u00e9unions, des conf\u00e9rences, des congr\u00e8s ou des foires commerciales.<\/li>\n\n\n\n<li>Fournir un service apr\u00e8s-vente dans le cadre d&rsquo;une garantie ou d&rsquo;un contrat de vente.<\/li>\n\n\n\n<li>Recevoir ou dispenser une formation li\u00e9e \u00e0 votre activit\u00e9.<\/li>\n<\/ul>\n\n<p><strong>Remarque<\/strong>: si votre visite implique un s\u00e9jour de plus de six mois ou l&rsquo;exercice d&rsquo;activit\u00e9s sur le march\u00e9 du travail canadien, il se peut que vous ayez besoin d&rsquo;un <strong>permis de travail<\/strong>.<\/p>\n\n<hr class=\"wp-block-separator has-alpha-channel-opacity\"\/>\n\n<h3 class=\"wp-block-heading\"><strong>\u00c9tape 2 : Avez-vous besoin d&rsquo;un visa ou d&rsquo;une eTA ?<\/strong><\/h3>\n\n<p>La question de savoir si vous avez besoin d&rsquo;un <strong>visa<\/strong> ou d&rsquo;une <strong>autorisation de voyage \u00e9lectronique (AVE)<\/strong> d\u00e9pend de votre nationalit\u00e9 et des circonstances de votre voyage.<\/p>\n\n<ul class=\"wp-block-list\">\n<li>Utilisez l&rsquo;<a>outil du gouvernement du Canada<\/a> pour d\u00e9terminer votre \u00e9ligibilit\u00e9.<\/li>\n<\/ul>\n\n<hr class=\"wp-block-separator has-alpha-channel-opacity\"\/>\n\n<h3 class=\"wp-block-heading\"><strong>\u00c9tape 3 : Obtenir un code d&rsquo;\u00e9v\u00e9nement (le cas \u00e9ch\u00e9ant)<\/strong><\/h3>\n\n<p>Pour les \u00e9v\u00e9nements, r\u00e9unions ou conf\u00e9rences enregistr\u00e9s aupr\u00e8s d&rsquo;<strong>Immigration, R\u00e9fugi\u00e9s et Citoyennet\u00e9 Canada (IRCC) :<\/strong><\/p>\n\n<ul class=\"wp-block-list\">\n<li>L&rsquo;organisateur de l&rsquo;\u00e9v\u00e9nement vous fournira un <strong>code d&rsquo;\u00e9v\u00e9nement<\/strong> et des instructions pour votre demande de visa.<\/li>\n\n\n\n<li>Le fait d&rsquo;indiquer le code de l&rsquo;\u00e9v\u00e9nement sur votre demande permet de vous identifier en tant que participant.<\/li>\n<\/ul>\n\n<hr class=\"wp-block-separator has-alpha-channel-opacity\"\/>\n\n<h3 class=\"wp-block-heading\"><strong>\u00c9tape 4 : Demande de visa ou d&rsquo;eTA (si n\u00e9cessaire)<\/strong><\/h3>\n\n<ul class=\"wp-block-list\">\n<li><strong>Visa<\/strong>: Soumettez une demande de visa sur le <a>site<\/a> officiel <a>de l&rsquo;IRCC<\/a>.<\/li>\n\n\n\n<li><strong>eTA<\/strong>: Demandez en ligne un eTA.<\/li>\n<\/ul>\n\n<hr class=\"wp-block-separator has-alpha-channel-opacity\"\/>\n\n<h3 class=\"wp-block-heading\"><strong>\u00c9tape 5 : Pr\u00e9parer les documents pour votre voyage<\/strong><\/h3>\n\n<p>Lorsque vous arrivez \u00e0 la fronti\u00e8re canadienne, assurez-vous d&rsquo;avoir les documents suivants (ne les mettez pas dans votre valise) :<\/p>\n\n<ul class=\"wp-block-list\">\n<li>Un passeport ou un document de voyage en cours de validit\u00e9 pour toute la dur\u00e9e de votre s\u00e9jour.<\/li>\n\n\n\n<li>Un visa valide (le cas \u00e9ch\u00e9ant).<\/li>\n\n\n\n<li>Si vous avez besoin d&rsquo;une eTA, voyagez avec le passeport utilis\u00e9 pour votre demande d&rsquo;eTA.<\/li>\n\n\n\n<li>Les r\u00e9sidents permanents l\u00e9gaux des \u00c9tats-Unis doivent se munir d&rsquo;une <strong>carte verte en cours de validit\u00e9<\/strong> (ou d&rsquo;une preuve \u00e9quivalente de leur statut) et de leur passeport.<\/li>\n\n\n\n<li>Des lettres de soutien de votre soci\u00e9t\u00e9 m\u00e8re et une lettre d&rsquo;invitation de l&rsquo;entreprise d&rsquo;accueil canadienne.<\/li>\n\n\n\n<li>Documents suppl\u00e9mentaires tels que contrats, accords de garantie ou documents de service (le cas \u00e9ch\u00e9ant).<\/li>\n\n\n\n<li>Coordonn\u00e9es de votre h\u00f4te d&rsquo;affaires au Canada.<\/li>\n\n\n\n<li>Preuve que vous disposez de fonds suffisants pour votre s\u00e9jour et votre retour.<\/li>\n<\/ul>\n\n<hr class=\"wp-block-separator has-alpha-channel-opacity\"\/>\n\n<h3 class=\"wp-block-heading\"><strong>Mineurs voyageant avec vous<\/strong><\/h3>\n\n<p>Si vous voyagez avec des enfants de moins de 18 ans, familiarisez-vous avec la r\u00e9glementation canadienne relative aux mineurs.<\/p>\n\n<ul class=\"wp-block-list\">\n<li>Consultez les conditions d&rsquo;entr\u00e9e pour les mineurs afin de vous assurer de la conformit\u00e9 avec les lois canadiennes prot\u00e9geant les enfants.<\/li>\n<\/ul>\n\n<hr class=\"wp-block-separator has-alpha-channel-opacity\"\/>\n\n<h3 class=\"wp-block-heading\"><strong>Notes cl\u00e9s pour les visiteurs professionnels<\/strong><\/h3>\n\n<ul class=\"wp-block-list\">\n<li>L&rsquo;<strong>accord Canada-\u00c9tats-Unis-Mexique (CUSMA)<\/strong> pr\u00e9voit des dispositions suppl\u00e9mentaires pour les ressortissants am\u00e9ricains et mexicains qui participent \u00e0 des activit\u00e9s telles que la recherche, la commercialisation et les services g\u00e9n\u00e9raux.<\/li>\n\n\n\n<li>V\u00e9rifiez toujours aupr\u00e8s de l&rsquo;organisateur de la r\u00e9union ou de l&rsquo;\u00e9v\u00e9nement pour conna\u00eetre les exigences sp\u00e9cifiques ou les conseils \u00e0 suivre.<\/li>\n\n\n\n<li>Les visiteurs d&rsquo;affaires sont limit\u00e9s aux activit\u00e9s qui n&rsquo;impliquent pas d&#8217;emploi direct au Canada.<\/li>\n<\/ul>\n\n<p>En suivant ces \u00e9tapes et en vous assurant d&rsquo;avoir les bons documents, votre visite d&rsquo;affaires au Canada peut se d\u00e9rouler efficacement et avec succ\u00e8s.<\/p>\n","protected":false},"excerpt":{"rendered":"<p>Visiteurs d&rsquo;affaires : Participer \u00e0 des r\u00e9unions, des \u00e9v\u00e9nements et des conf\u00e9rences au Canada Les visiteurs d&rsquo;affaires jouent un r\u00f4le [&hellip;]<\/p>\n","protected":false},"author":1,"featured_media":0,"parent":0,"menu_order":0,"comment_status":"closed","ping_status":"closed","template":"","meta":{"_uag_custom_page_level_css":"","site-sidebar-layout":"default","site-content-layout":"","ast-site-content-layout":"","site-content-style":"default","site-sidebar-style":"default","ast-global-header-display":"","ast-banner-title-visibility":"","ast-main-header-display":"","ast-hfb-above-header-display":"","ast-hfb-below-header-display":"","ast-hfb-mobile-header-display":"","site-post-title":"","ast-breadcrumbs-content":"","ast-featured-img":"","footer-sml-layout":"","theme-transparent-header-meta":"","adv-header-id-meta":"","stick-header-meta":"","header-above-stick-meta":"","header-main-stick-meta":"","header-below-stick-meta":"","astra-migrate-meta-layouts":"default","ast-page-background-enabled":"default","ast-page-background-meta":{"desktop":{"background-color":"var(--ast-global-color-4)","background-image":"","background-repeat":"repeat","background-position":"center center","background-size":"auto","background-attachment":"scroll","background-type":"","background-media":"","overlay-type":"","overlay-color":"","overlay-opacity":"","overlay-gradient":""},"tablet":{"background-color":"","background-image":"","background-repeat":"repeat","background-position":"center center","background-size":"auto","background-attachment":"scroll","background-type":"","background-media":"","overlay-type":"","overlay-color":"","overlay-opacity":"","overlay-gradient":""},"mobile":{"background-color":"","background-image":"","background-repeat":"repeat","background-position":"center center","background-size":"auto","background-attachment":"scroll","background-type":"","background-media":"","overlay-type":"","overlay-color":"","overlay-opacity":"","overlay-gradient":""}},"ast-content-background-meta":{"desktop":{"background-color":"var(--ast-global-color-5)","background-image":"","background-repeat":"repeat","background-position":"center center","background-size":"auto","background-attachment":"scroll","background-type":"","background-media":"","overlay-type":"","overlay-color":"","overlay-opacity":"","overlay-gradient":""},"tablet":{"background-color":"var(--ast-global-color-5)","background-image":"","background-repeat":"repeat","background-position":"center center","background-size":"auto","background-attachment":"scroll","background-type":"","background-media":"","overlay-type":"","overlay-color":"","overlay-opacity":"","overlay-gradient":""},"mobile":{"background-color":"var(--ast-global-color-5)","background-image":"","background-repeat":"repeat","background-position":"center center","background-size":"auto","background-attachment":"scroll","background-type":"","background-media":"","overlay-type":"","overlay-color":"","overlay-opacity":"","overlay-gradient":""}},"footnotes":""},"categories":[],"tags":[],"class_list":["post-1191","page","type-page","status-publish","hentry"],"uagb_featured_image_src":{"full":false,"thumbnail":false,"medium":false,"medium_large":false,"large":false,"1536x1536":false,"2048x2048":false},"uagb_author_info":{"display_name":"admin","author_link":"https:\/\/www.etafast.org\/fr\/author\/admin\/"},"uagb_comment_info":0,"uagb_excerpt":"Visiteurs d&rsquo;affaires : Participer \u00e0 des r\u00e9unions, des \u00e9v\u00e9nements et des conf\u00e9rences au Canada Les visiteurs d&rsquo;affaires jouent un r\u00f4le [&hellip;]","_links":{"self":[{"href":"https:\/\/www.etafast.org\/fr\/wp-json\/wp\/v2\/pages\/1191","targetHints":{"allow":["GET"]}}],"collection":[{"href":"https:\/\/www.etafast.org\/fr\/wp-json\/wp\/v2\/pages"}],"about":[{"href":"https:\/\/www.etafast.org\/fr\/wp-json\/wp\/v2\/types\/page"}],"author":[{"embeddable":true,"href":"https:\/\/www.etafast.org\/fr\/wp-json\/wp\/v2\/users\/1"}],"replies":[{"embeddable":true,"href":"https:\/\/www.etafast.org\/fr\/wp-json\/wp\/v2\/comments?post=1191"}],"version-history":[{"count":1,"href":"https:\/\/www.etafast.org\/fr\/wp-json\/wp\/v2\/pages\/1191\/revisions"}],"predecessor-version":[{"id":1192,"href":"https:\/\/www.etafast.org\/fr\/wp-json\/wp\/v2\/pages\/1191\/revisions\/1192"}],"wp:attachment":[{"href":"https:\/\/www.etafast.org\/fr\/wp-json\/wp\/v2\/media?parent=1191"}],"wp:term":[{"taxonomy":"category","embeddable":true,"href":"https:\/\/www.etafast.org\/fr\/wp-json\/wp\/v2\/categories?post=1191"},{"taxonomy":"post_tag","embeddable":true,"href":"https:\/\/www.etafast.org\/fr\/wp-json\/wp\/v2\/tags?post=1191"}],"curies":[{"name":"wp","href":"https:\/\/api.w.org\/{rel}","templated":true}]}}