{"id":973,"date":"2024-12-11T08:30:38","date_gmt":"2024-12-11T07:30:38","guid":{"rendered":"https:\/\/www.etafast.org\/kanadan-kauttakulku\/"},"modified":"2024-12-11T09:07:42","modified_gmt":"2024-12-11T08:07:42","slug":"kanadan-kauttakulku","status":"publish","type":"page","link":"https:\/\/www.etafast.org\/fi\/kanadan-kauttakulku\/","title":{"rendered":"Kanadan kauttakulku"},"content":{"rendered":"\n<p>Jos matkustat toiseen maahan ja sinun on kuljettava Kanadan kautta, asiakirjavaatimukset riippuvat useista tekij\u00f6ist\u00e4, kuten matkustusmuodosta, oleskelun kestosta, kansalaisuudesta ja maahanmuuttostatuksesta. Alla on kattava opas, jonka avulla voit selvitt\u00e4\u00e4, mit\u00e4 tarvitset sujuvaan kauttakulkuun Kanadan l\u00e4pi. <\/p>\n\n<hr class=\"wp-block-separator has-alpha-channel-opacity\"\/>\n\n<h3 class=\"wp-block-heading\"><strong>Tekij\u00e4t, jotka m\u00e4\u00e4ritt\u00e4v\u00e4t kauttakulkuvaatimuksesi<\/strong><\/h3>\n\n<ol class=\"wp-block-list\">\n<li><strong>Matkustustapa<\/strong>:\n<ul class=\"wp-block-list\">\n<li>Lent\u00e4en (kansainv\u00e4liset lennot, joiden jatkoyhteydet kulkevat Kanadan lentoasemien kautta).<\/li>\n\n\n\n<li>Autolla, bussilla, junalla tai laivalla (my\u00f6s risteilyaluksilla).<\/li>\n<\/ul>\n<\/li>\n\n\n\n<li><strong>Kauttakuljetuksen kesto<\/strong>:\n<ul class=\"wp-block-list\">\n<li>Alle 48 tuntia.<\/li>\n\n\n\n<li>Yli 48 tuntia.<\/li>\n<\/ul>\n<\/li>\n\n\n\n<li><strong>Kansalaisuus ja maahanmuuttotilanne<\/strong>:\n<ul class=\"wp-block-list\">\n<li>Passisi maa.<\/li>\n\n\n\n<li>Olitpa sitten Yhdysvaltain kansalainen, Yhdysvalloissa laillisesti pysyv\u00e4sti asuva henkil\u00f6 tai sinulla on voimassa oleva Yhdysvaltain viisumi.<\/li>\n<\/ul>\n<\/li>\n<\/ol>\n\n<hr class=\"wp-block-separator has-alpha-channel-opacity\"\/>\n\n<h3 class=\"wp-block-heading\"><strong>Asiakirjavaihtoehdot Kanadan kauttakulkua varten<\/strong><\/h3>\n\n<h4 class=\"wp-block-heading\"><strong>1. Vierailijaviisumi<\/strong><\/h4>\n\n<p>Tarvitset <strong>vierailijaviisumin<\/strong>, jos:<\/p>\n\n<ul class=\"wp-block-list\">\n<li>Olet kotoisin <strong>viisumipakollisesta maasta<\/strong> ja aiot:\n<ul class=\"wp-block-list\">\n<li>Vieraile Kanadassa vaikka vain alle 48 tuntia.<\/li>\n\n\n\n<li>Pysy Kanadassa <strong>yli 48<\/strong> tuntia kauttakulkumatkan aikana.<\/li>\n<\/ul>\n<\/li>\n\n\n\n<li>Matkustat <strong>bussilla, autolla, junalla, laivalla tai risteilyaluksella<\/strong> jostain viisumipakollisesta maasta.<\/li>\n<\/ul>\n\n<p><\/p>\n\n<hr class=\"wp-block-separator has-alpha-channel-opacity\"\/>\n\n<h4 class=\"wp-block-heading\"><strong>2. Transit-viisumi<\/strong><\/h4>\n\n<p>Tarvitset <strong>kauttakulkuviisumin<\/strong>, jos:<\/p>\n\n<ul class=\"wp-block-list\">\n<li>Olet <strong>viisumipakollisesta maasta<\/strong> ja:\n<ul class=\"wp-block-list\">\n<li>Kansainv\u00e4linen lentosi pys\u00e4htyy Kanadan lentoasemalle matkalla toiseen m\u00e4\u00e4r\u00e4np\u00e4\u00e4h\u00e4n.<\/li>\n\n\n\n<li>Sinulla on jatkoyhteys kahden kansainv\u00e4lisen lennon v\u00e4lill\u00e4 yhdell\u00e4 tai useammalla kanadalaisella lentoasemalla.<\/li>\n\n\n\n<li>Kuljetus kest\u00e4\u00e4 <strong>enint\u00e4\u00e4n 48 tuntia<\/strong>.<\/li>\n\n\n\n<li>Sinulla ei ole voimassa olevaa vierailijaviisumia.<\/li>\n\n\n\n<li>Et ole oikeutettu eTA-lupaan.<\/li>\n<\/ul>\n<\/li>\n<\/ul>\n\n<p><\/p>\n\n<hr class=\"wp-block-separator has-alpha-channel-opacity\"\/>\n\n<h4 class=\"wp-block-heading\"><strong>3. S\u00e4hk\u00f6inen matkustuslupa (eTA)<\/strong><\/h4>\n\n<p>Tarvitset <strong>eTA-luvan<\/strong>, jos:<\/p>\n\n<ul class=\"wp-block-list\">\n<li>Olet <strong>eTA-vaatimuksen alaisesta maasta<\/strong> ja:\n<ul class=\"wp-block-list\">\n<li>Kanadan kautta lent\u00e4en.<\/li>\n\n\n\n<li>Kauttakulku on osa kansainv\u00e4list\u00e4 jatkolentoa.<\/li>\n<\/ul>\n<\/li>\n<\/ul>\n\n<p><strong>Poikkeukset<\/strong>:<\/p>\n\n<ul class=\"wp-block-list\">\n<li>Et tarvitse eTA-lupaa, jos matkustat junalla, bussilla, laivalla tai risteilyaluksella, mutta sinulla on oltava voimassa olevat matkustusasiakirjat.<\/li>\n<\/ul>\n\n<p><\/p>\n\n<hr class=\"wp-block-separator has-alpha-channel-opacity\"\/>\n\n<h4 class=\"wp-block-heading\"><strong>4. Kauttakulku ilman viisumia<\/strong><\/h4>\n\n<ul class=\"wp-block-list\">\n<li><strong>Yhdysvaltain kansalaiset ja laillisesti maassa pysyv\u00e4sti asuvat henkil\u00f6t<\/strong>:<br>Yhdysvaltain kansalaiset ja vihre\u00e4n kortin haltijat voivat matkustaa Kanadan l\u00e4pi ilman viisumia lent\u00e4en, autolla, bussilla, junalla tai laivalla. Varmista, ett\u00e4 sinulla on mukanasi: \n<ul class=\"wp-block-list\">\n<li>Voimassa oleva passi tai matkustusasiakirja.<\/li>\n\n\n\n<li>Voimassa oleva Yhdysvaltain vihre\u00e4 kortti (laillisesti maassa pysyv\u00e4sti oleskeleville).<\/li>\n<\/ul>\n<\/li>\n\n\n\n<li><strong>Tiettyjen maiden passinhaltijat<\/strong>:<br\/><strong>Kiinan, Indonesian, Filippiinien, Thaimaan<\/strong> tai <strong>Taiwanin<\/strong> kansalaiset (joilla ei ole henkil\u00f6tunnusta) voivat matkustaa ilman viisumia, jos he t\u00e4ytt\u00e4v\u00e4t tietyt ehdot.<\/li>\n<\/ul>\n\n<p><\/p>\n\n<hr class=\"wp-block-separator has-alpha-channel-opacity\"\/>\n\n<h3 class=\"wp-block-heading\"><strong>Mukana pidett\u00e4v\u00e4t asiakirjat<\/strong><\/h3>\n\n<p>Kun matkustat Kanadan kautta, pid\u00e4 aina seuraavat asiakirjat valmiina:<\/p>\n\n<ul class=\"wp-block-list\">\n<li>Voimassa oleva passi tai matkustusasiakirja koko matkan ajaksi.<\/li>\n\n\n\n<li>Voimassa oleva viisumi, kauttakulkuviisumi tai eTA (tarvittaessa).<\/li>\n\n\n\n<li>Pysyv\u00e4sti Yhdysvalloissa asuville: Voimassa oleva vihre\u00e4 kortti tai vastaava todiste asemasta.<\/li>\n\n\n\n<li>Todiste jatkomatkasta, kuten lentoliput tai matkasuunnitelma.<\/li>\n<\/ul>\n\n<hr class=\"wp-block-separator has-alpha-channel-opacity\"\/>\n\n<h3 class=\"wp-block-heading\"><strong>T\u00e4rkeimm\u00e4t huomautukset<\/strong><\/h3>\n\n<ul class=\"wp-block-list\">\n<li><strong>Kauttakuljetuksen kesto<\/strong>: Jos kauttakulkusi kest\u00e4\u00e4 yli 48 tuntia, tarvitset vierailijaviisumin.<\/li>\n\n\n\n<li><strong>Maahantulomuoto<\/strong>: eTA vaaditaan lentomatkustamiseen, mutta ei maa- tai merimatkustamiseen.<\/li>\n\n\n\n<li><strong>Ennakkohakemus<\/strong>: Hae vaadittavaa asiakirjaa hyviss\u00e4 ajoin ennen matkustusp\u00e4iv\u00e4\u00e4si, jotta v\u00e4lt\u00e4t viiv\u00e4stykset.<\/li>\n<\/ul>\n\n<p>Kun varmistat, ett\u00e4 sinulla on oikeat asiakirjat, voit kulkea Kanadan l\u00e4pi sujuvasti ja keskitty\u00e4 lopulliseen m\u00e4\u00e4r\u00e4np\u00e4\u00e4h\u00e4si.<\/p>\n","protected":false},"excerpt":{"rendered":"<p>Jos matkustat toiseen maahan ja sinun on kuljettava Kanadan kautta, asiakirjavaatimukset riippuvat useista tekij\u00f6ist\u00e4, kuten matkustusmuodosta, oleskelun kestosta, kansalaisuudesta ja [&hellip;]<\/p>\n","protected":false},"author":1,"featured_media":0,"parent":0,"menu_order":0,"comment_status":"closed","ping_status":"closed","template":"","meta":{"_uag_custom_page_level_css":"","site-sidebar-layout":"default","site-content-layout":"","ast-site-content-layout":"","site-content-style":"default","site-sidebar-style":"default","ast-global-header-display":"","ast-banner-title-visibility":"","ast-main-header-display":"","ast-hfb-above-header-display":"","ast-hfb-below-header-display":"","ast-hfb-mobile-header-display":"","site-post-title":"","ast-breadcrumbs-content":"","ast-featured-img":"","footer-sml-layout":"","theme-transparent-header-meta":"","adv-header-id-meta":"","stick-header-meta":"","header-above-stick-meta":"","header-main-stick-meta":"","header-below-stick-meta":"","astra-migrate-meta-layouts":"default","ast-page-background-enabled":"default","ast-page-background-meta":{"desktop":{"background-color":"var(--ast-global-color-4)","background-image":"","background-repeat":"repeat","background-position":"center center","background-size":"auto","background-attachment":"scroll","background-type":"","background-media":"","overlay-type":"","overlay-color":"","overlay-opacity":"","overlay-gradient":""},"tablet":{"background-color":"","background-image":"","background-repeat":"repeat","background-position":"center center","background-size":"auto","background-attachment":"scroll","background-type":"","background-media":"","overlay-type":"","overlay-color":"","overlay-opacity":"","overlay-gradient":""},"mobile":{"background-color":"","background-image":"","background-repeat":"repeat","background-position":"center center","background-size":"auto","background-attachment":"scroll","background-type":"","background-media":"","overlay-type":"","overlay-color":"","overlay-opacity":"","overlay-gradient":""}},"ast-content-background-meta":{"desktop":{"background-color":"var(--ast-global-color-5)","background-image":"","background-repeat":"repeat","background-position":"center center","background-size":"auto","background-attachment":"scroll","background-type":"","background-media":"","overlay-type":"","overlay-color":"","overlay-opacity":"","overlay-gradient":""},"tablet":{"background-color":"var(--ast-global-color-5)","background-image":"","background-repeat":"repeat","background-position":"center center","background-size":"auto","background-attachment":"scroll","background-type":"","background-media":"","overlay-type":"","overlay-color":"","overlay-opacity":"","overlay-gradient":""},"mobile":{"background-color":"var(--ast-global-color-5)","background-image":"","background-repeat":"repeat","background-position":"center center","background-size":"auto","background-attachment":"scroll","background-type":"","background-media":"","overlay-type":"","overlay-color":"","overlay-opacity":"","overlay-gradient":""}},"footnotes":""},"categories":[],"tags":[],"class_list":["post-973","page","type-page","status-publish","hentry"],"uagb_featured_image_src":{"full":false,"thumbnail":false,"medium":false,"medium_large":false,"large":false,"1536x1536":false,"2048x2048":false},"uagb_author_info":{"display_name":"admin","author_link":"https:\/\/www.etafast.org\/fi\/author\/admin\/"},"uagb_comment_info":0,"uagb_excerpt":"Jos matkustat toiseen maahan ja sinun on kuljettava Kanadan kautta, asiakirjavaatimukset riippuvat useista tekij\u00f6ist\u00e4, kuten matkustusmuodosta, oleskelun kestosta, kansalaisuudesta ja [&hellip;]","_links":{"self":[{"href":"https:\/\/www.etafast.org\/fi\/wp-json\/wp\/v2\/pages\/973","targetHints":{"allow":["GET"]}}],"collection":[{"href":"https:\/\/www.etafast.org\/fi\/wp-json\/wp\/v2\/pages"}],"about":[{"href":"https:\/\/www.etafast.org\/fi\/wp-json\/wp\/v2\/types\/page"}],"author":[{"embeddable":true,"href":"https:\/\/www.etafast.org\/fi\/wp-json\/wp\/v2\/users\/1"}],"replies":[{"embeddable":true,"href":"https:\/\/www.etafast.org\/fi\/wp-json\/wp\/v2\/comments?post=973"}],"version-history":[{"count":1,"href":"https:\/\/www.etafast.org\/fi\/wp-json\/wp\/v2\/pages\/973\/revisions"}],"predecessor-version":[{"id":974,"href":"https:\/\/www.etafast.org\/fi\/wp-json\/wp\/v2\/pages\/973\/revisions\/974"}],"wp:attachment":[{"href":"https:\/\/www.etafast.org\/fi\/wp-json\/wp\/v2\/media?parent=973"}],"wp:term":[{"taxonomy":"category","embeddable":true,"href":"https:\/\/www.etafast.org\/fi\/wp-json\/wp\/v2\/categories?post=973"},{"taxonomy":"post_tag","embeddable":true,"href":"https:\/\/www.etafast.org\/fi\/wp-json\/wp\/v2\/tags?post=973"}],"curies":[{"name":"wp","href":"https:\/\/api.w.org\/{rel}","templated":true}]}}