{"id":309,"date":"2024-12-11T08:24:00","date_gmt":"2024-12-11T07:24:00","guid":{"rendered":"https:\/\/www.etafast.org\/tietoa-prosessista\/"},"modified":"2024-12-11T09:02:21","modified_gmt":"2024-12-11T08:02:21","slug":"tietoa-prosessista","status":"publish","type":"page","link":"https:\/\/www.etafast.org\/fi\/tietoa-prosessista\/","title":{"rendered":"Tietoa prosessista"},"content":{"rendered":"\n<h3 class=\"wp-block-heading\">Tietoa s\u00e4hk\u00f6isest\u00e4 matkustuslupaprosessista (eTA)<\/h3>\n\n<p>S\u00e4hk\u00f6inen matkustuslupa (Electronic Travel Authorization, eTA) on maahantulovaatimus viisumivapaille ulkomaalaisille, jotka matkustavat Kanadaan tai kulkevat sen kautta lentoteitse. Se on nopea ja yksinkertainen verkkoprosessi, jonka tarkoituksena on parantaa rajaturvallisuutta ja varmistaa samalla, ett\u00e4 vaatimukset t\u00e4ytt\u00e4vien henkil\u00f6iden matkustaminen sujuu ongelmitta. <\/p>\n\n<h4 class=\"wp-block-heading\">Mik\u00e4 on eTA?<\/h4>\n\n<p>ETA on s\u00e4hk\u00f6isesti linkitetty matkustuslupa, joka liittyy passiisi. Se on voimassa enint\u00e4\u00e4n viisi vuotta tai kunnes passisi umpeutuu, sen mukaan, kumpi tulee ensin. ETA:n avulla voit vierailla Kanadassa lyhytaikaisesti (yleens\u00e4 enint\u00e4\u00e4n kuusi kuukautta) matkailu-, liike- tai kauttakulkutarkoituksessa.  <\/p>\n\n<h4 class=\"wp-block-heading\">Keskeist\u00e4 tiet\u00e4\u00e4 eTA-prosessista:<\/h4>\n\n<ol class=\"wp-block-list\">\n<li><strong>Yksinkertainen s\u00e4hk\u00f6inen hakemus<\/strong>:<br\/>eTA-hakemusprosessi suoritetaan kokonaan verkossa. Paperity\u00f6t\u00e4 tai henkil\u00f6kohtaisia k\u00e4yntej\u00e4 ei tarvita, joten se on k\u00e4tev\u00e4 vaihtoehto matkustajille. <\/li>\n\n\n\n<li><strong>Edullinen maksu<\/strong>:<br\/>eTA-hakemuksen tekeminen maksaa vain 7 CAN$. Maksu maksetaan verkossa hakemusprosessin aikana. <\/li>\n\n\n\n<li><strong>Nopea k\u00e4sittely<\/strong>:<br\/>Useimmat eTA-hakemukset hyv\u00e4ksyt\u00e4\u00e4n muutamassa minuutissa. Joissakin hakemuksissa voi kuitenkin kest\u00e4\u00e4 kauemmin, jos tarvitaan lis\u00e4asiakirjoja. T\u00e4llaisissa tapauksissa hakijat saavat ohjeet s\u00e4hk\u00f6postitse 72 tunnin kuluessa.  <\/li>\n\n\n\n<li><strong>Kelpoisuusvaatimukset<\/strong>:\n<ul class=\"wp-block-list\">\n<li>Viisumivapaat ulkomaalaiset, jotka lent\u00e4v\u00e4t Kanadaan tai kulkevat Kanadan kautta, tarvitsevat eTA-luvan.<\/li>\n\n\n\n<li>Tietyt viisumivelvollisista maista tulevat matkustajat voivat my\u00f6s saada eTA-viisumin, jos he t\u00e4ytt\u00e4v\u00e4t tietyt kriteerit, kuten voimassa olevan Yhdysvaltain viisumin tai Kanadan vierailijaviisumin viimeisten 10 vuoden aikana.<\/li>\n\n\n\n<li>Autolla, bussilla, junalla tai laivalla, risteilyalukset mukaan lukien, saapuvat matkustajat tarvitsevat eTA-viisumin sijasta vierailijaviisumin.<\/li>\n<\/ul>\n<\/li>\n\n\n\n<li><strong>Matkustusrajoitukset<\/strong>:\n<ul class=\"wp-block-list\">\n<li>ETA-lupa ei oikeuta ty\u00f6skentelem\u00e4\u00e4n tai opiskelemaan Kanadassa. Jos aiot ty\u00f6skennell\u00e4 tai opiskella, sinun on haettava asianmukaisia lupia. <\/li>\n\n\n\n<li>ETA-lupa ei takaa maahantuloa Kanadaan. Rajaviranomaiset arvioivat kelpoisuutesi saapuessasi. <\/li>\n<\/ul>\n<\/li>\n\n\n\n<li><strong>Voimassaoloaika<\/strong>:<br\/>Kun eTA on hyv\u00e4ksytty, se liitet\u00e4\u00e4n passiisi ja se on voimassa useita maahantuloja varten edellytt\u00e4en, ett\u00e4 passisi on voimassa. Matkusta aina samalla passilla, jota k\u00e4ytit eTA-hakemuksen tekemiseen. <\/li>\n<\/ol>\n\n<h4 class=\"wp-block-heading\">Suojaudu huijauksilta<\/h4>\n\n<p>Varo vilpillisi\u00e4 verkkosivustoja tai henkil\u00f6it\u00e4, jotka lupaavat taattuja maahantulo-, ty\u00f6- tai opiskelumahdollisuuksia Kanadassa. Hakeudu vain Kanadan hallituksen virallisen verkkosivuston kautta ja v\u00e4lt\u00e4 henkil\u00f6kohtaisten tietojen antamista vahvistamattomille l\u00e4hteille. Virheellisell\u00e4 esitt\u00e4misell\u00e4 tai petoksella voi olla vakavia oikeudellisia seurauksia.  <\/p>\n\n<h4 class=\"wp-block-heading\">Ennen kuin haet<\/h4>\n\n<ul class=\"wp-block-list\">\n<li>Varmista, ett\u00e4 sinulla on voimassa oleva passi, luotto- tai pankkikortti ja s\u00e4hk\u00f6postiosoite.<\/li>\n\n\n\n<li>Lue ohjeita useilla kielill\u00e4 saatavilla olevasta sovellusohjeesta.<\/li>\n\n\n\n<li>Hae eTA-lupaa <strong>ennen<\/strong> lennon varaamista v\u00e4ltt\u00e4\u00e4ksesi viiv\u00e4styksi\u00e4.<\/li>\n<\/ul>\n\n<p>ETA-luvan hakeminen on olennainen vaihe Kanadaan matkustamista suunnitteleville matkustajille. Ymm\u00e4rt\u00e4m\u00e4ll\u00e4 prosessin ja valmistelemalla hakemuksen huolellisesti voit varmistaa sujuvan ja vaivattoman matkan. <\/p>\n","protected":false},"excerpt":{"rendered":"<p>Tietoa s\u00e4hk\u00f6isest\u00e4 matkustuslupaprosessista (eTA) S\u00e4hk\u00f6inen matkustuslupa (Electronic Travel Authorization, eTA) on maahantulovaatimus viisumivapaille ulkomaalaisille, jotka matkustavat Kanadaan tai kulkevat sen [&hellip;]<\/p>\n","protected":false},"author":1,"featured_media":0,"parent":0,"menu_order":0,"comment_status":"closed","ping_status":"closed","template":"","meta":{"_uag_custom_page_level_css":"","site-sidebar-layout":"default","site-content-layout":"","ast-site-content-layout":"","site-content-style":"default","site-sidebar-style":"default","ast-global-header-display":"","ast-banner-title-visibility":"","ast-main-header-display":"","ast-hfb-above-header-display":"","ast-hfb-below-header-display":"","ast-hfb-mobile-header-display":"","site-post-title":"","ast-breadcrumbs-content":"","ast-featured-img":"","footer-sml-layout":"","theme-transparent-header-meta":"","adv-header-id-meta":"","stick-header-meta":"","header-above-stick-meta":"","header-main-stick-meta":"","header-below-stick-meta":"","astra-migrate-meta-layouts":"default","ast-page-background-enabled":"default","ast-page-background-meta":{"desktop":{"background-color":"var(--ast-global-color-4)","background-image":"","background-repeat":"repeat","background-position":"center center","background-size":"auto","background-attachment":"scroll","background-type":"","background-media":"","overlay-type":"","overlay-color":"","overlay-opacity":"","overlay-gradient":""},"tablet":{"background-color":"","background-image":"","background-repeat":"repeat","background-position":"center center","background-size":"auto","background-attachment":"scroll","background-type":"","background-media":"","overlay-type":"","overlay-color":"","overlay-opacity":"","overlay-gradient":""},"mobile":{"background-color":"","background-image":"","background-repeat":"repeat","background-position":"center center","background-size":"auto","background-attachment":"scroll","background-type":"","background-media":"","overlay-type":"","overlay-color":"","overlay-opacity":"","overlay-gradient":""}},"ast-content-background-meta":{"desktop":{"background-color":"var(--ast-global-color-5)","background-image":"","background-repeat":"repeat","background-position":"center center","background-size":"auto","background-attachment":"scroll","background-type":"","background-media":"","overlay-type":"","overlay-color":"","overlay-opacity":"","overlay-gradient":""},"tablet":{"background-color":"var(--ast-global-color-5)","background-image":"","background-repeat":"repeat","background-position":"center center","background-size":"auto","background-attachment":"scroll","background-type":"","background-media":"","overlay-type":"","overlay-color":"","overlay-opacity":"","overlay-gradient":""},"mobile":{"background-color":"var(--ast-global-color-5)","background-image":"","background-repeat":"repeat","background-position":"center center","background-size":"auto","background-attachment":"scroll","background-type":"","background-media":"","overlay-type":"","overlay-color":"","overlay-opacity":"","overlay-gradient":""}},"footnotes":""},"categories":[],"tags":[],"class_list":["post-309","page","type-page","status-publish","hentry"],"uagb_featured_image_src":{"full":false,"thumbnail":false,"medium":false,"medium_large":false,"large":false,"1536x1536":false,"2048x2048":false},"uagb_author_info":{"display_name":"admin","author_link":"https:\/\/www.etafast.org\/fi\/author\/admin\/"},"uagb_comment_info":0,"uagb_excerpt":"Tietoa s\u00e4hk\u00f6isest\u00e4 matkustuslupaprosessista (eTA) S\u00e4hk\u00f6inen matkustuslupa (Electronic Travel Authorization, eTA) on maahantulovaatimus viisumivapaille ulkomaalaisille, jotka matkustavat Kanadaan tai kulkevat sen [&hellip;]","_links":{"self":[{"href":"https:\/\/www.etafast.org\/fi\/wp-json\/wp\/v2\/pages\/309","targetHints":{"allow":["GET"]}}],"collection":[{"href":"https:\/\/www.etafast.org\/fi\/wp-json\/wp\/v2\/pages"}],"about":[{"href":"https:\/\/www.etafast.org\/fi\/wp-json\/wp\/v2\/types\/page"}],"author":[{"embeddable":true,"href":"https:\/\/www.etafast.org\/fi\/wp-json\/wp\/v2\/users\/1"}],"replies":[{"embeddable":true,"href":"https:\/\/www.etafast.org\/fi\/wp-json\/wp\/v2\/comments?post=309"}],"version-history":[{"count":1,"href":"https:\/\/www.etafast.org\/fi\/wp-json\/wp\/v2\/pages\/309\/revisions"}],"predecessor-version":[{"id":310,"href":"https:\/\/www.etafast.org\/fi\/wp-json\/wp\/v2\/pages\/309\/revisions\/310"}],"wp:attachment":[{"href":"https:\/\/www.etafast.org\/fi\/wp-json\/wp\/v2\/media?parent=309"}],"wp:term":[{"taxonomy":"category","embeddable":true,"href":"https:\/\/www.etafast.org\/fi\/wp-json\/wp\/v2\/categories?post=309"},{"taxonomy":"post_tag","embeddable":true,"href":"https:\/\/www.etafast.org\/fi\/wp-json\/wp\/v2\/tags?post=309"}],"curies":[{"name":"wp","href":"https:\/\/api.w.org\/{rel}","templated":true}]}}