{"id":1541,"date":"2024-12-11T08:24:51","date_gmt":"2024-12-11T07:24:51","guid":{"rendered":"https:\/\/www.etafast.org\/kuka-voi-hakea\/"},"modified":"2024-12-11T09:16:23","modified_gmt":"2024-12-11T08:16:23","slug":"kuka-voi-hakea","status":"publish","type":"page","link":"https:\/\/www.etafast.org\/fi\/kuka-voi-hakea\/","title":{"rendered":"Kuka voi hakea"},"content":{"rendered":"\n<h3 class=\"wp-block-heading\">Kuka voi hakea s\u00e4hk\u00f6ist\u00e4 matkustuslupaa (eTA)?<\/h3>\n\n<p>S\u00e4hk\u00f6inen matkustuslupa (Electronic Travel Authorization, eTA) on matkustamiseen liittyv\u00e4 vaatimus tietyille henkil\u00f6ille, jotka matkustavat Kanadaan tai kulkevat Kanadan kautta lentoteitse. T\u00e4ss\u00e4 on yksityiskohtainen erittely siit\u00e4, ketk\u00e4 voivat hakea sit\u00e4: <\/p>\n\n<h4 class=\"wp-block-heading\"><strong>Kelpoisuusperusteet eTA-lupaa varten<\/strong><\/h4>\n\n<p>Voit hakea eTA-lupaa, jos t\u00e4yt\u00e4t <strong>kaikki kolme seuraavista vaatimuksista<\/strong>:<\/p>\n\n<ol class=\"wp-block-list\">\n<li><strong>Aiempi matkahistoria<\/strong>:<ul><li>Sinulla on ollut Kanadan vierailijaviisumi (tilap\u00e4inen oleskeluviisumi) viimeisten 10 vuoden aikana, TAI<\/li><li>Sinulla on t\u00e4ll\u00e4 hetkell\u00e4 voimassa oleva Yhdysvaltojen (U.S.) ei-maahanmuuttajan viisumi.<\/li><\/ul><em>(Yhdysvaltain viisumin on oltava voimassa sin\u00e4 p\u00e4iv\u00e4n\u00e4, jona haet eTA-viisumia, mutta sen ei tarvitse olla voimassa Kanadaan matkustaessasi.)<\/em><\/li>\n\n\n\n<li><strong>Matkan tarkoitus<\/strong>:\n<ul class=\"wp-block-list\">\n<li>Olet tulossa Kanadaan <strong>tilap\u00e4ist\u00e4 oleskelua<\/strong> varten, yleens\u00e4 enint\u00e4\u00e4n kuudeksi kuukaudeksi.<\/li>\n<\/ul>\n<\/li>\n\n\n\n<li><strong>Matkustustila<\/strong>:\n<ul class=\"wp-block-list\">\n<li>Lenn\u00e4t Kanadan lentoasemalle tai k\u00e4yt Kanadan lentoaseman kautta, ja sinulla on voimassa oleva passi jostakin <strong>viisumivelvollisesta maasta<\/strong>.<\/li>\n<\/ul>\n<\/li>\n<\/ol>\n\n<h4 class=\"wp-block-heading\"><strong>Hyv\u00e4ksytt\u00e4v\u00e4t viisumipakolliset maat<\/strong><\/h4>\n\n<p>Seuraavien maiden kansalaiset voivat hakea eTA-lupaa, jos he t\u00e4ytt\u00e4v\u00e4t edell\u00e4 mainitut kriteerit:<\/p>\n\n<ul class=\"wp-block-list\">\n<li>Antigua ja Barbuda<\/li>\n\n\n\n<li>Argentiina<\/li>\n\n\n\n<li>Brasilia<\/li>\n\n\n\n<li>Costa Rica<\/li>\n\n\n\n<li>Meksiko<\/li>\n\n\n\n<li>Marokko<\/li>\n\n\n\n<li>Panama<\/li>\n\n\n\n<li>Filippiinit<\/li>\n\n\n\n<li>St. Kitts ja Nevis<\/li>\n\n\n\n<li>St. Lucia<\/li>\n\n\n\n<li>Saint Vincent ja Grenadiinit<\/li>\n\n\n\n<li>Seychellit<\/li>\n\n\n\n<li>Thaimaa<\/li>\n\n\n\n<li>Trinidad ja Tobago<\/li>\n\n\n\n<li>Uruguay<\/li>\n<\/ul>\n\n<p>Jos et t\u00e4yt\u00e4 kaikkia n\u00e4it\u00e4 vaatimuksia, sinun on haettava vierailijaviisumia (tilap\u00e4ist\u00e4 viisumia).<\/p>\n\n<hr class=\"wp-block-separator has-alpha-channel-opacity\"\/>\n\n<h3 class=\"wp-block-heading\"><strong>Kuka EI tarvitse eTA-lupaa?<\/strong><\/h3>\n\n<ul class=\"wp-block-list\">\n<li><strong>Yhdysvaltain kansalaiset<\/strong>:<br\/>Yhdysvaltain kansalaiset on vapautettu eTA-vaatimuksesta. Heid\u00e4n on esitett\u00e4v\u00e4 vain voimassa oleva Yhdysvaltain passi. <\/li>\n\n\n\n<li><strong>Kanadan kansalaiset (my\u00f6s kaksoiskansalaiset)<\/strong>:<br\/>Kanadan kansalaiset eiv\u00e4t voi hakea eTA-lupaa. Heid\u00e4n on matkustettava voimassa olevalla Kanadan passilla. My\u00f6s kaksoiskansalaisten on k\u00e4ytett\u00e4v\u00e4 Kanadan passiaan lent\u00e4ess\u00e4\u00e4n Kanadaan.  <\/li>\n\n\n\n<li><strong>Kanadan vakituiset asukkaat<\/strong>:<br>Kanadan vakituiset asukkaat eiv\u00e4t voi hakea eTA-lupaa. Sen sijaan heid\u00e4n on matkustettava: \n<ul class=\"wp-block-list\">\n<li>voimassa oleva pysyv\u00e4 oleskelukortti, TAI<\/li>\n\n\n\n<li>Pysyv\u00e4sti maassa oleskelevan henkil\u00f6n matkustusasiakirja.<\/li>\n<\/ul>\n<\/li>\n\n\n\n<li><strong>Yhdysvalloissa laillisesti pysyv\u00e4sti asuvat henkil\u00f6t<\/strong>:<br>26. huhtikuuta 2022 alkaen Yhdysvalloissa laillisesti pysyv\u00e4sti asuvat henkil\u00f6t on vapautettu eTA-vaatimuksesta. Heill\u00e4 on oltava mukanaan: \n<ul class=\"wp-block-list\">\n<li>voimassa oleva passi kansalaisuusmaasta, ja<\/li>\n\n\n\n<li>Voimassa oleva Yhdysvaltain vihre\u00e4 kortti tai vastaava todiste asemasta.<\/li>\n<\/ul>\n<\/li>\n<\/ul>\n\n<hr class=\"wp-block-separator has-alpha-channel-opacity\"\/>\n\n<h3 class=\"wp-block-heading\"><strong>Matkaskenaariot ja asiakirjavaatimukset<\/strong><\/h3>\n\n<figure class=\"wp-block-table\"><table class=\"has-fixed-layout\"><thead><tr><th><strong>Miten matkustat Kanadaan<\/strong><\/th><th><strong>Vaadittu asiakirja(t)<\/strong><\/th><\/tr><\/thead><tbody><tr><td>Lenn\u00e4t Kanadan lentoasemalle tai k\u00e4yt kanadalaisen lentoaseman kautta ja olet oikeutettu eTA-lupaan.<\/td><td>eTA- tai vierailijaviisumi<\/td><\/tr><tr><td>Lenn\u00e4t Kanadan lentoasemalle tai kuljeksit Kanadan lentoaseman kautta, etk\u00e4 ole oikeutettu saamaan eTA-lupaa.<\/td><td>Vierailijaviisumi<\/td><\/tr><tr><td>Saapuminen autolla, bussilla, junalla tai laivalla (mukaan lukien risteilyalukset).<\/td><td>Vierailijaviisumi<\/td><\/tr><tr><td>Matkustaminen Kanadaan voimassa olevalla Kanadan viisumilla<\/td><td>ETA:ta ei tarvita &#8211; k\u00e4yt\u00e4 viisumia<\/td><\/tr><tr><td>Paluulento Kanadaan ty\u00f6- tai opiskeluluvan uusimisen j\u00e4lkeen<\/td><td>eTA toimitetaan luvan uusimisen yhteydess\u00e4<\/td><\/tr><tr><td>Matkustat Kanadaan ty\u00f6skentelem\u00e4\u00e4n tai opiskelemaan yli 6 kuukaudeksi.<\/td><td>Ty\u00f6- tai opiskelulupa (sis\u00e4lt\u00e4\u00e4 viisumin)<\/td><\/tr><\/tbody><\/table><\/figure>\n\n<hr class=\"wp-block-separator has-alpha-channel-opacity\"\/>\n\n<h3 class=\"wp-block-heading\"><strong>T\u00e4rkeit\u00e4 n\u00e4k\u00f6kohtia<\/strong><\/h3>\n\n<ul class=\"wp-block-list\">\n<li><strong>Perusvaatimukset<\/strong>: Sinun on t\u00e4ytett\u00e4v\u00e4 yleiset maahantulokriteerit, kuten voimassa olevat matkustusasiakirjat, hyv\u00e4 terveys, taloudellinen tuki ja vahvat siteet kotimaahasi.<\/li>\n\n\n\n<li><strong>Tutkimatta j\u00e4tt\u00e4minen<\/strong>: Henkil\u00f6t, jotka ovat osallisina rikollisessa toiminnassa, turvallisuusuhkissa tai tietyiss\u00e4 terveydellisiss\u00e4 ja taloudellisissa kysymyksiss\u00e4, voidaan katsoa, ettei heit\u00e4 voida p\u00e4\u00e4st\u00e4\u00e4 Kanadaan, vaikka heill\u00e4 olisi voimassa oleva eTA.<\/li>\n<\/ul>\n\n<p>ETA on suunniteltu yksinkertaistamaan Kanadaan suuntautuvaa lentomatkustusta siihen oikeutettujen henkil\u00f6iden osalta. Tutustu vaatimuksiin huolellisesti ja tee hakemus hyviss\u00e4 ajoin ennen suunniteltua matkaa. <\/p>\n","protected":false},"excerpt":{"rendered":"<p>Kuka voi hakea s\u00e4hk\u00f6ist\u00e4 matkustuslupaa (eTA)? S\u00e4hk\u00f6inen matkustuslupa (Electronic Travel Authorization, eTA) on matkustamiseen liittyv\u00e4 vaatimus tietyille henkil\u00f6ille, jotka matkustavat [&hellip;]<\/p>\n","protected":false},"author":1,"featured_media":0,"parent":0,"menu_order":0,"comment_status":"closed","ping_status":"closed","template":"","meta":{"_uag_custom_page_level_css":"","site-sidebar-layout":"default","site-content-layout":"","ast-site-content-layout":"","site-content-style":"default","site-sidebar-style":"default","ast-global-header-display":"","ast-banner-title-visibility":"","ast-main-header-display":"","ast-hfb-above-header-display":"","ast-hfb-below-header-display":"","ast-hfb-mobile-header-display":"","site-post-title":"","ast-breadcrumbs-content":"","ast-featured-img":"","footer-sml-layout":"","theme-transparent-header-meta":"","adv-header-id-meta":"","stick-header-meta":"","header-above-stick-meta":"","header-main-stick-meta":"","header-below-stick-meta":"","astra-migrate-meta-layouts":"default","ast-page-background-enabled":"default","ast-page-background-meta":{"desktop":{"background-color":"var(--ast-global-color-4)","background-image":"","background-repeat":"repeat","background-position":"center center","background-size":"auto","background-attachment":"scroll","background-type":"","background-media":"","overlay-type":"","overlay-color":"","overlay-opacity":"","overlay-gradient":""},"tablet":{"background-color":"","background-image":"","background-repeat":"repeat","background-position":"center center","background-size":"auto","background-attachment":"scroll","background-type":"","background-media":"","overlay-type":"","overlay-color":"","overlay-opacity":"","overlay-gradient":""},"mobile":{"background-color":"","background-image":"","background-repeat":"repeat","background-position":"center center","background-size":"auto","background-attachment":"scroll","background-type":"","background-media":"","overlay-type":"","overlay-color":"","overlay-opacity":"","overlay-gradient":""}},"ast-content-background-meta":{"desktop":{"background-color":"var(--ast-global-color-5)","background-image":"","background-repeat":"repeat","background-position":"center center","background-size":"auto","background-attachment":"scroll","background-type":"","background-media":"","overlay-type":"","overlay-color":"","overlay-opacity":"","overlay-gradient":""},"tablet":{"background-color":"var(--ast-global-color-5)","background-image":"","background-repeat":"repeat","background-position":"center center","background-size":"auto","background-attachment":"scroll","background-type":"","background-media":"","overlay-type":"","overlay-color":"","overlay-opacity":"","overlay-gradient":""},"mobile":{"background-color":"var(--ast-global-color-5)","background-image":"","background-repeat":"repeat","background-position":"center center","background-size":"auto","background-attachment":"scroll","background-type":"","background-media":"","overlay-type":"","overlay-color":"","overlay-opacity":"","overlay-gradient":""}},"footnotes":""},"categories":[],"tags":[],"class_list":["post-1541","page","type-page","status-publish","hentry"],"uagb_featured_image_src":{"full":false,"thumbnail":false,"medium":false,"medium_large":false,"large":false,"1536x1536":false,"2048x2048":false},"uagb_author_info":{"display_name":"admin","author_link":"https:\/\/www.etafast.org\/fi\/author\/admin\/"},"uagb_comment_info":0,"uagb_excerpt":"Kuka voi hakea s\u00e4hk\u00f6ist\u00e4 matkustuslupaa (eTA)? S\u00e4hk\u00f6inen matkustuslupa (Electronic Travel Authorization, eTA) on matkustamiseen liittyv\u00e4 vaatimus tietyille henkil\u00f6ille, jotka matkustavat [&hellip;]","_links":{"self":[{"href":"https:\/\/www.etafast.org\/fi\/wp-json\/wp\/v2\/pages\/1541","targetHints":{"allow":["GET"]}}],"collection":[{"href":"https:\/\/www.etafast.org\/fi\/wp-json\/wp\/v2\/pages"}],"about":[{"href":"https:\/\/www.etafast.org\/fi\/wp-json\/wp\/v2\/types\/page"}],"author":[{"embeddable":true,"href":"https:\/\/www.etafast.org\/fi\/wp-json\/wp\/v2\/users\/1"}],"replies":[{"embeddable":true,"href":"https:\/\/www.etafast.org\/fi\/wp-json\/wp\/v2\/comments?post=1541"}],"version-history":[{"count":1,"href":"https:\/\/www.etafast.org\/fi\/wp-json\/wp\/v2\/pages\/1541\/revisions"}],"predecessor-version":[{"id":1542,"href":"https:\/\/www.etafast.org\/fi\/wp-json\/wp\/v2\/pages\/1541\/revisions\/1542"}],"wp:attachment":[{"href":"https:\/\/www.etafast.org\/fi\/wp-json\/wp\/v2\/media?parent=1541"}],"wp:term":[{"taxonomy":"category","embeddable":true,"href":"https:\/\/www.etafast.org\/fi\/wp-json\/wp\/v2\/categories?post=1541"},{"taxonomy":"post_tag","embeddable":true,"href":"https:\/\/www.etafast.org\/fi\/wp-json\/wp\/v2\/tags?post=1541"}],"curies":[{"name":"wp","href":"https:\/\/api.w.org\/{rel}","templated":true}]}}