{"id":1459,"date":"2024-12-11T08:25:47","date_gmt":"2024-12-11T07:25:47","guid":{"rendered":"https:\/\/www.etafast.org\/tarvitsetko-visaa\/"},"modified":"2024-12-11T09:14:51","modified_gmt":"2024-12-11T08:14:51","slug":"tarvitsetko-visaa","status":"publish","type":"page","link":"https:\/\/www.etafast.org\/fi\/tarvitsetko-visaa\/","title":{"rendered":"Tarvitsetko VISAa?"},"content":{"rendered":"\n<h3 class=\"wp-block-heading\">Miten saat selville, tarvitsetko viisumia Kanadaan matkustamiseen?<\/h3>\n\n<p>Kanada edellytt\u00e4\u00e4, ett\u00e4 matkustajilla on joko <strong>vierailijaviisumi<\/strong> tai <strong>s\u00e4hk\u00f6inen matkustuslupa (Electronic Travel Authorization, eTA<\/strong> ), jotta he voivat saapua maahan tai kulkea maan l\u00e4pi, riippuen heid\u00e4n kansalaisuudestaan ja matkustustavastaan. N\u00e4in voit selvitt\u00e4\u00e4, mit\u00e4 tarvitset: <\/p>\n\n<hr class=\"wp-block-separator has-alpha-channel-opacity\"\/>\n\n<h3 class=\"wp-block-heading\"><strong>Vaihe 1: Tarkista kansalaisuutesi<\/strong><\/h3>\n\n<p>Tarvitsemasi matkustusasiakirja riippuu ensisijaisesti kansalaisuudestasi. Matkustajat kuuluvat johonkin kolmesta luokasta: <\/p>\n\n<ol class=\"wp-block-list\">\n<li><strong>Viisumivapaat matkustajat (tarvitsevat eTA:n)<\/strong><br\/>Jos olet viisumivapaan maan kansalainen, tarvitset eTA:n, jos matkustat Kanadaan tai sen kautta lent\u00e4en. Esimerkkej\u00e4 viisumivapaista maista ovat: <ul><li>Australia<\/li><li>Saksa<\/li><li>Japani<\/li><li>Yhdistynyt kuningaskunta<\/li><li>Ranska<br\/><em>(Luettelo ei ole t\u00e4ydellinen).<\/em><\/li><\/ul><strong>T\u00e4rke\u00e4\u00e4<\/strong>: Jos saavut Kanadaan autolla, bussilla, junalla tai laivalla, mukaan lukien risteily, et tarvitse eTA- tai vierailijaviisumia.<\/li>\n\n\n\n<li><strong>Viisumivelvolliset matkustajat (tarvitsevat vierailijaviisumin)<\/strong><br>Niiden maiden kansalaiset, jotka eiv\u00e4t ole viisumivapausluettelossa, tarvitsevat Kanadaan matkustamiseen vierailijaviisumin (tunnetaan my\u00f6s nimell\u00e4 tilap\u00e4inen oleskeluviisumi) matkustustavasta riippumatta.<br>Esimerkkej\u00e4 viisumivelvollisista maista ovat:\n<ul class=\"wp-block-list\">\n<li>Intia<\/li>\n\n\n\n<li>Kiina<\/li>\n\n\n\n<li>Pakistan<br\/><em>(Luettelo ei ole t\u00e4ydellinen.)<\/em><\/li>\n<\/ul>\n<\/li>\n\n\n\n<li><strong>Viisumivelvolliset matkustajat (voivat saada eTA-luvan)<\/strong><br>Jos olet kotoisin viisumivelvollisesta maasta, mutta t\u00e4yt\u00e4t tietyt ehdot, voit hakea eTA-lupaa viisumin sijaan. N\u00e4ihin edellytyksiin kuuluvat mm: <ul><li>Sinulla on voimassa oleva Yhdysvaltain ei-maahanmuuttajan viisumi, TAI<\/li><li>Hakijalla on ollut Kanadan vierailijaviisumi viimeisten 10 vuoden aikana.<\/li><\/ul>T\u00e4h\u00e4n vaihtoehtoon voivat osallistua seuraavat maat:\n<ul class=\"wp-block-list\">\n<li>Brasilia<\/li>\n\n\n\n<li>Meksiko<\/li>\n\n\n\n<li>Filippiinit<br\/><em>(Luettelo ei ole t\u00e4ydellinen.)<\/em><\/li>\n<\/ul>\n<\/li>\n<\/ol>\n\n<hr class=\"wp-block-separator has-alpha-channel-opacity\"\/>\n\n<h3 class=\"wp-block-heading\"><strong>Vaihe 2: Harkitse matkustusmenetelm\u00e4\u00e4si<\/strong><\/h3>\n\n<p>Tarvitsemasi matkustusasiakirja riippuu my\u00f6s siit\u00e4, miten aiot saapua Kanadaan:<\/p>\n\n<figure class=\"wp-block-table\"><table class=\"has-fixed-layout\"><thead><tr><th><strong>Matkustustapa<\/strong><\/th><th><strong>Vaatimus<\/strong><\/th><\/tr><\/thead><tbody><tr><td>Kanadan lentoasemalle lent\u00e4minen tai sen kautta kulkeminen<\/td><td>eTA (viisumivapaille matkustajille) tai vierailijaviisumi.<\/td><\/tr><tr><td>Tulo autolla, bussilla, junalla tai laivalla (mukaan lukien risteily).<\/td><td>Vierailijaviisumi (viisumivelvollisille matkustajille)<\/td><\/tr><tr><td>Matkustaminen voimassa olevan Kanadan viisumin kanssa<\/td><td>ETA:ta ei tarvita; k\u00e4yt\u00e4 viisumia<\/td><\/tr><\/tbody><\/table><\/figure>\n\n<hr class=\"wp-block-separator has-alpha-channel-opacity\"\/>\n\n<h3 class=\"wp-block-heading\"><strong>Vaihe 3: Poikkeukset s\u00e4\u00e4nt\u00f6\u00f6n<\/strong><\/h3>\n\n<ol class=\"wp-block-list\">\n<li><strong>Yhdysvaltain kansalaiset<\/strong><br\/>Yhdysvaltain kansalaiset EIV\u00c4T tarvitse eTA- tai vierailuviisumia. He tarvitsevat vain voimassa olevan Yhdysvaltain passin. <\/li>\n\n\n\n<li><strong>Kanadan kansalaiset (my\u00f6s kaksoiskansalaiset)<\/strong><br\/>Kanadan kansalaiset eiv\u00e4t voi hakea eTA- tai viisumia. Heid\u00e4n on matkustettava voimassa olevalla Kanadan passilla. <\/li>\n\n\n\n<li><strong>Kanadan vakituiset asukkaat<\/strong><br>Kanadan vakituiset asukkaat eiv\u00e4t voi hakea eTA-lupaa. Heid\u00e4n on matkustettava seuraavien henkil\u00f6iden kanssa: \n<ul class=\"wp-block-list\">\n<li>voimassa oleva pysyv\u00e4 oleskelukortti, TAI<\/li>\n\n\n\n<li>Pysyv\u00e4sti maassa oleskelevan henkil\u00f6n matkustusasiakirja.<\/li>\n<\/ul>\n<\/li>\n\n\n\n<li><strong>Pysyv\u00e4sti Yhdysvalloissa asuvat henkil\u00f6t<\/strong><br>Huhtikuun 26. p\u00e4iv\u00e4st\u00e4 2022 alkaen Yhdysvalloissa laillisesti pysyv\u00e4sti asuvat henkil\u00f6t eiv\u00e4t tarvitse eTA-lupaa. Heill\u00e4 on oltava mukanaan: \n<ul class=\"wp-block-list\">\n<li>voimassa oleva passi, jonka haltija on oman maansa kansalainen, JA<\/li>\n\n\n\n<li>Voimassa oleva vihre\u00e4 kortti tai vastaava todiste asemasta.<\/li>\n<\/ul>\n<\/li>\n<\/ol>\n\n<hr class=\"wp-block-separator has-alpha-channel-opacity\"\/>\n\n<h3 class=\"wp-block-heading\"><strong>Vaihe 4: K\u00e4yt\u00e4 Kanadan hallituksen ty\u00f6kalua<\/strong><\/h3>\n\n<p>Voit varmistaa, tarvitsetko viisumin vai eTA-luvan, k\u00e4ytt\u00e4m\u00e4ll\u00e4 Kanadan hallituksen virallista <a>matkustusasiakirjaty\u00f6kalua<\/a>. Sy\u00f6t\u00e4 vain kansalaisuutesi, matkustustapasi ja vierailun tarkoitus, niin saat henkil\u00f6kohtaiset tulokset. <\/p>\n\n<hr class=\"wp-block-separator has-alpha-channel-opacity\"\/>\n\n<h3 class=\"wp-block-heading\"><strong>Lopulliset huomautukset<\/strong><\/h3>\n\n<ul class=\"wp-block-list\">\n<li>Varmista, ett\u00e4 haet oikeaa asiakirjaa hyviss\u00e4 ajoin ennen matkustusp\u00e4iv\u00e4\u00e4si.<\/li>\n\n\n\n<li>Viisumi tai eTA ei takaa maahantuloa Kanadaan. Sinun on vakuutettava rajavartijalle, ett\u00e4 t\u00e4yt\u00e4t kaikki maahantulovaatimukset. <\/li>\n<\/ul>\n\n<p><\/p>\n","protected":false},"excerpt":{"rendered":"<p>Miten saat selville, tarvitsetko viisumia Kanadaan matkustamiseen? Kanada edellytt\u00e4\u00e4, ett\u00e4 matkustajilla on joko vierailijaviisumi tai s\u00e4hk\u00f6inen matkustuslupa (Electronic Travel Authorization, [&hellip;]<\/p>\n","protected":false},"author":1,"featured_media":0,"parent":0,"menu_order":0,"comment_status":"closed","ping_status":"closed","template":"","meta":{"_uag_custom_page_level_css":"","site-sidebar-layout":"default","site-content-layout":"","ast-site-content-layout":"","site-content-style":"default","site-sidebar-style":"default","ast-global-header-display":"","ast-banner-title-visibility":"","ast-main-header-display":"","ast-hfb-above-header-display":"","ast-hfb-below-header-display":"","ast-hfb-mobile-header-display":"","site-post-title":"","ast-breadcrumbs-content":"","ast-featured-img":"","footer-sml-layout":"","theme-transparent-header-meta":"","adv-header-id-meta":"","stick-header-meta":"","header-above-stick-meta":"","header-main-stick-meta":"","header-below-stick-meta":"","astra-migrate-meta-layouts":"default","ast-page-background-enabled":"default","ast-page-background-meta":{"desktop":{"background-color":"var(--ast-global-color-4)","background-image":"","background-repeat":"repeat","background-position":"center center","background-size":"auto","background-attachment":"scroll","background-type":"","background-media":"","overlay-type":"","overlay-color":"","overlay-opacity":"","overlay-gradient":""},"tablet":{"background-color":"","background-image":"","background-repeat":"repeat","background-position":"center center","background-size":"auto","background-attachment":"scroll","background-type":"","background-media":"","overlay-type":"","overlay-color":"","overlay-opacity":"","overlay-gradient":""},"mobile":{"background-color":"","background-image":"","background-repeat":"repeat","background-position":"center center","background-size":"auto","background-attachment":"scroll","background-type":"","background-media":"","overlay-type":"","overlay-color":"","overlay-opacity":"","overlay-gradient":""}},"ast-content-background-meta":{"desktop":{"background-color":"var(--ast-global-color-5)","background-image":"","background-repeat":"repeat","background-position":"center center","background-size":"auto","background-attachment":"scroll","background-type":"","background-media":"","overlay-type":"","overlay-color":"","overlay-opacity":"","overlay-gradient":""},"tablet":{"background-color":"var(--ast-global-color-5)","background-image":"","background-repeat":"repeat","background-position":"center center","background-size":"auto","background-attachment":"scroll","background-type":"","background-media":"","overlay-type":"","overlay-color":"","overlay-opacity":"","overlay-gradient":""},"mobile":{"background-color":"var(--ast-global-color-5)","background-image":"","background-repeat":"repeat","background-position":"center center","background-size":"auto","background-attachment":"scroll","background-type":"","background-media":"","overlay-type":"","overlay-color":"","overlay-opacity":"","overlay-gradient":""}},"footnotes":""},"categories":[],"tags":[],"class_list":["post-1459","page","type-page","status-publish","hentry"],"uagb_featured_image_src":{"full":false,"thumbnail":false,"medium":false,"medium_large":false,"large":false,"1536x1536":false,"2048x2048":false},"uagb_author_info":{"display_name":"admin","author_link":"https:\/\/www.etafast.org\/fi\/author\/admin\/"},"uagb_comment_info":0,"uagb_excerpt":"Miten saat selville, tarvitsetko viisumia Kanadaan matkustamiseen? Kanada edellytt\u00e4\u00e4, ett\u00e4 matkustajilla on joko vierailijaviisumi tai s\u00e4hk\u00f6inen matkustuslupa (Electronic Travel Authorization, [&hellip;]","_links":{"self":[{"href":"https:\/\/www.etafast.org\/fi\/wp-json\/wp\/v2\/pages\/1459","targetHints":{"allow":["GET"]}}],"collection":[{"href":"https:\/\/www.etafast.org\/fi\/wp-json\/wp\/v2\/pages"}],"about":[{"href":"https:\/\/www.etafast.org\/fi\/wp-json\/wp\/v2\/types\/page"}],"author":[{"embeddable":true,"href":"https:\/\/www.etafast.org\/fi\/wp-json\/wp\/v2\/users\/1"}],"replies":[{"embeddable":true,"href":"https:\/\/www.etafast.org\/fi\/wp-json\/wp\/v2\/comments?post=1459"}],"version-history":[{"count":1,"href":"https:\/\/www.etafast.org\/fi\/wp-json\/wp\/v2\/pages\/1459\/revisions"}],"predecessor-version":[{"id":1460,"href":"https:\/\/www.etafast.org\/fi\/wp-json\/wp\/v2\/pages\/1459\/revisions\/1460"}],"wp:attachment":[{"href":"https:\/\/www.etafast.org\/fi\/wp-json\/wp\/v2\/media?parent=1459"}],"wp:term":[{"taxonomy":"category","embeddable":true,"href":"https:\/\/www.etafast.org\/fi\/wp-json\/wp\/v2\/categories?post=1459"},{"taxonomy":"post_tag","embeddable":true,"href":"https:\/\/www.etafast.org\/fi\/wp-json\/wp\/v2\/tags?post=1459"}],"curies":[{"name":"wp","href":"https:\/\/api.w.org\/{rel}","templated":true}]}}