{"id":1377,"date":"2024-12-11T08:26:43","date_gmt":"2024-12-11T07:26:43","guid":{"rendered":"https:\/\/www.etafast.org\/pidenna-oleskeluasi-kanadassa\/"},"modified":"2024-12-11T09:13:50","modified_gmt":"2024-12-11T08:13:50","slug":"pidenna-oleskeluasi-kanadassa","status":"publish","type":"page","link":"https:\/\/www.etafast.org\/fi\/pidenna-oleskeluasi-kanadassa\/","title":{"rendered":"Pidenn\u00e4 oleskeluasi Kanadassa"},"content":{"rendered":"\n<h3 class=\"wp-block-heading\">Pidenn\u00e4 oleskeluasi Kanadassa: Vierailijarekisteri<\/h3>\n\n<p>Jos haluat oleskella Kanadassa pidemp\u00e4\u00e4n kuin alun perin sallitun vierailijana olon ajan, sinun on haettava <strong>vierailijarekisteriotetta<\/strong>. Vierailijarekisteriote on t\u00e4rke\u00e4 asiakirja, jonka avulla voit jatkaa oleskeluasi rikkomatta maahanmuuttos\u00e4\u00e4nt\u00f6j\u00e4. <\/p>\n\n<hr class=\"wp-block-separator has-alpha-channel-opacity\"\/>\n\n<h3 class=\"wp-block-heading\"><strong>Mik\u00e4 on vierailijarekisteriote?<\/strong><\/h3>\n\n<p>Vierailijarekisteriote <strong>ei ole viisumi<\/strong>. Sen sijaan se on virallinen asiakirja, joka: <\/p>\n\n<ul class=\"wp-block-list\">\n<li>Lupaa oleskella Kanadassa pidemp\u00e4\u00e4n <strong>vierailijana<\/strong>, ty\u00f6ntekij\u00e4n\u00e4, jolla on lupa ty\u00f6skennell\u00e4 ilman lupaa, tai opiskelijana, jolla on lupa opiskella ilman lupaa.<\/li>\n\n\n\n<li>M\u00e4\u00e4ritt\u00e4\u00e4 uuden voimassaolon p\u00e4\u00e4ttymisp\u00e4iv\u00e4n, johon menness\u00e4 sinun on poistuttava Kanadasta.<\/li>\n<\/ul>\n\n<hr class=\"wp-block-separator has-alpha-channel-opacity\"\/>\n\n<h3 class=\"wp-block-heading\"><strong>Milloin vierailijarekisteriotetta haetaan<\/strong><\/h3>\n\n<p>Sinun on haettava vierailijarekisteriotetta <strong>ennen nykyisen asemasi p\u00e4\u00e4ttymist\u00e4<\/strong>.<\/p>\n\n<ul class=\"wp-block-list\">\n<li>Tarkista passisi leima tai Kanadaan saapuessasi annettu kirjallinen vahvistus sallitusta oleskelun kestosta.<\/li>\n\n\n\n<li>Jos mit\u00e4\u00e4n tietty\u00e4 p\u00e4iv\u00e4m\u00e4\u00e4r\u00e4\u00e4 ei ole annettu, asemasi p\u00e4\u00e4ttyy yleens\u00e4 <strong>6 kuukauden kuluttua saapumisp\u00e4iv\u00e4st\u00e4si<\/strong>.<\/li>\n<\/ul>\n\n<hr class=\"wp-block-separator has-alpha-channel-opacity\"\/>\n\n<h3 class=\"wp-block-heading\"><strong>Kuka voi hakea vierailijarekisteriotetta?<\/strong><\/h3>\n\n<p>Voit hakea vierailijarekisteriotetta, jos:<\/p>\n\n<ul class=\"wp-block-list\">\n<li>Tulit Kanadaan vierailijaviisumilla, eTA:lla tai muulla voimassa olevalla matkustusasiakirjalla ja haluat nyt jatkaa sallittua oleskeluasi.<\/li>\n\n\n\n<li>Olet t\u00e4ll\u00e4 hetkell\u00e4 Kanadassa vierailijana, ty\u00f6ntekij\u00e4n\u00e4 tai opiskelijana ilman oleskelulupaa ja haluat pident\u00e4\u00e4 asemaasi.<\/li>\n<\/ul>\n\n<hr class=\"wp-block-separator has-alpha-channel-opacity\"\/>\n\n<h3 class=\"wp-block-heading\"><strong>Vierailijarekisteriotteen hakeminen<\/strong><\/h3>\n\n<p>Vierailijarekisterin hakuprosessi sis\u00e4lt\u00e4\u00e4 seuraavat vaiheet:<\/p>\n\n<ol class=\"wp-block-list\">\n<li><strong>Valmistele asiakirjat<\/strong>:\n<ul class=\"wp-block-list\">\n<li>Voimassa oleva passi tai matkustusasiakirja (varmista, ett\u00e4 se on voimassa koko pidennetyn oleskelusi ajan).<\/li>\n\n\n\n<li>Todiste siit\u00e4, ett\u00e4 sinulla on riitt\u00e4v\u00e4t varat el\u00e4tt\u00e4\u00e4 itsesi pidennetyn oleskelun aikana.<\/li>\n\n\n\n<li>Selke\u00e4 selvitys siit\u00e4, miksi haluat jatkaa oleskeluasi Kanadassa.<\/li>\n<\/ul>\n<\/li>\n\n\n\n<li><strong>L\u00e4het\u00e4 hakemuksesi verkossa<\/strong>:\n<ul class=\"wp-block-list\">\n<li>T\u00e4yt\u00e4 hakemuslomake <a>IRCC-portaalin<\/a> kautta.<\/li>\n\n\n\n<li>Maksa hakemusmaksu, joka on alkaen <strong> 100 dollaria<\/strong>.<\/li>\n<\/ul>\n<\/li>\n\n\n\n<li><strong>Hae ajoissa<\/strong>:\n<ul class=\"wp-block-list\">\n<li>K\u00e4sittelyaika on noin <strong>126 p\u00e4iv\u00e4\u00e4<\/strong>, joten on t\u00e4rke\u00e4\u00e4 hakea hakemusta hyviss\u00e4 ajoin ennen nykyisen asemasi p\u00e4\u00e4ttymist\u00e4.<\/li>\n\n\n\n<li>Jos asemasi p\u00e4\u00e4ttyy hakemuksesi k\u00e4sittelyn aikana, sinulla on <strong>implisiittinen asema<\/strong> ja voit oleskella Kanadassa laillisesti, kunnes p\u00e4\u00e4t\u00f6s on tehty.<\/li>\n<\/ul>\n<\/li>\n<\/ol>\n\n<hr class=\"wp-block-separator has-alpha-channel-opacity\"\/>\n\n<h3 class=\"wp-block-heading\"><strong>Kun olet hakenut<\/strong><\/h3>\n\n<ul class=\"wp-block-list\">\n<li><strong>Hyv\u00e4ksynt\u00e4<\/strong>: Jos hakemuksesi hyv\u00e4ksyt\u00e4\u00e4n, saat vierailijatietueen, jossa ilmoitetaan uusi voimassaoloaikasi.<\/li>\n\n\n\n<li><strong>Hylk\u00e4\u00e4minen<\/strong>: Jos hakemuksesi hyl\u00e4t\u00e4\u00e4n, sinun on poistuttava Kanadasta v\u00e4litt\u00f6m\u00e4sti.<\/li>\n\n\n\n<li><strong>Implisiittinen tila<\/strong>: Voit j\u00e4\u00e4d\u00e4 Kanadaan laillisesti p\u00e4\u00e4t\u00f6st\u00e4 odottaessasi, jos olet hakenut asemaa ennen kuin se on p\u00e4\u00e4ttynyt.<\/li>\n<\/ul>\n\n<hr class=\"wp-block-separator has-alpha-channel-opacity\"\/>\n\n<h3 class=\"wp-block-heading\"><strong>Matkustaminen Kanadan ulkopuolella<\/strong><\/h3>\n\n<p>Vierailijarekisteriote <strong>ei takaa uutta maahantuloa Kanadaan<\/strong>. Jos poistut Kanadasta pidennetyn oleskelusi aikana ja aiot palata, tarvitset: <\/p>\n\n<ul class=\"wp-block-list\">\n<li>voimassa oleva <strong>vierailijaviisumi<\/strong> tai <strong>eTA<\/strong> Kanadaan paluuta varten, ja<\/li>\n\n\n\n<li>vierailijarekisterisi, joka todistaa, ett\u00e4 olet saanut luvan jatkaa oleskeluasi.<\/li>\n<\/ul>\n\n<hr class=\"wp-block-separator has-alpha-channel-opacity\"\/>\n\n<h3 class=\"wp-block-heading\"><strong>Keskeiset maksut ja k\u00e4sittelyajat<\/strong><\/h3>\n\n<ul class=\"wp-block-list\">\n<li><strong>Maksut<\/strong>: alkaen <strong> 100 dollaria<\/strong> vierailijarekisterihakemuksesta.<\/li>\n\n\n\n<li><strong>K\u00e4sittelyaika<\/strong>: Noin <strong>126 p\u00e4iv\u00e4\u00e4<\/strong> (voi vaihdella).<\/li>\n<\/ul>\n\n<hr class=\"wp-block-separator has-alpha-channel-opacity\"\/>\n\n<h3 class=\"wp-block-heading\"><strong>T\u00e4rkeit\u00e4 huomautuksia<\/strong><\/h3>\n\n<ul class=\"wp-block-list\">\n<li>Varmista, ett\u00e4 passisi on voimassa koko oleskelusi ajan.<\/li>\n\n\n\n<li>Vierailijarekisteriote ei oikeuta ty\u00f6skentelem\u00e4\u00e4n tai opiskelemaan Kanadassa. Tarvitset n\u00e4ihin toimiin ty\u00f6- tai opiskeluluvan. <\/li>\n\n\n\n<li>Luvan mukaisen oleskelun ylitt\u00e4minen ilman jatkohakemusta voi johtaa oikeudellisiin seuraamuksiin ja vaikuttaa tuleviin matkoihin Kanadaan.<\/li>\n<\/ul>\n\n<p>Kanadassa oleskelun jatkamisen suunnittelu edellytt\u00e4\u00e4 valmistelua ja hakemuksen j\u00e4tt\u00e4mist\u00e4 ajoissa. Kun noudatat prosessia, voit nauttia pidemm\u00e4st\u00e4 oleskelusta ja noudattaa samalla Kanadan maahanmuuttolakeja. <\/p>\n","protected":false},"excerpt":{"rendered":"<p>Pidenn\u00e4 oleskeluasi Kanadassa: Vierailijarekisteri Jos haluat oleskella Kanadassa pidemp\u00e4\u00e4n kuin alun perin sallitun vierailijana olon ajan, sinun on haettava vierailijarekisteriotetta. [&hellip;]<\/p>\n","protected":false},"author":1,"featured_media":0,"parent":0,"menu_order":0,"comment_status":"closed","ping_status":"closed","template":"","meta":{"_uag_custom_page_level_css":"","site-sidebar-layout":"default","site-content-layout":"","ast-site-content-layout":"","site-content-style":"default","site-sidebar-style":"default","ast-global-header-display":"","ast-banner-title-visibility":"","ast-main-header-display":"","ast-hfb-above-header-display":"","ast-hfb-below-header-display":"","ast-hfb-mobile-header-display":"","site-post-title":"","ast-breadcrumbs-content":"","ast-featured-img":"","footer-sml-layout":"","theme-transparent-header-meta":"","adv-header-id-meta":"","stick-header-meta":"","header-above-stick-meta":"","header-main-stick-meta":"","header-below-stick-meta":"","astra-migrate-meta-layouts":"default","ast-page-background-enabled":"default","ast-page-background-meta":{"desktop":{"background-color":"var(--ast-global-color-4)","background-image":"","background-repeat":"repeat","background-position":"center center","background-size":"auto","background-attachment":"scroll","background-type":"","background-media":"","overlay-type":"","overlay-color":"","overlay-opacity":"","overlay-gradient":""},"tablet":{"background-color":"","background-image":"","background-repeat":"repeat","background-position":"center center","background-size":"auto","background-attachment":"scroll","background-type":"","background-media":"","overlay-type":"","overlay-color":"","overlay-opacity":"","overlay-gradient":""},"mobile":{"background-color":"","background-image":"","background-repeat":"repeat","background-position":"center center","background-size":"auto","background-attachment":"scroll","background-type":"","background-media":"","overlay-type":"","overlay-color":"","overlay-opacity":"","overlay-gradient":""}},"ast-content-background-meta":{"desktop":{"background-color":"var(--ast-global-color-5)","background-image":"","background-repeat":"repeat","background-position":"center center","background-size":"auto","background-attachment":"scroll","background-type":"","background-media":"","overlay-type":"","overlay-color":"","overlay-opacity":"","overlay-gradient":""},"tablet":{"background-color":"var(--ast-global-color-5)","background-image":"","background-repeat":"repeat","background-position":"center center","background-size":"auto","background-attachment":"scroll","background-type":"","background-media":"","overlay-type":"","overlay-color":"","overlay-opacity":"","overlay-gradient":""},"mobile":{"background-color":"var(--ast-global-color-5)","background-image":"","background-repeat":"repeat","background-position":"center center","background-size":"auto","background-attachment":"scroll","background-type":"","background-media":"","overlay-type":"","overlay-color":"","overlay-opacity":"","overlay-gradient":""}},"footnotes":""},"categories":[],"tags":[],"class_list":["post-1377","page","type-page","status-publish","hentry"],"uagb_featured_image_src":{"full":false,"thumbnail":false,"medium":false,"medium_large":false,"large":false,"1536x1536":false,"2048x2048":false},"uagb_author_info":{"display_name":"admin","author_link":"https:\/\/www.etafast.org\/fi\/author\/admin\/"},"uagb_comment_info":0,"uagb_excerpt":"Pidenn\u00e4 oleskeluasi Kanadassa: Vierailijarekisteri Jos haluat oleskella Kanadassa pidemp\u00e4\u00e4n kuin alun perin sallitun vierailijana olon ajan, sinun on haettava vierailijarekisteriotetta. [&hellip;]","_links":{"self":[{"href":"https:\/\/www.etafast.org\/fi\/wp-json\/wp\/v2\/pages\/1377","targetHints":{"allow":["GET"]}}],"collection":[{"href":"https:\/\/www.etafast.org\/fi\/wp-json\/wp\/v2\/pages"}],"about":[{"href":"https:\/\/www.etafast.org\/fi\/wp-json\/wp\/v2\/types\/page"}],"author":[{"embeddable":true,"href":"https:\/\/www.etafast.org\/fi\/wp-json\/wp\/v2\/users\/1"}],"replies":[{"embeddable":true,"href":"https:\/\/www.etafast.org\/fi\/wp-json\/wp\/v2\/comments?post=1377"}],"version-history":[{"count":1,"href":"https:\/\/www.etafast.org\/fi\/wp-json\/wp\/v2\/pages\/1377\/revisions"}],"predecessor-version":[{"id":1378,"href":"https:\/\/www.etafast.org\/fi\/wp-json\/wp\/v2\/pages\/1377\/revisions\/1378"}],"wp:attachment":[{"href":"https:\/\/www.etafast.org\/fi\/wp-json\/wp\/v2\/media?parent=1377"}],"wp:term":[{"taxonomy":"category","embeddable":true,"href":"https:\/\/www.etafast.org\/fi\/wp-json\/wp\/v2\/categories?post=1377"},{"taxonomy":"post_tag","embeddable":true,"href":"https:\/\/www.etafast.org\/fi\/wp-json\/wp\/v2\/tags?post=1377"}],"curies":[{"name":"wp","href":"https:\/\/api.w.org\/{rel}","templated":true}]}}