{"id":1275,"date":"2024-12-11T08:28:06","date_gmt":"2024-12-11T07:28:06","guid":{"rendered":"https:\/\/www.etafast.org\/superviisumi-vanhemmille-ja-isovanhemmille\/"},"modified":"2024-12-11T09:11:55","modified_gmt":"2024-12-11T08:11:55","slug":"superviisumi-vanhemmille-ja-isovanhemmille","status":"publish","type":"page","link":"https:\/\/www.etafast.org\/fi\/superviisumi-vanhemmille-ja-isovanhemmille\/","title":{"rendered":"Superviisumi vanhemmille ja isovanhemmille"},"content":{"rendered":"\n<h3 class=\"wp-block-heading\">Superviisumi vanhemmille ja isovanhemmille<\/h3>\n\n<p><strong>Super-viisumi<\/strong> on erityisviisumi, joka on tarkoitettu Kanadan kansalaisten ja pysyv\u00e4sti maassa oleskelevien henkil\u00f6iden vanhemmille ja isovanhemmille. Se mahdollistaa pitk\u00e4t vierailut Kanadassa ja tarjoaa ainutlaatuisen mahdollisuuden viett\u00e4\u00e4 aikaa perheen kanssa ja nauttia samalla useiden maahantulojen eduista pitk\u00e4n ajanjakson aikana. <\/p>\n\n<hr class=\"wp-block-separator has-alpha-channel-opacity\"\/>\n\n<h3 class=\"wp-block-heading\"><strong>Mik\u00e4 on Super Visa?<\/strong><\/h3>\n\n<p><strong>Super Visa<\/strong> on:<\/p>\n\n<ul class=\"wp-block-list\">\n<li><strong>Pitk\u00e4aikainen viisumi<\/strong>, jonka avulla vanhemmat ja isovanhemmat voivat vierailla Kanadassa <strong>enint\u00e4\u00e4n viisi vuotta vierailua kohden<\/strong> ilman, ett\u00e4 heid\u00e4n asemaansa tarvitsee uusia.<\/li>\n\n\n\n<li><strong>Monikertaviisumi<\/strong>, joka on voimassa <strong>enint\u00e4\u00e4n 10 vuotta<\/strong> ja joka mahdollistaa useat vierailut Kanadaan viisumin voimassaoloaikana.<\/li>\n<\/ul>\n\n<p>T\u00e4m\u00e4 viisumi on ihanteellinen henkil\u00f6ille, jotka aikovat vierailla lastensa tai lastenlastensa luona pidempi\u00e4 vierailuja varten.<\/p>\n\n<hr class=\"wp-block-separator has-alpha-channel-opacity\"\/>\n\n<h3 class=\"wp-block-heading\"><strong>Super-viisumin kelpoisuusvaatimukset<\/strong><\/h3>\n\n<p>Saadakseen Super-viisumin hakijan on t\u00e4ytett\u00e4v\u00e4 tietyt kriteerit:<\/p>\n\n<ol class=\"wp-block-list\">\n<li><strong>Suhde<\/strong>:\n<ul class=\"wp-block-list\">\n<li>Sinun on oltava Kanadan kansalaisen tai pysyv\u00e4sti maassa asuvan henkil\u00f6n <strong>vanhempi tai isovanhempi<\/strong>.<\/li>\n<\/ul>\n<\/li>\n\n\n\n<li><strong>Kutsukirje<\/strong>:\n<ul class=\"wp-block-list\">\n<li>Toimita kutsukirje Kanadassa asuvalta lapseltasi tai lapsenlapseltasi.<\/li>\n\n\n\n<li>Kirjeess\u00e4 on oltava seuraavat tiedot:\n<ul class=\"wp-block-list\">\n<li>Lupaus taloudellisesta tuesta vierailun ajaksi.<\/li>\n\n\n\n<li>Yksityiskohdat suhteestanne.<\/li>\n\n\n\n<li>Luettelo is\u00e4nt\u00e4v\u00e4en kotitalouden j\u00e4senist\u00e4 Kanadassa.<\/li>\n<\/ul>\n<\/li>\n<\/ul>\n<\/li>\n\n\n\n<li><strong>Tulovaatimukset<\/strong>:\n<ul class=\"wp-block-list\">\n<li>Lapsen tai lapsenlapsen on t\u00e4ytett\u00e4v\u00e4 perheenj\u00e4senten lukum\u00e4\u00e4r\u00e4\u00e4n perustuva <strong>v\u00e4himm\u00e4istuloraja<\/strong>.<\/li>\n<\/ul>\n<\/li>\n\n\n\n<li><strong>Sairausvakuutus<\/strong>:\n<ul class=\"wp-block-list\">\n<li>Osta yksityinen <strong>sairausvakuutus<\/strong> kanadalaiselta vakuutusyhti\u00f6lt\u00e4, joka:\n<ul class=\"wp-block-list\">\n<li>Kattaa sinulle v\u00e4hint\u00e4\u00e4n <strong> 100 000 dollaria CAD<\/strong>.<\/li>\n\n\n\n<li>On voimassa <strong>v\u00e4hint\u00e4\u00e4n vuoden<\/strong> ajan maahantulop\u00e4iv\u00e4st\u00e4.<\/li>\n\n\n\n<li>Sis\u00e4lt\u00e4\u00e4 todisteen t\u00e4ydest\u00e4 maksusta (ei lainauksia).<\/li>\n<\/ul>\n<\/li>\n<\/ul>\n<\/li>\n\n\n\n<li><strong>L\u00e4\u00e4k\u00e4rintarkastus<\/strong>:\n<ul class=\"wp-block-list\">\n<li>Suorita maahanmuuttoalan l\u00e4\u00e4k\u00e4rintarkastus osoittaaksesi, ett\u00e4 olet hyv\u00e4ksytt\u00e4viss\u00e4.<\/li>\n<\/ul>\n<\/li>\n\n\n\n<li><strong>Lis\u00e4vaatimukset<\/strong>:\n<ul class=\"wp-block-list\">\n<li>Osoita vahvat siteet kotimaahasi, kuten perheesi, taloutesi tai ty\u00f6paikkasi, jotta voit varmistaa, ett\u00e4 l\u00e4hdet Kanadasta vierailusi j\u00e4lkeen.<\/li>\n\n\n\n<li>Osoita, ett\u00e4 sinulla on riitt\u00e4v\u00e4sti varoja vierailua varten.<\/li>\n<\/ul>\n<\/li>\n<\/ol>\n\n<hr class=\"wp-block-separator has-alpha-channel-opacity\"\/>\n\n<h3 class=\"wp-block-heading\"><strong>Kuinka kauan voit oleskella Kanadassa?<\/strong><\/h3>\n\n<p>Oleskelusi kesto riippuu siit\u00e4, milloin olet hakenut superviisumia:<\/p>\n\n<ul class=\"wp-block-list\">\n<li><strong>Hakemukset 22. kes\u00e4kuuta 2023 tai sen j\u00e4lkeen<\/strong>:\n<ul class=\"wp-block-list\">\n<li>Superviisumin haltijat voivat oleskella maassa <strong>enint\u00e4\u00e4n 5 vuotta vierailua kohden<\/strong>.<\/li>\n<\/ul>\n<\/li>\n\n\n\n<li><strong>Hakemukset ennen 22. kes\u00e4kuuta 2023<\/strong>:\n<ul class=\"wp-block-list\">\n<li>Voit viipy\u00e4 <strong>enint\u00e4\u00e4n 2 vuotta vierailua kohden<\/strong>.<\/li>\n<\/ul>\n<\/li>\n<\/ul>\n\n<p>Hakemuksen p\u00e4iv\u00e4m\u00e4\u00e4r\u00e4st\u00e4 riippumatta:<\/p>\n\n<ul class=\"wp-block-list\">\n<li>Varmista, <strong>ett\u00e4 passisi on voimassa<\/strong> oleskelusi ajan.<\/li>\n\n\n\n<li>Pid\u00e4 <strong>sairausvakuutuksesi<\/strong> voimassa tai uudista se Kanadassa ollessasi tai sinne palatessasi.<\/li>\n<\/ul>\n\n<hr class=\"wp-block-separator has-alpha-channel-opacity\"\/>\n\n<h3 class=\"wp-block-heading\"><strong>Superviisumin edut<\/strong><\/h3>\n\n<ol class=\"wp-block-list\">\n<li><strong>Laajennetut vierailut<\/strong>:\n<ul class=\"wp-block-list\">\n<li>Nauti pitk\u00e4aikaisista oleskeluista ilman jatkohakemuksia.<\/li>\n<\/ul>\n<\/li>\n\n\n\n<li><strong>Useita merkint\u00f6j\u00e4<\/strong>:\n<ul class=\"wp-block-list\">\n<li>Matkustaa Kanadaan useita kertoja 10 vuoden aikana.<\/li>\n<\/ul>\n<\/li>\n\n\n\n<li><strong>Mielenrauha<\/strong>:\n<ul class=\"wp-block-list\">\n<li>Sairausvakuutusta koskeva vaatimus takaa sairausvakuutusturvan oleskelusi aikana.<\/li>\n<\/ul>\n<\/li>\n\n\n\n<li><strong>Perheenyhdist\u00e4minen<\/strong>:\n<ul class=\"wp-block-list\">\n<li>Edist\u00e4 tiiviimpi\u00e4 suhteita lapsiin ja lapsenlapsiin.<\/li>\n<\/ul>\n<\/li>\n<\/ol>\n","protected":false},"excerpt":{"rendered":"<p>Superviisumi vanhemmille ja isovanhemmille Super-viisumi on erityisviisumi, joka on tarkoitettu Kanadan kansalaisten ja pysyv\u00e4sti maassa oleskelevien henkil\u00f6iden vanhemmille ja isovanhemmille. [&hellip;]<\/p>\n","protected":false},"author":1,"featured_media":0,"parent":0,"menu_order":0,"comment_status":"closed","ping_status":"closed","template":"","meta":{"_uag_custom_page_level_css":"","site-sidebar-layout":"default","site-content-layout":"","ast-site-content-layout":"","site-content-style":"default","site-sidebar-style":"default","ast-global-header-display":"","ast-banner-title-visibility":"","ast-main-header-display":"","ast-hfb-above-header-display":"","ast-hfb-below-header-display":"","ast-hfb-mobile-header-display":"","site-post-title":"","ast-breadcrumbs-content":"","ast-featured-img":"","footer-sml-layout":"","theme-transparent-header-meta":"","adv-header-id-meta":"","stick-header-meta":"","header-above-stick-meta":"","header-main-stick-meta":"","header-below-stick-meta":"","astra-migrate-meta-layouts":"default","ast-page-background-enabled":"default","ast-page-background-meta":{"desktop":{"background-color":"var(--ast-global-color-4)","background-image":"","background-repeat":"repeat","background-position":"center center","background-size":"auto","background-attachment":"scroll","background-type":"","background-media":"","overlay-type":"","overlay-color":"","overlay-opacity":"","overlay-gradient":""},"tablet":{"background-color":"","background-image":"","background-repeat":"repeat","background-position":"center center","background-size":"auto","background-attachment":"scroll","background-type":"","background-media":"","overlay-type":"","overlay-color":"","overlay-opacity":"","overlay-gradient":""},"mobile":{"background-color":"","background-image":"","background-repeat":"repeat","background-position":"center center","background-size":"auto","background-attachment":"scroll","background-type":"","background-media":"","overlay-type":"","overlay-color":"","overlay-opacity":"","overlay-gradient":""}},"ast-content-background-meta":{"desktop":{"background-color":"var(--ast-global-color-5)","background-image":"","background-repeat":"repeat","background-position":"center center","background-size":"auto","background-attachment":"scroll","background-type":"","background-media":"","overlay-type":"","overlay-color":"","overlay-opacity":"","overlay-gradient":""},"tablet":{"background-color":"var(--ast-global-color-5)","background-image":"","background-repeat":"repeat","background-position":"center center","background-size":"auto","background-attachment":"scroll","background-type":"","background-media":"","overlay-type":"","overlay-color":"","overlay-opacity":"","overlay-gradient":""},"mobile":{"background-color":"var(--ast-global-color-5)","background-image":"","background-repeat":"repeat","background-position":"center center","background-size":"auto","background-attachment":"scroll","background-type":"","background-media":"","overlay-type":"","overlay-color":"","overlay-opacity":"","overlay-gradient":""}},"footnotes":""},"categories":[],"tags":[],"class_list":["post-1275","page","type-page","status-publish","hentry"],"uagb_featured_image_src":{"full":false,"thumbnail":false,"medium":false,"medium_large":false,"large":false,"1536x1536":false,"2048x2048":false},"uagb_author_info":{"display_name":"admin","author_link":"https:\/\/www.etafast.org\/fi\/author\/admin\/"},"uagb_comment_info":0,"uagb_excerpt":"Superviisumi vanhemmille ja isovanhemmille Super-viisumi on erityisviisumi, joka on tarkoitettu Kanadan kansalaisten ja pysyv\u00e4sti maassa oleskelevien henkil\u00f6iden vanhemmille ja isovanhemmille. [&hellip;]","_links":{"self":[{"href":"https:\/\/www.etafast.org\/fi\/wp-json\/wp\/v2\/pages\/1275","targetHints":{"allow":["GET"]}}],"collection":[{"href":"https:\/\/www.etafast.org\/fi\/wp-json\/wp\/v2\/pages"}],"about":[{"href":"https:\/\/www.etafast.org\/fi\/wp-json\/wp\/v2\/types\/page"}],"author":[{"embeddable":true,"href":"https:\/\/www.etafast.org\/fi\/wp-json\/wp\/v2\/users\/1"}],"replies":[{"embeddable":true,"href":"https:\/\/www.etafast.org\/fi\/wp-json\/wp\/v2\/comments?post=1275"}],"version-history":[{"count":1,"href":"https:\/\/www.etafast.org\/fi\/wp-json\/wp\/v2\/pages\/1275\/revisions"}],"predecessor-version":[{"id":1276,"href":"https:\/\/www.etafast.org\/fi\/wp-json\/wp\/v2\/pages\/1275\/revisions\/1276"}],"wp:attachment":[{"href":"https:\/\/www.etafast.org\/fi\/wp-json\/wp\/v2\/media?parent=1275"}],"wp:term":[{"taxonomy":"category","embeddable":true,"href":"https:\/\/www.etafast.org\/fi\/wp-json\/wp\/v2\/categories?post=1275"},{"taxonomy":"post_tag","embeddable":true,"href":"https:\/\/www.etafast.org\/fi\/wp-json\/wp\/v2\/tags?post=1275"}],"curies":[{"name":"wp","href":"https:\/\/api.w.org\/{rel}","templated":true}]}}