{"id":1193,"date":"2024-12-11T08:29:22","date_gmt":"2024-12-11T07:29:22","guid":{"rendered":"https:\/\/www.etafast.org\/yritysvierailijat\/"},"modified":"2024-12-11T09:10:56","modified_gmt":"2024-12-11T08:10:56","slug":"yritysvierailijat","status":"publish","type":"page","link":"https:\/\/www.etafast.org\/fi\/yritysvierailijat\/","title":{"rendered":"Yritysvierailijat"},"content":{"rendered":"\n<h3 class=\"wp-block-heading\">Yritysvierailijat: Kokouksiin, tapahtumiin ja konferensseihin osallistuminen Kanadassa.<\/h3>\n\n<p>Yritysvierailijoilla on t\u00e4rke\u00e4 rooli kansainv\u00e4lisen kaupan ja yhteisty\u00f6n edist\u00e4misess\u00e4. Jos aiot osallistua kokouksiin, tapahtumiin tai konferensseihin Kanadassa liikematkustajana, t\u00e4ss\u00e4 on vaiheittainen opas sujuvan maahantuloprosessin varmistamiseksi. <\/p>\n\n<hr class=\"wp-block-separator has-alpha-channel-opacity\"\/>\n\n<h3 class=\"wp-block-heading\"><strong>Vaihe 1: Oletko liikematkailija vai tarvitsetko ty\u00f6luvan?<\/strong><\/h3>\n\n<p>Voidaksesi olla Kanadassa <strong>liikematkalla<\/strong> sinun on t\u00e4ytett\u00e4v\u00e4 seuraavat edellytykset:<\/p>\n\n<ul class=\"wp-block-list\">\n<li><strong>Kesto<\/strong>: Kesto: Suunnittele viipyv\u00e4si <strong>alle 6<\/strong> kuukautta.<\/li>\n\n\n\n<li><strong>Tarkoitus<\/strong>: Ei p\u00e4\u00e4st\u00e4 Kanadan ty\u00f6markkinoille.<\/li>\n\n\n\n<li><strong>Liiketoiminnan l\u00e4hde<\/strong>: Varmista, ett\u00e4 p\u00e4\u00e4asiallinen toimipaikkasi, tulosi ja voittosi ovat <strong>Kanadan ulkopuolella<\/strong>.<\/li>\n\n\n\n<li><strong>Asiakirjat<\/strong>: Tarvittavat asiakirjat hakemuksen tueksi.<\/li>\n<\/ul>\n\n<p><strong>Perusvaatimukset<\/strong>:<\/p>\n\n<ul class=\"wp-block-list\">\n<li>Voimassa oleva matkustusasiakirja (kuten passi).<\/li>\n\n\n\n<li>Riitt\u00e4v\u00e4t varat oleskelua ja paluumatkaa varten.<\/li>\n\n\n\n<li>Todiste siit\u00e4, ett\u00e4 poistut Kanadasta vierailusi p\u00e4\u00e4tytty\u00e4.<\/li>\n\n\n\n<li>Ei rikos-, turvallisuus- tai terveysriskej\u00e4 kanadalaisille.<\/li>\n<\/ul>\n\n<p><strong>Yritysvierailijana sallittu toiminta<\/strong>:<\/p>\n\n<ul class=\"wp-block-list\">\n<li>Kanadan tavaroiden tai palvelujen ostaminen ulkomaiselle yritykselle tai hallitukselle.<\/li>\n\n\n\n<li>Tavaroiden tai palvelujen tilausten vastaanottaminen.<\/li>\n\n\n\n<li>Osallistuminen kokouksiin, konferensseihin, konferensseihin tai messuille.<\/li>\n\n\n\n<li>Myynnin j\u00e4lkeisen palvelun tarjoaminen takuu- tai myyntisopimuksen mukaisesti.<\/li>\n\n\n\n<li>Yritystoimintaasi liittyv\u00e4n koulutuksen saaminen tai suorittaminen.<\/li>\n<\/ul>\n\n<p><strong>Huomautus<\/strong>: Jos vierailusi kest\u00e4\u00e4 yli 6 kuukautta tai jos aiot harjoittaa toimintaa Kanadan ty\u00f6markkinoilla, saatat tarvita <strong>ty\u00f6luvan<\/strong>.<\/p>\n\n<hr class=\"wp-block-separator has-alpha-channel-opacity\"\/>\n\n<h3 class=\"wp-block-heading\"><strong>Vaihe 2: Tarvitsetko viisumin vai eTA-luvan?<\/strong><\/h3>\n\n<p>Se, tarvitsetko <strong>viisumin<\/strong> vai <strong>s\u00e4hk\u00f6isen matkustusluvan (eTA<\/strong> ), riippuu kansalaisuudestasi ja matkaolosuhteistasi.<\/p>\n\n<ul class=\"wp-block-list\">\n<li>K\u00e4yt\u00e4 <a>Kanadan hallituksen ty\u00f6kalua<\/a> tukikelpoisuutesi m\u00e4\u00e4ritt\u00e4miseksi.<\/li>\n<\/ul>\n\n<hr class=\"wp-block-separator has-alpha-channel-opacity\"\/>\n\n<h3 class=\"wp-block-heading\"><strong>Vaihe 3: Hanki tapahtumakoodi (tarvittaessa).<\/strong><\/h3>\n\n<p><strong>Kanadan maahanmuutto-, pakolais- ja kansalaisuusviraston (Immigration, Refugees and Citizenship Canada, IRCC<\/strong>) rekister\u00f6imiin tapahtumiin, kokouksiin ja konferensseihin:<\/p>\n\n<ul class=\"wp-block-list\">\n<li>Tapahtuman j\u00e4rjest\u00e4j\u00e4 antaa sinulle <strong>tapahtumakoodin<\/strong> ja ohjeet viisumihakemusta varten.<\/li>\n\n\n\n<li>Tapahtumakoodin sy\u00f6tt\u00e4minen hakemukseen auttaa tunnistamaan sinut osallistujaksi.<\/li>\n<\/ul>\n\n<hr class=\"wp-block-separator has-alpha-channel-opacity\"\/>\n\n<h3 class=\"wp-block-heading\"><strong>Vaihe 4: Hae viisumia tai eTA-lupaa (tarvittaessa).<\/strong><\/h3>\n\n<ul class=\"wp-block-list\">\n<li><strong>Viisumi<\/strong>: Tee viisumihakemus <a>IRCC:n<\/a> virallisen <a>verkkosivuston<\/a> kautta.<\/li>\n\n\n\n<li><strong>eTA<\/strong>: Hae eTA-lupaa verkossa .<\/li>\n<\/ul>\n\n<hr class=\"wp-block-separator has-alpha-channel-opacity\"\/>\n\n<h3 class=\"wp-block-heading\"><strong>Vaihe 5: Valmistele asiakirjat matkaa varten<\/strong><\/h3>\n\n<p>Kun saavut Kanadan rajalle, varmista, ett\u00e4 sinulla on seuraavat asiakirjat (\u00e4l\u00e4 pakkaa niit\u00e4 matkalaukkuun):<\/p>\n\n<ul class=\"wp-block-list\">\n<li>Koko oleskelun ajan voimassa oleva passi tai matkustusasiakirja.<\/li>\n\n\n\n<li>Voimassa oleva viisumi (tarvittaessa).<\/li>\n\n\n\n<li>Jos tarvitset eTA-luvan, matkusta sill\u00e4 passilla, jota k\u00e4ytit eTA-hakemuksessa.<\/li>\n\n\n\n<li>Yhdysvalloissa laillisesti pysyv\u00e4sti oleskelevien henkil\u00f6iden on tuotava mukanaan <strong>voimassa oleva vihre\u00e4 kortti<\/strong> (tai vastaava todiste asemasta) ja passi.<\/li>\n\n\n\n<li>Tukikirjeet emoyhti\u00f6lt\u00e4si ja kutsukirje kanadalaiselta is\u00e4nt\u00e4yritykselt\u00e4.<\/li>\n\n\n\n<li>Lis\u00e4asiakirjat, kuten sopimukset, takuusopimukset tai palveluasiakirjat (jos ne ovat merkityksellisi\u00e4).<\/li>\n\n\n\n<li>Kanadassa toimivan is\u00e4nt\u00e4yrityksesi yhteystiedot.<\/li>\n\n\n\n<li>Todiste siit\u00e4, ett\u00e4 sinulla on riitt\u00e4v\u00e4sti varoja oleskelua ja paluuta varten.<\/li>\n<\/ul>\n\n<hr class=\"wp-block-separator has-alpha-channel-opacity\"\/>\n\n<h3 class=\"wp-block-heading\"><strong>Mukanasi matkustavat alaik\u00e4iset<\/strong><\/h3>\n\n<p>Jos matkustat alle 18-vuotiaiden lasten kanssa, tutustu Kanadan alaik\u00e4isi\u00e4 koskeviin m\u00e4\u00e4r\u00e4yksiin.<\/p>\n\n<ul class=\"wp-block-list\">\n<li>Tutustu alaik\u00e4isi\u00e4 koskeviin maahantulovaatimuksiin varmistaaksesi, ett\u00e4 Kanadan lapsia suojelevia lakeja noudatetaan.<\/li>\n<\/ul>\n\n<hr class=\"wp-block-separator has-alpha-channel-opacity\"\/>\n\n<h3 class=\"wp-block-heading\"><strong>T\u00e4rkeimm\u00e4t huomautukset liikematkustajille<\/strong><\/h3>\n\n<ul class=\"wp-block-list\">\n<li><strong>Kanadan, Yhdysvaltojen ja Meksikon v\u00e4lisess\u00e4 sopimuksessa (CUSMA-sopimus<\/strong> ) on lis\u00e4m\u00e4\u00e4r\u00e4yksi\u00e4, jotka koskevat Yhdysvaltojen ja Meksikon kansalaisia, jotka osallistuvat esimerkiksi tutkimukseen, markkinointiin ja yleisiin palveluihin.<\/li>\n\n\n\n<li>Tarkista aina kokouksen tai tapahtuman j\u00e4rjest\u00e4j\u00e4lt\u00e4si erityisvaatimukset tai ohjeet.<\/li>\n\n\n\n<li>Liikematkailijat saavat harjoittaa vain toimintaa, johon ei liity suoraa ty\u00f6llist\u00e4mist\u00e4 Kanadassa.<\/li>\n<\/ul>\n\n<p>Kun noudatat n\u00e4it\u00e4 ohjeita ja varmistat, ett\u00e4 sinulla on oikeat asiakirjat, voit tehd\u00e4 Kanadaan suuntautuvan liikematkasi tehokkaasti ja menestyksekk\u00e4\u00e4sti.<\/p>\n","protected":false},"excerpt":{"rendered":"<p>Yritysvierailijat: Kokouksiin, tapahtumiin ja konferensseihin osallistuminen Kanadassa. Yritysvierailijoilla on t\u00e4rke\u00e4 rooli kansainv\u00e4lisen kaupan ja yhteisty\u00f6n edist\u00e4misess\u00e4. Jos aiot osallistua kokouksiin, [&hellip;]<\/p>\n","protected":false},"author":1,"featured_media":0,"parent":0,"menu_order":0,"comment_status":"closed","ping_status":"closed","template":"","meta":{"_uag_custom_page_level_css":"","site-sidebar-layout":"default","site-content-layout":"","ast-site-content-layout":"","site-content-style":"default","site-sidebar-style":"default","ast-global-header-display":"","ast-banner-title-visibility":"","ast-main-header-display":"","ast-hfb-above-header-display":"","ast-hfb-below-header-display":"","ast-hfb-mobile-header-display":"","site-post-title":"","ast-breadcrumbs-content":"","ast-featured-img":"","footer-sml-layout":"","theme-transparent-header-meta":"","adv-header-id-meta":"","stick-header-meta":"","header-above-stick-meta":"","header-main-stick-meta":"","header-below-stick-meta":"","astra-migrate-meta-layouts":"default","ast-page-background-enabled":"default","ast-page-background-meta":{"desktop":{"background-color":"var(--ast-global-color-4)","background-image":"","background-repeat":"repeat","background-position":"center center","background-size":"auto","background-attachment":"scroll","background-type":"","background-media":"","overlay-type":"","overlay-color":"","overlay-opacity":"","overlay-gradient":""},"tablet":{"background-color":"","background-image":"","background-repeat":"repeat","background-position":"center center","background-size":"auto","background-attachment":"scroll","background-type":"","background-media":"","overlay-type":"","overlay-color":"","overlay-opacity":"","overlay-gradient":""},"mobile":{"background-color":"","background-image":"","background-repeat":"repeat","background-position":"center center","background-size":"auto","background-attachment":"scroll","background-type":"","background-media":"","overlay-type":"","overlay-color":"","overlay-opacity":"","overlay-gradient":""}},"ast-content-background-meta":{"desktop":{"background-color":"var(--ast-global-color-5)","background-image":"","background-repeat":"repeat","background-position":"center center","background-size":"auto","background-attachment":"scroll","background-type":"","background-media":"","overlay-type":"","overlay-color":"","overlay-opacity":"","overlay-gradient":""},"tablet":{"background-color":"var(--ast-global-color-5)","background-image":"","background-repeat":"repeat","background-position":"center center","background-size":"auto","background-attachment":"scroll","background-type":"","background-media":"","overlay-type":"","overlay-color":"","overlay-opacity":"","overlay-gradient":""},"mobile":{"background-color":"var(--ast-global-color-5)","background-image":"","background-repeat":"repeat","background-position":"center center","background-size":"auto","background-attachment":"scroll","background-type":"","background-media":"","overlay-type":"","overlay-color":"","overlay-opacity":"","overlay-gradient":""}},"footnotes":""},"categories":[],"tags":[],"class_list":["post-1193","page","type-page","status-publish","hentry"],"uagb_featured_image_src":{"full":false,"thumbnail":false,"medium":false,"medium_large":false,"large":false,"1536x1536":false,"2048x2048":false},"uagb_author_info":{"display_name":"admin","author_link":"https:\/\/www.etafast.org\/fi\/author\/admin\/"},"uagb_comment_info":0,"uagb_excerpt":"Yritysvierailijat: Kokouksiin, tapahtumiin ja konferensseihin osallistuminen Kanadassa. Yritysvierailijoilla on t\u00e4rke\u00e4 rooli kansainv\u00e4lisen kaupan ja yhteisty\u00f6n edist\u00e4misess\u00e4. Jos aiot osallistua kokouksiin, [&hellip;]","_links":{"self":[{"href":"https:\/\/www.etafast.org\/fi\/wp-json\/wp\/v2\/pages\/1193","targetHints":{"allow":["GET"]}}],"collection":[{"href":"https:\/\/www.etafast.org\/fi\/wp-json\/wp\/v2\/pages"}],"about":[{"href":"https:\/\/www.etafast.org\/fi\/wp-json\/wp\/v2\/types\/page"}],"author":[{"embeddable":true,"href":"https:\/\/www.etafast.org\/fi\/wp-json\/wp\/v2\/users\/1"}],"replies":[{"embeddable":true,"href":"https:\/\/www.etafast.org\/fi\/wp-json\/wp\/v2\/comments?post=1193"}],"version-history":[{"count":1,"href":"https:\/\/www.etafast.org\/fi\/wp-json\/wp\/v2\/pages\/1193\/revisions"}],"predecessor-version":[{"id":1194,"href":"https:\/\/www.etafast.org\/fi\/wp-json\/wp\/v2\/pages\/1193\/revisions\/1194"}],"wp:attachment":[{"href":"https:\/\/www.etafast.org\/fi\/wp-json\/wp\/v2\/media?parent=1193"}],"wp:term":[{"taxonomy":"category","embeddable":true,"href":"https:\/\/www.etafast.org\/fi\/wp-json\/wp\/v2\/categories?post=1193"},{"taxonomy":"post_tag","embeddable":true,"href":"https:\/\/www.etafast.org\/fi\/wp-json\/wp\/v2\/tags?post=1193"}],"curies":[{"name":"wp","href":"https:\/\/api.w.org\/{rel}","templated":true}]}}