{"id":977,"date":"2024-12-11T08:30:38","date_gmt":"2024-12-11T07:30:38","guid":{"rendered":"https:\/\/www.etafast.org\/transiit-labi-kanada\/"},"modified":"2024-12-11T09:07:42","modified_gmt":"2024-12-11T08:07:42","slug":"transiit-labi-kanada","status":"publish","type":"page","link":"https:\/\/www.etafast.org\/et\/transiit-labi-kanada\/","title":{"rendered":"Transiit l\u00e4bi Kanada"},"content":{"rendered":"\n<p>Kui reisite teise riiki ja peate l\u00e4bima Kanada, s\u00f5ltuvad dokumendin\u00f5uded mitmest tegurist, sealhulgas teie reisimisviisist, riigis viibimise kestusest, kodakondsusest ja sisser\u00e4ndaja staatusest. Allpool on esitatud p\u00f5hjalik juhend, mis aitab teil kindlaks teha, mida te vajate sujuvaks transiidiks l\u00e4bi Kanada. <\/p>\n\n<hr class=\"wp-block-separator has-alpha-channel-opacity\"\/>\n\n<h3 class=\"wp-block-heading\"><strong>Teie transiidin\u00f5udeid m\u00e4\u00e4ravad tegurid<\/strong><\/h3>\n\n<ol class=\"wp-block-list\">\n<li><strong>Reisimisviis<\/strong>:\n<ul class=\"wp-block-list\">\n<li>Lennukiga (rahvusvahelised lennud, mille \u00fcmberistumine toimub Kanada lennujaamade kaudu).<\/li>\n\n\n\n<li>Autoga, bussiga, rongiga v\u00f5i laevaga (sh kruiisilaevad).<\/li>\n<\/ul>\n<\/li>\n\n\n\n<li><strong>Transiidi kestus<\/strong>:\n<ul class=\"wp-block-list\">\n<li>V\u00e4hem kui 48 tundi.<\/li>\n\n\n\n<li>Rohkem kui 48 tundi.<\/li>\n<\/ul>\n<\/li>\n\n\n\n<li><strong>Kodakondsus ja sisser\u00e4ndaja staatus<\/strong>:\n<ul class=\"wp-block-list\">\n<li>Teie passi riik.<\/li>\n\n\n\n<li>Olenemata sellest, kas olete USA kodanik, seaduslik alaline elanik v\u00f5i teil on kehtiv USA viisa.<\/li>\n<\/ul>\n<\/li>\n<\/ol>\n\n<hr class=\"wp-block-separator has-alpha-channel-opacity\"\/>\n\n<h3 class=\"wp-block-heading\"><strong>Dokumendivalikud transiidiks l\u00e4bi Kanada<\/strong><\/h3>\n\n<h4 class=\"wp-block-heading\"><strong>1. K\u00fclalisviisa<\/strong><\/h4>\n\n<p>Te vajate <strong>k\u00fclalisviisat<\/strong>, kui:<\/p>\n\n<ul class=\"wp-block-list\">\n<li>Olete p\u00e4rit <strong>viisakohustuslikust riigist<\/strong> ja kavatsete:\n<ul class=\"wp-block-list\">\n<li>K\u00fclastage Kanadat, isegi kui see on v\u00e4hem kui 48 tundi.<\/li>\n\n\n\n<li>viibida Kanadas transiidi ajal <strong>\u00fcle 48 tunni<\/strong>.<\/li>\n<\/ul>\n<\/li>\n\n\n\n<li>Te reisite <strong>bussiga, autoga, rongiga, laevaga v\u00f5i kruiisilaevaga<\/strong> m\u00f5nest viisakohustuslikust riigist.<\/li>\n<\/ul>\n\n<p><\/p>\n\n<hr class=\"wp-block-separator has-alpha-channel-opacity\"\/>\n\n<h4 class=\"wp-block-heading\"><strong>2. Transiitviisa<\/strong><\/h4>\n\n<p>Teil on vaja <strong>transiitviisat<\/strong>, kui:<\/p>\n\n<ul class=\"wp-block-list\">\n<li>Te olete p\u00e4rit <strong>viisakohustuslikust riigist<\/strong> ja:\n<ul class=\"wp-block-list\">\n<li>Teie rahvusvaheline lend peatub teel teise sihtkohta Kanada lennujaamas.<\/li>\n\n\n\n<li>Teil on \u00fcmberistumine kahe rahvusvahelise lennu vahel \u00fches v\u00f5i mitmes Kanada lennujaamas.<\/li>\n\n\n\n<li>Teie transiit kestab <strong>48 tundi v\u00f5i v\u00e4hem<\/strong>.<\/li>\n\n\n\n<li>Teil ei ole kehtivat k\u00fclalisviisat.<\/li>\n\n\n\n<li>Teil ei ole \u00f5igust eTA-le.<\/li>\n<\/ul>\n<\/li>\n<\/ul>\n\n<p><\/p>\n\n<hr class=\"wp-block-separator has-alpha-channel-opacity\"\/>\n\n<h4 class=\"wp-block-heading\"><strong>3. Elektrooniline reisiluba (eTA)<\/strong><\/h4>\n\n<p>Te vajate <strong>eTA-d<\/strong>, kui:<\/p>\n\n<ul class=\"wp-block-list\">\n<li>Te olete p\u00e4rit <strong>eTA-kohustuslikust riigist<\/strong> ja:\n<ul class=\"wp-block-list\">\n<li>Lennutransit l\u00e4bi Kanada.<\/li>\n\n\n\n<li>Teie transiit on osa rahvusvahelisest j\u00e4tkulennust.<\/li>\n<\/ul>\n<\/li>\n<\/ul>\n\n<p><strong>Erandid<\/strong>:<\/p>\n\n<ul class=\"wp-block-list\">\n<li>Rongi, bussi, laeva v\u00f5i kruiisilaevaga reisides ei ole eTA-d vaja, kuid teil peavad olema kehtivad reisidokumendid.<\/li>\n<\/ul>\n\n<p><\/p>\n\n<hr class=\"wp-block-separator has-alpha-channel-opacity\"\/>\n\n<h4 class=\"wp-block-heading\"><strong>4. Transiit ilma viisata<\/strong><\/h4>\n\n<ul class=\"wp-block-list\">\n<li><strong>USA kodanikud ja seaduslikud alalised elanikud<\/strong>:<br>USA kodanikud ja USA rohelise kaardi omanikud v\u00f5ivad l\u00e4bida Kanadat ilma viisata lennuki, auto, bussi, rongi v\u00f5i laevaga. Veenduge, et teil on kaasas: \n<ul class=\"wp-block-list\">\n<li>kehtiv pass v\u00f5i reisidokument.<\/li>\n\n\n\n<li>Kehtiv USA roheline kaart (seaduslikele alalistele elanikele).<\/li>\n<\/ul>\n<\/li>\n\n\n\n<li><strong>Teatavate riikide passiomanikud<\/strong>:<br\/><strong>Hiina, Indoneesia, Filipiinide, Tai<\/strong> v\u00f5i <strong>Taiwani<\/strong> kodanikud (ilma isikukoodita) v\u00f5ivad l\u00e4bida riiki ilma viisata, kui nad vastavad teatavatele tingimustele.<\/li>\n<\/ul>\n\n<p><\/p>\n\n<hr class=\"wp-block-separator has-alpha-channel-opacity\"\/>\n\n<h3 class=\"wp-block-heading\"><strong>Dokumendid, mida peate kaasas kandma<\/strong><\/h3>\n\n<p>Kanada transiidi korral hoidke alati valmis j\u00e4rgmised dokumendid:<\/p>\n\n<ul class=\"wp-block-list\">\n<li>kehtiv pass v\u00f5i reisidokument kogu reisi ajaks.<\/li>\n\n\n\n<li>kehtiv viisa, transiitviisa v\u00f5i eTA (kui see on kohaldatav).<\/li>\n\n\n\n<li>USA alaliste elanike puhul: Kehtiv roheline kaart v\u00f5i samav\u00e4\u00e4rne t\u00f5end staatuse kohta.<\/li>\n\n\n\n<li>T\u00f5end edasise reisi kohta, n\u00e4iteks lennupiletid v\u00f5i reisiplaan.<\/li>\n<\/ul>\n\n<hr class=\"wp-block-separator has-alpha-channel-opacity\"\/>\n\n<h3 class=\"wp-block-heading\"><strong>Peamised m\u00e4rkused<\/strong><\/h3>\n\n<ul class=\"wp-block-list\">\n<li><strong>Transiidi kestus<\/strong>: Kui teie transiit \u00fcletab 48 tundi, vajate k\u00fclalisviisat.<\/li>\n\n\n\n<li><strong>Sisenemisviis<\/strong>: eTA on n\u00f5utav lennureiside puhul, kuid mitte maismaa- v\u00f5i merereiside puhul.<\/li>\n\n\n\n<li><strong>Eelnev taotlus<\/strong>: Taotlege n\u00f5utavat dokumenti aegsasti enne reisikuup\u00e4eva, et v\u00e4ltida viivitusi.<\/li>\n<\/ul>\n\n<p>Tagades, et teil on \u00f5iged dokumendid, saate sujuvalt l\u00e4bi Kanada reisida ja keskenduda oma l\u00f5ppsihtkohta j\u00f5udmisele.<\/p>\n","protected":false},"excerpt":{"rendered":"<p>Kui reisite teise riiki ja peate l\u00e4bima Kanada, s\u00f5ltuvad dokumendin\u00f5uded mitmest tegurist, sealhulgas teie reisimisviisist, riigis viibimise kestusest, kodakondsusest ja [&hellip;]<\/p>\n","protected":false},"author":1,"featured_media":0,"parent":0,"menu_order":0,"comment_status":"closed","ping_status":"closed","template":"","meta":{"_uag_custom_page_level_css":"","site-sidebar-layout":"default","site-content-layout":"","ast-site-content-layout":"","site-content-style":"default","site-sidebar-style":"default","ast-global-header-display":"","ast-banner-title-visibility":"","ast-main-header-display":"","ast-hfb-above-header-display":"","ast-hfb-below-header-display":"","ast-hfb-mobile-header-display":"","site-post-title":"","ast-breadcrumbs-content":"","ast-featured-img":"","footer-sml-layout":"","theme-transparent-header-meta":"","adv-header-id-meta":"","stick-header-meta":"","header-above-stick-meta":"","header-main-stick-meta":"","header-below-stick-meta":"","astra-migrate-meta-layouts":"default","ast-page-background-enabled":"default","ast-page-background-meta":{"desktop":{"background-color":"var(--ast-global-color-4)","background-image":"","background-repeat":"repeat","background-position":"center center","background-size":"auto","background-attachment":"scroll","background-type":"","background-media":"","overlay-type":"","overlay-color":"","overlay-opacity":"","overlay-gradient":""},"tablet":{"background-color":"","background-image":"","background-repeat":"repeat","background-position":"center center","background-size":"auto","background-attachment":"scroll","background-type":"","background-media":"","overlay-type":"","overlay-color":"","overlay-opacity":"","overlay-gradient":""},"mobile":{"background-color":"","background-image":"","background-repeat":"repeat","background-position":"center center","background-size":"auto","background-attachment":"scroll","background-type":"","background-media":"","overlay-type":"","overlay-color":"","overlay-opacity":"","overlay-gradient":""}},"ast-content-background-meta":{"desktop":{"background-color":"var(--ast-global-color-5)","background-image":"","background-repeat":"repeat","background-position":"center center","background-size":"auto","background-attachment":"scroll","background-type":"","background-media":"","overlay-type":"","overlay-color":"","overlay-opacity":"","overlay-gradient":""},"tablet":{"background-color":"var(--ast-global-color-5)","background-image":"","background-repeat":"repeat","background-position":"center center","background-size":"auto","background-attachment":"scroll","background-type":"","background-media":"","overlay-type":"","overlay-color":"","overlay-opacity":"","overlay-gradient":""},"mobile":{"background-color":"var(--ast-global-color-5)","background-image":"","background-repeat":"repeat","background-position":"center center","background-size":"auto","background-attachment":"scroll","background-type":"","background-media":"","overlay-type":"","overlay-color":"","overlay-opacity":"","overlay-gradient":""}},"footnotes":""},"categories":[],"tags":[],"class_list":["post-977","page","type-page","status-publish","hentry"],"uagb_featured_image_src":{"full":false,"thumbnail":false,"medium":false,"medium_large":false,"large":false,"1536x1536":false,"2048x2048":false},"uagb_author_info":{"display_name":"admin","author_link":"https:\/\/www.etafast.org\/et\/author\/admin\/"},"uagb_comment_info":0,"uagb_excerpt":"Kui reisite teise riiki ja peate l\u00e4bima Kanada, s\u00f5ltuvad dokumendin\u00f5uded mitmest tegurist, sealhulgas teie reisimisviisist, riigis viibimise kestusest, kodakondsusest ja [&hellip;]","_links":{"self":[{"href":"https:\/\/www.etafast.org\/et\/wp-json\/wp\/v2\/pages\/977","targetHints":{"allow":["GET"]}}],"collection":[{"href":"https:\/\/www.etafast.org\/et\/wp-json\/wp\/v2\/pages"}],"about":[{"href":"https:\/\/www.etafast.org\/et\/wp-json\/wp\/v2\/types\/page"}],"author":[{"embeddable":true,"href":"https:\/\/www.etafast.org\/et\/wp-json\/wp\/v2\/users\/1"}],"replies":[{"embeddable":true,"href":"https:\/\/www.etafast.org\/et\/wp-json\/wp\/v2\/comments?post=977"}],"version-history":[{"count":1,"href":"https:\/\/www.etafast.org\/et\/wp-json\/wp\/v2\/pages\/977\/revisions"}],"predecessor-version":[{"id":978,"href":"https:\/\/www.etafast.org\/et\/wp-json\/wp\/v2\/pages\/977\/revisions\/978"}],"wp:attachment":[{"href":"https:\/\/www.etafast.org\/et\/wp-json\/wp\/v2\/media?parent=977"}],"wp:term":[{"taxonomy":"category","embeddable":true,"href":"https:\/\/www.etafast.org\/et\/wp-json\/wp\/v2\/categories?post=977"},{"taxonomy":"post_tag","embeddable":true,"href":"https:\/\/www.etafast.org\/et\/wp-json\/wp\/v2\/tags?post=977"}],"curies":[{"name":"wp","href":"https:\/\/api.w.org\/{rel}","templated":true}]}}