{"id":497,"date":"2024-12-02T16:08:30","date_gmt":"2024-12-02T15:08:30","guid":{"rendered":"https:\/\/www.etafast.org\/kontakt\/"},"modified":"2024-12-11T09:03:38","modified_gmt":"2024-12-11T08:03:38","slug":"kontakt","status":"publish","type":"page","link":"https:\/\/www.etafast.org\/et\/kontakt\/","title":{"rendered":"Kontakt"},"content":{"rendered":"<style>\n.accordion-content {\n    display: none;\n    padding: 10px;\n    border: 1px solid #ccc;\n    border-top: none;\n}\n\n.accordion-header {\n    cursor: pointer;\n    padding: 10px;\n    border: 1px solid #ccc;\n    margin: 0;\nbackground-color:#fafafa;\nmargin-bottom:10px;\nborder-radius:3px;\npadding-right:50px;\nposition: relative;\nfont-size:110%;\n}\n.accordion-header .qs {\n\n}\n.arrow {\n    position: absolute;\n    right: 10px;\n    top: 10px;\n}\n\n.arrow-up {\n    transform: rotate(180deg);\n}\n<\/style>\n\n\n<script>\njQuery(document).ready(function(){\n    jQuery(\".accordion-header\").click(function() {\n        \/\/ Toggle the arrow direction of the clicked header\n        jQuery(this).children(\".arrow\").toggleClass(\"arrow-up\", !jQuery(this).next().is(\":visible\"));\n        \n        \/\/ Close previously opened content and reset their arrows\n        jQuery(\".accordion-content\").not(jQuery(this).next()).slideUp().prev().children(\".arrow\").removeClass(\"arrow-up\");\n        jQuery(\".accordion-content\").not(jQuery(this).next()).prev().find(\".arrow\").html(\"&#9660;\"); \/\/ Reset other arrows to down\n        \n        jQuery(this).next().slideToggle();\n        if(jQuery(this).next().is(\":visible\")) {\n            jQuery(this).find(\".arrow\").html(\"&#9660;\"); \/\/ Change to up arrow\n        } else {\n            jQuery(this).find(\".arrow\").html(\"&#9650;\"); \/\/ Change back to down arrow\n        }\n    });\n});\n<\/script>\n\n\n<div class=\"accordion\"><h4 class=\"accordion-header\"><span class=\"qs\">Kas makse on tagastatav<\/span><span class=\"arrow\">&#9660;<\/span><\/h4>\n            <div class=\"accordion-content\">\n            <p>Jah, makse tagastatakse enne teenuse osutamist. Palun vaadake lisateavet tingimuste kohta<\/p>\n            <\/div><\/div><script type=\"application\/ld+json\">\n    {\n      \"@context\": \"https:\/\/schema.org\",\n      \"@type\": \"FAQPage\",\n      \"mainEntity\": [{\n        \"@type\": \"Question\",\n        \"name\": \"Kas makse on tagastatav\",\n        \"acceptedAnswer\": {\n          \"@type\": \"Answer\",\n          \"text\": \"Jah, makse tagastatakse enne teenuse osutamist. Palun vaadake lisateavet tingimuste kohta\"\n        }\n      }\n      ]\n    }\n    <\/script>\n\n\n<h2>Klienditugi<\/h2><style>\n.accordion-content2 {\n    display: none;\n    padding: 10px;\n    border: 1px solid #ccc;\n    border-top: none;\n}\n            \n.accordion-header2 {\n    cursor: pointer;\n    padding: 10px;\n    border: 1px solid #ccc;\n    margin: 0;\nbackground-color:#fafafa;\nmargin-bottom:10px;\nborder-radius:3px;\npadding-right:50px;\nposition: relative;\nfont-size:110%;\n}\n.accordion-header2 .qs {\n            \n}\n.arrow2 {\n    position: absolute;\n    right: 10px;\n    top: 10px;\n}\n            \n.arrow-up2 {\n    transform: rotate(180deg);\n}\n<\/style>\n            \n            \n<script>\njQuery(document).ready(function(){\n    jQuery(\".accordion-header2\").click(function() {\n        \/\/ Toggle the arrow direction of the clicked header\n        jQuery(this).children(\".arrow2\").toggleClass(\"arrow-up2\", !jQuery(this).next().is(\":visible\"));\n            \n        \/\/ Close previously opened content and reset their arrows\n        jQuery(\".accordion-content2\").not(jQuery(this).next()).slideUp().prev().children(\".arrow2\").removeClass(\"arrow-up2\");\n        jQuery(\".accordion-content2\").not(jQuery(this).next()).prev().find(\".arrow2\").html(\"&#9660;\"); \/\/ Reset other arrows to down\n            \n        jQuery(this).next().slideToggle();\n        if(jQuery(this).next().is(\":visible\")) {\n            jQuery(this).find(\".arrow2\").html(\"&#9660;\"); \/\/ Change to up arrow\n        } else {\n            jQuery(this).find(\".arrow2\").html(\"&#9650;\"); \/\/ Change back to down arrow\n        }\n    });\n});\n<\/script>\n            \n            \n<div class=\"accordion2\"><h4 class=\"accordion-header2\"><span class=\"qs2\">Ma ei ole saanud tellimuse kinnitust<\/span><span class=\"arrow2\">&#9660;<\/span><\/h4>\n            <div class=\"accordion-content2\">\n            <p>Teenuse registreerimist alustame umbes 12 tundi enne kehtivuse algust. Samal p\u00e4eval kehtiva makse korral 5 minuti jooksul alates makse laekumist.\n Kui soovite aktiveerimisandmed kohe saada, saate registreerimist kohe alustada aadressil, mille me teile esimeses e-kirjas saatsime. \nV\u00f5ib juhtuda, et te ei saa makse laekumist kinnitavat e-kirja (n\u00e4iteks vale e-posti aadressi t\u00f5ttu). Sellisel juhul palun:<br \/> \n- palun kontrollige k\u00f5igepealt oma r\u00e4mpsposti kausta<br \/> \n- kui te ikka ei leia siit meie kohta mingit teavet, proovige oma tellimust leida \u00fclaltoodud vormi abil<br \/> \n- leitud lehel saate seej\u00e4rel oma e-posti aadressi parandada ja tellimuse olekut j\u00e4lgida<br \/><br \/> \n \nKui te ei leia oma tellimuste haldamise aadressi, v\u00f5tke meiega igal ajal \u00fchendust<br \/> \n\n<br \/><a href=\"#cform\" onclick=\"document.getElementById('cform').style.display='';\">V\u00f5tke \u00fchendust klienditoega<\/a><\/p>\n            <\/div><h4 class=\"accordion-header2\"><span class=\"qs2\">Soovin muuta oma registreerimisandmeid<\/span><span class=\"arrow2\">&#9660;<\/span><\/h4>\n            <div class=\"accordion-content2\">\n            <p>Teenuse registreerimist alustame umbes 12 tundi enne kehtivuse algust. Samal p\u00e4eval kehtiva makse korral 5 minuti jooksul alates makse laekumist.\nSeni saab andmeid muuta tellimuse andmete lehel. Selle aadressi leiate igast meilt saadetud e-kirjast.\n\nKui te ei saanud makse laekumist kinnitavat e-kirja (n\u00e4iteks vale e-posti aadressi t\u00f5ttu). Sellisel juhul palun:<br \/> \n- palun kontrollige k\u00f5igepealt oma r\u00e4mpsposti kausta<br \/> \n- kui te ikka ei leia siit meie kohta mingit teavet, proovige oma tellimust leida \u00fclaltoodud vormi abil (tellimuse staatuse kontroll).<br \/> \n- leitud lehel saate oma andmeid muuta ja tellimuse olekut j\u00e4lgida<br \/> \n<br \/> Kui teie tellimus on juba t\u00f6\u00f6deldud, ei ole v\u00f5imalik \u00fchtegi \u00fcksikasju muuta. Palun arvestage, et valede andmete (eriti s\u00f5iduki registreerimisriigi, numbrim\u00e4rgi, kehtivusaja) korral#\n on teemaksukleebis kehtetu ja teenus tuleb uuesti osta.<br \/> \nT\u00e4name m\u00f5istva suhtumise eest.\n\n<\/p>\n            <\/div><h4 class=\"accordion-header2\"><span class=\"qs2\">Makse on minu kontolt lahkunud, kuid ma ei ole saanud \u00fchtegi e-kirja.<\/span><span class=\"arrow2\">&#9660;<\/span><\/h4>\n            <div class=\"accordion-content2\">\n            <p>Nagu on s\u00e4testatud meie tingimustes, alustame teenuse t\u00f6\u00f6tlemist niipea, kui makse on s\u00fcsteemi laekunud.Makset ei saa krediteerida mitmel p\u00f5hjusel. Alates sellest, et teie pangandusasutus saatis makse hilinemisega, kuni tehniliste probleemideni. Lihtsalt \u00f6eldes, kuni me ei n\u00e4e makset meie s\u00fcsteemis, ei loe me teiepoolset tellimust t\u00e4idetuks. Me v\u00f5tame k\u00f5ik v\u00f5imalikud meetmed, et k\u00f5ik saabunud maksed \u00f5igesti siduda, mille tulemuseks on sajaprotsendiline veam\u00e4\u00e4r. Kui te ei saa maksimaalselt 1 tunni jooksul p\u00e4rast maksmist (palun kontrollige ka oma r\u00e4mpsposti kausta) e-kirja, mis teavitab teid makse laekumisest, v\u00f5tke meiega viivitamatult \u00fchendust. See on ainus viis, kuidas saame tagada teie tellimuse t\u00f5rgeteta t\u00e4itmise. Pange t\u00e4hele, et me alustame tellimuse t\u00f6\u00f6tlemist alles siis, kui makse on s\u00fcsteemi laekunud, mitte siis, kui makse on kliendi poolt saadetud (v\u00f5i lihtsalt blokeeritud). Me ei vastuta enne makse laekumist tekkinud kahjude eest. T\u00e4name teid m\u00f5istmise eest.<br \/><br \/><a href=\"#cform\" onclick=\"document.getElementById('cform').style.display='';\">V\u00f5tke \u00fchendust klienditoega<\/a><\/p>\n            <\/div><h4 class=\"accordion-header2\"><span class=\"qs2\">Mul on teile veel \u00fcks k\u00fcsimus.<\/span><span class=\"arrow2\">&#9660;<\/span><\/h4>\n            <div class=\"accordion-content2\">\n            <p>Kui \u00fckski vastus ei vasta teie vajadustele, v\u00f5ite meiega igal ajal \u00fchendust v\u00f5tta ja me tegeleme teiega hea meelega.<br \/><br \/><a href=\"#cform\" onclick=\"document.getElementById('cform').style.display='';\">V\u00f5tke \u00fchendust klienditoega<\/a><\/p>\n            <\/div><\/div><div id=\"cform\"><br style=\"clear:both;\" \/><h2>E-posti tugi<\/h2><script type=\"text\/javascript\">\n        function decodeEmail(encodedLocalPart, encodedDomainPart, indices) {\n            const localPart = atob(encodedLocalPart).split('');\n            const domainPart = atob(encodedDomainPart).split('');\n\n            \/\/ Reconstruct the email address using the provided indices\n            const originalLocalPart = indices.local.map(index => localPart[index]).join('');\n            const originalDomainPart = indices.domain.map(index => domainPart[index]).join('');\n\n            const email = originalLocalPart + \"@\" + originalDomainPart;\n            document.getElementById('email').innerText = email;\n        }\n    <\/script><p>Klienditoe taotluse esitamiseks v\u00f5ite saata e-kirja alloleval aadressil:<\/p><div style=\"text-align:center;padding:20px 0 50px 0;font-size:150%;\nfont-weight:bold;\"><a id=\"email-link\" href=\"\"><\/a><\/div><script>document.addEventListener(\"DOMContentLoaded\", function() {    const emailLink = document.getElementById(\"email-link\");    const obfuscatedEmail = \"gro.tsafate@troppus\";    const realEmail = obfuscatedEmail.split(\"\").reverse().join(\"\");    const randomString = Array.from({length: realEmail.length}, () => Math.random().toString(36)[2]).join('');    emailLink.textContent = randomString;    emailLink.href = 'mailto:'+realEmail;\n                    emailLink.textContent = realEmail;});<\/script><h2>WhatsAppi tugi<\/h2><p>Tellimusega seotud k\u00fcsimuste kiireks lahendamiseks saate meiega \u00fchendust v\u00f5tta WhatsAppi telefoninumbril (s\u00f5numid on tasuta, maksate ainult interneti\u00fchenduse raames andmete eest).<\/p><div style=\"text-align:center;padding:20px 0 50px 0;font-size:150%;\nfont-weight:bold;\"><a href=\"https:\/\/wa.me\/447893938888\">+44 789 393 8888<\/a><\/div><h2>Klienditugi<\/h2><p style=\"text-align:center;color:#6ab400;font-weight:bold;\">Online-tugi on saadaval 24x7<\/p><p>Teie taotluse kiiremaks t\u00f6\u00f6tlemiseks palume teil esitada oma registreerimisel esitatud e-posti aadress, auto registreerimisnumber ja tellimuse kuup\u00e4ev. T\u00e4name teid m\u00f5istva suhtumise eest.<\/p>\n<a style=\"display:block;width:100%;\ncolor:#fff;background-color:rgb(241, 23, 23);padding:10px 0;\nfont-size:120%;text-align:center;\" onclick=\"zE('messenger', 'open');return false;\" href=\"#\">V\u00f5tke \u00fchendust klienditoega<\/a>\n<!-- Start of Zendesk Widget script -->\n<script id=\"ze-snippet\" src=\"https:\/\/static.zdassets.com\/ekr\/snippet.js?key=fc8651a1-b5bf-4914-a59d-057a43523f5b\"> <\/script>\n<!-- End of Zendesk Widget script -->\n\n\n<script><\/script>\n<\/div>\n\n\n\n<p><\/p>\n","protected":false},"excerpt":{"rendered":"","protected":false},"author":1,"featured_media":0,"parent":0,"menu_order":0,"comment_status":"closed","ping_status":"closed","template":"","meta":{"_uag_custom_page_level_css":"","site-sidebar-layout":"default","site-content-layout":"","ast-site-content-layout":"","site-content-style":"default","site-sidebar-style":"default","ast-global-header-display":"","ast-banner-title-visibility":"","ast-main-header-display":"","ast-hfb-above-header-display":"","ast-hfb-below-header-display":"","ast-hfb-mobile-header-display":"","site-post-title":"","ast-breadcrumbs-content":"","ast-featured-img":"","footer-sml-layout":"","theme-transparent-header-meta":"","adv-header-id-meta":"","stick-header-meta":"","header-above-stick-meta":"","header-main-stick-meta":"","header-below-stick-meta":"","astra-migrate-meta-layouts":"default","ast-page-background-enabled":"default","ast-page-background-meta":{"desktop":{"background-color":"var(--ast-global-color-4)","background-image":"","background-repeat":"repeat","background-position":"center center","background-size":"auto","background-attachment":"scroll","background-type":"","background-media":"","overlay-type":"","overlay-color":"","overlay-opacity":"","overlay-gradient":""},"tablet":{"background-color":"","background-image":"","background-repeat":"repeat","background-position":"center center","background-size":"auto","background-attachment":"scroll","background-type":"","background-media":"","overlay-type":"","overlay-color":"","overlay-opacity":"","overlay-gradient":""},"mobile":{"background-color":"","background-image":"","background-repeat":"repeat","background-position":"center center","background-size":"auto","background-attachment":"scroll","background-type":"","background-media":"","overlay-type":"","overlay-color":"","overlay-opacity":"","overlay-gradient":""}},"ast-content-background-meta":{"desktop":{"background-color":"var(--ast-global-color-5)","background-image":"","background-repeat":"repeat","background-position":"center center","background-size":"auto","background-attachment":"scroll","background-type":"","background-media":"","overlay-type":"","overlay-color":"","overlay-opacity":"","overlay-gradient":""},"tablet":{"background-color":"var(--ast-global-color-5)","background-image":"","background-repeat":"repeat","background-position":"center center","background-size":"auto","background-attachment":"scroll","background-type":"","background-media":"","overlay-type":"","overlay-color":"","overlay-opacity":"","overlay-gradient":""},"mobile":{"background-color":"var(--ast-global-color-5)","background-image":"","background-repeat":"repeat","background-position":"center center","background-size":"auto","background-attachment":"scroll","background-type":"","background-media":"","overlay-type":"","overlay-color":"","overlay-opacity":"","overlay-gradient":""}},"footnotes":""},"categories":[],"tags":[],"class_list":["post-497","page","type-page","status-publish","hentry"],"uagb_featured_image_src":{"full":false,"thumbnail":false,"medium":false,"medium_large":false,"large":false,"1536x1536":false,"2048x2048":false},"uagb_author_info":{"display_name":"admin","author_link":"https:\/\/www.etafast.org\/et\/author\/admin\/"},"uagb_comment_info":0,"uagb_excerpt":null,"_links":{"self":[{"href":"https:\/\/www.etafast.org\/et\/wp-json\/wp\/v2\/pages\/497","targetHints":{"allow":["GET"]}}],"collection":[{"href":"https:\/\/www.etafast.org\/et\/wp-json\/wp\/v2\/pages"}],"about":[{"href":"https:\/\/www.etafast.org\/et\/wp-json\/wp\/v2\/types\/page"}],"author":[{"embeddable":true,"href":"https:\/\/www.etafast.org\/et\/wp-json\/wp\/v2\/users\/1"}],"replies":[{"embeddable":true,"href":"https:\/\/www.etafast.org\/et\/wp-json\/wp\/v2\/comments?post=497"}],"version-history":[{"count":1,"href":"https:\/\/www.etafast.org\/et\/wp-json\/wp\/v2\/pages\/497\/revisions"}],"predecessor-version":[{"id":498,"href":"https:\/\/www.etafast.org\/et\/wp-json\/wp\/v2\/pages\/497\/revisions\/498"}],"wp:attachment":[{"href":"https:\/\/www.etafast.org\/et\/wp-json\/wp\/v2\/media?parent=497"}],"wp:term":[{"taxonomy":"category","embeddable":true,"href":"https:\/\/www.etafast.org\/et\/wp-json\/wp\/v2\/categories?post=497"},{"taxonomy":"post_tag","embeddable":true,"href":"https:\/\/www.etafast.org\/et\/wp-json\/wp\/v2\/tags?post=497"}],"curies":[{"name":"wp","href":"https:\/\/api.w.org\/{rel}","templated":true}]}}