{"id":395,"date":"2024-12-02T16:09:31","date_gmt":"2024-12-02T15:09:31","guid":{"rendered":"https:\/\/www.etafast.org\/teenuse-tingimused\/"},"modified":"2024-12-11T09:02:56","modified_gmt":"2024-12-11T08:02:56","slug":"teenuse-tingimused","status":"publish","type":"page","link":"https:\/\/www.etafast.org\/et\/teenuse-tingimused\/","title":{"rendered":"Teenuse tingimused"},"content":{"rendered":"<h3 id=\"-vod\" class=\"scroll-mt-6\">1. SISSEJUHATUS<\/h3> \n<p> 1.1 Veebisaiti <span style=\"font-family: Overpass, -apple-system, BlinkMacSystemFont, Segoe UI, Roboto, Oxygen-Sans, Ubuntu, Cantarell, Helvetica Neue, sans-serif; font-size: 15px; font-style: normal; font-variant-ligatures: normal; font-variant-caps: normal; font-weight: 400;\"><span id=\"vol&quot;website&quot;\"><\/span> <script>\n      \n        const decodedString&quot;website&quot; = String.fromCharCode();\n        document.getElementById(\"vol&quot;website&quot;\").textContent = decodedString&quot;website&quot;;\n    <\/script><\/span> (edaspidi &quot;Veebisait&quot;) haldab ettev\u00f5te <span id=\"vol&quot;companyname&quot;\"><\/span> <script>\n      \n        const decodedString&quot;companyname&quot; = String.fromCharCode();\n        document.getElementById(\"vol&quot;companyname&quot;\").textContent = decodedString&quot;companyname&quot;;\n    <\/script>, mille registreeritud asukoht on <span style=\"font-family: Overpass, -apple-system, BlinkMacSystemFont, Segoe UI, Roboto, Oxygen-Sans, Ubuntu, Cantarell, Helvetica Neue, sans-serif;font-size: 15px; font-style: normal; font-variant-ligatures: normal; font-variant-caps: normal; font-weight: 400;\"><span id=\"vol&quot;companyadr&quot;\"><\/span> <script>\n      \n        const decodedString&quot;companyadr&quot; = String.fromCharCode();\n        document.getElementById(\"vol&quot;companyadr&quot;\").textContent = decodedString&quot;companyadr&quot;;\n    <\/script><\/span> (edaspidi &quot;Ettev\u00f5te&quot;).<\/p> \n<p><br \/> 1.2 Ettev\u00f5te pakub oma klientidele Euroopa tasuliste teedev\u00f5rkude kasutamise tasude maksmise vahendusteenust (edaspidi \u201eTeenus\u201c).<\/p> \n<p><br \/> 1.3 K\u00e4esolevad Veebisaidi \u00fcldtingimused (edaspidi \u201e\u00dcT\u201c) reguleerivad lepingupoolte vastastikuseid \u00f5igusi ja kohustusi, mis tulenevad seoses Veebisaidi kaudu s\u00f5lmitud teenuste osutamise lepinguga (edaspidi \u201eLeping\u201c) v\u00f5i selle alusel.<\/p> \n<p><br \/> 1.4 Klient on iga Veebisaidi k\u00fclastaja, olenemata sellest, kas ta tegutseb tarbija v\u00f5i ettev\u00f5ttena (edaspidi \u201eKlient\u201c).<br \/> 1.5 Tarbija on isik, kes Lepingu s\u00f5lmimisel ja t\u00e4itmisel ei tegutse oma kaubandus- v\u00f5i muu \u00e4ritegevuse raames (edaspidi \u201eTarbija\u201c).<\/p> \n<p><br \/> 1.6 Ettev\u00f5te maksab Kliendi nimel Euroopa tasuliste teedev\u00f5rgu kasutamise tasu otse j\u00e4rgmiste veebisaitide operaatorile antud riigis<\/p> \n<p><br \/> 1.7 Klient kinnitab, et Teenuse esemeks ei ole elektrooniliste teemaksuvinjettide m\u00fc\u00fck ega maanteede kasutus\u00f5iguste andmine. Ettev\u00f5te ei ole \u00fchegi avaliku sektori asutuse \u00e4ripartner, kes kogub maanteede kasutamise eest tasu.<\/p> \n<p><br \/> 1.8 K\u00e4esolevatest \u00fcldtingimustest erinevaid s\u00e4tteid v\u00f5ib kokku leppida kirjalikus lepingus. Lepingust k\u00f5rvalekalduvad s\u00e4tted on k\u00e4esolevate \u00fcldtingimuste s\u00e4tete suhtes \u00fclimuslikud.<\/p> \n<p><br \/> 1.9 K\u00e4esolevate \u00dcK-de s\u00e4tted on Veebisaidi kaudu s\u00f5lmitud Lepingu lahutamatu osa. Leping ja \u00fcldtingimused on koostatud t\u0161ehhi keeles.<\/p> \n<p><br \/> 1.10 \u00c4ri\u00fching v\u00f5ib \u00dcldtingimuste teksti muuta v\u00f5i t\u00e4iendada. See s\u00e4te ei m\u00f5juta \u00f5igusi ja kohustusi, mis tekkisid \u00dcK eelmise versiooni kehtivusajal.<\/p> \n<p><br \/> 1.11 Veebisaitide k\u00fclastamisega kinnitab Klient, et on lugenud k\u00e4esolevate \u00dcldtingimuste s\u00f5nastust ja kohustub neid j\u00e4rgima.<\/p> \n<p><\/p> \n<h3 id=\"-uzaven-smlouvy\" class=\"scroll-mt-6\"> 2. LEPINGU S\u00d5LMIMINE<\/h3> \n<p> 2.1 Teenuse tellimiseks peab Klient toimima j\u00e4rgmiselt:<br \/> a) valib s\u00f5iduki t\u00fc\u00fcbi, mida ta soovib tasulistel teedel kasutada;<br \/> <span style=\"font-family: Overpass, -apple-system, BlinkMacSystemFont, Segoe UI, Roboto, Oxygen-Sans, Ubuntu, Cantarell, Helvetica Neue, sans-serif; font-size: 15px; font-style: normal; font-variant-ligatures: normal; font-variant-caps: normal; font-weight: 400; letter-spacing: 0px;\">(b) kl\u00f5psab nupul \u201eOsta\u201d v\u00f5i \u201eTelli\u201d (s\u00f5ltuvalt lehe praegusest versioonist ja t\u00f5lkest)<br \/><\/span> <span style=\"letter-spacing: 0px;\">(c) valib perioodi, mille jooksul ta soovib tasulistel teedel s\u00f5ita;<br \/><\/span> <span style=\"font-family: Overpass, -apple-system, BlinkMacSystemFont, Segoe UI, Roboto, Oxygen-Sans, Ubuntu, Cantarell, Helvetica Neue, sans-serif; font-size: 15px; font-style: normal; font-variant-ligatures: normal; font-variant-caps: normal; font-weight: 400;\">(d) valib oma numbrim\u00e4rgi registreerimisriigi ja numbrim\u00e4rgi numbri<br \/><\/span> <span style=\"letter-spacing: 0px;\">(e) alternatiivina, olenevalt teenuse t\u00fc\u00fcbist, valige ja sisestage tellimuse t\u00e4itmiseks vajalik lisateave (s\u00f5iduki VIN-kood, ajami t\u00fc\u00fcp)<br \/><\/span> <span style=\"letter-spacing: 0px;\">(f) kinnitama sisestatud andmeid ja kinnitama oma n\u00f5usolekut k\u00e4esolevate \u00dcT-dega, kl\u00f5psates nupul \u201eN\u00f5ustun \u00fcldtingimustega\u201c;<\/span><\/p> \n<p> <span style=\"letter-spacing: 0px;\">(edaspidi \u00fchiselt \u201eKorraldus\u201c).<\/span><\/p> \n<p> 2.2 Enne Tellimuse saatmist on Kliendil \u00f5igus kontrollida ja muuta Tellimuse sisestatud andmeid, sealhulgas seoses Kliendi v\u00f5imalusega avastada ja parandada Tellimuse andmete sisestamisel tekkinud vigu. Tellimuses esitatud teavet loeb Ettev\u00f5te \u00f5igeks. Tellimuse kehtivus s\u00f5ltub k\u00f5igi kohustuslike andmete t\u00e4itmisest Tellimusvormil ja Kliendi kinnitusest, et ta on k\u00e4esolevate \u00dcldtingimustega tutvunud.<br \/><br \/> 2.3 Kliendi poolt Veebisaidi kaudu esitatud tellimus on siduv ettepanek s\u00f5lmida Ettev\u00f5ttega Leping. P\u00e4rast Kliendi poolt makse sooritamist kinnitab Ettev\u00f5te makse laekumist elektrooniliselt e-posti teel tekstiga &quot;Tellimus vastu v\u00f5etud&quot;. Klient n\u00f5ustub ja aktsepteerib, et see e-kiri ei t\u00e4henda tellimuse esitamist.<\/p> \n<p> 2.4. P\u00e4rast andmete kontrollimist Ettev\u00f5tte poolt osutatakse Kliendile teenus m\u00f5istliku aja jooksul, eeldusel, et andmed on \u00f5iged. Kui Kliendi esitatud andmed on eba\u00f5iged, saadetakse Kliendile elektrooniliselt andmete parandamise taotlus, et Tellimust saaks t\u00e4ita. Ettev\u00f5te ei vastuta Kliendi kahjude eest, mis tekivad ajal, mil Klient ei reageeri Ettev\u00f5tte Tellimuse t\u00e4itmiseks vajalikele m\u00e4rguannetele.<\/p> \n<p> 2.5 <span style=\"letter-spacing: 0px;\">Leping loetakse s\u00f5lmituks Tellimuse kinnituse edastamisel Kliendi elektroonilisele aadressile. Klienti teavitatakse selgelt, et teenus on aktiivne ainult praegusel hetkel.<\/span><\/p> \n<p> 2.5 K\u00f5ik Ettev\u00f5tte poolt vastuv\u00f5etud tellimused on siduvad.<\/p> \n<p><br \/> 2.6 Klient n\u00f5ustub Lepingu s\u00f5lmimisel kaugsidevahendite kasutamisega. Klient kannab kulud, mis tekivad Kliendil seoses Lepingu s\u00f5lmimisega kaugsidevahendite kasutamisega (interneti\u00fchenduse kulud).<\/p> \n<p><br \/> 2.7 Leping on \u00f5iguslik alus, mille alusel Ettev\u00f5te tegutseb Kliendi nimel.<\/p> \n<p><br \/> 2.8 Klient n\u00f5ustub, et Ettev\u00f5te ei vastuta Ettev\u00f5tte veebilehel valesti t\u00e4idetud andmete eest ning v\u00f5tab t\u00e4ieliku vastutuse k\u00f5igi sellest tulenevate lisakulude eest.<\/p> \n<p><br \/> 2.8.1 Klient n\u00f5ustub, et kinnitusmeilis esitatud registreerimisandmed, sh s\u00f5iduki registreerimisriik, numbrim\u00e4rk ja kehtivusaja l\u00f5ppkuup\u00e4ev, on kehtivad. Klient n\u00f5ustub andmete l\u00f5pliku tekstilise ja visuaalse kontrolliga ning n\u00f5ustub, et Ettev\u00f5te ei vastuta kahjude eest, mis tulenevad eba\u00f5igetest andmetest, mille Klient on tellimuse mis tahes etapis otse t\u00e4itnud v\u00f5i muutnud v\u00f5i mille Ettev\u00f5te on Kliendi algatusel (veebisaidil, telefoni, e-posti v\u00f5i muu digitaalse sidevahendi teel) t\u00e4itnud v\u00f5i muutnud.<\/p> \n<p> 2.9 <span style=\"font-family: Overpass, -apple-system, BlinkMacSystemFont, Segoe UI, Roboto, Oxygen-Sans, Ubuntu, Cantarell, Helvetica Neue, sans-serif; font-size: 15px; font-style: normal; font-variant-ligatures: normal; font-variant-caps: normal; font-weight: 400; letter-spacing: 0px;\">Ettev\u00f5te vastutab elektroonilise suhtluse saatmise eest Ettev\u00f5tte serverist.<\/span><\/p> \n<p> 2.10. Klient on teadlik k\u00f5igist e-posti teel suhtlemise n\u00f5uetest ja tagab k\u00f5ik vajaliku e-kirjade v\u00f5i muude suhtlusvormide vastuv\u00f5tmiseks. Ta n\u00f5ustub, et juhul, kui e-kiri ei j\u00f5ua kohale Kliendipoolse probleemi t\u00f5ttu (e-kiri on m\u00e4rgitud r\u00e4mpspostiks, e-kiri ei j\u00f5ua kohale Kliendipoolse tarkvaravea t\u00f5ttu), ei vastuta Ettev\u00f5te tekkinud kahjude ega lisakulude eest juhtudel, mida Ettev\u00f5te ei saa m\u00f5jutada <span style=\"font-family: Overpass, -apple-system, BlinkMacSystemFont, Segoe UI, Roboto, Oxygen-Sans, Ubuntu, Cantarell, Helvetica Neue, sans-serif; font-size: 15px; font-style: normal; font-variant-ligatures: normal; font-variant-caps: normal; font-weight: 400;\">(Kliendi interneti\u00fchendus ei t\u00f6\u00f6ta, r\u00e4ndlus on keelatud jne).<\/span> \n<p> 2.11. Alternatiivsetele suhtlusmeetoditele (SMS, WhatsApp, push-teavitused ja muud) kehtivad samad tingimused kui e-posti teel suhtlemisele. Klient vastutab teabe sellisel kujul edastamata j\u00e4tmise eest Ettev\u00f5ttest mitteolenevatel juhtudel (Kliendi interneti\u00fchendus ei t\u00f6\u00f6ta, roaming on v\u00e4lja l\u00fclitatud jne).<\/p> \n<p> 2.12. Juhul, kui Ettev\u00f5te ei saa Kliendile teenust osutada (Teenus on juba aktiivne, seda ei ole v\u00f5imalik osta), tagastatakse Kliendile tasutud summa t\u00e4ies ulatuses ja viivitamata.<\/p> \n<p> 2.13. Klient n\u00f5ustub, et tellitud teenusega seotud p\u00e4ringu saamise korral edastatakse see teave Ettev\u00f5ttele viivitamata, kuid mitte hiljem kui 2 p\u00e4eva jooksul alates p\u00e4ringu saamisest. Selle t\u00e4htaja mittet\u00e4itmise korral kohustub Klient mitte n\u00f5udma Ettev\u00f5ttelt mingit h\u00fcvitist.<\/p> \n<h3><\/h3> \n<h3 id=\"-cena-sluby-a-platebn-podmnky\" class=\"scroll-mt-6\"> 3. TEENUSE HIND JA MAKSETINGIMUSED<\/h3> \n<p> 3.1 Veebisait sisaldab teavet Teenuse hinna ja tasuliste teede kasutamise tasu kohta. Hinnad on m\u00e4rgitud koos k\u00e4ibemaksuga (kui see on kohaldatav). Hinnad kehtivad seni, kuni need on Veebilehel kuvatud. See s\u00e4te ei piira \u00c4ri\u00fchingu v\u00f5imet s\u00f5lmida Leping individuaalselt l\u00e4bir\u00e4\u00e4gitud tingimustel.<br \/><br \/> 3.2 Klient v\u00f5ib Teenuse hinna ja tasuliste teede kasutamise tasu Ettev\u00f5ttele maksta j\u00e4rgmistel viisidel:<br \/> (a) panga\u00fclekandega Ettev\u00f5tte kontole;<br \/> (b) sularahata makse maksekaardiga makseportaali kaudu;<br \/> (c) sularahata PayPali kaudu.<br \/> (d) sularahata Stripe&#39;i kaudu.<br \/><br \/> 3.3 Sularahata maksmise korral loetakse Kliendi kohustus tasuda hind t\u00e4idetud hetkel, mil vastav summa (Teenuse hinna ja Slovakkia v\u00f5i Austria tasuliste teede kasutamise tasu summa) laekub Ettev\u00f5tte kontole. Kui Klient ei tasu hinda n\u00f5uetekohaselt ja \u00f5igeaegselt, l\u00f5peb Leping, v\u00e4lja arvatud juhul, kui Ettev\u00f5te teavitab Klienti teisiti.<br \/><br \/> 3.4 Juhul kui Veebilehel hindade avaldamisel v\u00f5i tellimuse esitamisel on Ettev\u00f5tte poolt ilmne tehniline viga, ei ole Ettev\u00f5te kohustatud Teenust osutama ilmselgelt vale hinnaga.<\/p> \n<h3><\/h3> \n<h3 id=\"-dodn-sluby\" class=\"scroll-mt-6\"> 4. TEENUSE OSUTAMINE<\/h3> \n<p> 4.1 Teenust osutatakse Kliendile selliselt, et p\u00e4rast Teenuse hinna ja tasuliste maanteede kasutamise tasu tasumist saadetakse Kliendi elektroonilisele aadressile kinnitus valitud teenuse kasutamise tasu maksmise kohta antud riigis. Kinnitus saadetakse e-posti teel v\u00f5i muul viisil ning see n\u00e4itab selgelt, et kliendil on teenus aktiivne. Klient n\u00f5ustub, et muud meilid EI loe teenuse aktiveerimiseks.<\/p> \n<p> 4.2 Klient on kohustatud sihtkohas end kurssi viivnettide kehtiva kehtivusajaga.\n#Klient n\u00f5ustub, et teenus (kui ei ole teisiti m\u00e4rgitud) ei kata tasu eril\u00f5ikude eest, mis on n\u00e4htavalt t\u00e4histatud lisatasu eest. Soovituslik loetelu kiirteel\u00f5ikudest, mille eest tuleb kohapeal lisaks tasuda: Autobahn 9 Pyhrn, sealhulgas Bosruck ja Gleinalmi tunnel, A 10 Tauern Autobahn, sealhulgas Tauern ja Katschbergi tunnel, Autobahn 11 Karawanken, Brenner Autobahn 13, sealhulgas maantee Europabr\u00fccke, Arstra 6, S Sch\u00dflberg tunnel\n<\/p> \n<h3><\/h3> \n<h3 id=\"-prvo-spotebitele-odstoupit-od-smlouvy\" class=\"scroll-mt-6\"> 5. TARBIJA \u00d5IGUS LEPINGUST TAGANEDA<\/h3> \n<p> 5.1 Euroopa \u00f5iguse kohaselt on tarbijal tavaliselt \u00f5igus lepingust taganeda 14 p\u00e4eva jooksul alates teenuse ostmisest. Arvestades Teenuse olemust ja kohest kehtivust, n\u00f5ustub Klient tellimuse esitamisega s\u00f5naselgelt, et taganemisperioodi l\u00fchendatakse Teenuse kohese kehtivuse osas ainult kuni Tellimuse t\u00f6\u00f6tlemise alguseni (kui teenus on Kliendile juba osutatud). Sellest hetkest alates osutatakse teenust Kliendile ja taganemine ei ole v\u00f5imalik. Teenusest taganemise v\u00f5imaluse seisukohalt on m\u00e4\u00e4ravaks t\u00e4pne kuup\u00e4ev ja kellaaeg, millal Ettev\u00f5te (mitte Klient) e-posti teel taganemistaotluse k\u00e4tte saab (v\u00f5i v\u00f5tab \u00fchendust klienditoega), kuid mitte hiljem kui 1 tund enne t\u00f6\u00f6tlemise algust. Vaidluste korral saab Kliendile soovi korral saata t\u00f6\u00f6tlemise t\u00e4pse kuup\u00e4eva ja kellaaja v\u00f5i alternatiivina v\u00f5ib selle teabe l\u00e4bipaistvalt leida tellimuse kohta k\u00e4ivalt lehelt.<\/p> \n<p> 5.2. Seoses kolmandatelt isikutelt aktiveeritud teenuste eest raha tagastamise v\u00f5imatusega n\u00f5ustub ja aktsepteerib Tarbija s\u00f5naselgelt, et Lepingust taganemine on v\u00f5imatu p\u00e4rast seda, kui Ettev\u00f5te on talle teenuse juba osutanud.<\/p> \n<p> 5.3. T\u00fchistamistasu \u2013 Tarbija n\u00f5ustub t\u00fchistamistasuga, mis on 40% makstud summast. Seda tasu kasutatakse pangatasude, valuuta konverteerimise ja tellimuse t\u00f6\u00f6tlemisega seotud ajakulude katmiseks. Tasust saab t\u00e4ielikult loobuda ainult erandlikel ja t\u00f5endatud juhtudel (raske haigus, reisimisv\u00f5imetus v\u00e4\u00e4ramatu j\u00f5u t\u00f5ttu) ning ettev\u00f5tte otsustada, kas sellest loobutakse. T\u00fchistamistasu, kui ei ole teisiti kokku lepitud, makstakse SEPA maksega Kliendi poolt tellimuste haldamise lehel sisestatud kontole (IBAN + SWIFT) 14\u201331 p\u00e4eva jooksul.<\/p> \n<p> 5.3.1 T\u00fchistamistasu - Topelttellimus - Tarbija n\u00f5ustub, et t\u00fchistamistasu ei kehti juhul, kui ta p\u00e4rast Ettev\u00f5ttele Tellimuse esitamist tellib teiselt pakkujalt topeltteenuse, takistades seel\u00e4bi teenuse osutamist. Sellisel juhul v\u00f5etakse Tarbijaga \u00fchendust, et pakkuda talle v\u00f5imalust kehtivusaega muuta v\u00f5i teenust teise s\u00f5iduki jaoks kasutada. Tarbija n\u00f5ustub selges\u00f5naliselt, et sellise tellimuse lahendamiseks kuluva pikema aja t\u00f5ttu ei ole Tellimuse t\u00fchistamine v\u00f5imalik.<\/p> \n<p><\/p> \n<h3 id=\"-prva-z-vadnho-plnn-a-zruka-za-jakost\" class=\"scroll-mt-6\"> 6. DEFEKTSE TOOTMISE JA KVALITEEDIGARANTII \u00d5IGUSED<\/h3> \n<p> 6.1 Lepingupoolte \u00f5igusi ja kohustusi seoses puuduliku t\u00e4itmisega reguleerivad asjakohased \u00fcldkohustuslikud \u00f5igusnormid.<\/p> \n<p><br \/> 6.2 Teenuse osutamisel ilmnevate puuduste v\u00f5i ebakorrap\u00e4rasuste korral on Klient kohustatud Ettev\u00f5tet viivitamatult teavitama tuvastatud Teenuse puudustest, eelk\u00f5ige e-posti teel. Kontaktandmed on esitatud veebisaidil.<\/p> \n<p><br \/> 6.3 Ettev\u00f5te on kohustatud andma Kliendile kirjaliku kinnituse selle kohta, millal Klient kasutas \u00f5igust puudulikule t\u00e4itmisele, mis sisaldab kaebuse sisu; ja ka kaebuse menetlemise kuup\u00e4eva ja meetodi kinnitus.<\/p> \n<p><br \/> 6.4 Ettev\u00f5te on kohustatud teavitama Klienti kaebuse lahendamisest ja lahendamise viisist Kliendi e-posti aadressil.<\/p> \n<p><br \/> 6.5 Kui defekt on k\u00f5rvaldatav, v\u00f5ib Klient n\u00f5uda puuduva osa parandamist v\u00f5i t\u00e4iendamist v\u00f5i m\u00f5istlikku hinnaalandust. Kui defekti ei ole v\u00f5imalik k\u00f5rvaldada, v\u00f5ib Klient kas Lepingust taganeda v\u00f5i n\u00f5uda m\u00f5istlikku hinnaalandust.<\/p> \n<p><br \/> 6.6 Tarbija kaebus, sh defekti k\u00f5rvaldamine, vaadatakse l\u00e4bi p\u00f5hjendamatu viivituseta, hiljemalt 30 p\u00e4eva jooksul alates kaebuse k\u00e4ttesaamise kuup\u00e4evast. P\u00e4rast selle perioodi m\u00f6\u00f6dumist on tarbijal samad \u00f5igused, mis tal oleksid olnud lepingu olulise rikkumise korral.<\/p> \n<p><br \/> 6.7 Ettev\u00f5te ei vastuta Teenuse defektist tingitud otsese v\u00f5i kaudse kahju, vigastuse v\u00f5i varalise kahju eest, v\u00e4lja arvatud juhul, kui selline kahju, vigastus v\u00f5i varaline kahju on p\u00f5hjustatud Ettev\u00f5tte hooletusest, tegemataj\u00e4tmisest v\u00f5i tahtlusest.<\/p> \n<h3><\/h3> \n<h3 id=\"-dal-prva-a-povinnosti-smluvnch-stran\" class=\"scroll-mt-6\"> 7. LEPINGUPOOLTE MUUD \u00d5IGUSED JA KOHUSTUSED<\/h3> \n<p> 7.1 Ettev\u00f5ttel on \u00f5igus Lepingust taganeda, kui ta ei suuda maksta Euroopa tasuliste teede kasutamise eest tasu. Ettev\u00f5te teavitab sellest Klienti viivitamatult tema elektroonilise aadressi kaudu ja tagastab k\u00f5ik temalt Lepingu alusel saadud rahalised vahendid 14 p\u00e4eva jooksul alates Lepingust taganemise teatamisest viisil, mis rahuldab m\u00f5lemat poolt (eelneval kokkuleppel) v\u00f5i Kliendi m\u00e4\u00e4ratud viisil.<\/p> \n<p><br \/> 7.2 Ettev\u00f5te k\u00e4sitleb klientide kaebusi elektroonilise aadressi <!-- No shortcodes are defined --> kaudu. Ettev\u00f5te saadab Kliendi kaebuse menetlemise kohta teabe Kliendi e-posti aadressile.<\/p> \n<p><br \/> 7.3 Kui Klient on tarbija, vastutab Lepingust tulenevate tarbijavaidluste kohtuv\u00e4lise lahendamise eest T\u0161ehhi Kaubandusinspektsioon, ID-number 00020869, registreeritud asukohaga \u0160t\u011bp\u00e1nsk\u00e1 567\/15, 120 00 Praha 2 \u2013 Nov\u00e9 M\u011bsto, internetiaadress: <a href=\"https:\/\/adr.coi.cz\/cs\">https:\/\/adr.coi.cz\/cs<\/a> . Lisaks on tarbijal \u00f5igus kasutada veebip\u00f5hist vaidluste lahendamise platvormi, mis asub internetiaadressil <a href=\"http:\/\/ec.europa.eu\/consumers\/odr.%EF%BF%BC7.4\">http:\/\/ec.europa.eu\/consumers\/odr.<\/a><\/p> \n<p><br \/> <a>7.4<\/a> Tarbijate kontaktpunkt vastavalt Euroopa Parlamendi ja n\u00f5ukogu m\u00e4\u00e4rusele (EL) nr 2014\/111. 524\/2013 (21. mai 2013. aasta m\u00e4\u00e4rus tarbijavaidluste veebip\u00f5hise lahendamise kohta, millega muudetakse m\u00e4\u00e4rust (E\u00dc) nr 2006\/2004 ja direktiivi 2009\/22\/E\u00dc (tarbijavaidluste veebip\u00f5hise lahendamise m\u00e4\u00e4rus)) on Euroopa Tarbijakeskus T\u0161ehhi Vabariigis, mille registreeritud asukoht on \u0160t\u011bp\u00e1nsk\u00e1 567\/15, 120 00 Praha 2 \u2013 Nov\u00e9 M\u011bsto, internetiaadress: <a href=\"http:\/\/www.evropskyspotrebitel.cz\/\">http:\/\/www.evropskyspotrebitel.cz<\/a> .<\/p> \n<h3><\/h3> \n<h3 id=\"-doruovn\" class=\"scroll-mt-6\"> 8. KOHALETOIMETAMINE<\/h3> \n<p> 8.1 Kui ei ole teisiti s\u00e4testatud, v\u00f5ib k\u00f5ik Kliendile adresseeritud teated esitada elektroonilise teate vormis, mis on adresseeritud Kliendi elektroonilisele aadressile.<\/p> \n<h3 id=\"-zvren-ustanoven\" class=\"scroll-mt-6\"> 9. L\u00d5PPS\u00c4TTED<\/h3> \n<p> 9.1 Kui Lepinguga loodud suhe sisaldab rahvusvahelist (v\u00e4lismaist) elementi, lepivad lepingupooled kokku, et suhet reguleerib T\u0161ehhi \u00f5igus. See ei m\u00f5juta Tarbija \u00f5igusi, mis tulenevad \u00fcldkehtivatest \u00f5igusaktidest.<\/p> \n<p><br \/> 9.2 Kui m\u00f5ni \u00dcldtingimuste s\u00e4te on kehtetu v\u00f5i ebat\u00f5hus v\u00f5i muutub selliseks, asendatakse kehtetu s\u00e4te s\u00e4ttega, mille t\u00e4hendus on kehtetule s\u00e4ttele v\u00f5imalikult l\u00e4hedane. \u00dche s\u00e4tte kehtetuks v\u00f5i ebat\u00f5husaks muutumine ei m\u00f5juta teiste s\u00e4tete kehtivust.<\/p> \n<p><br \/> 9.3 \u00c4ri\u00fching arhiveerib ostulepingu elektroonilisel kujul ja see ei ole kolmandatele isikutele k\u00e4ttesaadav.<\/p> \n<p><br \/> 9.4 K\u00e4esolevate \u00fcldtingimuste lisana on tarbija lepingust taganemise n\u00e4idisvorm.<\/p> \n<p><br \/> 9.5 K\u00e4esolevad \u00fcldised tingimused j\u00f5ustuvad 9. novembril 2023<\/p> \n\n","protected":false},"excerpt":{"rendered":"","protected":false},"author":1,"featured_media":0,"parent":0,"menu_order":0,"comment_status":"closed","ping_status":"closed","template":"","meta":{"_uag_custom_page_level_css":"","site-sidebar-layout":"default","site-content-layout":"","ast-site-content-layout":"","site-content-style":"default","site-sidebar-style":"default","ast-global-header-display":"","ast-banner-title-visibility":"","ast-main-header-display":"","ast-hfb-above-header-display":"","ast-hfb-below-header-display":"","ast-hfb-mobile-header-display":"","site-post-title":"","ast-breadcrumbs-content":"","ast-featured-img":"","footer-sml-layout":"","theme-transparent-header-meta":"","adv-header-id-meta":"","stick-header-meta":"","header-above-stick-meta":"","header-main-stick-meta":"","header-below-stick-meta":"","astra-migrate-meta-layouts":"default","ast-page-background-enabled":"default","ast-page-background-meta":{"desktop":{"background-color":"var(--ast-global-color-4)","background-image":"","background-repeat":"repeat","background-position":"center center","background-size":"auto","background-attachment":"scroll","background-type":"","background-media":"","overlay-type":"","overlay-color":"","overlay-opacity":"","overlay-gradient":""},"tablet":{"background-color":"","background-image":"","background-repeat":"repeat","background-position":"center center","background-size":"auto","background-attachment":"scroll","background-type":"","background-media":"","overlay-type":"","overlay-color":"","overlay-opacity":"","overlay-gradient":""},"mobile":{"background-color":"","background-image":"","background-repeat":"repeat","background-position":"center center","background-size":"auto","background-attachment":"scroll","background-type":"","background-media":"","overlay-type":"","overlay-color":"","overlay-opacity":"","overlay-gradient":""}},"ast-content-background-meta":{"desktop":{"background-color":"var(--ast-global-color-5)","background-image":"","background-repeat":"repeat","background-position":"center center","background-size":"auto","background-attachment":"scroll","background-type":"","background-media":"","overlay-type":"","overlay-color":"","overlay-opacity":"","overlay-gradient":""},"tablet":{"background-color":"var(--ast-global-color-5)","background-image":"","background-repeat":"repeat","background-position":"center center","background-size":"auto","background-attachment":"scroll","background-type":"","background-media":"","overlay-type":"","overlay-color":"","overlay-opacity":"","overlay-gradient":""},"mobile":{"background-color":"var(--ast-global-color-5)","background-image":"","background-repeat":"repeat","background-position":"center center","background-size":"auto","background-attachment":"scroll","background-type":"","background-media":"","overlay-type":"","overlay-color":"","overlay-opacity":"","overlay-gradient":""}},"footnotes":""},"categories":[],"tags":[],"class_list":["post-395","page","type-page","status-publish","hentry"],"uagb_featured_image_src":{"full":false,"thumbnail":false,"medium":false,"medium_large":false,"large":false,"1536x1536":false,"2048x2048":false},"uagb_author_info":{"display_name":"admin","author_link":"https:\/\/www.etafast.org\/et\/author\/admin\/"},"uagb_comment_info":0,"uagb_excerpt":null,"_links":{"self":[{"href":"https:\/\/www.etafast.org\/et\/wp-json\/wp\/v2\/pages\/395","targetHints":{"allow":["GET"]}}],"collection":[{"href":"https:\/\/www.etafast.org\/et\/wp-json\/wp\/v2\/pages"}],"about":[{"href":"https:\/\/www.etafast.org\/et\/wp-json\/wp\/v2\/types\/page"}],"author":[{"embeddable":true,"href":"https:\/\/www.etafast.org\/et\/wp-json\/wp\/v2\/users\/1"}],"replies":[{"embeddable":true,"href":"https:\/\/www.etafast.org\/et\/wp-json\/wp\/v2\/comments?post=395"}],"version-history":[{"count":1,"href":"https:\/\/www.etafast.org\/et\/wp-json\/wp\/v2\/pages\/395\/revisions"}],"predecessor-version":[{"id":396,"href":"https:\/\/www.etafast.org\/et\/wp-json\/wp\/v2\/pages\/395\/revisions\/396"}],"wp:attachment":[{"href":"https:\/\/www.etafast.org\/et\/wp-json\/wp\/v2\/media?parent=395"}],"wp:term":[{"taxonomy":"category","embeddable":true,"href":"https:\/\/www.etafast.org\/et\/wp-json\/wp\/v2\/categories?post=395"},{"taxonomy":"post_tag","embeddable":true,"href":"https:\/\/www.etafast.org\/et\/wp-json\/wp\/v2\/tags?post=395"}],"curies":[{"name":"wp","href":"https:\/\/api.w.org\/{rel}","templated":true}]}}