{"id":313,"date":"2024-12-11T08:24:00","date_gmt":"2024-12-11T07:24:00","guid":{"rendered":"https:\/\/www.etafast.org\/protsessi-kohta\/"},"modified":"2024-12-11T09:02:21","modified_gmt":"2024-12-11T08:02:21","slug":"protsessi-kohta","status":"publish","type":"page","link":"https:\/\/www.etafast.org\/et\/protsessi-kohta\/","title":{"rendered":"Protsessi kohta"},"content":{"rendered":"\n<h3 class=\"wp-block-heading\">Elektroonilise reisiloa (eTA) protsessist<\/h3>\n\n<p>Elektrooniline reisiluba (eTA) on sisenemisn\u00f5ue viisavabaduse saanud v\u00e4lisriikide kodanikele, kes reisivad Kanadasse v\u00f5i l\u00e4bivad Kanadat \u00f5huteed pidi. See on kiire ja lihtne veebip\u00f5hine protsess, mille eesm\u00e4rk on suurendada piiriturvalisust ja tagada samal ajal n\u00f5uetele vastavate isikute sujuv reisimine. <\/p>\n\n<h4 class=\"wp-block-heading\">Mis on eTA?<\/h4>\n\n<p>ETA on elektrooniliselt seotud reisiluba, mis on seotud teie passiga. See kehtib kuni viis aastat v\u00f5i kuni teie passi kehtivusaja l\u00f5puni, olenevalt sellest, kumb saabub varem. ETA v\u00f5imaldab teil k\u00fclastada Kanadat l\u00fchiajaliselt (tavaliselt kuni kuus kuud) turismi-, \u00e4ri- v\u00f5i transiidi eesm\u00e4rgil.  <\/p>\n\n<h4 class=\"wp-block-heading\">Peamised punktid, mida peaks teadma eTA-protsessi kohta:<\/h4>\n\n<ol class=\"wp-block-list\">\n<li><strong>Lihtne veebip\u00f5hine taotlus<\/strong>:<br\/>eTA taotlemine toimub t\u00e4ielikult veebip\u00f5hiselt. Ei ole vaja paberimajandust ega isiklikku k\u00fclastust, mist\u00f5ttu on see mugav v\u00f5imalus reisijatele. <\/li>\n\n\n\n<li><strong>Taskukohane tasu<\/strong>:<br\/>eTA taotlemine maksab ainult 7 Kanada dollarit. See tasu makstakse taotluse esitamise ajal internetis. <\/li>\n\n\n\n<li><strong>Kiire t\u00f6\u00f6tlemine<\/strong>:<br\/>Enamik eTA taotlusi kiidetakse heaks m\u00f5ne minuti jooksul. M\u00f5ni taotlus v\u00f5ib siiski kauem aega v\u00f5tta, kui on vaja lisadokumente. Sellistel juhtudel saavad taotlejad 72 tunni jooksul e-posti teel juhised.  <\/li>\n\n\n\n<li><strong>Abik\u00f5lblikkuse n\u00f5uded<\/strong>:\n<ul class=\"wp-block-list\">\n<li>Kanadasse lendavad v\u00f5i Kanadat l\u00e4bivad viisavabad v\u00e4lisriikide kodanikud vajavad eTA-d.<\/li>\n\n\n\n<li>Teatavad viisakohustuslikest riikidest p\u00e4rit reisijad v\u00f5ivad samuti saada eTA, kui nad vastavad konkreetsetele kriteeriumidele, n\u00e4iteks kui neil on kehtiv USA mittesihtotstarbeline viisa v\u00f5i kui neil on viimase 10 aasta jooksul olnud Kanada k\u00fclalisviisa.<\/li>\n\n\n\n<li>Autoga, bussiga, rongiga v\u00f5i laevaga, sealhulgas kruiisilaevadega saabuvad reisijad vajavad eTA asemel k\u00fclalisviisat.<\/li>\n<\/ul>\n<\/li>\n\n\n\n<li><strong>Reisipiirangud<\/strong>:\n<ul class=\"wp-block-list\">\n<li>eTA ei luba teil Kanadas t\u00f6\u00f6tada ega \u00f5ppida. Kui te kavatsete t\u00f6\u00f6tada v\u00f5i \u00f5ppida, peate taotlema asjakohaseid lubasid. <\/li>\n\n\n\n<li>ETA ei taga Kanadasse sisenemist. Piirivalveametnikud hindavad teie sobivust saabumisel. <\/li>\n<\/ul>\n<\/li>\n\n\n\n<li><strong>Kehtivus<\/strong>:<br\/>Kui eTA on heaks kiidetud, on see seotud teie passiga ja kehtib mitu korda, tingimusel et teie pass j\u00e4\u00e4b kehtima. Reisige alati sama passiga, mida kasutasite eTA taotlemisel. <\/li>\n<\/ol>\n\n<h4 class=\"wp-block-heading\">Kaitske end pettuste eest<\/h4>\n\n<p>Hoiduge petturlike veebisaitide v\u00f5i isikute eest, kes lubavad garanteeritud sisenemis-, t\u00f6\u00f6- v\u00f5i \u00f5ppimisv\u00f5imalusi Kanadas. Kandideerige ainult Kanada valitsuse ametliku veebisaidi kaudu ja v\u00e4ltige isikuandmete jagamist kontrollimata allikatega. V\u00e4\u00e4rkajastamisel v\u00f5i pettusel v\u00f5ivad olla t\u00f5sised \u00f5iguslikud tagaj\u00e4rjed.  <\/p>\n\n<h4 class=\"wp-block-heading\">Enne taotluse esitamist<\/h4>\n\n<ul class=\"wp-block-list\">\n<li>Veenduge, et teil on kehtiv pass, krediit- v\u00f5i deebetkaart ja e-posti aadress.<\/li>\n\n\n\n<li>Lugege juhendamiseks rakenduse abidokumenti, mis on saadaval mitmes keeles.<\/li>\n\n\n\n<li>Viivituste v\u00e4ltimiseks taotlege eTA <strong>enne<\/strong> lennu broneerimist.<\/li>\n<\/ul>\n\n<p>eTA taotlemine on oluline samm Kanada k\u00fclastamist kavandavate reisijate jaoks. Kui m\u00f5istate protsessi ja valmistate oma taotluse hoolikalt ette, saate tagada sujuva ja probleemivaba reisi. <\/p>\n","protected":false},"excerpt":{"rendered":"<p>Elektroonilise reisiloa (eTA) protsessist Elektrooniline reisiluba (eTA) on sisenemisn\u00f5ue viisavabaduse saanud v\u00e4lisriikide kodanikele, kes reisivad Kanadasse v\u00f5i l\u00e4bivad Kanadat \u00f5huteed [&hellip;]<\/p>\n","protected":false},"author":1,"featured_media":0,"parent":0,"menu_order":0,"comment_status":"closed","ping_status":"closed","template":"","meta":{"_uag_custom_page_level_css":"","site-sidebar-layout":"default","site-content-layout":"","ast-site-content-layout":"","site-content-style":"default","site-sidebar-style":"default","ast-global-header-display":"","ast-banner-title-visibility":"","ast-main-header-display":"","ast-hfb-above-header-display":"","ast-hfb-below-header-display":"","ast-hfb-mobile-header-display":"","site-post-title":"","ast-breadcrumbs-content":"","ast-featured-img":"","footer-sml-layout":"","theme-transparent-header-meta":"","adv-header-id-meta":"","stick-header-meta":"","header-above-stick-meta":"","header-main-stick-meta":"","header-below-stick-meta":"","astra-migrate-meta-layouts":"default","ast-page-background-enabled":"default","ast-page-background-meta":{"desktop":{"background-color":"var(--ast-global-color-4)","background-image":"","background-repeat":"repeat","background-position":"center center","background-size":"auto","background-attachment":"scroll","background-type":"","background-media":"","overlay-type":"","overlay-color":"","overlay-opacity":"","overlay-gradient":""},"tablet":{"background-color":"","background-image":"","background-repeat":"repeat","background-position":"center center","background-size":"auto","background-attachment":"scroll","background-type":"","background-media":"","overlay-type":"","overlay-color":"","overlay-opacity":"","overlay-gradient":""},"mobile":{"background-color":"","background-image":"","background-repeat":"repeat","background-position":"center center","background-size":"auto","background-attachment":"scroll","background-type":"","background-media":"","overlay-type":"","overlay-color":"","overlay-opacity":"","overlay-gradient":""}},"ast-content-background-meta":{"desktop":{"background-color":"var(--ast-global-color-5)","background-image":"","background-repeat":"repeat","background-position":"center center","background-size":"auto","background-attachment":"scroll","background-type":"","background-media":"","overlay-type":"","overlay-color":"","overlay-opacity":"","overlay-gradient":""},"tablet":{"background-color":"var(--ast-global-color-5)","background-image":"","background-repeat":"repeat","background-position":"center center","background-size":"auto","background-attachment":"scroll","background-type":"","background-media":"","overlay-type":"","overlay-color":"","overlay-opacity":"","overlay-gradient":""},"mobile":{"background-color":"var(--ast-global-color-5)","background-image":"","background-repeat":"repeat","background-position":"center center","background-size":"auto","background-attachment":"scroll","background-type":"","background-media":"","overlay-type":"","overlay-color":"","overlay-opacity":"","overlay-gradient":""}},"footnotes":""},"categories":[],"tags":[],"class_list":["post-313","page","type-page","status-publish","hentry"],"uagb_featured_image_src":{"full":false,"thumbnail":false,"medium":false,"medium_large":false,"large":false,"1536x1536":false,"2048x2048":false},"uagb_author_info":{"display_name":"admin","author_link":"https:\/\/www.etafast.org\/et\/author\/admin\/"},"uagb_comment_info":0,"uagb_excerpt":"Elektroonilise reisiloa (eTA) protsessist Elektrooniline reisiluba (eTA) on sisenemisn\u00f5ue viisavabaduse saanud v\u00e4lisriikide kodanikele, kes reisivad Kanadasse v\u00f5i l\u00e4bivad Kanadat \u00f5huteed [&hellip;]","_links":{"self":[{"href":"https:\/\/www.etafast.org\/et\/wp-json\/wp\/v2\/pages\/313","targetHints":{"allow":["GET"]}}],"collection":[{"href":"https:\/\/www.etafast.org\/et\/wp-json\/wp\/v2\/pages"}],"about":[{"href":"https:\/\/www.etafast.org\/et\/wp-json\/wp\/v2\/types\/page"}],"author":[{"embeddable":true,"href":"https:\/\/www.etafast.org\/et\/wp-json\/wp\/v2\/users\/1"}],"replies":[{"embeddable":true,"href":"https:\/\/www.etafast.org\/et\/wp-json\/wp\/v2\/comments?post=313"}],"version-history":[{"count":1,"href":"https:\/\/www.etafast.org\/et\/wp-json\/wp\/v2\/pages\/313\/revisions"}],"predecessor-version":[{"id":314,"href":"https:\/\/www.etafast.org\/et\/wp-json\/wp\/v2\/pages\/313\/revisions\/314"}],"wp:attachment":[{"href":"https:\/\/www.etafast.org\/et\/wp-json\/wp\/v2\/media?parent=313"}],"wp:term":[{"taxonomy":"category","embeddable":true,"href":"https:\/\/www.etafast.org\/et\/wp-json\/wp\/v2\/categories?post=313"},{"taxonomy":"post_tag","embeddable":true,"href":"https:\/\/www.etafast.org\/et\/wp-json\/wp\/v2\/tags?post=313"}],"curies":[{"name":"wp","href":"https:\/\/api.w.org\/{rel}","templated":true}]}}