{"id":1545,"date":"2024-12-11T08:24:51","date_gmt":"2024-12-11T07:24:51","guid":{"rendered":"https:\/\/www.etafast.org\/kes-saavad-taotleda\/"},"modified":"2024-12-11T09:16:23","modified_gmt":"2024-12-11T08:16:23","slug":"kes-saavad-taotleda","status":"publish","type":"page","link":"https:\/\/www.etafast.org\/et\/kes-saavad-taotleda\/","title":{"rendered":"Kes saavad taotleda"},"content":{"rendered":"\n<h3 class=\"wp-block-heading\">Kes saavad taotleda elektroonilist reisiluba (eTA)<\/h3>\n\n<p>Elektrooniline reisiluba (eTA) on n\u00f5ue teatavatele isikutele, kes reisivad Kanadasse v\u00f5i l\u00e4bivad Kanadat lennukiga. Siin on \u00fcksikasjalik jaotus selle kohta, kellel on \u00f5igus seda taotleda: <\/p>\n\n<h4 class=\"wp-block-heading\"><strong>Abik\u00f5lblikkuse kriteeriumid eTA saamiseks<\/strong><\/h4>\n\n<p>Te v\u00f5ite taotleda eTA-d, kui te vastate <strong>k\u00f5igile kolmele j\u00e4rgmisele n\u00f5udele<\/strong>:<\/p>\n\n<ol class=\"wp-block-list\">\n<li><strong>Mineviku reisilugu<\/strong>:<ul><li>Teil on viimase 10 aasta jooksul olnud Kanada k\u00fclalisviisa (ajutine viisa), V\u00d5I<\/li><li>Teil on praegu kehtiv Ameerika \u00dchendriikide (USA) mitterahvusvaheline viisa.<\/li><\/ul><em>(Teie USA mitteresidentide viisa peab kehtima eTA taotlemise p\u00e4eval, kuid see ei pea j\u00e4\u00e4ma kehtima teie Kanadasse reisimise ajaks.)<\/em><\/li>\n\n\n\n<li><strong>Reisi eesm\u00e4rk<\/strong>:\n<ul class=\"wp-block-list\">\n<li>Te tulete Kanadasse <strong>ajutiselt<\/strong>, tavaliselt kuni kuueks kuuks.<\/li>\n<\/ul>\n<\/li>\n\n\n\n<li><strong>Reisire\u017eiim<\/strong>:\n<ul class=\"wp-block-list\">\n<li>Te lendate Kanada lennujaama v\u00f5i l\u00e4bite Kanada lennujaama kehtiva passiga, mis on p\u00e4rit \u00fchest <strong>abik\u00f5lblikust viisakohustuslikust riigist<\/strong>.<\/li>\n<\/ul>\n<\/li>\n<\/ol>\n\n<h4 class=\"wp-block-heading\"><strong>Abik\u00f5lblikud viisakohustuslikud riigid<\/strong><\/h4>\n\n<p>J\u00e4rgmiste riikide kodanikud v\u00f5ivad taotleda eTA-d, kui nad vastavad eespool nimetatud kriteeriumidele:<\/p>\n\n<ul class=\"wp-block-list\">\n<li>Antigua ja Barbuda<\/li>\n\n\n\n<li>Argentina<\/li>\n\n\n\n<li>Brasiilia<\/li>\n\n\n\n<li>Costa Rica<\/li>\n\n\n\n<li>Mehhiko<\/li>\n\n\n\n<li>Maroko<\/li>\n\n\n\n<li>Panama<\/li>\n\n\n\n<li>Filipiinid<\/li>\n\n\n\n<li>St. Kitts ja Nevis<\/li>\n\n\n\n<li>P\u00fcha Lucia<\/li>\n\n\n\n<li>Saint Vincent ja Grenadiinid<\/li>\n\n\n\n<li>Sei\u0161ellid<\/li>\n\n\n\n<li>Tai<\/li>\n\n\n\n<li>Trinidad ja Tobago<\/li>\n\n\n\n<li>Uruguay<\/li>\n<\/ul>\n\n<p>Kui te ei vasta k\u00f5igile neile n\u00f5uetele, peate selle asemel taotlema k\u00fclalisviisat (ajutine viisa).<\/p>\n\n<hr class=\"wp-block-separator has-alpha-channel-opacity\"\/>\n\n<h3 class=\"wp-block-heading\"><strong>Kes EI vaja eTA-d?<\/strong><\/h3>\n\n<ul class=\"wp-block-list\">\n<li><strong>USA kodanikud<\/strong>:<br\/>USA kodanikud on eTA n\u00f5udest vabastatud. Nad peavad esitama ainult kehtiva USA passi. <\/li>\n\n\n\n<li><strong>Kanada kodanikud (sealhulgas topeltkodakondsus)<\/strong>:<br\/>Kanada kodanikud ei saa taotleda eTA-d. Nad peavad reisima kehtiva Kanada passiga. Ka topeltkodanikud peavad Kanadasse lennates kasutama oma Kanada passi.  <\/li>\n\n\n\n<li><strong>Kanada alalised elanikud<\/strong>:<br>Kanada alalised elanikud ei saa taotleda eTA-d. Selle asemel peavad nad reisima koos: \n<ul class=\"wp-block-list\">\n<li>Kehtiv alalise elaniku kaart V\u00d5I<\/li>\n\n\n\n<li>Alalise elaniku reisidokument.<\/li>\n<\/ul>\n<\/li>\n\n\n\n<li><strong>Ameerika \u00dchendriikide seaduslikud alalised elanikud<\/strong>:<br>Alates 26. aprillist 2022 on Ameerika \u00dchendriikide seaduslikud alalised elanikud eTA n\u00f5udest vabastatud. Neil peab olema kaasas: \n<ul class=\"wp-block-list\">\n<li>kehtivat passi oma kodakondsusriigist ja<\/li>\n\n\n\n<li>Kehtiv USA roheline kaart v\u00f5i samav\u00e4\u00e4rne t\u00f5end staatuse kohta.<\/li>\n<\/ul>\n<\/li>\n<\/ul>\n\n<hr class=\"wp-block-separator has-alpha-channel-opacity\"\/>\n\n<h3 class=\"wp-block-heading\"><strong>Reisistsenaariumid ja dokumendin\u00f5uded<\/strong><\/h3>\n\n<figure class=\"wp-block-table\"><table class=\"has-fixed-layout\"><thead><tr><th><strong>Kuidas te Kanadasse reisite<\/strong><\/th><th><strong>N\u00f5utav(ad) dokument(id)<\/strong><\/th><\/tr><\/thead><tbody><tr><td>Lendavad Kanada lennujaama v\u00f5i l\u00e4bivad seda ja neil on \u00f5igus saada eTA.<\/td><td>eTA v\u00f5i k\u00fclalisviisa<\/td><\/tr><tr><td>Lendavad Kanada lennujaama v\u00f5i l\u00e4bivad seda ja EI saa taotleda eTA-d.<\/td><td>K\u00fclalisviisa<\/td><\/tr><tr><td>Saabumine autoga, bussiga, rongiga v\u00f5i laevaga (sh kruiisilaevadega).<\/td><td>K\u00fclalisviisa<\/td><\/tr><tr><td>Reisimine Kanadasse kehtiva Kanada viisaga<\/td><td>ETA-d ei ole vaja &#8211; kasutage viisat<\/td><\/tr><tr><td>Tagasilend Kanadasse p\u00e4rast t\u00f6\u00f6- v\u00f5i \u00f5ppimisloa uuendamist<\/td><td>eTA, mis esitatakse koos loa uuendamisega<\/td><\/tr><tr><td>reisimine Kanadasse t\u00f6\u00f6le v\u00f5i \u00f5ppima kauemaks kui 6 kuuks<\/td><td>T\u00f6\u00f6- v\u00f5i \u00f5ppimisluba (sisaldab viisat)<\/td><\/tr><\/tbody><\/table><\/figure>\n\n<hr class=\"wp-block-separator has-alpha-channel-opacity\"\/>\n\n<h3 class=\"wp-block-heading\"><strong>Olulised kaalutlused<\/strong><\/h3>\n\n<ul class=\"wp-block-list\">\n<li><strong>P\u00f5hin\u00f5uded<\/strong>: Kanadasse sisenemiseks peate vastama \u00fcldistele sisenemiskriteeriumidele, sealhulgas kehtivatele reisidokumentidele, heale tervisele, rahalisele toetusele ja tugevatele sidemetele oma kodumaaga.<\/li>\n\n\n\n<li><strong>Vastuv\u00f5etamatus<\/strong>: Isikud, kes on seotud kuritegeliku tegevuse, julgeolekuohu v\u00f5i teatavate tervise- ja finantsprobleemidega, v\u00f5idakse lugeda Kanadasse vastuv\u00f5etamatuks isegi kehtiva eTAga.<\/li>\n<\/ul>\n\n<p>ETA on m\u00f5eldud selleks, et lihtsustada abik\u00f5lblike isikute lennureise Kanadasse. Tutvuge hoolikalt n\u00f5uetega ja esitage taotlus aegsasti enne kavandatud reisi. <\/p>\n","protected":false},"excerpt":{"rendered":"<p>Kes saavad taotleda elektroonilist reisiluba (eTA) Elektrooniline reisiluba (eTA) on n\u00f5ue teatavatele isikutele, kes reisivad Kanadasse v\u00f5i l\u00e4bivad Kanadat lennukiga. [&hellip;]<\/p>\n","protected":false},"author":1,"featured_media":0,"parent":0,"menu_order":0,"comment_status":"closed","ping_status":"closed","template":"","meta":{"_uag_custom_page_level_css":"","site-sidebar-layout":"default","site-content-layout":"","ast-site-content-layout":"","site-content-style":"default","site-sidebar-style":"default","ast-global-header-display":"","ast-banner-title-visibility":"","ast-main-header-display":"","ast-hfb-above-header-display":"","ast-hfb-below-header-display":"","ast-hfb-mobile-header-display":"","site-post-title":"","ast-breadcrumbs-content":"","ast-featured-img":"","footer-sml-layout":"","theme-transparent-header-meta":"","adv-header-id-meta":"","stick-header-meta":"","header-above-stick-meta":"","header-main-stick-meta":"","header-below-stick-meta":"","astra-migrate-meta-layouts":"default","ast-page-background-enabled":"default","ast-page-background-meta":{"desktop":{"background-color":"var(--ast-global-color-4)","background-image":"","background-repeat":"repeat","background-position":"center center","background-size":"auto","background-attachment":"scroll","background-type":"","background-media":"","overlay-type":"","overlay-color":"","overlay-opacity":"","overlay-gradient":""},"tablet":{"background-color":"","background-image":"","background-repeat":"repeat","background-position":"center center","background-size":"auto","background-attachment":"scroll","background-type":"","background-media":"","overlay-type":"","overlay-color":"","overlay-opacity":"","overlay-gradient":""},"mobile":{"background-color":"","background-image":"","background-repeat":"repeat","background-position":"center center","background-size":"auto","background-attachment":"scroll","background-type":"","background-media":"","overlay-type":"","overlay-color":"","overlay-opacity":"","overlay-gradient":""}},"ast-content-background-meta":{"desktop":{"background-color":"var(--ast-global-color-5)","background-image":"","background-repeat":"repeat","background-position":"center center","background-size":"auto","background-attachment":"scroll","background-type":"","background-media":"","overlay-type":"","overlay-color":"","overlay-opacity":"","overlay-gradient":""},"tablet":{"background-color":"var(--ast-global-color-5)","background-image":"","background-repeat":"repeat","background-position":"center center","background-size":"auto","background-attachment":"scroll","background-type":"","background-media":"","overlay-type":"","overlay-color":"","overlay-opacity":"","overlay-gradient":""},"mobile":{"background-color":"var(--ast-global-color-5)","background-image":"","background-repeat":"repeat","background-position":"center center","background-size":"auto","background-attachment":"scroll","background-type":"","background-media":"","overlay-type":"","overlay-color":"","overlay-opacity":"","overlay-gradient":""}},"footnotes":""},"categories":[],"tags":[],"class_list":["post-1545","page","type-page","status-publish","hentry"],"uagb_featured_image_src":{"full":false,"thumbnail":false,"medium":false,"medium_large":false,"large":false,"1536x1536":false,"2048x2048":false},"uagb_author_info":{"display_name":"admin","author_link":"https:\/\/www.etafast.org\/et\/author\/admin\/"},"uagb_comment_info":0,"uagb_excerpt":"Kes saavad taotleda elektroonilist reisiluba (eTA) Elektrooniline reisiluba (eTA) on n\u00f5ue teatavatele isikutele, kes reisivad Kanadasse v\u00f5i l\u00e4bivad Kanadat lennukiga. [&hellip;]","_links":{"self":[{"href":"https:\/\/www.etafast.org\/et\/wp-json\/wp\/v2\/pages\/1545","targetHints":{"allow":["GET"]}}],"collection":[{"href":"https:\/\/www.etafast.org\/et\/wp-json\/wp\/v2\/pages"}],"about":[{"href":"https:\/\/www.etafast.org\/et\/wp-json\/wp\/v2\/types\/page"}],"author":[{"embeddable":true,"href":"https:\/\/www.etafast.org\/et\/wp-json\/wp\/v2\/users\/1"}],"replies":[{"embeddable":true,"href":"https:\/\/www.etafast.org\/et\/wp-json\/wp\/v2\/comments?post=1545"}],"version-history":[{"count":1,"href":"https:\/\/www.etafast.org\/et\/wp-json\/wp\/v2\/pages\/1545\/revisions"}],"predecessor-version":[{"id":1546,"href":"https:\/\/www.etafast.org\/et\/wp-json\/wp\/v2\/pages\/1545\/revisions\/1546"}],"wp:attachment":[{"href":"https:\/\/www.etafast.org\/et\/wp-json\/wp\/v2\/media?parent=1545"}],"wp:term":[{"taxonomy":"category","embeddable":true,"href":"https:\/\/www.etafast.org\/et\/wp-json\/wp\/v2\/categories?post=1545"},{"taxonomy":"post_tag","embeddable":true,"href":"https:\/\/www.etafast.org\/et\/wp-json\/wp\/v2\/tags?post=1545"}],"curies":[{"name":"wp","href":"https:\/\/api.w.org\/{rel}","templated":true}]}}