{"id":1473,"date":"2024-12-11T08:25:47","date_gmt":"2024-12-11T07:25:47","guid":{"rendered":"https:\/\/www.etafast.org\/kas-vajate-visat\/"},"modified":"2024-12-11T09:15:09","modified_gmt":"2024-12-11T08:15:09","slug":"kas-vajate-visat","status":"publish","type":"page","link":"https:\/\/www.etafast.org\/et\/kas-vajate-visat\/","title":{"rendered":"Kas vajate VISAt?"},"content":{"rendered":"\n<h3 class=\"wp-block-heading\">Kuidas teada saada, kas vajate Kanadasse reisimiseks viisat?<\/h3>\n\n<p>Kanada n\u00f5uab, et reisijatel oleks riiki sisenemiseks v\u00f5i selle l\u00e4bimiseks kas <strong>k\u00fclalisviisa<\/strong> v\u00f5i <strong>elektrooniline reisiluba (eTA<\/strong> ), s\u00f5ltuvalt nende kodakondsusest ja reisimisviisast. J\u00e4rgnevalt saate kindlaks teha, mida te vajate: <\/p>\n\n<hr class=\"wp-block-separator has-alpha-channel-opacity\"\/>\n\n<h3 class=\"wp-block-heading\"><strong>1. samm: Kontrollige oma kodakondsust<\/strong><\/h3>\n\n<p>See, millist reisidokumenti te vajate, s\u00f5ltub eelk\u00f5ige teie kodakondsusest. Reisijad kuuluvad \u00fchte kolmest kategooriast: <\/p>\n\n<ol class=\"wp-block-list\">\n<li><strong>Viisavabad reisijad (vajavad eTA-d)<\/strong><br\/>Kui olete viisavaba riigi kodanik, vajate eTA-d, kui reisite Kanadasse v\u00f5i l\u00e4bite Kanadat lennukiga. N\u00e4ited viisavabadest riikidest on j\u00e4rgmised: <ul><li>Austraalia<\/li><li>Saksamaa<\/li><li>Jaapan<\/li><li>\u00dchendkuningriik<\/li><li>Prantsusmaa<br\/><em>(See ei ole t\u00e4ielik loetelu).<\/em><\/li><\/ul><strong>Oluline<\/strong>: Kui te sisenete Kanadasse autoga, bussiga, rongiga v\u00f5i laevaga, sealhulgas kruiisiga, siis te EI vaja eTA-d ega k\u00fclalisviisat.<\/li>\n\n\n\n<li><strong>Viisakohustuslikud reisijad (vajavad k\u00fclalisviisat)<\/strong><br>Nende riikide kodanikud, kes ei ole viisavabaduse nimekirjas, vajavad Kanadasse reisimiseks k\u00fclalisviisat (mida nimetatakse ka ajutiseks elamisviisaks), s\u00f5ltumata reisimisviisast.<br>N\u00e4ited viisakohustuslikest riikidest on j\u00e4rgmised:\n<ul class=\"wp-block-list\">\n<li>India<\/li>\n\n\n\n<li>Hiina<\/li>\n\n\n\n<li>Pakistan<br\/><em>(See ei ole t\u00e4ielik loetelu).<\/em><\/li>\n<\/ul>\n<\/li>\n\n\n\n<li><strong>Viisak\u00f5lblikud reisijad (v\u00f5ivad saada eTA)<\/strong><br>Kui olete p\u00e4rit viisakohustuslikust riigist, kuid vastate teatavatele tingimustele, v\u00f5ite taotleda eTA-d viisa asemel. Need tingimused h\u00f5lmavad j\u00e4rgmist: <ul><li>omab kehtivat USA mittesihtotstarbelist viisat, V\u00d5I<\/li><li>on viimase 10 aasta jooksul omanud Kanada k\u00fclalisviisat.<\/li><\/ul>Selle v\u00f5imaluse puhul on abik\u00f5lblikud j\u00e4rgmised riigid:\n<ul class=\"wp-block-list\">\n<li>Brasiilia<\/li>\n\n\n\n<li>Mehhiko<\/li>\n\n\n\n<li>Filipiinid<br\/><em>(See ei ole t\u00e4ielik loetelu).<\/em><\/li>\n<\/ul>\n<\/li>\n<\/ol>\n\n<hr class=\"wp-block-separator has-alpha-channel-opacity\"\/>\n\n<h3 class=\"wp-block-heading\"><strong>2. samm: kaaluge oma reisimismeetodit<\/strong><\/h3>\n\n<p>Vajaminev reisidokument s\u00f5ltub ka sellest, kuidas te Kanadasse sisenete:<\/p>\n\n<figure class=\"wp-block-table\"><table class=\"has-fixed-layout\"><thead><tr><th><strong>Reisimisviis<\/strong><\/th><th><strong>N\u00f5ue<\/strong><\/th><\/tr><\/thead><tbody><tr><td>Lendavad Kanada lennujaama v\u00f5i l\u00e4bivad seda<\/td><td>eTA (viisavaba reisijate puhul) v\u00f5i k\u00fclalisviisa.<\/td><\/tr><tr><td>Sisenemine autoga, bussiga, rongiga v\u00f5i laevaga (sh kruiisiga).<\/td><td>K\u00fclalisviisa (viisakohustuslikele reisijatele)<\/td><\/tr><tr><td>Reisimine kehtiva Kanada viisaga<\/td><td>ETA-d ei ole vaja; kasutage oma viisat.<\/td><\/tr><\/tbody><\/table><\/figure>\n\n<hr class=\"wp-block-separator has-alpha-channel-opacity\"\/>\n\n<h3 class=\"wp-block-heading\"><strong>3. samm: erandid reeglist<\/strong><\/h3>\n\n<ol class=\"wp-block-list\">\n<li><strong>USA kodanikud<\/strong><br\/>USA kodanikud EI vaja eTA-d ega k\u00fclalisviisat. Neil on vaja ainult kehtivat USA passi. <\/li>\n\n\n\n<li><strong>Kanada kodanikud (sealhulgas topeltkodakondsus)<\/strong><br\/>Kanada kodanikud ei saa taotleda eTA-d ega viisat. Nad peavad reisima kehtiva Kanada passiga. <\/li>\n\n\n\n<li><strong>Kanada alalised elanikud<\/strong><br>Kanada alalised elanikud ei saa taotleda eTA-d. Nad peavad reisima koos: \n<ul class=\"wp-block-list\">\n<li>Kehtiv alalise elaniku kaart V\u00d5I<\/li>\n\n\n\n<li>Alalise elaniku reisidokument.<\/li>\n<\/ul>\n<\/li>\n\n\n\n<li><strong>USA alalised elanikud<\/strong><br>Alates 26. aprillist 2022 ei vaja USA seaduslikud alalised elanikud eTA-d. Neil peab olema kaasas: \n<ul class=\"wp-block-list\">\n<li>kehtivat passi oma riigi kodakondsusest, JA<\/li>\n\n\n\n<li>Kehtiv roheline kaart v\u00f5i samav\u00e4\u00e4rne t\u00f5end staatuse kohta.<\/li>\n<\/ul>\n<\/li>\n<\/ol>\n\n<hr class=\"wp-block-separator has-alpha-channel-opacity\"\/>\n\n<h3 class=\"wp-block-heading\"><strong>4. samm: kasutage Kanada valitsuse t\u00f6\u00f6riista<\/strong><\/h3>\n\n<p>Selleks, et veenduda, kas vajate viisat v\u00f5i eTA-d, saate kasutada Kanada valitsuse ametlikku <a>reisidokumendi t\u00f6\u00f6riista<\/a>. Personaalsete tulemuste saamiseks sisestage lihtsalt oma kodakondsus, reisimeetod ja k\u00fclastuse eesm\u00e4rk. <\/p>\n\n<hr class=\"wp-block-separator has-alpha-channel-opacity\"\/>\n\n<h3 class=\"wp-block-heading\"><strong>L\u00f5plikud m\u00e4rkused<\/strong><\/h3>\n\n<ul class=\"wp-block-list\">\n<li>Veenduge, et taotlete \u00f5iget dokumenti aegsasti enne reisikuup\u00e4eva.<\/li>\n\n\n\n<li>Viisa v\u00f5i eTA olemasolu ei taga Kanadasse sisenemist. Te peate veenduma piirivalveametnikule, et te vastate k\u00f5igile sisenemisn\u00f5uetele. <\/li>\n<\/ul>\n\n<p><\/p>\n","protected":false},"excerpt":{"rendered":"<p>Kuidas teada saada, kas vajate Kanadasse reisimiseks viisat? Kanada n\u00f5uab, et reisijatel oleks riiki sisenemiseks v\u00f5i selle l\u00e4bimiseks kas k\u00fclalisviisa [&hellip;]<\/p>\n","protected":false},"author":1,"featured_media":0,"parent":0,"menu_order":0,"comment_status":"closed","ping_status":"closed","template":"","meta":{"_uag_custom_page_level_css":"","site-sidebar-layout":"default","site-content-layout":"","ast-site-content-layout":"","site-content-style":"default","site-sidebar-style":"default","ast-global-header-display":"","ast-banner-title-visibility":"","ast-main-header-display":"","ast-hfb-above-header-display":"","ast-hfb-below-header-display":"","ast-hfb-mobile-header-display":"","site-post-title":"","ast-breadcrumbs-content":"","ast-featured-img":"","footer-sml-layout":"","theme-transparent-header-meta":"","adv-header-id-meta":"","stick-header-meta":"","header-above-stick-meta":"","header-main-stick-meta":"","header-below-stick-meta":"","astra-migrate-meta-layouts":"default","ast-page-background-enabled":"default","ast-page-background-meta":{"desktop":{"background-color":"var(--ast-global-color-4)","background-image":"","background-repeat":"repeat","background-position":"center center","background-size":"auto","background-attachment":"scroll","background-type":"","background-media":"","overlay-type":"","overlay-color":"","overlay-opacity":"","overlay-gradient":""},"tablet":{"background-color":"","background-image":"","background-repeat":"repeat","background-position":"center center","background-size":"auto","background-attachment":"scroll","background-type":"","background-media":"","overlay-type":"","overlay-color":"","overlay-opacity":"","overlay-gradient":""},"mobile":{"background-color":"","background-image":"","background-repeat":"repeat","background-position":"center center","background-size":"auto","background-attachment":"scroll","background-type":"","background-media":"","overlay-type":"","overlay-color":"","overlay-opacity":"","overlay-gradient":""}},"ast-content-background-meta":{"desktop":{"background-color":"var(--ast-global-color-5)","background-image":"","background-repeat":"repeat","background-position":"center center","background-size":"auto","background-attachment":"scroll","background-type":"","background-media":"","overlay-type":"","overlay-color":"","overlay-opacity":"","overlay-gradient":""},"tablet":{"background-color":"var(--ast-global-color-5)","background-image":"","background-repeat":"repeat","background-position":"center center","background-size":"auto","background-attachment":"scroll","background-type":"","background-media":"","overlay-type":"","overlay-color":"","overlay-opacity":"","overlay-gradient":""},"mobile":{"background-color":"var(--ast-global-color-5)","background-image":"","background-repeat":"repeat","background-position":"center center","background-size":"auto","background-attachment":"scroll","background-type":"","background-media":"","overlay-type":"","overlay-color":"","overlay-opacity":"","overlay-gradient":""}},"footnotes":""},"categories":[],"tags":[],"class_list":["post-1473","page","type-page","status-publish","hentry"],"uagb_featured_image_src":{"full":false,"thumbnail":false,"medium":false,"medium_large":false,"large":false,"1536x1536":false,"2048x2048":false},"uagb_author_info":{"display_name":"admin","author_link":"https:\/\/www.etafast.org\/et\/author\/admin\/"},"uagb_comment_info":0,"uagb_excerpt":"Kuidas teada saada, kas vajate Kanadasse reisimiseks viisat? Kanada n\u00f5uab, et reisijatel oleks riiki sisenemiseks v\u00f5i selle l\u00e4bimiseks kas k\u00fclalisviisa [&hellip;]","_links":{"self":[{"href":"https:\/\/www.etafast.org\/et\/wp-json\/wp\/v2\/pages\/1473","targetHints":{"allow":["GET"]}}],"collection":[{"href":"https:\/\/www.etafast.org\/et\/wp-json\/wp\/v2\/pages"}],"about":[{"href":"https:\/\/www.etafast.org\/et\/wp-json\/wp\/v2\/types\/page"}],"author":[{"embeddable":true,"href":"https:\/\/www.etafast.org\/et\/wp-json\/wp\/v2\/users\/1"}],"replies":[{"embeddable":true,"href":"https:\/\/www.etafast.org\/et\/wp-json\/wp\/v2\/comments?post=1473"}],"version-history":[{"count":1,"href":"https:\/\/www.etafast.org\/et\/wp-json\/wp\/v2\/pages\/1473\/revisions"}],"predecessor-version":[{"id":1474,"href":"https:\/\/www.etafast.org\/et\/wp-json\/wp\/v2\/pages\/1473\/revisions\/1474"}],"wp:attachment":[{"href":"https:\/\/www.etafast.org\/et\/wp-json\/wp\/v2\/media?parent=1473"}],"wp:term":[{"taxonomy":"category","embeddable":true,"href":"https:\/\/www.etafast.org\/et\/wp-json\/wp\/v2\/categories?post=1473"},{"taxonomy":"post_tag","embeddable":true,"href":"https:\/\/www.etafast.org\/et\/wp-json\/wp\/v2\/tags?post=1473"}],"curies":[{"name":"wp","href":"https:\/\/api.w.org\/{rel}","templated":true}]}}