{"id":1361,"date":"2024-12-11T08:26:43","date_gmt":"2024-12-11T07:26:43","guid":{"rendered":"https:\/\/www.etafast.org\/pikendage-oma-viibimist-kanadas\/"},"modified":"2024-12-11T09:13:43","modified_gmt":"2024-12-11T08:13:43","slug":"pikendage-oma-viibimist-kanadas","status":"publish","type":"page","link":"https:\/\/www.etafast.org\/et\/pikendage-oma-viibimist-kanadas\/","title":{"rendered":"Pikendage oma viibimist Kanadas"},"content":{"rendered":"\n<h3 class=\"wp-block-heading\">Pikendage oma viibimist Kanadas: K\u00fclastaja rekord<\/h3>\n\n<p>Kui soovite Kanadas viibida kauem kui algselt lubatud k\u00fclastajana, peate taotlema <strong>k\u00fclastajaregistrit<\/strong>. K\u00fclalise registreerimine on oluline dokument, mis v\u00f5imaldab teil oma riigis viibimist pikendada, rikkumata sisser\u00e4nde-eeskirju. <\/p>\n\n<hr class=\"wp-block-separator has-alpha-channel-opacity\"\/>\n\n<h3 class=\"wp-block-heading\"><strong>Mis on k\u00fclastajate kirje?<\/strong><\/h3>\n\n<p>K\u00fclastajarekord <strong>ei ole viisa<\/strong>. Selle asemel on see ametlik dokument, mis: <\/p>\n\n<ul class=\"wp-block-list\">\n<li>Lubab teil j\u00e4\u00e4da Kanadasse pikemaks ajaks <strong>k\u00fclalisena<\/strong>, t\u00f6\u00f6tajana, kellel on luba t\u00f6\u00f6tada ilma loata, v\u00f5i \u00fcli\u00f5pilasena, kellel on luba \u00f5ppida ilma loata.<\/li>\n\n\n\n<li>M\u00e4\u00e4ratleb uue kehtivusaja, mille jooksul peate Kanadast lahkuma.<\/li>\n<\/ul>\n\n<hr class=\"wp-block-separator has-alpha-channel-opacity\"\/>\n\n<h3 class=\"wp-block-heading\"><strong>Millal taotleda k\u00fclastajate registrit<\/strong><\/h3>\n\n<p>Te peate taotlema k\u00fclastajaregistrit <strong>enne oma praeguse staatuse l\u00f5ppemist<\/strong>.<\/p>\n\n<ul class=\"wp-block-list\">\n<li>Kontrollige oma passi templit v\u00f5i Kanadasse sisenemisel v\u00e4ljastatud kirjalikku kinnitust lubatud viibimise kestuse kohta.<\/li>\n\n\n\n<li>Kui konkreetset kuup\u00e4eva ei ole m\u00e4rgitud, siis teie staatus l\u00f5peb tavaliselt <strong>6 kuud p\u00e4rast teie saabumiskuup\u00e4eva<\/strong>.<\/li>\n<\/ul>\n\n<hr class=\"wp-block-separator has-alpha-channel-opacity\"\/>\n\n<h3 class=\"wp-block-heading\"><strong>Kes v\u00f5ib taotleda k\u00fclaliste registrit?<\/strong><\/h3>\n\n<p>Te v\u00f5ite taotleda k\u00fclastajate registreerimist, kui te:<\/p>\n\n<ul class=\"wp-block-list\">\n<li>Saabusite Kanadasse k\u00fclalisviisa, eTA v\u00f5i muu kehtiva reisidokumendiga ja soovite n\u00fc\u00fcd oma lubatud viibimist pikendada.<\/li>\n\n\n\n<li>viibite praegu Kanadas k\u00fclalisena, t\u00f6\u00f6tajana v\u00f5i \u00fcli\u00f5pilasena ilma loata ja soovite oma staatust pikendada.<\/li>\n<\/ul>\n\n<hr class=\"wp-block-separator has-alpha-channel-opacity\"\/>\n\n<h3 class=\"wp-block-heading\"><strong>Kuidas taotleda k\u00fclastajate registrit<\/strong><\/h3>\n\n<p>K\u00fclastajaregistri taotlemise protsess h\u00f5lmab j\u00e4rgmisi etappe:<\/p>\n\n<ol class=\"wp-block-list\">\n<li><strong>Valmistage oma dokumendid ette<\/strong>:\n<ul class=\"wp-block-list\">\n<li>Kehtiv pass v\u00f5i reisidokument (veenduge, et see kehtib kogu teie pikendatud viibimise ajal).<\/li>\n\n\n\n<li>T\u00f5endid piisavate rahaliste vahendite olemasolu kohta, et end pikendatud riigis viibimise ajal \u00fclal pidada.<\/li>\n\n\n\n<li>Selge selgitus selle kohta, miks te soovite oma riigis viibimist Kanadas pikendada.<\/li>\n<\/ul>\n<\/li>\n\n\n\n<li><strong>Esitage oma taotlus internetis<\/strong>:\n<ul class=\"wp-block-list\">\n<li>T\u00e4itke taotlusvorm <a>IRCC portaali<\/a> kaudu.<\/li>\n\n\n\n<li>Makske taotluse esitamise tasu, mis algab <strong> 100 dollarist<\/strong>.<\/li>\n<\/ul>\n<\/li>\n\n\n\n<li><strong>Kandideeri varakult<\/strong>:\n<ul class=\"wp-block-list\">\n<li>T\u00f6\u00f6tlemisaeg on ligikaudu <strong>126 p\u00e4eva<\/strong>, seega on oluline esitada taotlus aegsasti enne praeguse staatuse l\u00f5ppemist.<\/li>\n\n\n\n<li>Kui teie staatus l\u00f5peb taotluse menetlemise ajal, on teil <strong>kaudne staatus<\/strong> ja te v\u00f5ite seaduslikult Kanadas viibida kuni otsuse tegemiseni.<\/li>\n<\/ul>\n<\/li>\n<\/ol>\n\n<hr class=\"wp-block-separator has-alpha-channel-opacity\"\/>\n\n<h3 class=\"wp-block-heading\"><strong>P\u00e4rast taotluse esitamist<\/strong><\/h3>\n\n<ul class=\"wp-block-list\">\n<li><strong>Heakskiitmine<\/strong>: Kui teie taotlus kiidetakse heaks, saate k\u00fclastaja kirje, milles on m\u00e4rgitud teie uus kehtivusaeg.<\/li>\n\n\n\n<li><strong>Tagasil\u00fckkamine<\/strong>: Kui teie taotlus l\u00fckatakse tagasi, peate te viivitamatult Kanadast lahkuma.<\/li>\n\n\n\n<li><strong>Eeldatav staatus<\/strong>: Kui te esitasite taotluse enne oma staatuse l\u00f5ppemist, v\u00f5ite otsuse ootamise ajal seaduslikult Kanadas viibida.<\/li>\n<\/ul>\n\n<hr class=\"wp-block-separator has-alpha-channel-opacity\"\/>\n\n<h3 class=\"wp-block-heading\"><strong>V\u00e4ljaspool Kanadat reisimine<\/strong><\/h3>\n\n<p>K\u00fclastajaregister <strong>ei taga Kanadasse tagasip\u00f6\u00f6rdumist<\/strong>. Kui te lahkute Kanadast oma pikendatud viibimise ajal ja kavatsete tagasi tulla, vajate: <\/p>\n\n<ul class=\"wp-block-list\">\n<li>kehtiv <strong>k\u00fclalisviisa<\/strong> v\u00f5i <strong>eTA<\/strong> Kanadasse tagasip\u00f6\u00f6rdumiseks ja<\/li>\n\n\n\n<li>Teie k\u00fclastajate nimekiri, mis t\u00f5endab teie lubatud viibimise pikendamist.<\/li>\n<\/ul>\n\n<hr class=\"wp-block-separator has-alpha-channel-opacity\"\/>\n\n<h3 class=\"wp-block-heading\"><strong>Peamised tasud ja t\u00f6\u00f6tlemisaeg<\/strong><\/h3>\n\n<ul class=\"wp-block-list\">\n<li><strong>Tasud<\/strong>: Alates <strong> 100 dollarist<\/strong> k\u00fclastajate registreerimise taotluse eest.<\/li>\n\n\n\n<li><strong>T\u00f6\u00f6tlemisaeg<\/strong>: umbes <strong>126 p\u00e4eva<\/strong> (v\u00f5ib muutuda).<\/li>\n<\/ul>\n\n<hr class=\"wp-block-separator has-alpha-channel-opacity\"\/>\n\n<h3 class=\"wp-block-heading\"><strong>Olulised m\u00e4rkused<\/strong><\/h3>\n\n<ul class=\"wp-block-list\">\n<li>Veenduge, et teie pass kehtib kogu teie riigis viibimise ajal.<\/li>\n\n\n\n<li>K\u00fclalisteregister ei v\u00f5imalda teil Kanadas t\u00f6\u00f6tada ega \u00f5ppida. Nende tegevuste jaoks on teil vaja t\u00f6\u00f6- v\u00f5i \u00f5ppimisluba. <\/li>\n\n\n\n<li>Lubatud viibimise \u00fcletamine ilma pikendamist taotlemata v\u00f5ib kaasa tuua \u00f5iguslikke karistusi ja m\u00f5jutada edasist reisimist Kanadasse.<\/li>\n<\/ul>\n\n<p>Kanadas viibimise pikendamise kavandamine n\u00f5uab ettevalmistust ja \u00f5igeaegset taotluse esitamist. Kui te j\u00e4rgite protsessi, saate nautida pikemat viibimist, j\u00e4rgides samal ajal Kanada sisser\u00e4ndeseadusi. <\/p>\n","protected":false},"excerpt":{"rendered":"<p>Pikendage oma viibimist Kanadas: K\u00fclastaja rekord Kui soovite Kanadas viibida kauem kui algselt lubatud k\u00fclastajana, peate taotlema k\u00fclastajaregistrit. K\u00fclalise registreerimine [&hellip;]<\/p>\n","protected":false},"author":1,"featured_media":0,"parent":0,"menu_order":0,"comment_status":"closed","ping_status":"closed","template":"","meta":{"_uag_custom_page_level_css":"","site-sidebar-layout":"default","site-content-layout":"","ast-site-content-layout":"","site-content-style":"default","site-sidebar-style":"default","ast-global-header-display":"","ast-banner-title-visibility":"","ast-main-header-display":"","ast-hfb-above-header-display":"","ast-hfb-below-header-display":"","ast-hfb-mobile-header-display":"","site-post-title":"","ast-breadcrumbs-content":"","ast-featured-img":"","footer-sml-layout":"","theme-transparent-header-meta":"","adv-header-id-meta":"","stick-header-meta":"","header-above-stick-meta":"","header-main-stick-meta":"","header-below-stick-meta":"","astra-migrate-meta-layouts":"default","ast-page-background-enabled":"default","ast-page-background-meta":{"desktop":{"background-color":"var(--ast-global-color-4)","background-image":"","background-repeat":"repeat","background-position":"center center","background-size":"auto","background-attachment":"scroll","background-type":"","background-media":"","overlay-type":"","overlay-color":"","overlay-opacity":"","overlay-gradient":""},"tablet":{"background-color":"","background-image":"","background-repeat":"repeat","background-position":"center center","background-size":"auto","background-attachment":"scroll","background-type":"","background-media":"","overlay-type":"","overlay-color":"","overlay-opacity":"","overlay-gradient":""},"mobile":{"background-color":"","background-image":"","background-repeat":"repeat","background-position":"center center","background-size":"auto","background-attachment":"scroll","background-type":"","background-media":"","overlay-type":"","overlay-color":"","overlay-opacity":"","overlay-gradient":""}},"ast-content-background-meta":{"desktop":{"background-color":"var(--ast-global-color-5)","background-image":"","background-repeat":"repeat","background-position":"center center","background-size":"auto","background-attachment":"scroll","background-type":"","background-media":"","overlay-type":"","overlay-color":"","overlay-opacity":"","overlay-gradient":""},"tablet":{"background-color":"var(--ast-global-color-5)","background-image":"","background-repeat":"repeat","background-position":"center center","background-size":"auto","background-attachment":"scroll","background-type":"","background-media":"","overlay-type":"","overlay-color":"","overlay-opacity":"","overlay-gradient":""},"mobile":{"background-color":"var(--ast-global-color-5)","background-image":"","background-repeat":"repeat","background-position":"center center","background-size":"auto","background-attachment":"scroll","background-type":"","background-media":"","overlay-type":"","overlay-color":"","overlay-opacity":"","overlay-gradient":""}},"footnotes":""},"categories":[],"tags":[],"class_list":["post-1361","page","type-page","status-publish","hentry"],"uagb_featured_image_src":{"full":false,"thumbnail":false,"medium":false,"medium_large":false,"large":false,"1536x1536":false,"2048x2048":false},"uagb_author_info":{"display_name":"admin","author_link":"https:\/\/www.etafast.org\/et\/author\/admin\/"},"uagb_comment_info":0,"uagb_excerpt":"Pikendage oma viibimist Kanadas: K\u00fclastaja rekord Kui soovite Kanadas viibida kauem kui algselt lubatud k\u00fclastajana, peate taotlema k\u00fclastajaregistrit. K\u00fclalise registreerimine [&hellip;]","_links":{"self":[{"href":"https:\/\/www.etafast.org\/et\/wp-json\/wp\/v2\/pages\/1361","targetHints":{"allow":["GET"]}}],"collection":[{"href":"https:\/\/www.etafast.org\/et\/wp-json\/wp\/v2\/pages"}],"about":[{"href":"https:\/\/www.etafast.org\/et\/wp-json\/wp\/v2\/types\/page"}],"author":[{"embeddable":true,"href":"https:\/\/www.etafast.org\/et\/wp-json\/wp\/v2\/users\/1"}],"replies":[{"embeddable":true,"href":"https:\/\/www.etafast.org\/et\/wp-json\/wp\/v2\/comments?post=1361"}],"version-history":[{"count":1,"href":"https:\/\/www.etafast.org\/et\/wp-json\/wp\/v2\/pages\/1361\/revisions"}],"predecessor-version":[{"id":1362,"href":"https:\/\/www.etafast.org\/et\/wp-json\/wp\/v2\/pages\/1361\/revisions\/1362"}],"wp:attachment":[{"href":"https:\/\/www.etafast.org\/et\/wp-json\/wp\/v2\/media?parent=1361"}],"wp:term":[{"taxonomy":"category","embeddable":true,"href":"https:\/\/www.etafast.org\/et\/wp-json\/wp\/v2\/categories?post=1361"},{"taxonomy":"post_tag","embeddable":true,"href":"https:\/\/www.etafast.org\/et\/wp-json\/wp\/v2\/tags?post=1361"}],"curies":[{"name":"wp","href":"https:\/\/api.w.org\/{rel}","templated":true}]}}