{"id":1279,"date":"2024-12-11T08:28:06","date_gmt":"2024-12-11T07:28:06","guid":{"rendered":"https:\/\/www.etafast.org\/superviisa-vanematele-ja-vanavanematele\/"},"modified":"2024-12-11T09:11:55","modified_gmt":"2024-12-11T08:11:55","slug":"superviisa-vanematele-ja-vanavanematele","status":"publish","type":"page","link":"https:\/\/www.etafast.org\/et\/superviisa-vanematele-ja-vanavanematele\/","title":{"rendered":"Superviisa vanematele ja vanavanematele"},"content":{"rendered":"\n<h3 class=\"wp-block-heading\">Superviisa vanematele ja vanavanematele<\/h3>\n\n<p><strong>Superviisa<\/strong> on eriviisa, mis on m\u00f5eldud Kanada kodanike ja alaliste elanike vanematele ja vanavanematele. See v\u00f5imaldab pikemaid k\u00fclastusi Kanadas, pakkudes ainulaadset v\u00f5imalust veeta aega koos perega, nautides samal ajal mitmekordse sisenemise eeliseid pika aja jooksul. <\/p>\n\n<hr class=\"wp-block-separator has-alpha-channel-opacity\"\/>\n\n<h3 class=\"wp-block-heading\"><strong>Mis on superviisa?<\/strong><\/h3>\n\n<p><strong>Superviisa<\/strong> on:<\/p>\n\n<ul class=\"wp-block-list\">\n<li><strong>Pikaajaline viisa<\/strong>, mis v\u00f5imaldab \u00f5igustatud vanematel ja vanavanematel k\u00fclastada Kanadat <strong>kuni 5 aastat \u00fche k\u00fclastuse kohta<\/strong>, ilma et nende staatust oleks vaja uuendada.<\/li>\n\n\n\n<li><strong>Mitmekordne viisa<\/strong>, mis kehtib <strong>kuni 10 aastat<\/strong>, v\u00f5imaldades sagedasi k\u00fclastusi Kanadasse viisa kehtivusaja jooksul.<\/li>\n<\/ul>\n\n<p>See viisa sobib ideaalselt isikutele, kes kavatsevad k\u00fclastada oma lapsi v\u00f5i lapselapsi pikemaks ajaks.<\/p>\n\n<hr class=\"wp-block-separator has-alpha-channel-opacity\"\/>\n\n<h3 class=\"wp-block-heading\"><strong>Superviisa abik\u00f5lblikkuse n\u00f5uded<\/strong><\/h3>\n\n<p>Superviisa saamiseks peavad taotlejad vastama konkreetsetele kriteeriumidele:<\/p>\n\n<ol class=\"wp-block-list\">\n<li><strong>Suhted<\/strong>:\n<ul class=\"wp-block-list\">\n<li>olema Kanada kodaniku v\u00f5i alalise elaniku <strong>vanem v\u00f5i vanavanem<\/strong>.<\/li>\n<\/ul>\n<\/li>\n\n\n\n<li><strong>Kutsekiri<\/strong>:\n<ul class=\"wp-block-list\">\n<li>Esitage oma lapse v\u00f5i lapselapse kutsetunnistus Kanadast.<\/li>\n\n\n\n<li>Kiri peab sisaldama j\u00e4rgmist:\n<ul class=\"wp-block-list\">\n<li>lubadus rahalise toetuse kohta teie k\u00fclastuse ajaks.<\/li>\n\n\n\n<li>Teie suhte \u00fcksikasjad.<\/li>\n\n\n\n<li>Kanadas asuva peremehe leibkonnaliikmete nimekiri.<\/li>\n<\/ul>\n<\/li>\n<\/ul>\n<\/li>\n\n\n\n<li><strong>Sissetuleku n\u00f5uded<\/strong>:\n<ul class=\"wp-block-list\">\n<li>Laps v\u00f5i lapselaps peab vastama <strong>miinimumsissetulekule<\/strong>, mis p\u00f5hineb pereliikmete arvul.<\/li>\n<\/ul>\n<\/li>\n\n\n\n<li><strong>Ravikindlustus<\/strong>:\n<ul class=\"wp-block-list\">\n<li>Osta era\u00f5iguslik <strong>ravikindlustus<\/strong> Kanada kindlustusseltsilt, mis:\n<ul class=\"wp-block-list\">\n<li>Katab teid v\u00e4hemalt <strong> 100 000 CAD dollariga<\/strong>.<\/li>\n\n\n\n<li>Kehtib <strong>v\u00e4hemalt \u00fcks aasta<\/strong> alates sisenemise kuup\u00e4evast.<\/li>\n\n\n\n<li>Sisaldab t\u00f5endit t\u00e4ieliku makse kohta (mitte hinnapakkumisi).<\/li>\n<\/ul>\n<\/li>\n<\/ul>\n<\/li>\n\n\n\n<li><strong>Meditsiiniline l\u00e4bivaatus<\/strong>:\n<ul class=\"wp-block-list\">\n<li>T\u00e4itke sisser\u00e4nde meditsiiniline l\u00e4bivaatus, et t\u00f5endada vastuv\u00f5etavust.<\/li>\n<\/ul>\n<\/li>\n\n\n\n<li><strong>T\u00e4iendavad n\u00f5uded<\/strong>:\n<ul class=\"wp-block-list\">\n<li>T\u00f5endage tugevaid sidemeid oma koduriigiga, n\u00e4iteks perekonna, rahaliste vahendite v\u00f5i t\u00f6\u00f6koha olemasolu, et tagada, et te lahkute Kanadast p\u00e4rast oma visiiti.<\/li>\n\n\n\n<li>N\u00e4idake, et teil on piisavalt vahendeid oma visiidi jaoks.<\/li>\n<\/ul>\n<\/li>\n<\/ol>\n\n<hr class=\"wp-block-separator has-alpha-channel-opacity\"\/>\n\n<h3 class=\"wp-block-heading\"><strong>Kui kaua v\u00f5ite Kanadas viibida?<\/strong><\/h3>\n\n<p>Teie riigis viibimise kestus s\u00f5ltub sellest, millal te taotlesite superviisat:<\/p>\n\n<ul class=\"wp-block-list\">\n<li><strong>Taotlused 22. juunil 2023 v\u00f5i hiljem<\/strong>:\n<ul class=\"wp-block-list\">\n<li>Superviisa omanikud v\u00f5ivad viibida <strong>kuni 5 aastat \u00fche k\u00fclastuse<\/strong> kohta.<\/li>\n<\/ul>\n<\/li>\n\n\n\n<li><strong>Taotlused enne 22. juunit 2023<\/strong>:\n<ul class=\"wp-block-list\">\n<li><strong>\u00dche k\u00fclastuse kohta<\/strong> v\u00f5ib j\u00e4\u00e4da <strong>kuni 2<\/strong> aastaks.<\/li>\n<\/ul>\n<\/li>\n<\/ul>\n\n<p>S\u00f5ltumata teie taotluse esitamise kuup\u00e4evast:<\/p>\n\n<ul class=\"wp-block-list\">\n<li>Veenduge, <strong>et<\/strong> teie <strong>pass kehtib<\/strong> teie riigis viibimise ajal.<\/li>\n\n\n\n<li>S\u00e4ilitage v\u00f5i uuendage oma <strong>tervisekindlustust<\/strong> Kanadas viibimise ajal v\u00f5i uuesti sisenemisel.<\/li>\n<\/ul>\n\n<hr class=\"wp-block-separator has-alpha-channel-opacity\"\/>\n\n<h3 class=\"wp-block-heading\"><strong>Superviisa eelised<\/strong><\/h3>\n\n<ol class=\"wp-block-list\">\n<li><strong>Laiendatud k\u00fclastused<\/strong>:\n<ul class=\"wp-block-list\">\n<li>Nautige pikaajalist viibimist ilma sagedaste pikenduste taotlemiseta.<\/li>\n<\/ul>\n<\/li>\n\n\n\n<li><strong>Mitu sissekannet<\/strong>:\n<ul class=\"wp-block-list\">\n<li>Reisida Kanadasse mitu korda 10 aasta jooksul.<\/li>\n<\/ul>\n<\/li>\n\n\n\n<li><strong>Meeleolu<\/strong>:\n<ul class=\"wp-block-list\">\n<li>Ravikindlustuse n\u00f5ue tagab ravikindlustuse olemasolu teie riigis viibimise ajal.<\/li>\n<\/ul>\n<\/li>\n\n\n\n<li><strong>Perekonna taas\u00fchinemine<\/strong>:\n<ul class=\"wp-block-list\">\n<li>Edendada tihedamaid sidemeid oma laste ja lastelastega.<\/li>\n<\/ul>\n<\/li>\n<\/ol>\n","protected":false},"excerpt":{"rendered":"<p>Superviisa vanematele ja vanavanematele Superviisa on eriviisa, mis on m\u00f5eldud Kanada kodanike ja alaliste elanike vanematele ja vanavanematele. See v\u00f5imaldab [&hellip;]<\/p>\n","protected":false},"author":1,"featured_media":0,"parent":0,"menu_order":0,"comment_status":"closed","ping_status":"closed","template":"","meta":{"_uag_custom_page_level_css":"","site-sidebar-layout":"default","site-content-layout":"","ast-site-content-layout":"","site-content-style":"default","site-sidebar-style":"default","ast-global-header-display":"","ast-banner-title-visibility":"","ast-main-header-display":"","ast-hfb-above-header-display":"","ast-hfb-below-header-display":"","ast-hfb-mobile-header-display":"","site-post-title":"","ast-breadcrumbs-content":"","ast-featured-img":"","footer-sml-layout":"","theme-transparent-header-meta":"","adv-header-id-meta":"","stick-header-meta":"","header-above-stick-meta":"","header-main-stick-meta":"","header-below-stick-meta":"","astra-migrate-meta-layouts":"default","ast-page-background-enabled":"default","ast-page-background-meta":{"desktop":{"background-color":"var(--ast-global-color-4)","background-image":"","background-repeat":"repeat","background-position":"center center","background-size":"auto","background-attachment":"scroll","background-type":"","background-media":"","overlay-type":"","overlay-color":"","overlay-opacity":"","overlay-gradient":""},"tablet":{"background-color":"","background-image":"","background-repeat":"repeat","background-position":"center center","background-size":"auto","background-attachment":"scroll","background-type":"","background-media":"","overlay-type":"","overlay-color":"","overlay-opacity":"","overlay-gradient":""},"mobile":{"background-color":"","background-image":"","background-repeat":"repeat","background-position":"center center","background-size":"auto","background-attachment":"scroll","background-type":"","background-media":"","overlay-type":"","overlay-color":"","overlay-opacity":"","overlay-gradient":""}},"ast-content-background-meta":{"desktop":{"background-color":"var(--ast-global-color-5)","background-image":"","background-repeat":"repeat","background-position":"center center","background-size":"auto","background-attachment":"scroll","background-type":"","background-media":"","overlay-type":"","overlay-color":"","overlay-opacity":"","overlay-gradient":""},"tablet":{"background-color":"var(--ast-global-color-5)","background-image":"","background-repeat":"repeat","background-position":"center center","background-size":"auto","background-attachment":"scroll","background-type":"","background-media":"","overlay-type":"","overlay-color":"","overlay-opacity":"","overlay-gradient":""},"mobile":{"background-color":"var(--ast-global-color-5)","background-image":"","background-repeat":"repeat","background-position":"center center","background-size":"auto","background-attachment":"scroll","background-type":"","background-media":"","overlay-type":"","overlay-color":"","overlay-opacity":"","overlay-gradient":""}},"footnotes":""},"categories":[],"tags":[],"class_list":["post-1279","page","type-page","status-publish","hentry"],"uagb_featured_image_src":{"full":false,"thumbnail":false,"medium":false,"medium_large":false,"large":false,"1536x1536":false,"2048x2048":false},"uagb_author_info":{"display_name":"admin","author_link":"https:\/\/www.etafast.org\/et\/author\/admin\/"},"uagb_comment_info":0,"uagb_excerpt":"Superviisa vanematele ja vanavanematele Superviisa on eriviisa, mis on m\u00f5eldud Kanada kodanike ja alaliste elanike vanematele ja vanavanematele. See v\u00f5imaldab [&hellip;]","_links":{"self":[{"href":"https:\/\/www.etafast.org\/et\/wp-json\/wp\/v2\/pages\/1279","targetHints":{"allow":["GET"]}}],"collection":[{"href":"https:\/\/www.etafast.org\/et\/wp-json\/wp\/v2\/pages"}],"about":[{"href":"https:\/\/www.etafast.org\/et\/wp-json\/wp\/v2\/types\/page"}],"author":[{"embeddable":true,"href":"https:\/\/www.etafast.org\/et\/wp-json\/wp\/v2\/users\/1"}],"replies":[{"embeddable":true,"href":"https:\/\/www.etafast.org\/et\/wp-json\/wp\/v2\/comments?post=1279"}],"version-history":[{"count":1,"href":"https:\/\/www.etafast.org\/et\/wp-json\/wp\/v2\/pages\/1279\/revisions"}],"predecessor-version":[{"id":1280,"href":"https:\/\/www.etafast.org\/et\/wp-json\/wp\/v2\/pages\/1279\/revisions\/1280"}],"wp:attachment":[{"href":"https:\/\/www.etafast.org\/et\/wp-json\/wp\/v2\/media?parent=1279"}],"wp:term":[{"taxonomy":"category","embeddable":true,"href":"https:\/\/www.etafast.org\/et\/wp-json\/wp\/v2\/categories?post=1279"},{"taxonomy":"post_tag","embeddable":true,"href":"https:\/\/www.etafast.org\/et\/wp-json\/wp\/v2\/tags?post=1279"}],"curies":[{"name":"wp","href":"https:\/\/api.w.org\/{rel}","templated":true}]}}