{"id":1197,"date":"2024-12-11T08:29:22","date_gmt":"2024-12-11T07:29:22","guid":{"rendered":"https:\/\/www.etafast.org\/arikulastajad\/"},"modified":"2024-12-11T09:10:56","modified_gmt":"2024-12-11T08:10:56","slug":"arikulastajad","status":"publish","type":"page","link":"https:\/\/www.etafast.org\/et\/arikulastajad\/","title":{"rendered":"\u00c4rik\u00fclastajad"},"content":{"rendered":"\n<h3 class=\"wp-block-heading\">\u00c4rik\u00fclastajad: Koosolekute, \u00fcrituste ja konverentside k\u00fclastamine Kanadas.<\/h3>\n\n<p>\u00c4rik\u00fclastajatel on oluline roll rahvusvahelise kaubanduse ja koost\u00f6\u00f6 edendamisel. Kui te plaanite osaleda \u00e4rik\u00fclastajana kohtumistel, \u00fcritustel v\u00f5i konverentsidel Kanadas, on siin samm-sammuline juhend, mis tagab sujuva sisenemisprotsessi. <\/p>\n\n<hr class=\"wp-block-separator has-alpha-channel-opacity\"\/>\n\n<h3 class=\"wp-block-heading\"><strong>1. samm: Kas olete \u00e4rik\u00fclaline v\u00f5i vajate t\u00f6\u00f6luba?<\/strong><\/h3>\n\n<p>Selleks, et kvalifitseeruda Kanadasse <strong>\u00e4rik\u00fclastajaks<\/strong>, peate te:<\/p>\n\n<ul class=\"wp-block-list\">\n<li><strong>Kestus<\/strong>: Plaan on j\u00e4\u00e4da <strong>v\u00e4hem kui 6 kuuks<\/strong>.<\/li>\n\n\n\n<li><strong>Eesm\u00e4rk<\/strong>: mitte siseneda Kanada t\u00f6\u00f6turule.<\/li>\n\n\n\n<li><strong>\u00c4ri\u00fchingu allikas<\/strong>: Veenduge, et teie peamine tegevuskoht, sissetulek ja kasum j\u00e4\u00e4vad <strong>v\u00e4ljapoole Kanadat<\/strong>.<\/li>\n\n\n\n<li><strong>Dokumendid<\/strong>: Olemas on vajalikud dokumendid, mis toetavad teie taotlust.<\/li>\n<\/ul>\n\n<p><strong>P\u00f5hilised sisenemisn\u00f5uded<\/strong>:<\/p>\n\n<ul class=\"wp-block-list\">\n<li>kehtiv reisidokument (n\u00e4iteks pass).<\/li>\n\n\n\n<li>Piisavad rahalised vahendid teie riigis viibimiseks ja tagasip\u00f6\u00f6rdumiseks.<\/li>\n\n\n\n<li>T\u00f5end selle kohta, et te lahkute Kanadast oma visiidi l\u00f5pus.<\/li>\n\n\n\n<li>Ei mingeid kriminaal-, julgeoleku- ega terviseriske kanadalastele.<\/li>\n<\/ul>\n\n<p><strong>\u00c4rik\u00fclastajana lubatud tegevused<\/strong>:<\/p>\n\n<ul class=\"wp-block-list\">\n<li>Kanada kaupade v\u00f5i teenuste ostmine v\u00e4lisriigi ettev\u00f5ttele v\u00f5i valitsusele.<\/li>\n\n\n\n<li>Kaupade v\u00f5i teenuste tellimuste vastuv\u00f5tmine.<\/li>\n\n\n\n<li>Koosolekutel, konverentsidel, konverentsidel v\u00f5i messidel osalemine.<\/li>\n\n\n\n<li>M\u00fc\u00fcgij\u00e4rgse teeninduse osutamine garantii- v\u00f5i m\u00fc\u00fcgilepingu alusel.<\/li>\n\n\n\n<li>Teie \u00e4ritegevusega seotud koolituse saamine v\u00f5i l\u00e4biviimine.<\/li>\n<\/ul>\n\n<p><strong>M\u00e4rkus<\/strong>: Kui teie visiit h\u00f5lmab viibimist kauem kui 6 kuud v\u00f5i osalemist Kanada t\u00f6\u00f6turul, v\u00f5ite vajada <strong>t\u00f6\u00f6luba<\/strong>.<\/p>\n\n<hr class=\"wp-block-separator has-alpha-channel-opacity\"\/>\n\n<h3 class=\"wp-block-heading\"><strong>2. samm: Kas vajate viisat v\u00f5i eTA-d?<\/strong><\/h3>\n\n<p>See, kas vajate <strong>viisat<\/strong> v\u00f5i <strong>elektroonilist reisiluba (eTA<\/strong> ), s\u00f5ltub teie kodakondsusest ja reisitingimustest.<\/p>\n\n<ul class=\"wp-block-list\">\n<li>Kasutage oma abik\u00f5lblikkuse m\u00e4\u00e4ramiseks <a>Kanada valitsuse vahendit<\/a>.<\/li>\n<\/ul>\n\n<hr class=\"wp-block-separator has-alpha-channel-opacity\"\/>\n\n<h3 class=\"wp-block-heading\"><strong>3. samm: S\u00fcndmuse koodi hankimine (kui see on kohaldatav)<\/strong><\/h3>\n\n<p>\u00dcrituste, kohtumiste v\u00f5i konverentside puhul, mis on registreeritud <strong>immigratsiooni, pagulaste ja kodakondsuse Kanada (IRCC<\/strong>) juures:<\/p>\n\n<ul class=\"wp-block-list\">\n<li>Teie \u00fcrituse korraldaja annab teile <strong>\u00fcrituse koodi<\/strong> ja juhised viisataotluse esitamiseks.<\/li>\n\n\n\n<li>\u00dcrituse koodi sisestamine taotluses aitab teid osalejana tuvastada.<\/li>\n<\/ul>\n\n<hr class=\"wp-block-separator has-alpha-channel-opacity\"\/>\n\n<h3 class=\"wp-block-heading\"><strong>4. samm: Viisa v\u00f5i eTA taotlemine (kui vaja)<\/strong><\/h3>\n\n<ul class=\"wp-block-list\">\n<li><strong>Viisa<\/strong>: Esitage viisataotlus <a>IRCC<\/a> ametliku <a>veebisaidi<\/a> kaudu.<\/li>\n\n\n\n<li><strong>eTA<\/strong>: Taotle eTA-d internetis.<\/li>\n<\/ul>\n\n<hr class=\"wp-block-separator has-alpha-channel-opacity\"\/>\n\n<h3 class=\"wp-block-heading\"><strong>5. samm: valmistage ette dokumendid reisiks<\/strong><\/h3>\n\n<p>Kanada piirile saabudes veenduge, et teil on kaasas j\u00e4rgmised dokumendid (\u00e4rge pakkige neid oma kohvrisse):<\/p>\n\n<ul class=\"wp-block-list\">\n<li>kehtiv pass v\u00f5i reisidokument kogu teie riigis viibimise ajaks.<\/li>\n\n\n\n<li>Kehtiv viisa (kui see on kohaldatav).<\/li>\n\n\n\n<li>Kui vajate eTA-d, reisige eTA taotluses kasutatud passiga.<\/li>\n\n\n\n<li>Ameerika \u00dchendriikide seaduslikud alalised elanikud peavad kaasa v\u00f5tma <strong>kehtiva rohelise kaardi<\/strong> (v\u00f5i samav\u00e4\u00e4rse staatust t\u00f5endava dokumendi) ja oma passi.<\/li>\n\n\n\n<li>Teie emaettev\u00f5tte toetuskirjad ja Kanada vastuv\u00f5tva ettev\u00f5tte kutsekiri.<\/li>\n\n\n\n<li>T\u00e4iendavad dokumendid, n\u00e4iteks lepingud, garantiilepingud v\u00f5i teenindusdokumendid (kui see on asjakohane).<\/li>\n\n\n\n<li>Kontaktandmed teie ettev\u00f5tte v\u00f5\u00f5rustaja kohta Kanadas.<\/li>\n\n\n\n<li>T\u00f5end piisavate rahaliste vahendite olemasolu teie viibimise ja tagasip\u00f6\u00f6rdumise kohta.<\/li>\n<\/ul>\n\n<hr class=\"wp-block-separator has-alpha-channel-opacity\"\/>\n\n<h3 class=\"wp-block-heading\"><strong>Teiega reisivad alaealised<\/strong><\/h3>\n\n<p>Kui reisite alla 18-aastaste lastega, tutvuge Kanada alaealisi k\u00e4sitlevate eeskirjadega.<\/p>\n\n<ul class=\"wp-block-list\">\n<li>Vaadake alaealistele esitatavaid sisenemisn\u00f5udeid, et tagada vastavus Kanada lapsi kaitsvate seaduste n\u00f5uetele.<\/li>\n<\/ul>\n\n<hr class=\"wp-block-separator has-alpha-channel-opacity\"\/>\n\n<h3 class=\"wp-block-heading\"><strong>Peamised m\u00e4rkused \u00e4rik\u00fclastajatele<\/strong><\/h3>\n\n<ul class=\"wp-block-list\">\n<li><strong>Kanada-USA-Mehhiko lepinguga (CUSMA<\/strong> ) n\u00e4hakse ette lisas\u00e4tted USA ja Mehhiko kodanikele, kes osalevad sellistes tegevustes nagu teadusuuringud, turustamine ja \u00fcldised teenused.<\/li>\n\n\n\n<li>Uurige alati oma koosoleku v\u00f5i \u00fcrituse korraldajalt erin\u00f5udeid v\u00f5i juhiseid.<\/li>\n\n\n\n<li>\u00c4rik\u00fclastajad piirduvad tegevusega, mis ei h\u00f5lma otsest t\u00f6\u00f6h\u00f5ivet Kanadas.<\/li>\n<\/ul>\n\n<p>J\u00e4rgides neid samme ja tagades, et teil on olemas \u00f5iged dokumendid, saab teie \u00e4rivisiit Kanadasse toimuda t\u00f5husalt ja edukalt.<\/p>\n","protected":false},"excerpt":{"rendered":"<p>\u00c4rik\u00fclastajad: Koosolekute, \u00fcrituste ja konverentside k\u00fclastamine Kanadas. \u00c4rik\u00fclastajatel on oluline roll rahvusvahelise kaubanduse ja koost\u00f6\u00f6 edendamisel. Kui te plaanite osaleda [&hellip;]<\/p>\n","protected":false},"author":1,"featured_media":0,"parent":0,"menu_order":0,"comment_status":"closed","ping_status":"closed","template":"","meta":{"_uag_custom_page_level_css":"","site-sidebar-layout":"default","site-content-layout":"","ast-site-content-layout":"","site-content-style":"default","site-sidebar-style":"default","ast-global-header-display":"","ast-banner-title-visibility":"","ast-main-header-display":"","ast-hfb-above-header-display":"","ast-hfb-below-header-display":"","ast-hfb-mobile-header-display":"","site-post-title":"","ast-breadcrumbs-content":"","ast-featured-img":"","footer-sml-layout":"","theme-transparent-header-meta":"","adv-header-id-meta":"","stick-header-meta":"","header-above-stick-meta":"","header-main-stick-meta":"","header-below-stick-meta":"","astra-migrate-meta-layouts":"default","ast-page-background-enabled":"default","ast-page-background-meta":{"desktop":{"background-color":"var(--ast-global-color-4)","background-image":"","background-repeat":"repeat","background-position":"center center","background-size":"auto","background-attachment":"scroll","background-type":"","background-media":"","overlay-type":"","overlay-color":"","overlay-opacity":"","overlay-gradient":""},"tablet":{"background-color":"","background-image":"","background-repeat":"repeat","background-position":"center center","background-size":"auto","background-attachment":"scroll","background-type":"","background-media":"","overlay-type":"","overlay-color":"","overlay-opacity":"","overlay-gradient":""},"mobile":{"background-color":"","background-image":"","background-repeat":"repeat","background-position":"center center","background-size":"auto","background-attachment":"scroll","background-type":"","background-media":"","overlay-type":"","overlay-color":"","overlay-opacity":"","overlay-gradient":""}},"ast-content-background-meta":{"desktop":{"background-color":"var(--ast-global-color-5)","background-image":"","background-repeat":"repeat","background-position":"center center","background-size":"auto","background-attachment":"scroll","background-type":"","background-media":"","overlay-type":"","overlay-color":"","overlay-opacity":"","overlay-gradient":""},"tablet":{"background-color":"var(--ast-global-color-5)","background-image":"","background-repeat":"repeat","background-position":"center center","background-size":"auto","background-attachment":"scroll","background-type":"","background-media":"","overlay-type":"","overlay-color":"","overlay-opacity":"","overlay-gradient":""},"mobile":{"background-color":"var(--ast-global-color-5)","background-image":"","background-repeat":"repeat","background-position":"center center","background-size":"auto","background-attachment":"scroll","background-type":"","background-media":"","overlay-type":"","overlay-color":"","overlay-opacity":"","overlay-gradient":""}},"footnotes":""},"categories":[],"tags":[],"class_list":["post-1197","page","type-page","status-publish","hentry"],"uagb_featured_image_src":{"full":false,"thumbnail":false,"medium":false,"medium_large":false,"large":false,"1536x1536":false,"2048x2048":false},"uagb_author_info":{"display_name":"admin","author_link":"https:\/\/www.etafast.org\/et\/author\/admin\/"},"uagb_comment_info":0,"uagb_excerpt":"\u00c4rik\u00fclastajad: Koosolekute, \u00fcrituste ja konverentside k\u00fclastamine Kanadas. \u00c4rik\u00fclastajatel on oluline roll rahvusvahelise kaubanduse ja koost\u00f6\u00f6 edendamisel. Kui te plaanite osaleda [&hellip;]","_links":{"self":[{"href":"https:\/\/www.etafast.org\/et\/wp-json\/wp\/v2\/pages\/1197","targetHints":{"allow":["GET"]}}],"collection":[{"href":"https:\/\/www.etafast.org\/et\/wp-json\/wp\/v2\/pages"}],"about":[{"href":"https:\/\/www.etafast.org\/et\/wp-json\/wp\/v2\/types\/page"}],"author":[{"embeddable":true,"href":"https:\/\/www.etafast.org\/et\/wp-json\/wp\/v2\/users\/1"}],"replies":[{"embeddable":true,"href":"https:\/\/www.etafast.org\/et\/wp-json\/wp\/v2\/comments?post=1197"}],"version-history":[{"count":1,"href":"https:\/\/www.etafast.org\/et\/wp-json\/wp\/v2\/pages\/1197\/revisions"}],"predecessor-version":[{"id":1198,"href":"https:\/\/www.etafast.org\/et\/wp-json\/wp\/v2\/pages\/1197\/revisions\/1198"}],"wp:attachment":[{"href":"https:\/\/www.etafast.org\/et\/wp-json\/wp\/v2\/media?parent=1197"}],"wp:term":[{"taxonomy":"category","embeddable":true,"href":"https:\/\/www.etafast.org\/et\/wp-json\/wp\/v2\/categories?post=1197"},{"taxonomy":"post_tag","embeddable":true,"href":"https:\/\/www.etafast.org\/et\/wp-json\/wp\/v2\/tags?post=1197"}],"curies":[{"name":"wp","href":"https:\/\/api.w.org\/{rel}","templated":true}]}}