{"id":979,"date":"2024-12-11T08:30:38","date_gmt":"2024-12-11T07:30:38","guid":{"rendered":"https:\/\/www.etafast.org\/transito-por-canada\/"},"modified":"2024-12-11T09:07:42","modified_gmt":"2024-12-11T08:07:42","slug":"transito-por-canada","status":"publish","type":"page","link":"https:\/\/www.etafast.org\/es\/transito-por-canada\/","title":{"rendered":"Tr\u00e1nsito por Canad\u00e1"},"content":{"rendered":"\n<p>Si viajas a otro pa\u00eds y necesitas transitar por Canad\u00e1, los requisitos de documentaci\u00f3n depender\u00e1n de varios factores, como tu modo de viaje, duraci\u00f3n de la estancia, nacionalidad y situaci\u00f3n de inmigraci\u00f3n. A continuaci\u00f3n encontrar\u00e1s una gu\u00eda completa que te ayudar\u00e1 a determinar lo que necesitas para transitar por Canad\u00e1 sin problemas. <\/p>\n\n<hr class=\"wp-block-separator has-alpha-channel-opacity\"\/>\n\n<h3 class=\"wp-block-heading\"><strong>Factores que determinan tus necesidades de tr\u00e1nsito<\/strong><\/h3>\n\n<ol class=\"wp-block-list\">\n<li><strong>Modo de desplazamiento<\/strong>:\n<ul class=\"wp-block-list\">\n<li>Por v\u00eda a\u00e9rea (vuelos internacionales con conexi\u00f3n a trav\u00e9s de aeropuertos canadienses).<\/li>\n\n\n\n<li>En coche, autob\u00fas, tren o barco (incluidos los cruceros).<\/li>\n<\/ul>\n<\/li>\n\n\n\n<li><strong>Duraci\u00f3n del tr\u00e1nsito<\/strong>:\n<ul class=\"wp-block-list\">\n<li>Menos de 48 horas.<\/li>\n\n\n\n<li>M\u00e1s de 48 horas.<\/li>\n<\/ul>\n<\/li>\n\n\n\n<li><strong>Nacionalidad y situaci\u00f3n de inmigraci\u00f3n<\/strong>:\n<ul class=\"wp-block-list\">\n<li>El pa\u00eds de tu pasaporte.<\/li>\n\n\n\n<li>Si eres ciudadano estadounidense, residente legal permanente o tienes un visado estadounidense v\u00e1lido.<\/li>\n<\/ul>\n<\/li>\n<\/ol>\n\n<hr class=\"wp-block-separator has-alpha-channel-opacity\"\/>\n\n<h3 class=\"wp-block-heading\"><strong>Opciones de documentos para el tr\u00e1nsito por Canad\u00e1<\/strong><\/h3>\n\n<h4 class=\"wp-block-heading\"><strong>1. Visado de visitante<\/strong><\/h4>\n\n<p>Necesitas un <strong>visado de visitante<\/strong> si<\/p>\n\n<ul class=\"wp-block-list\">\n<li>Eres de un <strong>pa\u00eds con visado obligatorio<\/strong> y piensas hacerlo:\n<ul class=\"wp-block-list\">\n<li>Visita Canad\u00e1, aunque sea por menos de 48 horas.<\/li>\n\n\n\n<li>Permanecer en Canad\u00e1 <strong>m\u00e1s de 48 horas<\/strong> en tr\u00e1nsito.<\/li>\n<\/ul>\n<\/li>\n\n\n\n<li>Viajas en <strong>autob\u00fas, coche, tren, barco o crucero<\/strong> desde un pa\u00eds que exige visado.<\/li>\n<\/ul>\n\n<p><\/p>\n\n<hr class=\"wp-block-separator has-alpha-channel-opacity\"\/>\n\n<h4 class=\"wp-block-heading\"><strong>2. Visado de tr\u00e1nsito<\/strong><\/h4>\n\n<p>Necesitas un <strong>visado de tr\u00e1nsito<\/strong> si<\/p>\n\n<ul class=\"wp-block-list\">\n<li>Eres de un <strong>pa\u00eds con visado obligatorio<\/strong> y:\n<ul class=\"wp-block-list\">\n<li>Tu vuelo internacional hace escala en un aeropuerto canadiense de camino a otro destino.<\/li>\n\n\n\n<li>Realizas una conexi\u00f3n entre dos vuelos internacionales en uno o m\u00e1s aeropuertos canadienses.<\/li>\n\n\n\n<li>Tu tr\u00e1nsito dura <strong>48 horas o menos<\/strong>.<\/li>\n\n\n\n<li>No tienes un visado de visitante v\u00e1lido.<\/li>\n\n\n\n<li>No puedes optar a una eTA.<\/li>\n<\/ul>\n<\/li>\n<\/ul>\n\n<p><\/p>\n\n<hr class=\"wp-block-separator has-alpha-channel-opacity\"\/>\n\n<h4 class=\"wp-block-heading\"><strong>3. Autorizaci\u00f3n electr\u00f3nica de viaje (eTA)<\/strong><\/h4>\n\n<p>Necesitas una <strong>eTA<\/strong> si<\/p>\n\n<ul class=\"wp-block-list\">\n<li>Eres de un <strong>pa\u00eds que requiere eTA<\/strong> y:\n<ul class=\"wp-block-list\">\n<li>Transitar por Canad\u00e1 en avi\u00f3n.<\/li>\n\n\n\n<li>Tu tr\u00e1nsito forma parte de un vuelo internacional de conexi\u00f3n.<\/li>\n<\/ul>\n<\/li>\n<\/ul>\n\n<p><strong>Excepciones<\/strong>:<\/p>\n\n<ul class=\"wp-block-list\">\n<li>No necesitas una eTA si transitas en tren, autob\u00fas, barco o crucero, pero debes tener documentos de viaje v\u00e1lidos.<\/li>\n<\/ul>\n\n<p><\/p>\n\n<hr class=\"wp-block-separator has-alpha-channel-opacity\"\/>\n\n<h4 class=\"wp-block-heading\"><strong>4. Tr\u00e1nsito sin visado<\/strong><\/h4>\n\n<ul class=\"wp-block-list\">\n<li><strong>Ciudadanos estadounidenses y residentes permanentes legales<\/strong>:<br>Los ciudadanos estadounidenses y los titulares de la tarjeta verde pueden transitar por Canad\u00e1 sin visado en avi\u00f3n, coche, autob\u00fas, tren o barco. Aseg\u00farate de llevar: \n<ul class=\"wp-block-list\">\n<li>Pasaporte o documento de viaje v\u00e1lido.<\/li>\n\n\n\n<li>Una Tarjeta Verde de EE.UU. v\u00e1lida (para residentes legales permanentes).<\/li>\n<\/ul>\n<\/li>\n\n\n\n<li><strong>Titulares de pasaporte de determinados pa\u00edses<\/strong>:<br\/>Los ciudadanos de <strong>China, Indonesia, Filipinas, Tailandia<\/strong> o <strong>Taiw\u00e1n<\/strong> (sin n\u00famero de identificaci\u00f3n personal) pueden transitar sin visado si cumplen determinadas condiciones.<\/li>\n<\/ul>\n\n<p><\/p>\n\n<hr class=\"wp-block-separator has-alpha-channel-opacity\"\/>\n\n<h3 class=\"wp-block-heading\"><strong>Documentos que debes llevar<\/strong><\/h3>\n\n<p>Cuando transites por Canad\u00e1, ten siempre a mano los siguientes documentos:<\/p>\n\n<ul class=\"wp-block-list\">\n<li>Un pasaporte o documento de viaje v\u00e1lido para todo tu viaje.<\/li>\n\n\n\n<li>Un visado v\u00e1lido, un visado de tr\u00e1nsito o una eTA (si procede).<\/li>\n\n\n\n<li>Para residentes permanentes en EE.UU: Una Tarjeta Verde v\u00e1lida o una prueba de estatus equivalente.<\/li>\n\n\n\n<li>Prueba de viaje posterior, como billetes de avi\u00f3n o itinerario.<\/li>\n<\/ul>\n\n<hr class=\"wp-block-separator has-alpha-channel-opacity\"\/>\n\n<h3 class=\"wp-block-heading\"><strong>Notas clave<\/strong><\/h3>\n\n<ul class=\"wp-block-list\">\n<li><strong>Duraci\u00f3n del tr\u00e1nsito<\/strong>: Si tu tr\u00e1nsito supera las 48 horas, necesitar\u00e1s un visado de visitante.<\/li>\n\n\n\n<li><strong>Modo de entrada<\/strong>: la eTA es necesaria para viajar en avi\u00f3n, pero no para viajar por tierra o por mar.<\/li>\n\n\n\n<li><strong>Solicitud anticipada<\/strong>: Solicita el documento requerido mucho antes de la fecha de tu viaje para evitar retrasos.<\/li>\n<\/ul>\n\n<p>Si te aseguras de que tienes la documentaci\u00f3n correcta, podr\u00e1s transitar por Canad\u00e1 sin problemas y centrarte en llegar a tu destino final.<\/p>\n","protected":false},"excerpt":{"rendered":"<p>Si viajas a otro pa\u00eds y necesitas transitar por Canad\u00e1, los requisitos de documentaci\u00f3n depender\u00e1n de varios factores, como tu [&hellip;]<\/p>\n","protected":false},"author":1,"featured_media":0,"parent":0,"menu_order":0,"comment_status":"closed","ping_status":"closed","template":"","meta":{"_uag_custom_page_level_css":"","site-sidebar-layout":"default","site-content-layout":"","ast-site-content-layout":"","site-content-style":"default","site-sidebar-style":"default","ast-global-header-display":"","ast-banner-title-visibility":"","ast-main-header-display":"","ast-hfb-above-header-display":"","ast-hfb-below-header-display":"","ast-hfb-mobile-header-display":"","site-post-title":"","ast-breadcrumbs-content":"","ast-featured-img":"","footer-sml-layout":"","theme-transparent-header-meta":"","adv-header-id-meta":"","stick-header-meta":"","header-above-stick-meta":"","header-main-stick-meta":"","header-below-stick-meta":"","astra-migrate-meta-layouts":"default","ast-page-background-enabled":"default","ast-page-background-meta":{"desktop":{"background-color":"var(--ast-global-color-4)","background-image":"","background-repeat":"repeat","background-position":"center center","background-size":"auto","background-attachment":"scroll","background-type":"","background-media":"","overlay-type":"","overlay-color":"","overlay-opacity":"","overlay-gradient":""},"tablet":{"background-color":"","background-image":"","background-repeat":"repeat","background-position":"center center","background-size":"auto","background-attachment":"scroll","background-type":"","background-media":"","overlay-type":"","overlay-color":"","overlay-opacity":"","overlay-gradient":""},"mobile":{"background-color":"","background-image":"","background-repeat":"repeat","background-position":"center center","background-size":"auto","background-attachment":"scroll","background-type":"","background-media":"","overlay-type":"","overlay-color":"","overlay-opacity":"","overlay-gradient":""}},"ast-content-background-meta":{"desktop":{"background-color":"var(--ast-global-color-5)","background-image":"","background-repeat":"repeat","background-position":"center center","background-size":"auto","background-attachment":"scroll","background-type":"","background-media":"","overlay-type":"","overlay-color":"","overlay-opacity":"","overlay-gradient":""},"tablet":{"background-color":"var(--ast-global-color-5)","background-image":"","background-repeat":"repeat","background-position":"center center","background-size":"auto","background-attachment":"scroll","background-type":"","background-media":"","overlay-type":"","overlay-color":"","overlay-opacity":"","overlay-gradient":""},"mobile":{"background-color":"var(--ast-global-color-5)","background-image":"","background-repeat":"repeat","background-position":"center center","background-size":"auto","background-attachment":"scroll","background-type":"","background-media":"","overlay-type":"","overlay-color":"","overlay-opacity":"","overlay-gradient":""}},"footnotes":""},"categories":[],"tags":[],"class_list":["post-979","page","type-page","status-publish","hentry"],"uagb_featured_image_src":{"full":false,"thumbnail":false,"medium":false,"medium_large":false,"large":false,"1536x1536":false,"2048x2048":false},"uagb_author_info":{"display_name":"admin","author_link":"https:\/\/www.etafast.org\/es\/author\/admin\/"},"uagb_comment_info":0,"uagb_excerpt":"Si viajas a otro pa\u00eds y necesitas transitar por Canad\u00e1, los requisitos de documentaci\u00f3n depender\u00e1n de varios factores, como tu [&hellip;]","_links":{"self":[{"href":"https:\/\/www.etafast.org\/es\/wp-json\/wp\/v2\/pages\/979","targetHints":{"allow":["GET"]}}],"collection":[{"href":"https:\/\/www.etafast.org\/es\/wp-json\/wp\/v2\/pages"}],"about":[{"href":"https:\/\/www.etafast.org\/es\/wp-json\/wp\/v2\/types\/page"}],"author":[{"embeddable":true,"href":"https:\/\/www.etafast.org\/es\/wp-json\/wp\/v2\/users\/1"}],"replies":[{"embeddable":true,"href":"https:\/\/www.etafast.org\/es\/wp-json\/wp\/v2\/comments?post=979"}],"version-history":[{"count":1,"href":"https:\/\/www.etafast.org\/es\/wp-json\/wp\/v2\/pages\/979\/revisions"}],"predecessor-version":[{"id":980,"href":"https:\/\/www.etafast.org\/es\/wp-json\/wp\/v2\/pages\/979\/revisions\/980"}],"wp:attachment":[{"href":"https:\/\/www.etafast.org\/es\/wp-json\/wp\/v2\/media?parent=979"}],"wp:term":[{"taxonomy":"category","embeddable":true,"href":"https:\/\/www.etafast.org\/es\/wp-json\/wp\/v2\/categories?post=979"},{"taxonomy":"post_tag","embeddable":true,"href":"https:\/\/www.etafast.org\/es\/wp-json\/wp\/v2\/tags?post=979"}],"curies":[{"name":"wp","href":"https:\/\/api.w.org\/{rel}","templated":true}]}}