{"id":325,"date":"2024-12-11T08:24:00","date_gmt":"2024-12-11T07:24:00","guid":{"rendered":"https:\/\/www.etafast.org\/sobre-el-proceso\/"},"modified":"2024-12-11T09:02:31","modified_gmt":"2024-12-11T08:02:31","slug":"sobre-el-proceso","status":"publish","type":"page","link":"https:\/\/www.etafast.org\/es\/sobre-el-proceso\/","title":{"rendered":"Sobre el proceso"},"content":{"rendered":"\n<h3 class=\"wp-block-heading\">Acerca del proceso de autorizaci\u00f3n electr\u00f3nica de viaje (eTA)<\/h3>\n\n<p>La Autorizaci\u00f3n Electr\u00f3nica de Viaje (eTA) es un requisito de entrada para los extranjeros exentos de visado que viajan a Canad\u00e1 o transitan por este pa\u00eds por v\u00eda a\u00e9rea. Se trata de un proceso en l\u00ednea r\u00e1pido y sencillo dise\u00f1ado para mejorar la seguridad fronteriza al tiempo que garantiza un viaje sin problemas a las personas que re\u00fanan los requisitos. <\/p>\n\n<h4 class=\"wp-block-heading\">\u00bfQu\u00e9 es una eTA?<\/h4>\n\n<p>Una eTA es una autorizaci\u00f3n de viaje vinculada electr\u00f3nicamente a tu pasaporte. Es v\u00e1lida hasta cinco a\u00f1os o hasta que caduque tu pasaporte, lo que ocurra primero. La eTA te permite visitar Canad\u00e1 para estancias cortas (normalmente de hasta seis meses) con fines tur\u00edsticos, de negocios o de tr\u00e1nsito.  <\/p>\n\n<h4 class=\"wp-block-heading\">Puntos clave que debes saber sobre el proceso de la eTA:<\/h4>\n\n<ol class=\"wp-block-list\">\n<li><strong>Solicitud sencilla por Internet<\/strong>:<br\/>El proceso de solicitud de la eTA se realiza totalmente por Internet. No hay necesidad de papeleo ni de visitas en persona, lo que la convierte en una opci\u00f3n c\u00f3moda para los viajeros. <\/li>\n\n\n\n<li><strong>Tasa asequible<\/strong>:<br\/>Solicitar una eTA s\u00f3lo cuesta 7 CAN$. Esta tasa se paga online durante el proceso de solicitud. <\/li>\n\n\n\n<li><strong>Tramitaci\u00f3n r\u00e1pida<\/strong>:<br\/>La mayor\u00eda de las solicitudes de eTA se aprueban en cuesti\u00f3n de minutos. Sin embargo, algunas solicitudes pueden tardar m\u00e1s si se requieren documentos adicionales. En tales casos, los solicitantes recibir\u00e1n instrucciones por correo electr\u00f3nico en un plazo de 72 horas.  <\/li>\n\n\n\n<li><strong>Requisitos de admisi\u00f3n<\/strong>:\n<ul class=\"wp-block-list\">\n<li>Los extranjeros exentos de visado que vuelen a Canad\u00e1 o transiten por este pa\u00eds necesitan una eTA.<\/li>\n\n\n\n<li>Algunos viajeros procedentes de pa\u00edses con obligaci\u00f3n de visado tambi\u00e9n pueden optar a una eTA si cumplen criterios espec\u00edficos, como ser titulares de un visado de no inmigrante estadounidense v\u00e1lido o haber sido titulares de un visado de visitante canadiense en los \u00faltimos 10 a\u00f1os.<\/li>\n\n\n\n<li>Los viajeros que lleguen en coche, autob\u00fas, tren o barco, incluidos los cruceros, necesitan un visado de visitante en lugar de una eTA.<\/li>\n<\/ul>\n<\/li>\n\n\n\n<li><strong>Limitaciones de viaje<\/strong>:\n<ul class=\"wp-block-list\">\n<li>Una eTA no te permite trabajar o estudiar en Canad\u00e1. Si piensas trabajar o estudiar, debes solicitar los permisos correspondientes. <\/li>\n\n\n\n<li>Una eTA no garantiza la entrada en Canad\u00e1. Los funcionarios de fronteras evaluar\u00e1n tu elegibilidad a tu llegada. <\/li>\n<\/ul>\n<\/li>\n\n\n\n<li><strong>Validez<\/strong>:<br\/>Una vez aprobada, la eTA queda vinculada a tu pasaporte y sigue siendo v\u00e1lida para m\u00faltiples entradas, siempre que tu pasaporte siga siendo v\u00e1lido. Viaja siempre con el mismo pasaporte que utilizaste para solicitar la eTA. <\/li>\n<\/ol>\n\n<h4 class=\"wp-block-heading\">Prot\u00e9gete de las estafas<\/h4>\n\n<p>Ten cuidado con los sitios web fraudulentos o las personas que prometen oportunidades garantizadas de entrada, trabajo o estudios en Canad\u00e1. Presenta tu solicitud s\u00f3lo a trav\u00e9s del sitio web oficial del Gobierno de Canad\u00e1 y evita compartir informaci\u00f3n personal con fuentes no verificadas. La tergiversaci\u00f3n o el fraude pueden tener graves consecuencias legales.  <\/p>\n\n<h4 class=\"wp-block-heading\">Antes de solicitarlo<\/h4>\n\n<ul class=\"wp-block-list\">\n<li>Aseg\u00farate de que tienes un pasaporte v\u00e1lido, una tarjeta de cr\u00e9dito o d\u00e9bito y una direcci\u00f3n de correo electr\u00f3nico.<\/li>\n\n\n\n<li>Lee el documento de ayuda de la aplicaci\u00f3n, disponible en varios idiomas, para orientarte.<\/li>\n\n\n\n<li>Solicita una eTA <strong>antes de<\/strong> reservar tu vuelo para evitar retrasos.<\/li>\n<\/ul>\n\n<p>Solicitar una eTA es un paso esencial para los viajeros elegibles que planean visitar Canad\u00e1. Si conoces el proceso y preparas cuidadosamente tu solicitud, te asegurar\u00e1s un viaje tranquilo y sin complicaciones. <\/p>\n","protected":false},"excerpt":{"rendered":"<p>Acerca del proceso de autorizaci\u00f3n electr\u00f3nica de viaje (eTA) La Autorizaci\u00f3n Electr\u00f3nica de Viaje (eTA) es un requisito de entrada [&hellip;]<\/p>\n","protected":false},"author":1,"featured_media":0,"parent":0,"menu_order":0,"comment_status":"closed","ping_status":"closed","template":"","meta":{"_uag_custom_page_level_css":"","site-sidebar-layout":"default","site-content-layout":"","ast-site-content-layout":"","site-content-style":"default","site-sidebar-style":"default","ast-global-header-display":"","ast-banner-title-visibility":"","ast-main-header-display":"","ast-hfb-above-header-display":"","ast-hfb-below-header-display":"","ast-hfb-mobile-header-display":"","site-post-title":"","ast-breadcrumbs-content":"","ast-featured-img":"","footer-sml-layout":"","theme-transparent-header-meta":"","adv-header-id-meta":"","stick-header-meta":"","header-above-stick-meta":"","header-main-stick-meta":"","header-below-stick-meta":"","astra-migrate-meta-layouts":"default","ast-page-background-enabled":"default","ast-page-background-meta":{"desktop":{"background-color":"var(--ast-global-color-4)","background-image":"","background-repeat":"repeat","background-position":"center center","background-size":"auto","background-attachment":"scroll","background-type":"","background-media":"","overlay-type":"","overlay-color":"","overlay-opacity":"","overlay-gradient":""},"tablet":{"background-color":"","background-image":"","background-repeat":"repeat","background-position":"center center","background-size":"auto","background-attachment":"scroll","background-type":"","background-media":"","overlay-type":"","overlay-color":"","overlay-opacity":"","overlay-gradient":""},"mobile":{"background-color":"","background-image":"","background-repeat":"repeat","background-position":"center center","background-size":"auto","background-attachment":"scroll","background-type":"","background-media":"","overlay-type":"","overlay-color":"","overlay-opacity":"","overlay-gradient":""}},"ast-content-background-meta":{"desktop":{"background-color":"var(--ast-global-color-5)","background-image":"","background-repeat":"repeat","background-position":"center center","background-size":"auto","background-attachment":"scroll","background-type":"","background-media":"","overlay-type":"","overlay-color":"","overlay-opacity":"","overlay-gradient":""},"tablet":{"background-color":"var(--ast-global-color-5)","background-image":"","background-repeat":"repeat","background-position":"center center","background-size":"auto","background-attachment":"scroll","background-type":"","background-media":"","overlay-type":"","overlay-color":"","overlay-opacity":"","overlay-gradient":""},"mobile":{"background-color":"var(--ast-global-color-5)","background-image":"","background-repeat":"repeat","background-position":"center center","background-size":"auto","background-attachment":"scroll","background-type":"","background-media":"","overlay-type":"","overlay-color":"","overlay-opacity":"","overlay-gradient":""}},"footnotes":""},"categories":[],"tags":[],"class_list":["post-325","page","type-page","status-publish","hentry"],"uagb_featured_image_src":{"full":false,"thumbnail":false,"medium":false,"medium_large":false,"large":false,"1536x1536":false,"2048x2048":false},"uagb_author_info":{"display_name":"admin","author_link":"https:\/\/www.etafast.org\/es\/author\/admin\/"},"uagb_comment_info":0,"uagb_excerpt":"Acerca del proceso de autorizaci\u00f3n electr\u00f3nica de viaje (eTA) La Autorizaci\u00f3n Electr\u00f3nica de Viaje (eTA) es un requisito de entrada [&hellip;]","_links":{"self":[{"href":"https:\/\/www.etafast.org\/es\/wp-json\/wp\/v2\/pages\/325","targetHints":{"allow":["GET"]}}],"collection":[{"href":"https:\/\/www.etafast.org\/es\/wp-json\/wp\/v2\/pages"}],"about":[{"href":"https:\/\/www.etafast.org\/es\/wp-json\/wp\/v2\/types\/page"}],"author":[{"embeddable":true,"href":"https:\/\/www.etafast.org\/es\/wp-json\/wp\/v2\/users\/1"}],"replies":[{"embeddable":true,"href":"https:\/\/www.etafast.org\/es\/wp-json\/wp\/v2\/comments?post=325"}],"version-history":[{"count":1,"href":"https:\/\/www.etafast.org\/es\/wp-json\/wp\/v2\/pages\/325\/revisions"}],"predecessor-version":[{"id":326,"href":"https:\/\/www.etafast.org\/es\/wp-json\/wp\/v2\/pages\/325\/revisions\/326"}],"wp:attachment":[{"href":"https:\/\/www.etafast.org\/es\/wp-json\/wp\/v2\/media?parent=325"}],"wp:term":[{"taxonomy":"category","embeddable":true,"href":"https:\/\/www.etafast.org\/es\/wp-json\/wp\/v2\/categories?post=325"},{"taxonomy":"post_tag","embeddable":true,"href":"https:\/\/www.etafast.org\/es\/wp-json\/wp\/v2\/tags?post=325"}],"curies":[{"name":"wp","href":"https:\/\/api.w.org\/{rel}","templated":true}]}}