{"id":1547,"date":"2024-12-11T08:24:51","date_gmt":"2024-12-11T07:24:51","guid":{"rendered":"https:\/\/www.etafast.org\/quien-puede-solicitarlo\/"},"modified":"2024-12-11T09:16:23","modified_gmt":"2024-12-11T08:16:23","slug":"quien-puede-solicitarlo","status":"publish","type":"page","link":"https:\/\/www.etafast.org\/es\/quien-puede-solicitarlo\/","title":{"rendered":"Qui\u00e9n puede solicitarlo"},"content":{"rendered":"\n<h3 class=\"wp-block-heading\">Qui\u00e9n puede solicitar una Autorizaci\u00f3n Electr\u00f3nica de Viaje (eTA)<\/h3>\n\n<p>La Autorizaci\u00f3n Electr\u00f3nica de Viaje (eTA) es un requisito de viaje para determinadas personas que viajan a Canad\u00e1 o transitan por este pa\u00eds por v\u00eda a\u00e9rea. Aqu\u00ed tienes un desglose detallado de qui\u00e9n puede solicitarla: <\/p>\n\n<h4 class=\"wp-block-heading\"><strong>Criterios de elegibilidad para una eTA<\/strong><\/h4>\n\n<p>Puedes solicitar una eTA si cumples <strong>los tres requisitos siguientes<\/strong>:<\/p>\n\n<ol class=\"wp-block-list\">\n<li><strong>Historial de viajes anteriores<\/strong>:<ul><li>Has sido titular de un visado de visitante canadiense (visado de residente temporal) en los \u00faltimos 10 a\u00f1os, O<\/li><li>Actualmente eres titular de un visado v\u00e1lido de no inmigrante de Estados Unidos (EE.UU.).<\/li><\/ul><em>(Tu visado de no inmigrante estadounidense debe ser v\u00e1lido el d\u00eda que solicites la eTA, pero no es necesario que siga siendo v\u00e1lido para tu viaje a Canad\u00e1).<\/em><\/li>\n\n\n\n<li><strong>Prop\u00f3sito del viaje<\/strong>:\n<ul class=\"wp-block-list\">\n<li>Vienes a Canad\u00e1 para una <strong>estancia temporal<\/strong>, normalmente de hasta seis meses.<\/li>\n<\/ul>\n<\/li>\n\n\n\n<li><strong>Modo de desplazamiento<\/strong>:\n<ul class=\"wp-block-list\">\n<li>Vuelas a un aeropuerto canadiense o transitas por \u00e9l con un pasaporte v\u00e1lido de uno de los <strong>pa\u00edses que cumplen los requisitos para obtener visado<\/strong>.<\/li>\n<\/ul>\n<\/li>\n<\/ol>\n\n<h4 class=\"wp-block-heading\"><strong>Pa\u00edses que requieren visado<\/strong><\/h4>\n\n<p>Los ciudadanos de los siguientes pa\u00edses pueden solicitar una eTA si cumplen los criterios anteriores:<\/p>\n\n<ul class=\"wp-block-list\">\n<li>Antigua y Barbuda<\/li>\n\n\n\n<li>Argentina<\/li>\n\n\n\n<li>Brasil<\/li>\n\n\n\n<li>Costa Rica<\/li>\n\n\n\n<li>M\u00e9xico<\/li>\n\n\n\n<li>Marruecos<\/li>\n\n\n\n<li>Panam\u00e1<\/li>\n\n\n\n<li>Filipinas<\/li>\n\n\n\n<li>San Crist\u00f3bal y Nieves<\/li>\n\n\n\n<li>Santa Luc\u00eda<\/li>\n\n\n\n<li>San Vicente y las Granadinas<\/li>\n\n\n\n<li>Seychelles<\/li>\n\n\n\n<li>Tailandia<\/li>\n\n\n\n<li>Trinidad y Tobago<\/li>\n\n\n\n<li>Uruguay<\/li>\n<\/ul>\n\n<p>Si no cumples todos estos requisitos, tendr\u00e1s que solicitar en su lugar un visado de visitante (visado de residencia temporal).<\/p>\n\n<hr class=\"wp-block-separator has-alpha-channel-opacity\"\/>\n\n<h3 class=\"wp-block-heading\"><strong>\u00bfQui\u00e9n NO necesita una eTA?<\/strong><\/h3>\n\n<ul class=\"wp-block-list\">\n<li><strong>Ciudadanos estadounidenses<\/strong>:<br\/>Los ciudadanos estadounidenses est\u00e1n exentos del requisito de la eTA. S\u00f3lo necesitan presentar un pasaporte estadounidense v\u00e1lido. <\/li>\n\n\n\n<li><strong>Ciudadanos canadienses (incluidos los de doble nacionalidad)<\/strong>:<br\/>Los ciudadanos canadienses no pueden solicitar una eTA. Deben viajar con un pasaporte canadiense v\u00e1lido. Los ciudadanos con doble nacionalidad tambi\u00e9n deben utilizar su pasaporte canadiense cuando vuelen a Canad\u00e1.  <\/li>\n\n\n\n<li>Residentes <strong>permanentes canadienses<\/strong>:<br>Los residentes permanentes de Canad\u00e1 no pueden solicitar una eTA. En su lugar, deben viajar con: \n<ul class=\"wp-block-list\">\n<li>Una tarjeta de residente permanente v\u00e1lida, O<\/li>\n\n\n\n<li>Un documento de viaje de residente permanente.<\/li>\n<\/ul>\n<\/li>\n\n\n\n<li><strong>Residentes<\/strong> legales permanentes en Estados Unidos:<br>A partir del 26 de abril de 2022, los residentes legales permanentes en Estados Unidos est\u00e1n exentos del requisito de la eTA. Deben llevar: \n<ul class=\"wp-block-list\">\n<li>Un pasaporte v\u00e1lido de su pa\u00eds de nacionalidad, y<\/li>\n\n\n\n<li>Una Tarjeta Verde de EE.UU. v\u00e1lida o una prueba de estatus equivalente.<\/li>\n<\/ul>\n<\/li>\n<\/ul>\n\n<hr class=\"wp-block-separator has-alpha-channel-opacity\"\/>\n\n<h3 class=\"wp-block-heading\"><strong>Escenarios de viaje y requisitos de los documentos<\/strong><\/h3>\n\n<figure class=\"wp-block-table\"><table class=\"has-fixed-layout\"><thead><tr><th><strong>C\u00f3mo viajas a Canad\u00e1<\/strong><\/th><th><strong>Documento(s) requerido(s)<\/strong><\/th><\/tr><\/thead><tbody><tr><td>Volar a un aeropuerto canadiense o transitar por \u00e9l, y tener derecho a una eTA<\/td><td>eTA o visado de visitante<\/td><\/tr><tr><td>Volar a un aeropuerto canadiense o transitar por \u00e9l, y NO tener derecho a una eTA<\/td><td>Visado de visitante<\/td><\/tr><tr><td>Llegar en coche, autob\u00fas, tren o barco (incluidos los cruceros)<\/td><td>Visado de visitante<\/td><\/tr><tr><td>Viajar a Canad\u00e1 con un visado canadiense v\u00e1lido<\/td><td>No se necesita eTA: utiliza el visado<\/td><\/tr><tr><td>Volar de vuelta a Canad\u00e1 despu\u00e9s de renovar tu permiso de trabajo o estudio<\/td><td>eTA proporcionada con la renovaci\u00f3n del permiso<\/td><\/tr><tr><td>Viajar a Canad\u00e1 para trabajar o estudiar durante m\u00e1s de 6 meses<\/td><td>Permiso de trabajo o estudios (incluye visado)<\/td><\/tr><\/tbody><\/table><\/figure>\n\n<hr class=\"wp-block-separator has-alpha-channel-opacity\"\/>\n\n<h3 class=\"wp-block-heading\"><strong>Consideraciones importantes<\/strong><\/h3>\n\n<ul class=\"wp-block-list\">\n<li><strong>Requisitos b\u00e1sicos<\/strong>: Para entrar en Canad\u00e1, debes cumplir los criterios generales de entrada, incluidos documentos de viaje v\u00e1lidos, buena salud, apoyo econ\u00f3mico y fuertes lazos con tu pa\u00eds de origen.<\/li>\n\n\n\n<li><strong>Inadmisibilidad<\/strong>: Las personas implicadas en actividades delictivas, amenazas a la seguridad o determinados problemas de salud y econ\u00f3micos pueden ser consideradas inadmisibles en Canad\u00e1, incluso con una eTA v\u00e1lida.<\/li>\n<\/ul>\n\n<p>La eTA est\u00e1 dise\u00f1ada para simplificar los viajes a\u00e9reos a Canad\u00e1 de las personas que re\u00fanan los requisitos. Revisa detenidamente los requisitos y solic\u00edtala con suficiente antelaci\u00f3n a tu viaje previsto. <\/p>\n","protected":false},"excerpt":{"rendered":"<p>Qui\u00e9n puede solicitar una Autorizaci\u00f3n Electr\u00f3nica de Viaje (eTA) La Autorizaci\u00f3n Electr\u00f3nica de Viaje (eTA) es un requisito de viaje [&hellip;]<\/p>\n","protected":false},"author":1,"featured_media":0,"parent":0,"menu_order":0,"comment_status":"closed","ping_status":"closed","template":"","meta":{"_uag_custom_page_level_css":"","site-sidebar-layout":"default","site-content-layout":"","ast-site-content-layout":"","site-content-style":"default","site-sidebar-style":"default","ast-global-header-display":"","ast-banner-title-visibility":"","ast-main-header-display":"","ast-hfb-above-header-display":"","ast-hfb-below-header-display":"","ast-hfb-mobile-header-display":"","site-post-title":"","ast-breadcrumbs-content":"","ast-featured-img":"","footer-sml-layout":"","theme-transparent-header-meta":"","adv-header-id-meta":"","stick-header-meta":"","header-above-stick-meta":"","header-main-stick-meta":"","header-below-stick-meta":"","astra-migrate-meta-layouts":"default","ast-page-background-enabled":"default","ast-page-background-meta":{"desktop":{"background-color":"var(--ast-global-color-4)","background-image":"","background-repeat":"repeat","background-position":"center center","background-size":"auto","background-attachment":"scroll","background-type":"","background-media":"","overlay-type":"","overlay-color":"","overlay-opacity":"","overlay-gradient":""},"tablet":{"background-color":"","background-image":"","background-repeat":"repeat","background-position":"center center","background-size":"auto","background-attachment":"scroll","background-type":"","background-media":"","overlay-type":"","overlay-color":"","overlay-opacity":"","overlay-gradient":""},"mobile":{"background-color":"","background-image":"","background-repeat":"repeat","background-position":"center center","background-size":"auto","background-attachment":"scroll","background-type":"","background-media":"","overlay-type":"","overlay-color":"","overlay-opacity":"","overlay-gradient":""}},"ast-content-background-meta":{"desktop":{"background-color":"var(--ast-global-color-5)","background-image":"","background-repeat":"repeat","background-position":"center center","background-size":"auto","background-attachment":"scroll","background-type":"","background-media":"","overlay-type":"","overlay-color":"","overlay-opacity":"","overlay-gradient":""},"tablet":{"background-color":"var(--ast-global-color-5)","background-image":"","background-repeat":"repeat","background-position":"center center","background-size":"auto","background-attachment":"scroll","background-type":"","background-media":"","overlay-type":"","overlay-color":"","overlay-opacity":"","overlay-gradient":""},"mobile":{"background-color":"var(--ast-global-color-5)","background-image":"","background-repeat":"repeat","background-position":"center center","background-size":"auto","background-attachment":"scroll","background-type":"","background-media":"","overlay-type":"","overlay-color":"","overlay-opacity":"","overlay-gradient":""}},"footnotes":""},"categories":[],"tags":[],"class_list":["post-1547","page","type-page","status-publish","hentry"],"uagb_featured_image_src":{"full":false,"thumbnail":false,"medium":false,"medium_large":false,"large":false,"1536x1536":false,"2048x2048":false},"uagb_author_info":{"display_name":"admin","author_link":"https:\/\/www.etafast.org\/es\/author\/admin\/"},"uagb_comment_info":0,"uagb_excerpt":"Qui\u00e9n puede solicitar una Autorizaci\u00f3n Electr\u00f3nica de Viaje (eTA) La Autorizaci\u00f3n Electr\u00f3nica de Viaje (eTA) es un requisito de viaje [&hellip;]","_links":{"self":[{"href":"https:\/\/www.etafast.org\/es\/wp-json\/wp\/v2\/pages\/1547","targetHints":{"allow":["GET"]}}],"collection":[{"href":"https:\/\/www.etafast.org\/es\/wp-json\/wp\/v2\/pages"}],"about":[{"href":"https:\/\/www.etafast.org\/es\/wp-json\/wp\/v2\/types\/page"}],"author":[{"embeddable":true,"href":"https:\/\/www.etafast.org\/es\/wp-json\/wp\/v2\/users\/1"}],"replies":[{"embeddable":true,"href":"https:\/\/www.etafast.org\/es\/wp-json\/wp\/v2\/comments?post=1547"}],"version-history":[{"count":1,"href":"https:\/\/www.etafast.org\/es\/wp-json\/wp\/v2\/pages\/1547\/revisions"}],"predecessor-version":[{"id":1548,"href":"https:\/\/www.etafast.org\/es\/wp-json\/wp\/v2\/pages\/1547\/revisions\/1548"}],"wp:attachment":[{"href":"https:\/\/www.etafast.org\/es\/wp-json\/wp\/v2\/media?parent=1547"}],"wp:term":[{"taxonomy":"category","embeddable":true,"href":"https:\/\/www.etafast.org\/es\/wp-json\/wp\/v2\/categories?post=1547"},{"taxonomy":"post_tag","embeddable":true,"href":"https:\/\/www.etafast.org\/es\/wp-json\/wp\/v2\/tags?post=1547"}],"curies":[{"name":"wp","href":"https:\/\/api.w.org\/{rel}","templated":true}]}}