{"id":1475,"date":"2024-12-11T08:25:47","date_gmt":"2024-12-11T07:25:47","guid":{"rendered":"https:\/\/www.etafast.org\/necesitas-visa\/"},"modified":"2024-12-11T09:15:09","modified_gmt":"2024-12-11T08:15:09","slug":"necesitas-visa","status":"publish","type":"page","link":"https:\/\/www.etafast.org\/es\/necesitas-visa\/","title":{"rendered":"\u00bfNecesitas VISA?"},"content":{"rendered":"\n<h3 class=\"wp-block-heading\">C\u00f3mo saber si necesitas visado para viajar a Canad\u00e1<\/h3>\n\n<p>Canad\u00e1 exige a los viajeros un <strong>visado de visitante<\/strong> o una <strong>Autorizaci\u00f3n Electr\u00f3nica de Viaje (eTA<\/strong> ) para entrar en el pa\u00eds o transitar por \u00e9l, dependiendo de su nacionalidad y m\u00e9todo de viaje. A continuaci\u00f3n te explicamos c\u00f3mo determinar lo que necesitas: <\/p>\n\n<hr class=\"wp-block-separator has-alpha-channel-opacity\"\/>\n\n<h3 class=\"wp-block-heading\"><strong>Paso 1: Comprueba tu nacionalidad<\/strong><\/h3>\n\n<p>El tipo de documento de viaje que necesitas depende principalmente de tu nacionalidad. Los viajeros pertenecen a una de estas tres categor\u00edas: <\/p>\n\n<ol class=\"wp-block-list\">\n<li><strong>Viajeros exentos de visado (necesitan una eTA)<\/strong><br\/>Si eres ciudadano de un pa\u00eds exento de visado, necesitas una eTA si viajas a Canad\u00e1 o transitas por Canad\u00e1 en avi\u00f3n. Algunos ejemplos de pa\u00edses exentos de visado son <ul><li>Australia<\/li><li>Alemania<\/li><li>Jap\u00f3n<\/li><li>Reino Unido<\/li><li>Francia<br\/><em>(Esta no es una lista completa.)<\/em><\/li><\/ul><strong>Importante<\/strong>: Si entras en Canad\u00e1 en coche, autob\u00fas, tren o barco, incluido un crucero, NO necesitas una eTA ni un visado de visitante.<\/li>\n\n\n\n<li><strong>Viajeros a los que se exige visado (necesitan un visado de visitante)<\/strong><br>Los ciudadanos de pa\u00edses que no figuran en la lista de pa\u00edses exentos de visado necesitan un visado de visitante (tambi\u00e9n conocido como visado de residente temporal) para viajar a Canad\u00e1, independientemente del modo de viaje.<br>Algunos ejemplos de pa\u00edses a los que se exige visado son:\n<ul class=\"wp-block-list\">\n<li>India<\/li>\n\n\n\n<li>China<\/li>\n\n\n\n<li>Pakist\u00e1n<br\/><em>(Esta no es una lista completa.)<\/em><\/li>\n<\/ul>\n<\/li>\n\n\n\n<li><strong>Viajeros con visado obligatorio (pueden optar a una eTA)<\/strong><br>Si procedes de un pa\u00eds con visado obligatorio pero cumples determinadas condiciones, puedes solicitar una eTA en lugar de un visado. Estas condiciones incluyen <ul><li>Ser titular de un visado de no inmigrante estadounidense v\u00e1lido, O<\/li><li>Haber sido titular de un visado de visitante canadiense en los \u00faltimos 10 a\u00f1os.<\/li><\/ul>Los pa\u00edses elegibles para esta opci\u00f3n son\n<ul class=\"wp-block-list\">\n<li>Brasil<\/li>\n\n\n\n<li>M\u00e9xico<\/li>\n\n\n\n<li>Filipinas<br\/><em>(Esta no es una lista completa.)<\/em><\/li>\n<\/ul>\n<\/li>\n<\/ol>\n\n<hr class=\"wp-block-separator has-alpha-channel-opacity\"\/>\n\n<h3 class=\"wp-block-heading\"><strong>Paso 2: Considera tu m\u00e9todo de viaje<\/strong><\/h3>\n\n<p>El documento de viaje que necesitas tambi\u00e9n depende de c\u00f3mo vayas a entrar en Canad\u00e1:<\/p>\n\n<figure class=\"wp-block-table\"><table class=\"has-fixed-layout\"><thead><tr><th><strong>Modo de desplazamiento<\/strong><\/th><th><strong>Requisito<\/strong><\/th><\/tr><\/thead><tbody><tr><td>Volar a un aeropuerto canadiense o transitar por \u00e9l<\/td><td>eTA (para viajeros exentos de visado) o visado de visitante<\/td><\/tr><tr><td>Entrar en coche, autob\u00fas, tren o barco (incluido un crucero)<\/td><td>Visado de visitante (para viajeros con visado obligatorio)<\/td><\/tr><tr><td>Viajar con un visado canadiense v\u00e1lido<\/td><td>No se necesita eTA; utiliza tu visado<\/td><\/tr><\/tbody><\/table><\/figure>\n\n<hr class=\"wp-block-separator has-alpha-channel-opacity\"\/>\n\n<h3 class=\"wp-block-heading\"><strong>Paso 3: Excepciones a la regla<\/strong><\/h3>\n\n<ol class=\"wp-block-list\">\n<li><strong>Ciudadanos estadounidenses<\/strong><br\/>Los ciudadanos estadounidenses NO necesitan una eTA ni un visado de visitante. S\u00f3lo necesitan un pasaporte estadounidense v\u00e1lido. <\/li>\n\n\n\n<li><strong>Ciudadanos canadienses (incluidos los de doble nacionalidad)<\/strong><br\/>Los ciudadanos canadienses no pueden solicitar una eTA ni un visado. Deben viajar con un pasaporte canadiense v\u00e1lido. <\/li>\n\n\n\n<li>Residentes <strong>permanentes de Canad\u00e1<\/strong><br>Los residentes permanentes de Canad\u00e1 no pueden solicitar una eTA. Deben viajar con: \n<ul class=\"wp-block-list\">\n<li>Una tarjeta de residente permanente v\u00e1lida, O<\/li>\n\n\n\n<li>Un documento de viaje de residente permanente.<\/li>\n<\/ul>\n<\/li>\n\n\n\n<li><strong>Residentes<\/strong> permanentes de EE.UU.<br>A partir del 26 de abril de 2022, los residentes permanentes legales de EE.UU. no necesitan una eTA. Deben llevarla consigo: \n<ul class=\"wp-block-list\">\n<li>Un pasaporte v\u00e1lido de su nacionalidad, Y<\/li>\n\n\n\n<li>Una Tarjeta Verde v\u00e1lida o una prueba de estatus equivalente.<\/li>\n<\/ul>\n<\/li>\n<\/ol>\n\n<hr class=\"wp-block-separator has-alpha-channel-opacity\"\/>\n\n<h3 class=\"wp-block-heading\"><strong>Paso 4: Utiliza la herramienta del Gobierno de Canad\u00e1<\/strong><\/h3>\n\n<p>Para confirmar si necesitas un visado o una eTA, puedes utilizar la <a>herramienta<\/a> oficial <a>de documentos de viaje<\/a> del Gobierno de Canad\u00e1. S\u00f3lo tienes que introducir tu nacionalidad, m\u00e9todo de viaje y motivo de la visita para obtener resultados personalizados. <\/p>\n\n<hr class=\"wp-block-separator has-alpha-channel-opacity\"\/>\n\n<h3 class=\"wp-block-heading\"><strong>Notas finales<\/strong><\/h3>\n\n<ul class=\"wp-block-list\">\n<li>Aseg\u00farate de solicitar el documento correcto con suficiente antelaci\u00f3n a la fecha de tu viaje.<\/li>\n\n\n\n<li>Tener un visado o una eTA no garantiza la entrada en Canad\u00e1. Debes convencer al funcionario de los servicios fronterizos de que cumples todos los requisitos de entrada. <\/li>\n<\/ul>\n\n<p><\/p>\n","protected":false},"excerpt":{"rendered":"<p>C\u00f3mo saber si necesitas visado para viajar a Canad\u00e1 Canad\u00e1 exige a los viajeros un visado de visitante o una [&hellip;]<\/p>\n","protected":false},"author":1,"featured_media":0,"parent":0,"menu_order":0,"comment_status":"closed","ping_status":"closed","template":"","meta":{"_uag_custom_page_level_css":"","site-sidebar-layout":"default","site-content-layout":"","ast-site-content-layout":"","site-content-style":"default","site-sidebar-style":"default","ast-global-header-display":"","ast-banner-title-visibility":"","ast-main-header-display":"","ast-hfb-above-header-display":"","ast-hfb-below-header-display":"","ast-hfb-mobile-header-display":"","site-post-title":"","ast-breadcrumbs-content":"","ast-featured-img":"","footer-sml-layout":"","theme-transparent-header-meta":"","adv-header-id-meta":"","stick-header-meta":"","header-above-stick-meta":"","header-main-stick-meta":"","header-below-stick-meta":"","astra-migrate-meta-layouts":"default","ast-page-background-enabled":"default","ast-page-background-meta":{"desktop":{"background-color":"var(--ast-global-color-4)","background-image":"","background-repeat":"repeat","background-position":"center center","background-size":"auto","background-attachment":"scroll","background-type":"","background-media":"","overlay-type":"","overlay-color":"","overlay-opacity":"","overlay-gradient":""},"tablet":{"background-color":"","background-image":"","background-repeat":"repeat","background-position":"center center","background-size":"auto","background-attachment":"scroll","background-type":"","background-media":"","overlay-type":"","overlay-color":"","overlay-opacity":"","overlay-gradient":""},"mobile":{"background-color":"","background-image":"","background-repeat":"repeat","background-position":"center center","background-size":"auto","background-attachment":"scroll","background-type":"","background-media":"","overlay-type":"","overlay-color":"","overlay-opacity":"","overlay-gradient":""}},"ast-content-background-meta":{"desktop":{"background-color":"var(--ast-global-color-5)","background-image":"","background-repeat":"repeat","background-position":"center center","background-size":"auto","background-attachment":"scroll","background-type":"","background-media":"","overlay-type":"","overlay-color":"","overlay-opacity":"","overlay-gradient":""},"tablet":{"background-color":"var(--ast-global-color-5)","background-image":"","background-repeat":"repeat","background-position":"center center","background-size":"auto","background-attachment":"scroll","background-type":"","background-media":"","overlay-type":"","overlay-color":"","overlay-opacity":"","overlay-gradient":""},"mobile":{"background-color":"var(--ast-global-color-5)","background-image":"","background-repeat":"repeat","background-position":"center center","background-size":"auto","background-attachment":"scroll","background-type":"","background-media":"","overlay-type":"","overlay-color":"","overlay-opacity":"","overlay-gradient":""}},"footnotes":""},"categories":[],"tags":[],"class_list":["post-1475","page","type-page","status-publish","hentry"],"uagb_featured_image_src":{"full":false,"thumbnail":false,"medium":false,"medium_large":false,"large":false,"1536x1536":false,"2048x2048":false},"uagb_author_info":{"display_name":"admin","author_link":"https:\/\/www.etafast.org\/es\/author\/admin\/"},"uagb_comment_info":0,"uagb_excerpt":"C\u00f3mo saber si necesitas visado para viajar a Canad\u00e1 Canad\u00e1 exige a los viajeros un visado de visitante o una [&hellip;]","_links":{"self":[{"href":"https:\/\/www.etafast.org\/es\/wp-json\/wp\/v2\/pages\/1475","targetHints":{"allow":["GET"]}}],"collection":[{"href":"https:\/\/www.etafast.org\/es\/wp-json\/wp\/v2\/pages"}],"about":[{"href":"https:\/\/www.etafast.org\/es\/wp-json\/wp\/v2\/types\/page"}],"author":[{"embeddable":true,"href":"https:\/\/www.etafast.org\/es\/wp-json\/wp\/v2\/users\/1"}],"replies":[{"embeddable":true,"href":"https:\/\/www.etafast.org\/es\/wp-json\/wp\/v2\/comments?post=1475"}],"version-history":[{"count":1,"href":"https:\/\/www.etafast.org\/es\/wp-json\/wp\/v2\/pages\/1475\/revisions"}],"predecessor-version":[{"id":1476,"href":"https:\/\/www.etafast.org\/es\/wp-json\/wp\/v2\/pages\/1475\/revisions\/1476"}],"wp:attachment":[{"href":"https:\/\/www.etafast.org\/es\/wp-json\/wp\/v2\/media?parent=1475"}],"wp:term":[{"taxonomy":"category","embeddable":true,"href":"https:\/\/www.etafast.org\/es\/wp-json\/wp\/v2\/categories?post=1475"},{"taxonomy":"post_tag","embeddable":true,"href":"https:\/\/www.etafast.org\/es\/wp-json\/wp\/v2\/tags?post=1475"}],"curies":[{"name":"wp","href":"https:\/\/api.w.org\/{rel}","templated":true}]}}