{"id":1363,"date":"2024-12-11T08:26:43","date_gmt":"2024-12-11T07:26:43","guid":{"rendered":"https:\/\/www.etafast.org\/prolonga-tu-estancia-en-canada\/"},"modified":"2024-12-11T09:13:43","modified_gmt":"2024-12-11T08:13:43","slug":"prolonga-tu-estancia-en-canada","status":"publish","type":"page","link":"https:\/\/www.etafast.org\/es\/prolonga-tu-estancia-en-canada\/","title":{"rendered":"Prolonga tu estancia en Canad\u00e1"},"content":{"rendered":"\n<h3 class=\"wp-block-heading\">Prolonga tu estancia en Canad\u00e1: Registro de visitantes<\/h3>\n\n<p>Si deseas permanecer en Canad\u00e1 m\u00e1s tiempo del inicialmente autorizado como visitante, tendr\u00e1s que solicitar un <strong>registro de visitante<\/strong>. Un registro de visitante es un documento esencial que te permite prolongar tu estancia sin infringir las normas de inmigraci\u00f3n. <\/p>\n\n<hr class=\"wp-block-separator has-alpha-channel-opacity\"\/>\n\n<h3 class=\"wp-block-heading\"><strong>\u00bfQu\u00e9 es un registro de visitas?<\/strong><\/h3>\n\n<p>Un registro de visitante <strong>no es un visado<\/strong>. En su lugar, es un documento oficial que: <\/p>\n\n<ul class=\"wp-block-list\">\n<li>Te autoriza a permanecer m\u00e1s tiempo en Canad\u00e1 como <strong>visitante<\/strong>, trabajador autorizado a trabajar sin permiso o estudiante autorizado a estudiar sin permiso.<\/li>\n\n\n\n<li>Especifica una nueva fecha de caducidad, antes de la cual debes abandonar Canad\u00e1.<\/li>\n<\/ul>\n\n<hr class=\"wp-block-separator has-alpha-channel-opacity\"\/>\n\n<h3 class=\"wp-block-heading\"><strong>Cu\u00e1ndo solicitar un registro de visitante<\/strong><\/h3>\n\n<p>Debes solicitar un registro de visitante <strong>antes de que caduque tu estatus actual<\/strong>.<\/p>\n\n<ul class=\"wp-block-list\">\n<li>Comprueba el sello de tu pasaporte o la confirmaci\u00f3n escrita de la duraci\u00f3n permitida de tu estancia emitida cuando entraste en Canad\u00e1.<\/li>\n\n\n\n<li>Si no se facilit\u00f3 una fecha concreta, tu estatus suele caducar <strong>a los 6 meses de la fecha de llegada<\/strong>.<\/li>\n<\/ul>\n\n<hr class=\"wp-block-separator has-alpha-channel-opacity\"\/>\n\n<h3 class=\"wp-block-heading\"><strong>\u00bfQui\u00e9n puede solicitar un Registro de Visitante?<\/strong><\/h3>\n\n<p>Puedes solicitar un registro de visitante si<\/p>\n\n<ul class=\"wp-block-list\">\n<li>Has entrado en Canad\u00e1 con un visado de visitante, una eTA u otro documento de viaje v\u00e1lido, y ahora quieres prorrogar tu estancia autorizada.<\/li>\n\n\n\n<li>Est\u00e1s actualmente en Canad\u00e1 como visitante, trabajador o estudiante sin permiso y deseas prorrogar tu estatus.<\/li>\n<\/ul>\n\n<hr class=\"wp-block-separator has-alpha-channel-opacity\"\/>\n\n<h3 class=\"wp-block-heading\"><strong>C\u00f3mo solicitar un Registro de Visitante<\/strong><\/h3>\n\n<p>El proceso para solicitar un registro de visitante incluye los siguientes pasos:<\/p>\n\n<ol class=\"wp-block-list\">\n<li><strong>Prepara tus documentos<\/strong>:\n<ul class=\"wp-block-list\">\n<li>Un pasaporte o documento de viaje v\u00e1lido (aseg\u00farate de que es v\u00e1lido para toda la duraci\u00f3n de tu estancia prolongada).<\/li>\n\n\n\n<li>Prueba de que dispones de fondos suficientes para mantenerte durante la estancia prolongada.<\/li>\n\n\n\n<li>Una explicaci\u00f3n clara de por qu\u00e9 deseas prolongar tu estancia en Canad\u00e1.<\/li>\n<\/ul>\n<\/li>\n\n\n\n<li><strong>Env\u00eda tu solicitud en l\u00ednea<\/strong>:\n<ul class=\"wp-block-list\">\n<li>Rellena el formulario de solicitud a trav\u00e9s del <a>portal del IRCC<\/a>.<\/li>\n\n\n\n<li>Paga la tasa de solicitud, a partir de <strong> 100 $<\/strong>.<\/li>\n<\/ul>\n<\/li>\n\n\n\n<li><strong>Inscr\u00edbete pronto<\/strong>:\n<ul class=\"wp-block-list\">\n<li>El tiempo de tramitaci\u00f3n es de aproximadamente <strong>126 d\u00edas<\/strong>, por lo que es esencial que lo solicites con suficiente antelaci\u00f3n a la expiraci\u00f3n de tu estatus actual.<\/li>\n\n\n\n<li>Si tu estatus caduca mientras tu solicitud est\u00e1 en tr\u00e1mite, tendr\u00e1s <strong>un estatus impl\u00edcito<\/strong> y podr\u00e1s permanecer legalmente en Canad\u00e1 hasta que se tome una decisi\u00f3n.<\/li>\n<\/ul>\n<\/li>\n<\/ol>\n\n<hr class=\"wp-block-separator has-alpha-channel-opacity\"\/>\n\n<h3 class=\"wp-block-heading\"><strong>Despu\u00e9s de solicitarlo<\/strong><\/h3>\n\n<ul class=\"wp-block-list\">\n<li><strong>Aprobaci\u00f3n<\/strong>: Si se aprueba tu solicitud, recibir\u00e1s un registro de visitante en el que se especificar\u00e1 tu nueva fecha de caducidad.<\/li>\n\n\n\n<li><strong>Rechazo<\/strong>: Si tu solicitud es denegada, debes abandonar Canad\u00e1 inmediatamente.<\/li>\n\n\n\n<li><strong>Estatus impl\u00edcito<\/strong>: Mientras esperas una decisi\u00f3n, puedes permanecer en Canad\u00e1 legalmente si lo solicitaste antes de que caducara tu estatus.<\/li>\n<\/ul>\n\n<hr class=\"wp-block-separator has-alpha-channel-opacity\"\/>\n\n<h3 class=\"wp-block-heading\"><strong>Viajar fuera de Canad\u00e1<\/strong><\/h3>\n\n<p>Un registro de visitante <strong>no garantiza la reentrada en Canad\u00e1<\/strong>. Si sales de Canad\u00e1 durante tu estancia prolongada y piensas regresar, necesitar\u00e1s: <\/p>\n\n<ul class=\"wp-block-list\">\n<li>Un <strong>visado de visitante<\/strong> v\u00e1lido o <strong>una eTA<\/strong> para volver a entrar en Canad\u00e1, y<\/li>\n\n\n\n<li>Tu registro de visitante para demostrar la pr\u00f3rroga de tu estancia autorizada.<\/li>\n<\/ul>\n\n<hr class=\"wp-block-separator has-alpha-channel-opacity\"\/>\n\n<h3 class=\"wp-block-heading\"><strong>Principales tasas y plazos de tramitaci\u00f3n<\/strong><\/h3>\n\n<ul class=\"wp-block-list\">\n<li><strong>Tasas<\/strong>: A partir de <strong> 100 $<\/strong> por una solicitud de registro de visitante.<\/li>\n\n\n\n<li><strong>Tiempo de procesamiento<\/strong>: Aproximadamente <strong>126 d\u00edas<\/strong> (sujeto a variaciones).<\/li>\n<\/ul>\n\n<hr class=\"wp-block-separator has-alpha-channel-opacity\"\/>\n\n<h3 class=\"wp-block-heading\"><strong>Notas importantes<\/strong><\/h3>\n\n<ul class=\"wp-block-list\">\n<li>Aseg\u00farate de que tu pasaporte sigue siendo v\u00e1lido durante toda tu estancia.<\/li>\n\n\n\n<li>Un registro de visitante no te permite trabajar o estudiar en Canad\u00e1. Necesitar\u00e1s un permiso de trabajo o de estudios para esas actividades. <\/li>\n\n\n\n<li>Exceder tu estancia autorizada sin solicitar una pr\u00f3rroga puede acarrear sanciones legales y puede afectar a futuros viajes a Canad\u00e1.<\/li>\n<\/ul>\n\n<p>Planificar la pr\u00f3rroga de tu estancia en Canad\u00e1 requiere preparaci\u00f3n y presentar la solicitud a tiempo. Si sigues el proceso, podr\u00e1s disfrutar de una estancia m\u00e1s larga cumpliendo las leyes de inmigraci\u00f3n canadienses. <\/p>\n","protected":false},"excerpt":{"rendered":"<p>Prolonga tu estancia en Canad\u00e1: Registro de visitantes Si deseas permanecer en Canad\u00e1 m\u00e1s tiempo del inicialmente autorizado como visitante, [&hellip;]<\/p>\n","protected":false},"author":1,"featured_media":0,"parent":0,"menu_order":0,"comment_status":"closed","ping_status":"closed","template":"","meta":{"_uag_custom_page_level_css":"","site-sidebar-layout":"default","site-content-layout":"","ast-site-content-layout":"","site-content-style":"default","site-sidebar-style":"default","ast-global-header-display":"","ast-banner-title-visibility":"","ast-main-header-display":"","ast-hfb-above-header-display":"","ast-hfb-below-header-display":"","ast-hfb-mobile-header-display":"","site-post-title":"","ast-breadcrumbs-content":"","ast-featured-img":"","footer-sml-layout":"","theme-transparent-header-meta":"","adv-header-id-meta":"","stick-header-meta":"","header-above-stick-meta":"","header-main-stick-meta":"","header-below-stick-meta":"","astra-migrate-meta-layouts":"default","ast-page-background-enabled":"default","ast-page-background-meta":{"desktop":{"background-color":"var(--ast-global-color-4)","background-image":"","background-repeat":"repeat","background-position":"center center","background-size":"auto","background-attachment":"scroll","background-type":"","background-media":"","overlay-type":"","overlay-color":"","overlay-opacity":"","overlay-gradient":""},"tablet":{"background-color":"","background-image":"","background-repeat":"repeat","background-position":"center center","background-size":"auto","background-attachment":"scroll","background-type":"","background-media":"","overlay-type":"","overlay-color":"","overlay-opacity":"","overlay-gradient":""},"mobile":{"background-color":"","background-image":"","background-repeat":"repeat","background-position":"center center","background-size":"auto","background-attachment":"scroll","background-type":"","background-media":"","overlay-type":"","overlay-color":"","overlay-opacity":"","overlay-gradient":""}},"ast-content-background-meta":{"desktop":{"background-color":"var(--ast-global-color-5)","background-image":"","background-repeat":"repeat","background-position":"center center","background-size":"auto","background-attachment":"scroll","background-type":"","background-media":"","overlay-type":"","overlay-color":"","overlay-opacity":"","overlay-gradient":""},"tablet":{"background-color":"var(--ast-global-color-5)","background-image":"","background-repeat":"repeat","background-position":"center center","background-size":"auto","background-attachment":"scroll","background-type":"","background-media":"","overlay-type":"","overlay-color":"","overlay-opacity":"","overlay-gradient":""},"mobile":{"background-color":"var(--ast-global-color-5)","background-image":"","background-repeat":"repeat","background-position":"center center","background-size":"auto","background-attachment":"scroll","background-type":"","background-media":"","overlay-type":"","overlay-color":"","overlay-opacity":"","overlay-gradient":""}},"footnotes":""},"categories":[],"tags":[],"class_list":["post-1363","page","type-page","status-publish","hentry"],"uagb_featured_image_src":{"full":false,"thumbnail":false,"medium":false,"medium_large":false,"large":false,"1536x1536":false,"2048x2048":false},"uagb_author_info":{"display_name":"admin","author_link":"https:\/\/www.etafast.org\/es\/author\/admin\/"},"uagb_comment_info":0,"uagb_excerpt":"Prolonga tu estancia en Canad\u00e1: Registro de visitantes Si deseas permanecer en Canad\u00e1 m\u00e1s tiempo del inicialmente autorizado como visitante, [&hellip;]","_links":{"self":[{"href":"https:\/\/www.etafast.org\/es\/wp-json\/wp\/v2\/pages\/1363","targetHints":{"allow":["GET"]}}],"collection":[{"href":"https:\/\/www.etafast.org\/es\/wp-json\/wp\/v2\/pages"}],"about":[{"href":"https:\/\/www.etafast.org\/es\/wp-json\/wp\/v2\/types\/page"}],"author":[{"embeddable":true,"href":"https:\/\/www.etafast.org\/es\/wp-json\/wp\/v2\/users\/1"}],"replies":[{"embeddable":true,"href":"https:\/\/www.etafast.org\/es\/wp-json\/wp\/v2\/comments?post=1363"}],"version-history":[{"count":1,"href":"https:\/\/www.etafast.org\/es\/wp-json\/wp\/v2\/pages\/1363\/revisions"}],"predecessor-version":[{"id":1364,"href":"https:\/\/www.etafast.org\/es\/wp-json\/wp\/v2\/pages\/1363\/revisions\/1364"}],"wp:attachment":[{"href":"https:\/\/www.etafast.org\/es\/wp-json\/wp\/v2\/media?parent=1363"}],"wp:term":[{"taxonomy":"category","embeddable":true,"href":"https:\/\/www.etafast.org\/es\/wp-json\/wp\/v2\/categories?post=1363"},{"taxonomy":"post_tag","embeddable":true,"href":"https:\/\/www.etafast.org\/es\/wp-json\/wp\/v2\/tags?post=1363"}],"curies":[{"name":"wp","href":"https:\/\/api.w.org\/{rel}","templated":true}]}}