{"id":1291,"date":"2024-12-11T08:28:06","date_gmt":"2024-12-11T07:28:06","guid":{"rendered":"https:\/\/www.etafast.org\/supervisado-para-padres-y-abuelos\/"},"modified":"2024-12-11T09:12:10","modified_gmt":"2024-12-11T08:12:10","slug":"supervisado-para-padres-y-abuelos","status":"publish","type":"page","link":"https:\/\/www.etafast.org\/es\/supervisado-para-padres-y-abuelos\/","title":{"rendered":"Supervisado para padres y abuelos"},"content":{"rendered":"\n<h3 class=\"wp-block-heading\">Supervisado para padres y abuelos<\/h3>\n\n<p>El <strong>Supervisado<\/strong> es un visado especial dise\u00f1ado para padres y abuelos de ciudadanos canadienses y residentes permanentes. Permite visitas prolongadas a Canad\u00e1, proporcionando una oportunidad \u00fanica de pasar tiempo con la familia al tiempo que se disfruta de las ventajas de las entradas m\u00faltiples a lo largo de un per\u00edodo prolongado. <\/p>\n\n<hr class=\"wp-block-separator has-alpha-channel-opacity\"\/>\n\n<h3 class=\"wp-block-heading\"><strong>\u00bfQu\u00e9 es un Supervisado?<\/strong><\/h3>\n\n<p>Una <strong>Super Visa<\/strong> es:<\/p>\n\n<ul class=\"wp-block-list\">\n<li>Un <strong>visado de larga duraci\u00f3n<\/strong> que permite a los padres y abuelos que cumplan los requisitos visitar Canad\u00e1 durante <strong>un m\u00e1ximo de 5 a\u00f1os por visita<\/strong> sin necesidad de renovar su estatuto.<\/li>\n\n\n\n<li>Un <strong>visado de entradas m\u00faltiples<\/strong>, v\u00e1lido <strong>hasta 10 a\u00f1os<\/strong>, que permite visitas frecuentes a Canad\u00e1 durante el periodo de validez del visado.<\/li>\n<\/ul>\n\n<p>Este visado es ideal para las personas que planean visitar a sus hijos o nietos durante estancias prolongadas.<\/p>\n\n<hr class=\"wp-block-separator has-alpha-channel-opacity\"\/>\n\n<h3 class=\"wp-block-heading\"><strong>Requisitos para obtener el Supervisado<\/strong><\/h3>\n\n<p>Para obtener un Supervisado, los solicitantes deben cumplir unos criterios espec\u00edficos:<\/p>\n\n<ol class=\"wp-block-list\">\n<li><strong>Relaci\u00f3n<\/strong>:\n<ul class=\"wp-block-list\">\n<li>Ser <strong>padre o abuelo<\/strong> de un ciudadano o residente permanente canadiense.<\/li>\n<\/ul>\n<\/li>\n\n\n\n<li><strong>Carta de invitaci\u00f3n<\/strong>:\n<ul class=\"wp-block-list\">\n<li>Presenta una carta de invitaci\u00f3n de tu hijo o nieto en Canad\u00e1.<\/li>\n\n\n\n<li>La carta debe incluir:\n<ul class=\"wp-block-list\">\n<li>Una promesa de ayuda econ\u00f3mica para la duraci\u00f3n de tu visita.<\/li>\n\n\n\n<li>Detalles de tu relaci\u00f3n.<\/li>\n\n\n\n<li>Una lista de los miembros del hogar del anfitri\u00f3n en Canad\u00e1.<\/li>\n<\/ul>\n<\/li>\n<\/ul>\n<\/li>\n\n\n\n<li><strong>Requisitos de ingresos<\/strong>:\n<ul class=\"wp-block-list\">\n<li>El hijo o nieto debe alcanzar un <strong>umbral m\u00ednimo de ingresos<\/strong> en funci\u00f3n del n\u00famero de miembros de la familia.<\/li>\n<\/ul>\n<\/li>\n\n\n\n<li><strong>Seguro de enfermedad<\/strong>:\n<ul class=\"wp-block-list\">\n<li>Adquiere un <strong>seguro m\u00e9dico<\/strong> privado de una compa\u00f1\u00eda de seguros canadiense que:\n<ul class=\"wp-block-list\">\n<li>Te cubre al menos <strong> 100.000 CAD<\/strong>.<\/li>\n\n\n\n<li>Tiene una validez <strong>m\u00ednima de un a\u00f1o<\/strong> a partir de la fecha de entrada.<\/li>\n\n\n\n<li>Incluye el justificante del pago completo (no los presupuestos).<\/li>\n<\/ul>\n<\/li>\n<\/ul>\n<\/li>\n\n\n\n<li><strong>Reconocimiento m\u00e9dico<\/strong>:\n<ul class=\"wp-block-list\">\n<li>Completar un examen m\u00e9dico de inmigraci\u00f3n para demostrar la admisibilidad.<\/li>\n<\/ul>\n<\/li>\n\n\n\n<li><strong>Requisitos adicionales<\/strong>:\n<ul class=\"wp-block-list\">\n<li>Demostrar fuertes v\u00ednculos con tu pa\u00eds de origen, como familiares, econ\u00f3micos o laborales, para garantizar que saldr\u00e1s de Canad\u00e1 despu\u00e9s de tu visita.<\/li>\n\n\n\n<li>Demuestra que dispones de fondos suficientes para tu visita.<\/li>\n<\/ul>\n<\/li>\n<\/ol>\n\n<hr class=\"wp-block-separator has-alpha-channel-opacity\"\/>\n\n<h3 class=\"wp-block-heading\"><strong>\u00bfCu\u00e1nto tiempo puedes quedarte en Canad\u00e1?<\/strong><\/h3>\n\n<p>La duraci\u00f3n de tu estancia depende de cu\u00e1ndo solicitaste el Supervisado:<\/p>\n\n<ul class=\"wp-block-list\">\n<li><strong>Solicitudes a partir del 22 de junio de 2023<\/strong>:\n<ul class=\"wp-block-list\">\n<li>Los titulares de un Supervisado pueden permanecer <strong>hasta 5 a\u00f1os por visita<\/strong>.<\/li>\n<\/ul>\n<\/li>\n\n\n\n<li><strong>Solicitudes antes del 22 de junio de 2023<\/strong>:\n<ul class=\"wp-block-list\">\n<li>Puedes permanecer <strong>hasta 2 a\u00f1os por visita<\/strong>.<\/li>\n<\/ul>\n<\/li>\n<\/ul>\n\n<p>Independientemente de la fecha de tu solicitud:<\/p>\n\n<ul class=\"wp-block-list\">\n<li>Aseg\u00farate de que tu <strong>pasaporte es<\/strong> v\u00e1lido durante toda tu estancia.<\/li>\n\n\n\n<li>Mant\u00e9n o renueva tu <strong>seguro m\u00e9dico<\/strong> mientras est\u00e9s en Canad\u00e1 o cuando vuelvas a entrar.<\/li>\n<\/ul>\n\n<hr class=\"wp-block-separator has-alpha-channel-opacity\"\/>\n\n<h3 class=\"wp-block-heading\"><strong>Ventajas de un Supervisado<\/strong><\/h3>\n\n<ol class=\"wp-block-list\">\n<li><strong>Visitas prolongadas<\/strong>:\n<ul class=\"wp-block-list\">\n<li>Disfruta de estancias de larga duraci\u00f3n sin tener que solicitar pr\u00f3rrogas con frecuencia.<\/li>\n<\/ul>\n<\/li>\n\n\n\n<li><strong>Entradas m\u00faltiples<\/strong>:\n<ul class=\"wp-block-list\">\n<li>Viaja a Canad\u00e1 varias veces en un periodo de 10 a\u00f1os.<\/li>\n<\/ul>\n<\/li>\n\n\n\n<li><strong>Tranquilidad<\/strong>:\n<ul class=\"wp-block-list\">\n<li>La exigencia de un seguro m\u00e9dico garantiza la cobertura m\u00e9dica durante tu estancia.<\/li>\n<\/ul>\n<\/li>\n\n\n\n<li><strong>Reunificaci\u00f3n familiar<\/strong>:\n<ul class=\"wp-block-list\">\n<li>Fomenta lazos m\u00e1s estrechos con tus hijos y nietos.<\/li>\n<\/ul>\n<\/li>\n<\/ol>\n","protected":false},"excerpt":{"rendered":"<p>Supervisado para padres y abuelos El Supervisado es un visado especial dise\u00f1ado para padres y abuelos de ciudadanos canadienses y [&hellip;]<\/p>\n","protected":false},"author":1,"featured_media":0,"parent":0,"menu_order":0,"comment_status":"closed","ping_status":"closed","template":"","meta":{"_uag_custom_page_level_css":"","site-sidebar-layout":"default","site-content-layout":"","ast-site-content-layout":"","site-content-style":"default","site-sidebar-style":"default","ast-global-header-display":"","ast-banner-title-visibility":"","ast-main-header-display":"","ast-hfb-above-header-display":"","ast-hfb-below-header-display":"","ast-hfb-mobile-header-display":"","site-post-title":"","ast-breadcrumbs-content":"","ast-featured-img":"","footer-sml-layout":"","theme-transparent-header-meta":"","adv-header-id-meta":"","stick-header-meta":"","header-above-stick-meta":"","header-main-stick-meta":"","header-below-stick-meta":"","astra-migrate-meta-layouts":"default","ast-page-background-enabled":"default","ast-page-background-meta":{"desktop":{"background-color":"var(--ast-global-color-4)","background-image":"","background-repeat":"repeat","background-position":"center center","background-size":"auto","background-attachment":"scroll","background-type":"","background-media":"","overlay-type":"","overlay-color":"","overlay-opacity":"","overlay-gradient":""},"tablet":{"background-color":"","background-image":"","background-repeat":"repeat","background-position":"center center","background-size":"auto","background-attachment":"scroll","background-type":"","background-media":"","overlay-type":"","overlay-color":"","overlay-opacity":"","overlay-gradient":""},"mobile":{"background-color":"","background-image":"","background-repeat":"repeat","background-position":"center center","background-size":"auto","background-attachment":"scroll","background-type":"","background-media":"","overlay-type":"","overlay-color":"","overlay-opacity":"","overlay-gradient":""}},"ast-content-background-meta":{"desktop":{"background-color":"var(--ast-global-color-5)","background-image":"","background-repeat":"repeat","background-position":"center center","background-size":"auto","background-attachment":"scroll","background-type":"","background-media":"","overlay-type":"","overlay-color":"","overlay-opacity":"","overlay-gradient":""},"tablet":{"background-color":"var(--ast-global-color-5)","background-image":"","background-repeat":"repeat","background-position":"center center","background-size":"auto","background-attachment":"scroll","background-type":"","background-media":"","overlay-type":"","overlay-color":"","overlay-opacity":"","overlay-gradient":""},"mobile":{"background-color":"var(--ast-global-color-5)","background-image":"","background-repeat":"repeat","background-position":"center center","background-size":"auto","background-attachment":"scroll","background-type":"","background-media":"","overlay-type":"","overlay-color":"","overlay-opacity":"","overlay-gradient":""}},"footnotes":""},"categories":[],"tags":[],"class_list":["post-1291","page","type-page","status-publish","hentry"],"uagb_featured_image_src":{"full":false,"thumbnail":false,"medium":false,"medium_large":false,"large":false,"1536x1536":false,"2048x2048":false},"uagb_author_info":{"display_name":"admin","author_link":"https:\/\/www.etafast.org\/es\/author\/admin\/"},"uagb_comment_info":0,"uagb_excerpt":"Supervisado para padres y abuelos El Supervisado es un visado especial dise\u00f1ado para padres y abuelos de ciudadanos canadienses y [&hellip;]","_links":{"self":[{"href":"https:\/\/www.etafast.org\/es\/wp-json\/wp\/v2\/pages\/1291","targetHints":{"allow":["GET"]}}],"collection":[{"href":"https:\/\/www.etafast.org\/es\/wp-json\/wp\/v2\/pages"}],"about":[{"href":"https:\/\/www.etafast.org\/es\/wp-json\/wp\/v2\/types\/page"}],"author":[{"embeddable":true,"href":"https:\/\/www.etafast.org\/es\/wp-json\/wp\/v2\/users\/1"}],"replies":[{"embeddable":true,"href":"https:\/\/www.etafast.org\/es\/wp-json\/wp\/v2\/comments?post=1291"}],"version-history":[{"count":1,"href":"https:\/\/www.etafast.org\/es\/wp-json\/wp\/v2\/pages\/1291\/revisions"}],"predecessor-version":[{"id":1292,"href":"https:\/\/www.etafast.org\/es\/wp-json\/wp\/v2\/pages\/1291\/revisions\/1292"}],"wp:attachment":[{"href":"https:\/\/www.etafast.org\/es\/wp-json\/wp\/v2\/media?parent=1291"}],"wp:term":[{"taxonomy":"category","embeddable":true,"href":"https:\/\/www.etafast.org\/es\/wp-json\/wp\/v2\/categories?post=1291"},{"taxonomy":"post_tag","embeddable":true,"href":"https:\/\/www.etafast.org\/es\/wp-json\/wp\/v2\/tags?post=1291"}],"curies":[{"name":"wp","href":"https:\/\/api.w.org\/{rel}","templated":true}]}}