{"id":1199,"date":"2024-12-11T08:29:22","date_gmt":"2024-12-11T07:29:22","guid":{"rendered":"https:\/\/www.etafast.org\/visitantes-de-negocios\/"},"modified":"2024-12-11T09:10:57","modified_gmt":"2024-12-11T08:10:57","slug":"visitantes-de-negocios","status":"publish","type":"page","link":"https:\/\/www.etafast.org\/es\/visitantes-de-negocios\/","title":{"rendered":"Visitantes de negocios"},"content":{"rendered":"\n<h3 class=\"wp-block-heading\">Visitantes de negocios: Asistir a reuniones, actos y conferencias en Canad\u00e1<\/h3>\n\n<p>Los visitantes de negocios desempe\u00f1an un papel vital en el fomento del comercio y la colaboraci\u00f3n internacionales. Si est\u00e1s planeando asistir a reuniones, actos o conferencias en Canad\u00e1 como visitante de negocios, aqu\u00ed tienes una gu\u00eda paso a paso para asegurarte un proceso de entrada sin problemas. <\/p>\n\n<hr class=\"wp-block-separator has-alpha-channel-opacity\"\/>\n\n<h3 class=\"wp-block-heading\"><strong>Paso 1: \u00bfEres un visitante de negocios o necesitas un permiso de trabajo?<\/strong><\/h3>\n\n<p>Para ser considerado <strong>visitante de negocios<\/strong> en Canad\u00e1, debes<\/p>\n\n<ul class=\"wp-block-list\">\n<li><strong>Duraci\u00f3n<\/strong>: Prev\u00e9 una estancia <strong>inferior a 6 meses<\/strong>.<\/li>\n\n\n\n<li><strong>Finalidad<\/strong>: No entrar en el mercado laboral canadiense.<\/li>\n\n\n\n<li><strong>Fuente de negocio<\/strong>: Aseg\u00farate de que tu centro de actividad principal, tus ingresos y tus beneficios permanecen <strong>fuera de Canad\u00e1<\/strong>.<\/li>\n\n\n\n<li><strong>Documentos<\/strong>: Ten a mano la documentaci\u00f3n necesaria para respaldar tu solicitud.<\/li>\n<\/ul>\n\n<p><strong>Requisitos b\u00e1sicos de acceso<\/strong>:<\/p>\n\n<ul class=\"wp-block-list\">\n<li>Un documento de viaje v\u00e1lido (como el pasaporte).<\/li>\n\n\n\n<li>Fondos suficientes para tu estancia y viaje de vuelta.<\/li>\n\n\n\n<li>Prueba de que saldr\u00e1s de Canad\u00e1 al final de tu visita.<\/li>\n\n\n\n<li>Sin riesgos penales, de seguridad o sanitarios para los canadienses.<\/li>\n<\/ul>\n\n<p><strong>Actividades permitidas como visitante de negocios<\/strong>:<\/p>\n\n<ul class=\"wp-block-list\">\n<li>Adquirir bienes o servicios canadienses para una empresa o gobierno extranjero.<\/li>\n\n\n\n<li>Tomar pedidos de bienes o servicios.<\/li>\n\n\n\n<li>Asistir a reuniones, conferencias, convenciones o ferias comerciales.<\/li>\n\n\n\n<li>Prestar servicio posventa en virtud de un contrato de garant\u00eda o de venta.<\/li>\n\n\n\n<li>Recibir o realizar formaci\u00f3n relacionada con tu negocio.<\/li>\n<\/ul>\n\n<p><strong>Nota<\/strong>: Si tu visita implica una estancia de m\u00e1s de 6 meses o la participaci\u00f3n en actividades del mercado laboral canadiense, es posible que necesites un <strong>permiso de trabajo<\/strong>.<\/p>\n\n<hr class=\"wp-block-separator has-alpha-channel-opacity\"\/>\n\n<h3 class=\"wp-block-heading\"><strong>Paso 2: \u00bfNecesitas un visado o una eTA?<\/strong><\/h3>\n\n<p>Que necesites un <strong>visado<\/strong> o una <strong>autorizaci\u00f3n electr\u00f3nica de viaje (eTA<\/strong> ) depende de tu nacionalidad y de las circunstancias del viaje.<\/p>\n\n<ul class=\"wp-block-list\">\n<li>Utiliza la <a>herramienta del Gobierno de Canad\u00e1<\/a> para determinar si cumples los requisitos.<\/li>\n<\/ul>\n\n<hr class=\"wp-block-separator has-alpha-channel-opacity\"\/>\n\n<h3 class=\"wp-block-heading\"><strong>Paso 3: Obtener un C\u00f3digo de Evento (si procede)<\/strong><\/h3>\n\n<p>Para actos, reuniones o conferencias registrados en el Servicio <strong>de Inmigraci\u00f3n, Refugiados y Ciudadan\u00eda de Canad\u00e1 (IRCC<\/strong>):<\/p>\n\n<ul class=\"wp-block-list\">\n<li>El organizador de tu evento te proporcionar\u00e1 un <strong>c\u00f3digo de evento<\/strong> e instrucciones para tu solicitud de visado.<\/li>\n\n\n\n<li>Introducir el c\u00f3digo del evento en tu solicitud ayuda a identificarte como participante.<\/li>\n<\/ul>\n\n<hr class=\"wp-block-separator has-alpha-channel-opacity\"\/>\n\n<h3 class=\"wp-block-heading\"><strong>Paso 4: Solicitar un visado o una eTA (si es necesario)<\/strong><\/h3>\n\n<ul class=\"wp-block-list\">\n<li><strong>Visado<\/strong>: Presenta una solicitud de visado a trav\u00e9s del <a>sitio web<\/a> oficial <a>del IRCC<\/a>.<\/li>\n\n\n\n<li><strong>eTA<\/strong>: Solicita online una eTA .<\/li>\n<\/ul>\n\n<hr class=\"wp-block-separator has-alpha-channel-opacity\"\/>\n\n<h3 class=\"wp-block-heading\"><strong>Paso 5: Prepara los documentos para tu viaje<\/strong><\/h3>\n\n<p>Cuando llegues a la frontera canadiense, aseg\u00farate de que llevas los siguientes documentos (no los metas en la maleta):<\/p>\n\n<ul class=\"wp-block-list\">\n<li>Un pasaporte o documento de viaje v\u00e1lido para toda la duraci\u00f3n de tu estancia.<\/li>\n\n\n\n<li>Un visado v\u00e1lido (si procede).<\/li>\n\n\n\n<li>Si necesitas una eTA, viaja con el pasaporte utilizado en tu solicitud de eTA.<\/li>\n\n\n\n<li>Los residentes legales permanentes en Estados Unidos deben llevar una <strong>tarjeta verde v\u00e1lida<\/strong> (o una prueba equivalente de su condici\u00f3n) y su pasaporte.<\/li>\n\n\n\n<li>Cartas de apoyo de tu empresa matriz y una carta de invitaci\u00f3n de la empresa canadiense de acogida.<\/li>\n\n\n\n<li>Documentos adicionales como contratos, acuerdos de garant\u00eda o documentos de servicio (si procede).<\/li>\n\n\n\n<li>Datos de contacto del anfitri\u00f3n de tu empresa en Canad\u00e1.<\/li>\n\n\n\n<li>Prueba de que dispones de fondos suficientes para tu estancia y regreso.<\/li>\n<\/ul>\n\n<hr class=\"wp-block-separator has-alpha-channel-opacity\"\/>\n\n<h3 class=\"wp-block-heading\"><strong>Menores que viajan contigo<\/strong><\/h3>\n\n<p>Si viajas con ni\u00f1os menores de 18 a\u00f1os, familiar\u00edzate con la normativa canadiense sobre menores.<\/p>\n\n<ul class=\"wp-block-list\">\n<li>Consulta los requisitos de entrada de menores para garantizar el cumplimiento de las leyes canadienses de protecci\u00f3n de la infancia.<\/li>\n<\/ul>\n\n<hr class=\"wp-block-separator has-alpha-channel-opacity\"\/>\n\n<h3 class=\"wp-block-heading\"><strong>Notas clave para los visitantes de negocios<\/strong><\/h3>\n\n<ul class=\"wp-block-list\">\n<li>El <strong>Acuerdo Canad\u00e1-Estados Unidos-M\u00e9xico (CUSMA)<\/strong> establece disposiciones adicionales para los nacionales estadounidenses y mexicanos que participen en actividades como la investigaci\u00f3n, la comercializaci\u00f3n y los servicios generales.<\/li>\n\n\n\n<li>Consulta siempre con el organizador de tu reuni\u00f3n o acto los requisitos u orientaciones espec\u00edficos.<\/li>\n\n\n\n<li>Los visitantes de negocios se limitan a actividades que no impliquen un empleo directo en Canad\u00e1.<\/li>\n<\/ul>\n\n<p>Siguiendo estos pasos y asegur\u00e1ndote de que tienes los documentos adecuados, tu visita de negocios a Canad\u00e1 puede desarrollarse con eficacia y \u00e9xito.<\/p>\n","protected":false},"excerpt":{"rendered":"<p>Visitantes de negocios: Asistir a reuniones, actos y conferencias en Canad\u00e1 Los visitantes de negocios desempe\u00f1an un papel vital en [&hellip;]<\/p>\n","protected":false},"author":1,"featured_media":0,"parent":0,"menu_order":0,"comment_status":"closed","ping_status":"closed","template":"","meta":{"_uag_custom_page_level_css":"","site-sidebar-layout":"default","site-content-layout":"","ast-site-content-layout":"","site-content-style":"default","site-sidebar-style":"default","ast-global-header-display":"","ast-banner-title-visibility":"","ast-main-header-display":"","ast-hfb-above-header-display":"","ast-hfb-below-header-display":"","ast-hfb-mobile-header-display":"","site-post-title":"","ast-breadcrumbs-content":"","ast-featured-img":"","footer-sml-layout":"","theme-transparent-header-meta":"","adv-header-id-meta":"","stick-header-meta":"","header-above-stick-meta":"","header-main-stick-meta":"","header-below-stick-meta":"","astra-migrate-meta-layouts":"default","ast-page-background-enabled":"default","ast-page-background-meta":{"desktop":{"background-color":"var(--ast-global-color-4)","background-image":"","background-repeat":"repeat","background-position":"center center","background-size":"auto","background-attachment":"scroll","background-type":"","background-media":"","overlay-type":"","overlay-color":"","overlay-opacity":"","overlay-gradient":""},"tablet":{"background-color":"","background-image":"","background-repeat":"repeat","background-position":"center center","background-size":"auto","background-attachment":"scroll","background-type":"","background-media":"","overlay-type":"","overlay-color":"","overlay-opacity":"","overlay-gradient":""},"mobile":{"background-color":"","background-image":"","background-repeat":"repeat","background-position":"center center","background-size":"auto","background-attachment":"scroll","background-type":"","background-media":"","overlay-type":"","overlay-color":"","overlay-opacity":"","overlay-gradient":""}},"ast-content-background-meta":{"desktop":{"background-color":"var(--ast-global-color-5)","background-image":"","background-repeat":"repeat","background-position":"center center","background-size":"auto","background-attachment":"scroll","background-type":"","background-media":"","overlay-type":"","overlay-color":"","overlay-opacity":"","overlay-gradient":""},"tablet":{"background-color":"var(--ast-global-color-5)","background-image":"","background-repeat":"repeat","background-position":"center center","background-size":"auto","background-attachment":"scroll","background-type":"","background-media":"","overlay-type":"","overlay-color":"","overlay-opacity":"","overlay-gradient":""},"mobile":{"background-color":"var(--ast-global-color-5)","background-image":"","background-repeat":"repeat","background-position":"center center","background-size":"auto","background-attachment":"scroll","background-type":"","background-media":"","overlay-type":"","overlay-color":"","overlay-opacity":"","overlay-gradient":""}},"footnotes":""},"categories":[],"tags":[],"class_list":["post-1199","page","type-page","status-publish","hentry"],"uagb_featured_image_src":{"full":false,"thumbnail":false,"medium":false,"medium_large":false,"large":false,"1536x1536":false,"2048x2048":false},"uagb_author_info":{"display_name":"admin","author_link":"https:\/\/www.etafast.org\/es\/author\/admin\/"},"uagb_comment_info":0,"uagb_excerpt":"Visitantes de negocios: Asistir a reuniones, actos y conferencias en Canad\u00e1 Los visitantes de negocios desempe\u00f1an un papel vital en [&hellip;]","_links":{"self":[{"href":"https:\/\/www.etafast.org\/es\/wp-json\/wp\/v2\/pages\/1199","targetHints":{"allow":["GET"]}}],"collection":[{"href":"https:\/\/www.etafast.org\/es\/wp-json\/wp\/v2\/pages"}],"about":[{"href":"https:\/\/www.etafast.org\/es\/wp-json\/wp\/v2\/types\/page"}],"author":[{"embeddable":true,"href":"https:\/\/www.etafast.org\/es\/wp-json\/wp\/v2\/users\/1"}],"replies":[{"embeddable":true,"href":"https:\/\/www.etafast.org\/es\/wp-json\/wp\/v2\/comments?post=1199"}],"version-history":[{"count":1,"href":"https:\/\/www.etafast.org\/es\/wp-json\/wp\/v2\/pages\/1199\/revisions"}],"predecessor-version":[{"id":1200,"href":"https:\/\/www.etafast.org\/es\/wp-json\/wp\/v2\/pages\/1199\/revisions\/1200"}],"wp:attachment":[{"href":"https:\/\/www.etafast.org\/es\/wp-json\/wp\/v2\/media?parent=1199"}],"wp:term":[{"taxonomy":"category","embeddable":true,"href":"https:\/\/www.etafast.org\/es\/wp-json\/wp\/v2\/categories?post=1199"},{"taxonomy":"post_tag","embeddable":true,"href":"https:\/\/www.etafast.org\/es\/wp-json\/wp\/v2\/tags?post=1199"}],"curies":[{"name":"wp","href":"https:\/\/api.w.org\/{rel}","templated":true}]}}