{"id":185,"date":"2024-12-11T08:30:38","date_gmt":"2024-12-11T07:30:38","guid":{"rendered":"https:\/\/www.etafast.org\/transit-durch-kanada\/"},"modified":"2024-12-11T08:31:09","modified_gmt":"2024-12-11T07:31:09","slug":"transit-durch-kanada","status":"publish","type":"page","link":"https:\/\/www.etafast.org\/de\/transit-durch-kanada\/","title":{"rendered":"Transit durch Kanada"},"content":{"rendered":"\n<p>Wenn Sie in ein anderes Land reisen und durch Kanada durchreisen m\u00fcssen, h\u00e4ngen die erforderlichen Dokumente von verschiedenen Faktoren ab, darunter die Art Ihrer Reise, die Dauer Ihres Aufenthalts, Ihre Nationalit\u00e4t und Ihr Einwanderungsstatus. Im Folgenden finden Sie einen umfassenden Leitfaden, der Ihnen hilft, herauszufinden, was Sie f\u00fcr eine reibungslose Durchreise durch Kanada ben\u00f6tigen. <\/p>\n\n<hr class=\"wp-block-separator has-alpha-channel-opacity\"\/>\n\n<h3 class=\"wp-block-heading\"><strong>Faktoren, die Ihren Transitbedarf bestimmen<\/strong><\/h3>\n\n<ol class=\"wp-block-list\">\n<li><strong>Art des Reisens<\/strong>:\n<ul class=\"wp-block-list\">\n<li>Mit dem Flugzeug (internationale Fl\u00fcge mit Anschluss an kanadische Flugh\u00e4fen).<\/li>\n\n\n\n<li>Mit dem Auto, Bus, Zug oder Schiff (einschlie\u00dflich Kreuzfahrtschiffen).<\/li>\n<\/ul>\n<\/li>\n\n\n\n<li><strong>Dauer der Durchreise<\/strong>:\n<ul class=\"wp-block-list\">\n<li>Weniger als 48 Stunden.<\/li>\n\n\n\n<li>Mehr als 48 Stunden.<\/li>\n<\/ul>\n<\/li>\n\n\n\n<li><strong>Nationalit\u00e4t und Einwanderungsstatus<\/strong>:\n<ul class=\"wp-block-list\">\n<li>Ihr Reisepass-Land.<\/li>\n\n\n\n<li>Unabh\u00e4ngig davon, ob Sie US-B\u00fcrger sind, einen st\u00e4ndigen Wohnsitz in den USA haben oder ein g\u00fcltiges US-Visum besitzen.<\/li>\n<\/ul>\n<\/li>\n<\/ol>\n\n<hr class=\"wp-block-separator has-alpha-channel-opacity\"\/>\n\n<h3 class=\"wp-block-heading\"><strong>Dokumentenoptionen f\u00fcr die Durchreise durch Kanada<\/strong><\/h3>\n\n<h4 class=\"wp-block-heading\"><strong>1. Besuchervisum<\/strong><\/h4>\n\n<p>Sie ben\u00f6tigen ein <strong>Besuchervisum<\/strong>, wenn:<\/p>\n\n<ul class=\"wp-block-list\">\n<li>Sie kommen aus einem <strong>visumspflichtigen Land<\/strong> und wollen einreisen:\n<ul class=\"wp-block-list\">\n<li>Besuchen Sie Kanada, auch wenn es nur f\u00fcr weniger als 48 Stunden ist.<\/li>\n\n\n\n<li>Halten Sie sich w\u00e4hrend der Durchreise <strong>l\u00e4nger als 48 Stunden<\/strong> in Kanada auf.<\/li>\n<\/ul>\n<\/li>\n\n\n\n<li>Sie reisen mit dem <strong>Bus, Auto, Zug, Schiff oder Kreuzfahrtschiff<\/strong> aus einem visumspflichtigen Land ein.<\/li>\n<\/ul>\n\n<p><\/p>\n\n<hr class=\"wp-block-separator has-alpha-channel-opacity\"\/>\n\n<h4 class=\"wp-block-heading\"><strong>2. Transitvisum<\/strong><\/h4>\n\n<p>Sie ben\u00f6tigen ein <strong>Transitvisum<\/strong>, wenn:<\/p>\n\n<ul class=\"wp-block-list\">\n<li>Sie kommen aus einem <strong>visumspflichtigen Land<\/strong> und:\n<ul class=\"wp-block-list\">\n<li>Ihr internationaler Flug landet auf einem kanadischen Flughafen auf dem Weg zu einem anderen Ziel.<\/li>\n\n\n\n<li>Sie haben einen Anschlussflug zwischen zwei internationalen Fl\u00fcgen auf einem oder mehreren kanadischen Flugh\u00e4fen.<\/li>\n\n\n\n<li>Ihre Transitzeit betr\u00e4gt <strong>48 Stunden oder weniger<\/strong>.<\/li>\n\n\n\n<li>Sie verf\u00fcgen nicht \u00fcber ein g\u00fcltiges Besuchervisum.<\/li>\n\n\n\n<li>Sie sind nicht berechtigt, eine eTA zu beantragen.<\/li>\n<\/ul>\n<\/li>\n<\/ul>\n\n<p><\/p>\n\n<hr class=\"wp-block-separator has-alpha-channel-opacity\"\/>\n\n<h4 class=\"wp-block-heading\"><strong>3. Elektronische Reisegenehmigung (eTA)<\/strong><\/h4>\n\n<p>Sie ben\u00f6tigen eine <strong>eTA<\/strong>, wenn:<\/p>\n\n<ul class=\"wp-block-list\">\n<li>Sie kommen aus einem <strong>Land, f\u00fcr das eine eTA erforderlich ist<\/strong> und:\n<ul class=\"wp-block-list\">\n<li>Transit durch Kanada auf dem Luftweg.<\/li>\n\n\n\n<li>Ihr Transit ist Teil eines internationalen Anschlussfluges.<\/li>\n<\/ul>\n<\/li>\n<\/ul>\n\n<p><strong>Ausnahmen<\/strong>:<\/p>\n\n<ul class=\"wp-block-list\">\n<li>Sie ben\u00f6tigen keine eTA, wenn Sie mit dem Zug, Bus, Schiff oder Kreuzfahrtschiff reisen, aber Sie m\u00fcssen \u00fcber g\u00fcltige Reisedokumente verf\u00fcgen.<\/li>\n<\/ul>\n\n<p><\/p>\n\n<hr class=\"wp-block-separator has-alpha-channel-opacity\"\/>\n\n<h4 class=\"wp-block-heading\"><strong>4. Durchreise ohne Visum<\/strong><\/h4>\n\n<ul class=\"wp-block-list\">\n<li><strong>U.S. Staatsb\u00fcrger und Personen mit st\u00e4ndigem Wohnsitz in den USA<\/strong>:<br>U.S. Staatsb\u00fcrger und Inhaber einer U.S. Green Card k\u00f6nnen ohne Visum per Flugzeug, Auto, Bus, Zug oder Schiff durch Kanada reisen. Vergewissern Sie sich, dass Sie alles dabei haben: \n<ul class=\"wp-block-list\">\n<li>Einen g\u00fcltigen Reisepass oder ein Reisedokument.<\/li>\n\n\n\n<li>Eine g\u00fcltige U.S. Green Card (f\u00fcr Personen mit st\u00e4ndigem Wohnsitz).<\/li>\n<\/ul>\n<\/li>\n\n\n\n<li><strong>Inhaber von Reisep\u00e4ssen aus bestimmten L\u00e4ndern<\/strong>:<br\/>B\u00fcrger aus <strong>China, Indonesien, den Philippinen, Thailand<\/strong> oder <strong>Taiwan<\/strong> (ohne pers\u00f6nliche Identifikationsnummer) k\u00f6nnen ohne Visum einreisen, wenn sie bestimmte Bedingungen erf\u00fcllen.<\/li>\n<\/ul>\n\n<p><\/p>\n\n<hr class=\"wp-block-separator has-alpha-channel-opacity\"\/>\n\n<h3 class=\"wp-block-heading\"><strong>Dokumente, die Sie mit sich f\u00fchren m\u00fcssen<\/strong><\/h3>\n\n<p>Halten Sie bei der Durchreise durch Kanada immer die folgenden Dokumente bereit:<\/p>\n\n<ul class=\"wp-block-list\">\n<li>Einen g\u00fcltigen Reisepass oder ein g\u00fcltiges Reisedokument f\u00fcr Ihre gesamte Reise.<\/li>\n\n\n\n<li>Ein g\u00fcltiges Visum, Transitvisum oder eTA (falls zutreffend).<\/li>\n\n\n\n<li>F\u00fcr Personen mit st\u00e4ndigem Wohnsitz in den USA: Eine g\u00fcltige Green Card oder ein gleichwertiger Nachweis des Status.<\/li>\n\n\n\n<li>Nachweis der Weiterreise, z. B. Flugtickets oder Reiseroute.<\/li>\n<\/ul>\n\n<hr class=\"wp-block-separator has-alpha-channel-opacity\"\/>\n\n<h3 class=\"wp-block-heading\"><strong>Wichtige Hinweise<\/strong><\/h3>\n\n<ul class=\"wp-block-list\">\n<li><strong>Dauer der Durchreise<\/strong>: Wenn Ihr Transit l\u00e4nger als 48 Stunden dauert, ben\u00f6tigen Sie ein Besuchervisum.<\/li>\n\n\n\n<li><strong>Einreisemodus<\/strong>: Die eTA ist f\u00fcr Flugreisen erforderlich, nicht aber f\u00fcr Reisen auf dem Land- oder Seeweg.<\/li>\n\n\n\n<li><strong>Vorzeitige Beantragung<\/strong>: Beantragen Sie das erforderliche Dokument lange vor Ihrem Reisedatum, um Verz\u00f6gerungen zu vermeiden.<\/li>\n<\/ul>\n\n<p>Wenn Sie sich vergewissern, dass Sie die richtigen Dokumente haben, k\u00f6nnen Sie problemlos durch Kanada reisen und sich auf Ihr endg\u00fcltiges Ziel konzentrieren.<\/p>\n","protected":false},"excerpt":{"rendered":"<p>Wenn Sie in ein anderes Land reisen und durch Kanada durchreisen m\u00fcssen, h\u00e4ngen die erforderlichen Dokumente von verschiedenen Faktoren ab, [&hellip;]<\/p>\n","protected":false},"author":1,"featured_media":0,"parent":0,"menu_order":0,"comment_status":"closed","ping_status":"closed","template":"","meta":{"_uag_custom_page_level_css":"","site-sidebar-layout":"default","site-content-layout":"","ast-site-content-layout":"","site-content-style":"default","site-sidebar-style":"default","ast-global-header-display":"","ast-banner-title-visibility":"","ast-main-header-display":"","ast-hfb-above-header-display":"","ast-hfb-below-header-display":"","ast-hfb-mobile-header-display":"","site-post-title":"","ast-breadcrumbs-content":"","ast-featured-img":"","footer-sml-layout":"","theme-transparent-header-meta":"","adv-header-id-meta":"","stick-header-meta":"","header-above-stick-meta":"","header-main-stick-meta":"","header-below-stick-meta":"","astra-migrate-meta-layouts":"default","ast-page-background-enabled":"default","ast-page-background-meta":{"desktop":{"background-color":"var(--ast-global-color-4)","background-image":"","background-repeat":"repeat","background-position":"center center","background-size":"auto","background-attachment":"scroll","background-type":"","background-media":"","overlay-type":"","overlay-color":"","overlay-opacity":"","overlay-gradient":""},"tablet":{"background-color":"","background-image":"","background-repeat":"repeat","background-position":"center center","background-size":"auto","background-attachment":"scroll","background-type":"","background-media":"","overlay-type":"","overlay-color":"","overlay-opacity":"","overlay-gradient":""},"mobile":{"background-color":"","background-image":"","background-repeat":"repeat","background-position":"center center","background-size":"auto","background-attachment":"scroll","background-type":"","background-media":"","overlay-type":"","overlay-color":"","overlay-opacity":"","overlay-gradient":""}},"ast-content-background-meta":{"desktop":{"background-color":"var(--ast-global-color-5)","background-image":"","background-repeat":"repeat","background-position":"center center","background-size":"auto","background-attachment":"scroll","background-type":"","background-media":"","overlay-type":"","overlay-color":"","overlay-opacity":"","overlay-gradient":""},"tablet":{"background-color":"var(--ast-global-color-5)","background-image":"","background-repeat":"repeat","background-position":"center center","background-size":"auto","background-attachment":"scroll","background-type":"","background-media":"","overlay-type":"","overlay-color":"","overlay-opacity":"","overlay-gradient":""},"mobile":{"background-color":"var(--ast-global-color-5)","background-image":"","background-repeat":"repeat","background-position":"center center","background-size":"auto","background-attachment":"scroll","background-type":"","background-media":"","overlay-type":"","overlay-color":"","overlay-opacity":"","overlay-gradient":""}},"footnotes":""},"categories":[],"tags":[],"class_list":["post-185","page","type-page","status-publish","hentry"],"uagb_featured_image_src":{"full":false,"thumbnail":false,"medium":false,"medium_large":false,"large":false,"1536x1536":false,"2048x2048":false},"uagb_author_info":{"display_name":"admin","author_link":"https:\/\/www.etafast.org\/de\/author\/admin\/"},"uagb_comment_info":0,"uagb_excerpt":"Wenn Sie in ein anderes Land reisen und durch Kanada durchreisen m\u00fcssen, h\u00e4ngen die erforderlichen Dokumente von verschiedenen Faktoren ab, [&hellip;]","_links":{"self":[{"href":"https:\/\/www.etafast.org\/de\/wp-json\/wp\/v2\/pages\/185","targetHints":{"allow":["GET"]}}],"collection":[{"href":"https:\/\/www.etafast.org\/de\/wp-json\/wp\/v2\/pages"}],"about":[{"href":"https:\/\/www.etafast.org\/de\/wp-json\/wp\/v2\/types\/page"}],"author":[{"embeddable":true,"href":"https:\/\/www.etafast.org\/de\/wp-json\/wp\/v2\/users\/1"}],"replies":[{"embeddable":true,"href":"https:\/\/www.etafast.org\/de\/wp-json\/wp\/v2\/comments?post=185"}],"version-history":[{"count":1,"href":"https:\/\/www.etafast.org\/de\/wp-json\/wp\/v2\/pages\/185\/revisions"}],"predecessor-version":[{"id":186,"href":"https:\/\/www.etafast.org\/de\/wp-json\/wp\/v2\/pages\/185\/revisions\/186"}],"wp:attachment":[{"href":"https:\/\/www.etafast.org\/de\/wp-json\/wp\/v2\/media?parent=185"}],"wp:term":[{"taxonomy":"category","embeddable":true,"href":"https:\/\/www.etafast.org\/de\/wp-json\/wp\/v2\/categories?post=185"},{"taxonomy":"post_tag","embeddable":true,"href":"https:\/\/www.etafast.org\/de\/wp-json\/wp\/v2\/tags?post=185"}],"curies":[{"name":"wp","href":"https:\/\/api.w.org\/{rel}","templated":true}]}}