{"id":179,"date":"2024-12-11T08:29:22","date_gmt":"2024-12-11T07:29:22","guid":{"rendered":"https:\/\/www.etafast.org\/geschaeftliche-besucher\/"},"modified":"2024-12-11T08:30:22","modified_gmt":"2024-12-11T07:30:22","slug":"geschaeftliche-besucher","status":"publish","type":"page","link":"https:\/\/www.etafast.org\/de\/geschaeftliche-besucher\/","title":{"rendered":"Gesch\u00e4ftliche Besucher"},"content":{"rendered":"\n<h3 class=\"wp-block-heading\">Gesch\u00e4ftsreisende: Meetings, Veranstaltungen und Konferenzen in Kanada besuchen<\/h3>\n\n<p>Gesch\u00e4ftsreisende spielen eine wichtige Rolle bei der F\u00f6rderung des internationalen Handels und der Zusammenarbeit. Wenn Sie planen, als Gesch\u00e4ftsreisender an Meetings, Veranstaltungen oder Konferenzen in Kanada teilzunehmen, finden Sie hier eine Schritt-f\u00fcr-Schritt-Anleitung, um einen reibungslosen Einreiseprozess zu gew\u00e4hrleisten. <\/p>\n\n<hr class=\"wp-block-separator has-alpha-channel-opacity\"\/>\n\n<h3 class=\"wp-block-heading\"><strong>Schritt 1: Sind Sie ein Gesch\u00e4ftsreisender oder ben\u00f6tigen Sie eine Arbeitsgenehmigung?<\/strong><\/h3>\n\n<p>Um sich als <strong>Gesch\u00e4ftsreisender<\/strong> in Kanada zu qualifizieren, m\u00fcssen Sie:<\/p>\n\n<ul class=\"wp-block-list\">\n<li><strong>Dauer<\/strong>: Planen Sie einen Aufenthalt von <strong>weniger als 6 Monaten<\/strong>.<\/li>\n\n\n\n<li><strong>Zweck<\/strong>: Nicht in den kanadischen Arbeitsmarkt eintreten.<\/li>\n\n\n\n<li><strong>Quelle des Gesch\u00e4fts<\/strong>: Stellen Sie sicher, dass Ihr Hauptgesch\u00e4ftssitz, Ihr Einkommen und Ihre Gewinne <strong>au\u00dferhalb Kanadas<\/strong> bleiben.<\/li>\n\n\n\n<li><strong>Dokumente<\/strong>: Halten Sie die erforderlichen Unterlagen zur Unterst\u00fctzung Ihrer Bewerbung bereit.<\/li>\n<\/ul>\n\n<p><strong>Grundlegende Zugangsvoraussetzungen<\/strong>:<\/p>\n\n<ul class=\"wp-block-list\">\n<li>Ein g\u00fcltiges Reisedokument (z. B. ein Reisepass).<\/li>\n\n\n\n<li>Ausreichende Geldmittel f\u00fcr Ihren Aufenthalt und Ihre R\u00fcckreise.<\/li>\n\n\n\n<li>Nachweis, dass Sie Kanada am Ende Ihres Aufenthalts verlassen werden.<\/li>\n\n\n\n<li>Keine kriminellen, Sicherheits- oder Gesundheitsrisiken f\u00fcr Kanadier.<\/li>\n<\/ul>\n\n<p><strong>Erlaubte Aktivit\u00e4ten als Gesch\u00e4ftsreisender<\/strong>:<\/p>\n\n<ul class=\"wp-block-list\">\n<li>Kauf von kanadischen Waren oder Dienstleistungen f\u00fcr ein ausl\u00e4ndisches Unternehmen oder eine ausl\u00e4ndische Regierung.<\/li>\n\n\n\n<li>Entgegennahme von Bestellungen f\u00fcr Waren oder Dienstleistungen.<\/li>\n\n\n\n<li>Die Teilnahme an Meetings, Konferenzen, Kongressen oder Messen.<\/li>\n\n\n\n<li>Erbringung von Kundendienstleistungen im Rahmen einer Garantie- oder Kaufvereinbarung.<\/li>\n\n\n\n<li>Teilnahme an oder Durchf\u00fchrung von Schulungen im Zusammenhang mit Ihrem Gesch\u00e4ft.<\/li>\n<\/ul>\n\n<p><strong>Hinweis<\/strong>: Wenn Ihr Besuch einen Aufenthalt von mehr als 6 Monaten oder eine T\u00e4tigkeit auf dem kanadischen Arbeitsmarkt vorsieht, ben\u00f6tigen Sie m\u00f6glicherweise eine <strong>Arbeitserlaubnis<\/strong>.<\/p>\n\n<hr class=\"wp-block-separator has-alpha-channel-opacity\"\/>\n\n<h3 class=\"wp-block-heading\"><strong>Schritt 2: Ben\u00f6tigen Sie ein Visum oder eine eTA?<\/strong><\/h3>\n\n<p>Ob Sie ein <strong>Visum<\/strong> oder eine <strong>elektronische Reisegenehmigung (eTA<\/strong> ) ben\u00f6tigen, h\u00e4ngt von Ihrer Nationalit\u00e4t und Ihren Reiseumst\u00e4nden ab.<\/p>\n\n<ul class=\"wp-block-list\">\n<li>Benutzen Sie das <a>Tool der kanadischen Regierung<\/a>, um Ihre Anspruchsberechtigung zu ermitteln.<\/li>\n<\/ul>\n\n<hr class=\"wp-block-separator has-alpha-channel-opacity\"\/>\n\n<h3 class=\"wp-block-heading\"><strong>Schritt 3: Besorgen Sie sich einen Ereigniscode (falls zutreffend)<\/strong><\/h3>\n\n<p>F\u00fcr Veranstaltungen, Treffen oder Konferenzen, die bei <strong>Immigration, Refugees and Citizenship Canada (IRCC<\/strong>) registriert sind:<\/p>\n\n<ul class=\"wp-block-list\">\n<li>Ihr Veranstalter wird Ihnen einen <strong>Veranstaltungscode<\/strong> und Anweisungen f\u00fcr Ihren Visumantrag geben.<\/li>\n\n\n\n<li>Die Eingabe des Veranstaltungscodes auf Ihrer Anmeldung hilft, Sie als Teilnehmer zu identifizieren.<\/li>\n<\/ul>\n\n<hr class=\"wp-block-separator has-alpha-channel-opacity\"\/>\n\n<h3 class=\"wp-block-heading\"><strong>Schritt 4: Beantragen Sie ein Visum oder eine eTA (falls erforderlich)<\/strong><\/h3>\n\n<ul class=\"wp-block-list\">\n<li><strong>Visum<\/strong>: Stellen Sie einen Visumantrag \u00fcber die offizielle <a>IRCC-Website<\/a>.<\/li>\n\n\n\n<li><strong>eTA<\/strong>: Beantragen Sie online ein eTA.<\/li>\n<\/ul>\n\n<hr class=\"wp-block-separator has-alpha-channel-opacity\"\/>\n\n<h3 class=\"wp-block-heading\"><strong>Schritt 5: Bereiten Sie Dokumente f\u00fcr Ihre Reise vor<\/strong><\/h3>\n\n<p>Vergewissern Sie sich bei Ihrer Ankunft an der kanadischen Grenze, dass Sie die folgenden Dokumente dabei haben (packen Sie diese nicht in Ihren Koffer):<\/p>\n\n<ul class=\"wp-block-list\">\n<li>Einen g\u00fcltigen Reisepass oder ein Reisedokument f\u00fcr die gesamte Dauer Ihres Aufenthalts.<\/li>\n\n\n\n<li>Ein g\u00fcltiges Visum (falls zutreffend).<\/li>\n\n\n\n<li>Wenn Sie eine eTA ben\u00f6tigen, reisen Sie mit dem Reisepass, den Sie f\u00fcr Ihren eTA-Antrag verwendet haben.<\/li>\n\n\n\n<li>Personen mit st\u00e4ndigem Wohnsitz in den Vereinigten Staaten m\u00fcssen eine <strong>g\u00fcltige Green Card<\/strong> (oder einen gleichwertigen Statusnachweis) und ihren Reisepass mitbringen.<\/li>\n\n\n\n<li>Unterst\u00fctzungsschreiben Ihres Mutterunternehmens und ein Einladungsschreiben des kanadischen Gastunternehmens.<\/li>\n\n\n\n<li>Zus\u00e4tzliche Dokumente wie Vertr\u00e4ge, Garantievereinbarungen oder Serviceunterlagen (falls relevant).<\/li>\n\n\n\n<li>Kontaktinformationen f\u00fcr Ihren Gastgeber in Kanada.<\/li>\n\n\n\n<li>Nachweis ausreichender Geldmittel f\u00fcr Ihren Aufenthalt und Ihre R\u00fcckkehr.<\/li>\n<\/ul>\n\n<hr class=\"wp-block-separator has-alpha-channel-opacity\"\/>\n\n<h3 class=\"wp-block-heading\"><strong>Mit Ihnen reisende Minderj\u00e4hrige<\/strong><\/h3>\n\n<p>Wenn Sie mit Kindern unter 18 Jahren reisen, machen Sie sich mit den kanadischen Bestimmungen f\u00fcr Minderj\u00e4hrige vertraut.<\/p>\n\n<ul class=\"wp-block-list\">\n<li>Informieren Sie sich \u00fcber die Einreisebestimmungen f\u00fcr Minderj\u00e4hrige, um die Einhaltung der kanadischen Gesetze zum Schutz von Kindern sicherzustellen.<\/li>\n<\/ul>\n\n<hr class=\"wp-block-separator has-alpha-channel-opacity\"\/>\n\n<h3 class=\"wp-block-heading\"><strong>Wichtige Hinweise f\u00fcr Gesch\u00e4ftsreisende<\/strong><\/h3>\n\n<ul class=\"wp-block-list\">\n<li>Das <strong>Abkommen Kanada-Vereinigte Staaten-Mexiko (CUSMA<\/strong> ) enth\u00e4lt zus\u00e4tzliche Bestimmungen f\u00fcr US-amerikanische und mexikanische Staatsangeh\u00f6rige, die an Aktivit\u00e4ten wie Forschung, Marketing und allgemeinen Dienstleistungen teilnehmen.<\/li>\n\n\n\n<li>Erkundigen Sie sich immer bei Ihrem Meeting- oder Event-Veranstalter nach speziellen Anforderungen oder Hinweisen.<\/li>\n\n\n\n<li>Gesch\u00e4ftsreisende sind auf Aktivit\u00e4ten beschr\u00e4nkt, die nicht mit einer direkten Besch\u00e4ftigung in Kanada verbunden sind.<\/li>\n<\/ul>\n\n<p>Wenn Sie diese Schritte befolgen und sicherstellen, dass Sie die richtigen Dokumente haben, kann Ihr Gesch\u00e4ftsbesuch in Kanada effizient und erfolgreich verlaufen.<\/p>\n","protected":false},"excerpt":{"rendered":"<p>Gesch\u00e4ftsreisende: Meetings, Veranstaltungen und Konferenzen in Kanada besuchen Gesch\u00e4ftsreisende spielen eine wichtige Rolle bei der F\u00f6rderung des internationalen Handels und [&hellip;]<\/p>\n","protected":false},"author":1,"featured_media":0,"parent":0,"menu_order":0,"comment_status":"closed","ping_status":"closed","template":"","meta":{"_uag_custom_page_level_css":"","site-sidebar-layout":"default","site-content-layout":"","ast-site-content-layout":"","site-content-style":"default","site-sidebar-style":"default","ast-global-header-display":"","ast-banner-title-visibility":"","ast-main-header-display":"","ast-hfb-above-header-display":"","ast-hfb-below-header-display":"","ast-hfb-mobile-header-display":"","site-post-title":"","ast-breadcrumbs-content":"","ast-featured-img":"","footer-sml-layout":"","theme-transparent-header-meta":"","adv-header-id-meta":"","stick-header-meta":"","header-above-stick-meta":"","header-main-stick-meta":"","header-below-stick-meta":"","astra-migrate-meta-layouts":"default","ast-page-background-enabled":"default","ast-page-background-meta":{"desktop":{"background-color":"var(--ast-global-color-4)","background-image":"","background-repeat":"repeat","background-position":"center center","background-size":"auto","background-attachment":"scroll","background-type":"","background-media":"","overlay-type":"","overlay-color":"","overlay-opacity":"","overlay-gradient":""},"tablet":{"background-color":"","background-image":"","background-repeat":"repeat","background-position":"center center","background-size":"auto","background-attachment":"scroll","background-type":"","background-media":"","overlay-type":"","overlay-color":"","overlay-opacity":"","overlay-gradient":""},"mobile":{"background-color":"","background-image":"","background-repeat":"repeat","background-position":"center center","background-size":"auto","background-attachment":"scroll","background-type":"","background-media":"","overlay-type":"","overlay-color":"","overlay-opacity":"","overlay-gradient":""}},"ast-content-background-meta":{"desktop":{"background-color":"var(--ast-global-color-5)","background-image":"","background-repeat":"repeat","background-position":"center center","background-size":"auto","background-attachment":"scroll","background-type":"","background-media":"","overlay-type":"","overlay-color":"","overlay-opacity":"","overlay-gradient":""},"tablet":{"background-color":"var(--ast-global-color-5)","background-image":"","background-repeat":"repeat","background-position":"center center","background-size":"auto","background-attachment":"scroll","background-type":"","background-media":"","overlay-type":"","overlay-color":"","overlay-opacity":"","overlay-gradient":""},"mobile":{"background-color":"var(--ast-global-color-5)","background-image":"","background-repeat":"repeat","background-position":"center center","background-size":"auto","background-attachment":"scroll","background-type":"","background-media":"","overlay-type":"","overlay-color":"","overlay-opacity":"","overlay-gradient":""}},"footnotes":""},"categories":[],"tags":[],"class_list":["post-179","page","type-page","status-publish","hentry"],"uagb_featured_image_src":{"full":false,"thumbnail":false,"medium":false,"medium_large":false,"large":false,"1536x1536":false,"2048x2048":false},"uagb_author_info":{"display_name":"admin","author_link":"https:\/\/www.etafast.org\/de\/author\/admin\/"},"uagb_comment_info":0,"uagb_excerpt":"Gesch\u00e4ftsreisende: Meetings, Veranstaltungen und Konferenzen in Kanada besuchen Gesch\u00e4ftsreisende spielen eine wichtige Rolle bei der F\u00f6rderung des internationalen Handels und [&hellip;]","_links":{"self":[{"href":"https:\/\/www.etafast.org\/de\/wp-json\/wp\/v2\/pages\/179","targetHints":{"allow":["GET"]}}],"collection":[{"href":"https:\/\/www.etafast.org\/de\/wp-json\/wp\/v2\/pages"}],"about":[{"href":"https:\/\/www.etafast.org\/de\/wp-json\/wp\/v2\/types\/page"}],"author":[{"embeddable":true,"href":"https:\/\/www.etafast.org\/de\/wp-json\/wp\/v2\/users\/1"}],"replies":[{"embeddable":true,"href":"https:\/\/www.etafast.org\/de\/wp-json\/wp\/v2\/comments?post=179"}],"version-history":[{"count":1,"href":"https:\/\/www.etafast.org\/de\/wp-json\/wp\/v2\/pages\/179\/revisions"}],"predecessor-version":[{"id":180,"href":"https:\/\/www.etafast.org\/de\/wp-json\/wp\/v2\/pages\/179\/revisions\/180"}],"wp:attachment":[{"href":"https:\/\/www.etafast.org\/de\/wp-json\/wp\/v2\/media?parent=179"}],"wp:term":[{"taxonomy":"category","embeddable":true,"href":"https:\/\/www.etafast.org\/de\/wp-json\/wp\/v2\/categories?post=179"},{"taxonomy":"post_tag","embeddable":true,"href":"https:\/\/www.etafast.org\/de\/wp-json\/wp\/v2\/tags?post=179"}],"curies":[{"name":"wp","href":"https:\/\/api.w.org\/{rel}","templated":true}]}}