{"id":175,"date":"2024-12-11T08:28:06","date_gmt":"2024-12-11T07:28:06","guid":{"rendered":"https:\/\/www.etafast.org\/super-visum-fuer-eltern-und-grosseltern\/"},"modified":"2024-12-11T08:29:06","modified_gmt":"2024-12-11T07:29:06","slug":"super-visum-fuer-eltern-und-grosseltern","status":"publish","type":"page","link":"https:\/\/www.etafast.org\/de\/super-visum-fuer-eltern-und-grosseltern\/","title":{"rendered":"Super-Visum f\u00fcr Eltern und Gro\u00dfeltern"},"content":{"rendered":"\n<h3 class=\"wp-block-heading\">Super-Visum f\u00fcr Eltern und Gro\u00dfeltern<\/h3>\n\n<p>Das <strong>Super-Visum<\/strong> ist ein spezielles Visum f\u00fcr Eltern und Gro\u00dfeltern von kanadischen Staatsb\u00fcrgern und st\u00e4ndigen Einwohnern. Es erm\u00f6glicht ausgedehnte Besuche in Kanada und bietet eine einzigartige Gelegenheit, Zeit mit der Familie zu verbringen und gleichzeitig die Vorteile mehrerer Einreisen \u00fcber einen l\u00e4ngeren Zeitraum zu genie\u00dfen. <\/p>\n\n<hr class=\"wp-block-separator has-alpha-channel-opacity\"\/>\n\n<h3 class=\"wp-block-heading\"><strong>Was ist ein Super-Visum?<\/strong><\/h3>\n\n<p>Ein <strong>Super-Visum<\/strong> ist:<\/p>\n\n<ul class=\"wp-block-list\">\n<li>Ein <strong>Langzeitvisum<\/strong>, das berechtigten Eltern und Gro\u00dfeltern erlaubt, Kanada f\u00fcr <strong>bis zu 5 Jahre pro Besuch<\/strong> zu besuchen, ohne ihren Status erneuern zu m\u00fcssen.<\/li>\n\n\n\n<li>Ein <strong>Visum f\u00fcr die mehrfache Einreise<\/strong>, das <strong>bis zu 10 Jahre<\/strong> g\u00fcltig ist und h\u00e4ufige Besuche in Kanada w\u00e4hrend der G\u00fcltigkeitsdauer des Visums erm\u00f6glicht.<\/li>\n<\/ul>\n\n<p>Dieses Visum ist ideal f\u00fcr Personen, die ihre Kinder oder Enkelkinder f\u00fcr l\u00e4ngere Aufenthalte besuchen m\u00f6chten.<\/p>\n\n<hr class=\"wp-block-separator has-alpha-channel-opacity\"\/>\n\n<h3 class=\"wp-block-heading\"><strong>Anspruchsvoraussetzungen f\u00fcr das Super-Visum<\/strong><\/h3>\n\n<p>Um sich f\u00fcr ein Super-Visum zu qualifizieren, m\u00fcssen die Bewerber bestimmte Kriterien erf\u00fcllen:<\/p>\n\n<ol class=\"wp-block-list\">\n<li><strong>Verwandtschaft<\/strong>:\n<ul class=\"wp-block-list\">\n<li>Sie sind ein <strong>Elternteil oder Gro\u00dfelternteil<\/strong> eines kanadischen Staatsb\u00fcrgers oder einer Person mit st\u00e4ndigem Wohnsitz in Kanada.<\/li>\n<\/ul>\n<\/li>\n\n\n\n<li><strong>Einladungsschreiben<\/strong>:\n<ul class=\"wp-block-list\">\n<li>Legen Sie ein Einladungsschreiben von Ihrem Kind oder Enkelkind in Kanada vor.<\/li>\n\n\n\n<li>Der Brief muss Folgendes enthalten:\n<ul class=\"wp-block-list\">\n<li>Eine Zusage \u00fcber finanzielle Unterst\u00fctzung f\u00fcr die Dauer Ihres Besuchs.<\/li>\n\n\n\n<li>Details zu Ihrer Beziehung.<\/li>\n\n\n\n<li>Eine Liste der Haushaltsmitglieder des Gastgebers in Kanada.<\/li>\n<\/ul>\n<\/li>\n<\/ul>\n<\/li>\n\n\n\n<li><strong>Einkommensanforderungen<\/strong>:\n<ul class=\"wp-block-list\">\n<li>Das Kind oder Enkelkind muss ein <strong>Mindesteinkommen<\/strong> haben, das sich nach der Anzahl der Familienmitglieder richtet.<\/li>\n<\/ul>\n<\/li>\n\n\n\n<li><strong>Krankenkasse<\/strong>:\n<ul class=\"wp-block-list\">\n<li>Schlie\u00dfen Sie eine private <strong>Krankenversicherung<\/strong> bei einer kanadischen Versicherungsgesellschaft ab, die:\n<ul class=\"wp-block-list\">\n<li>Versichert Sie f\u00fcr mindestens <strong>$100.000 CAD<\/strong>.<\/li>\n\n\n\n<li>Ist ab dem Datum der Einreise <strong>mindestens ein Jahr<\/strong> lang g\u00fcltig.<\/li>\n\n\n\n<li>Enth\u00e4lt den Nachweis der vollst\u00e4ndigen Zahlung (keine Angebote).<\/li>\n<\/ul>\n<\/li>\n<\/ul>\n<\/li>\n\n\n\n<li><strong>Medizinische Untersuchung<\/strong>:\n<ul class=\"wp-block-list\">\n<li>Absolvieren Sie eine einwanderungsmedizinische Untersuchung, um die Zul\u00e4ssigkeit nachzuweisen.<\/li>\n<\/ul>\n<\/li>\n\n\n\n<li><strong>Zus\u00e4tzliche Anforderungen<\/strong>:\n<ul class=\"wp-block-list\">\n<li>Weisen Sie starke Bindungen zu Ihrem Heimatland nach, z. B. Familie, Finanzen oder Arbeit, um sicherzustellen, dass Sie Kanada nach Ihrem Besuch wieder verlassen werden.<\/li>\n\n\n\n<li>Weisen Sie nach, dass Sie \u00fcber ausreichende Mittel f\u00fcr Ihren Besuch verf\u00fcgen.<\/li>\n<\/ul>\n<\/li>\n<\/ol>\n\n<hr class=\"wp-block-separator has-alpha-channel-opacity\"\/>\n\n<h3 class=\"wp-block-heading\"><strong>Wie lange k\u00f6nnen Sie in Kanada bleiben?<\/strong><\/h3>\n\n<p>Die Dauer Ihres Aufenthalts h\u00e4ngt davon ab, wann Sie das Super-Visum beantragt haben:<\/p>\n\n<ul class=\"wp-block-list\">\n<li><strong>Antr\u00e4ge am oder nach dem 22. Juni 2023<\/strong>:\n<ul class=\"wp-block-list\">\n<li>Inhaber eines Super-Visums k\u00f6nnen <strong>bis zu 5 Jahre pro Besuch<\/strong> bleiben.<\/li>\n<\/ul>\n<\/li>\n\n\n\n<li><strong>Bewerbungen vor dem 22. Juni 2023<\/strong>:\n<ul class=\"wp-block-list\">\n<li>Sie k\u00f6nnen <strong>bis zu 2 Jahre pro Besuch<\/strong> bleiben.<\/li>\n<\/ul>\n<\/li>\n<\/ul>\n\n<p>Ungeachtet des Datums Ihrer Bewerbung:<\/p>\n\n<ul class=\"wp-block-list\">\n<li>Stellen Sie sicher, dass Ihr <strong>Reisepass<\/strong> f\u00fcr die Dauer Ihres Aufenthalts <strong>g\u00fcltig ist<\/strong>.<\/li>\n\n\n\n<li>Behalten Sie Ihre <strong>Krankenversicherung<\/strong> bei oder erneuern Sie sie w\u00e4hrend Ihres Aufenthalts in Kanada oder bei Ihrer Wiedereinreise.<\/li>\n<\/ul>\n\n<hr class=\"wp-block-separator has-alpha-channel-opacity\"\/>\n\n<h3 class=\"wp-block-heading\"><strong>Vorteile eines Super-Visums<\/strong><\/h3>\n\n<ol class=\"wp-block-list\">\n<li><strong>Erweiterte Besuche<\/strong>:\n<ul class=\"wp-block-list\">\n<li>Genie\u00dfen Sie langfristige Aufenthalte, ohne h\u00e4ufig Verl\u00e4ngerungen zu beantragen.<\/li>\n<\/ul>\n<\/li>\n\n\n\n<li><strong>Mehrere Eintr\u00e4ge<\/strong>:\n<ul class=\"wp-block-list\">\n<li>Reisen Sie \u00fcber einen Zeitraum von 10 Jahren mehrmals nach Kanada.<\/li>\n<\/ul>\n<\/li>\n\n\n\n<li><strong>Seelenfrieden<\/strong>:\n<ul class=\"wp-block-list\">\n<li>Die obligatorische Krankenversicherung gew\u00e4hrleistet die medizinische Versorgung w\u00e4hrend Ihres Aufenthalts.<\/li>\n<\/ul>\n<\/li>\n\n\n\n<li><strong>Familienzusammenf\u00fchrung<\/strong>:\n<ul class=\"wp-block-list\">\n<li>Pflegen Sie engere Beziehungen zu Ihren Kindern und Enkelkindern.<\/li>\n<\/ul>\n<\/li>\n<\/ol>\n","protected":false},"excerpt":{"rendered":"<p>Super-Visum f\u00fcr Eltern und Gro\u00dfeltern Das Super-Visum ist ein spezielles Visum f\u00fcr Eltern und Gro\u00dfeltern von kanadischen Staatsb\u00fcrgern und st\u00e4ndigen [&hellip;]<\/p>\n","protected":false},"author":1,"featured_media":0,"parent":0,"menu_order":0,"comment_status":"closed","ping_status":"closed","template":"","meta":{"_uag_custom_page_level_css":"","site-sidebar-layout":"default","site-content-layout":"","ast-site-content-layout":"","site-content-style":"default","site-sidebar-style":"default","ast-global-header-display":"","ast-banner-title-visibility":"","ast-main-header-display":"","ast-hfb-above-header-display":"","ast-hfb-below-header-display":"","ast-hfb-mobile-header-display":"","site-post-title":"","ast-breadcrumbs-content":"","ast-featured-img":"","footer-sml-layout":"","theme-transparent-header-meta":"","adv-header-id-meta":"","stick-header-meta":"","header-above-stick-meta":"","header-main-stick-meta":"","header-below-stick-meta":"","astra-migrate-meta-layouts":"default","ast-page-background-enabled":"default","ast-page-background-meta":{"desktop":{"background-color":"var(--ast-global-color-4)","background-image":"","background-repeat":"repeat","background-position":"center center","background-size":"auto","background-attachment":"scroll","background-type":"","background-media":"","overlay-type":"","overlay-color":"","overlay-opacity":"","overlay-gradient":""},"tablet":{"background-color":"","background-image":"","background-repeat":"repeat","background-position":"center center","background-size":"auto","background-attachment":"scroll","background-type":"","background-media":"","overlay-type":"","overlay-color":"","overlay-opacity":"","overlay-gradient":""},"mobile":{"background-color":"","background-image":"","background-repeat":"repeat","background-position":"center center","background-size":"auto","background-attachment":"scroll","background-type":"","background-media":"","overlay-type":"","overlay-color":"","overlay-opacity":"","overlay-gradient":""}},"ast-content-background-meta":{"desktop":{"background-color":"var(--ast-global-color-5)","background-image":"","background-repeat":"repeat","background-position":"center center","background-size":"auto","background-attachment":"scroll","background-type":"","background-media":"","overlay-type":"","overlay-color":"","overlay-opacity":"","overlay-gradient":""},"tablet":{"background-color":"var(--ast-global-color-5)","background-image":"","background-repeat":"repeat","background-position":"center center","background-size":"auto","background-attachment":"scroll","background-type":"","background-media":"","overlay-type":"","overlay-color":"","overlay-opacity":"","overlay-gradient":""},"mobile":{"background-color":"var(--ast-global-color-5)","background-image":"","background-repeat":"repeat","background-position":"center center","background-size":"auto","background-attachment":"scroll","background-type":"","background-media":"","overlay-type":"","overlay-color":"","overlay-opacity":"","overlay-gradient":""}},"footnotes":""},"categories":[],"tags":[],"class_list":["post-175","page","type-page","status-publish","hentry"],"uagb_featured_image_src":{"full":false,"thumbnail":false,"medium":false,"medium_large":false,"large":false,"1536x1536":false,"2048x2048":false},"uagb_author_info":{"display_name":"admin","author_link":"https:\/\/www.etafast.org\/de\/author\/admin\/"},"uagb_comment_info":0,"uagb_excerpt":"Super-Visum f\u00fcr Eltern und Gro\u00dfeltern Das Super-Visum ist ein spezielles Visum f\u00fcr Eltern und Gro\u00dfeltern von kanadischen Staatsb\u00fcrgern und st\u00e4ndigen [&hellip;]","_links":{"self":[{"href":"https:\/\/www.etafast.org\/de\/wp-json\/wp\/v2\/pages\/175","targetHints":{"allow":["GET"]}}],"collection":[{"href":"https:\/\/www.etafast.org\/de\/wp-json\/wp\/v2\/pages"}],"about":[{"href":"https:\/\/www.etafast.org\/de\/wp-json\/wp\/v2\/types\/page"}],"author":[{"embeddable":true,"href":"https:\/\/www.etafast.org\/de\/wp-json\/wp\/v2\/users\/1"}],"replies":[{"embeddable":true,"href":"https:\/\/www.etafast.org\/de\/wp-json\/wp\/v2\/comments?post=175"}],"version-history":[{"count":1,"href":"https:\/\/www.etafast.org\/de\/wp-json\/wp\/v2\/pages\/175\/revisions"}],"predecessor-version":[{"id":176,"href":"https:\/\/www.etafast.org\/de\/wp-json\/wp\/v2\/pages\/175\/revisions\/176"}],"wp:attachment":[{"href":"https:\/\/www.etafast.org\/de\/wp-json\/wp\/v2\/media?parent=175"}],"wp:term":[{"taxonomy":"category","embeddable":true,"href":"https:\/\/www.etafast.org\/de\/wp-json\/wp\/v2\/categories?post=175"},{"taxonomy":"post_tag","embeddable":true,"href":"https:\/\/www.etafast.org\/de\/wp-json\/wp\/v2\/tags?post=175"}],"curies":[{"name":"wp","href":"https:\/\/api.w.org\/{rel}","templated":true}]}}